{"id":240,"date":"2015-07-22T08:44:12","date_gmt":"2015-07-22T08:44:12","guid":{"rendered":"http:\/\/thewalrushub.com\/jordi\/?page_id=240"},"modified":"2017-02-02T16:37:27","modified_gmt":"2017-02-02T15:37:27","slug":"2002-2","status":"publish","type":"page","link":"https:\/\/sierraifabra.com\/?page_id=240&lang=es","title":{"rendered":"Noticias 2002"},"content":{"rendered":"<p>LOS DIEZ MAS LEIDOS<\/p>\n<div class=\"Txt_regular\">Seg\u00fan el Bolet\u00edn de Temas Educativos (CIDE), editado por el Ministerio de Educaci\u00f3n, Cultura y Deporte, de junio de 2002, los 10 autores m\u00e1s le\u00eddos entre los alumnos de 4\u00ba de ESO de los centros escolares de Espa\u00f1a, son:1 &#8211; Gustavo Adolfo B\u00e9cquer (50,35% de centros)<br \/>\n2 &#8211; Miguel Delibes (41,84%)<br \/>\n3 &#8211; Benito P\u00e9rez Gald\u00f3s (41,13%)<br \/>\n4 &#8211; Federico Garc\u00eda Lorca (28,37%)<br \/>\n5 &#8211; Pio Baroja (28,37%)<br \/>\n6 &#8211; Eduardo Mendoza (27,66%)<br \/>\n7 &#8211; Gabriel Garc\u00eda M\u00e1rquez (25,53%)<br \/>\n8 &#8211; Jordi Sierra i Fabra (21,28%)<br \/>\n9 &#8211; Camilo Jos\u00e9 Cela (17,73%)<br \/>\n10 &#8211; Leopoldo Alas Clar\u00edn (16,31%)Destaca en esta lista que s\u00f3lo cuatro de los autores citados est\u00e1n vivos, la presencia de grandes cl\u00e1sicos, y que Jordi Sierra i Fabra es el \u00fanico presente de la actual generaci\u00f3n de autores infantiles y juveniles, lo cual lo coloca en el n\u00ba1 de la misma.<\/div>\n","protected":false},"excerpt":{"rendered":"<p>LOS DIEZ MAS LEIDOS Seg\u00fan el Bolet\u00edn de Temas Educativos (CIDE), editado por el Ministerio de Educaci\u00f3n, Cultura y Deporte, de junio de 2002, los 10 autores m\u00e1s le\u00eddos entre los alumnos de 4\u00ba de ESO de los centros escolares de Espa\u00f1a, son:1 &#8211; Gustavo&hellip; <a class=\"read-more\" href=\"https:\/\/sierraifabra.com\/?page_id=240&#038;lang=es\">Read more<\/a><\/p>\n","protected":false},"author":101012,"featured_media":0,"parent":311,"menu_order":0,"comment_status":"closed","ping_status":"closed","template":"","meta":{"footnotes":""},"class_list":["post-240","page","type-page","status-publish","hentry"],"aioseo_notices":[],"_links":{"self":[{"href":"https:\/\/sierraifabra.com\/index.php?rest_route=\/wp\/v2\/pages\/240","targetHints":{"allow":["GET"]}}],"collection":[{"href":"https:\/\/sierraifabra.com\/index.php?rest_route=\/wp\/v2\/pages"}],"about":[{"href":"https:\/\/sierraifabra.com\/index.php?rest_route=\/wp\/v2\/types\/page"}],"author":[{"embeddable":true,"href":"https:\/\/sierraifabra.com\/index.php?rest_route=\/wp\/v2\/users\/101012"}],"replies":[{"embeddable":true,"href":"https:\/\/sierraifabra.com\/index.php?rest_route=%2Fwp%2Fv2%2Fcomments&post=240"}],"version-history":[{"count":0,"href":"https:\/\/sierraifabra.com\/index.php?rest_route=\/wp\/v2\/pages\/240\/revisions"}],"up":[{"embeddable":true,"href":"https:\/\/sierraifabra.com\/index.php?rest_route=\/wp\/v2\/pages\/311"}],"wp:attachment":[{"href":"https:\/\/sierraifabra.com\/index.php?rest_route=%2Fwp%2Fv2%2Fmedia&parent=240"}],"curies":[{"name":"wp","href":"https:\/\/api.w.org\/{rel}","templated":true}]}}