{"id":243,"date":"2015-07-22T08:46:57","date_gmt":"2015-07-22T08:46:57","guid":{"rendered":"http:\/\/thewalrushub.com\/jordi\/?page_id=243"},"modified":"2017-02-02T16:37:27","modified_gmt":"2017-02-02T15:37:27","slug":"noticias-2003","status":"publish","type":"page","link":"https:\/\/sierraifabra.com\/?page_id=243&lang=es","title":{"rendered":"Noticias 2003"},"content":{"rendered":"<p>TESIS DOCTORAL SOBRE JORDI SIERRA I FABRA Y SU OBRA<\/p>\n<p>Jos\u00e9 R. Cort\u00e9s Criado, Profesor de Ense\u00f1anza Secundaria, destinado en el IES Mar\u00eda Zambrano de Torre del Mar, M\u00e1laga, tras realizar en la Universidad de M\u00e1laga el programa de doctorado: &#8220;L\u00edrica, narrativa y teatro: teor\u00cca, historia y metodolog\u00eda (siglos XVI-XX)&#8221; del Departamento de Filolog\u00cca Espa\u00f1ola II y Teor\u00eda de la Literatura, present\u00f3 con fecha 24 de enero de 2003 un proyecto de tesis doctoral con el tema: &#8220;Jordi Sierra i Fabra: el compromiso social en su obra (1983-2003)&#8221;. Dicha tesis est\u00e1 dirigida por el profesor del citado departamento y escritor, D. Antonio A. G\u00f3mez Yebra. Jos\u00e9 R. Cort\u00e9s Criado imparte clases de Lengua Castellana y Literatura, es un gran conocedor de la Literatura Infantil y Juvenil y experto en el fomento de la lectura.<\/p>\n<p>PREMIO RAM\u00d3N MUNTANER PARA JORDI SIERRA I FABRA<\/p>\n<p>Jordi Sierra i Fabra ha obtenido el prestigioso premio literario Ram\u00f3n Muntaner, en catal\u00e1n, otorgado por la Fundaci\u00f3n Prudenci Bertrana de Girona, y cuyo fallo y entrega se celebr\u00f3 el pasado d\u00eda 21 de junio en la fiesta de las letras gerundenses. La novela vencedora, &#8220;A l&#8217;altra banda del mirall&#8221; (Al otro lado del espejo), es una de las caracter\u00edsticas apuestas de Jordi por abordar, con rigor y tacto, algunos de los temas m\u00e1s candentes de nuestra sociedad, en este caso, el descubrimiento de la homosexualidad en la adolescencia. Precisamente este tema supone ahora uno de los debates m\u00e1s notables en paises como Estados Unidos, dado el alto n\u00famero de adolescentes que se suicidan por no saber como enfrentarse a lo que para ellos es un problema por culpa de las actuales pautas sociales. En la obra de Jordi es una chica la que ha de definir todo su mundo, con valor, aceptando su propia realidad, que no es distinta a la de miles de chicos y chicas en todo el mundo. Una obra, pues, que busca la normalidad y propiciar\u00e1 el debate en centros escolares. El libro ser\u00e1 editado en oto\u00f1o por Empuries en catal\u00e1n. Este es el galard\u00f3n literario n\u00famero 19 en la carrera de Jordi.<\/p>\n<p>PREMIO LIBURU GAZTEA PARA &#8220;DORMIDO SOBRE LOS ESPEJOS&#8221; Y TRADUCCION AL GALLEGO POR PARTE DE GALAXIA<\/p>\n<p>La novela &#8220;Dormido sobre los espejos&#8221; (&#8220;Ispiluen gainean lotan&#8221; en su traducci\u00f3n al euskera, editada por Elkar), ha sido galardonada con el Premio Liburu Gaztea en Euskadi. Este premio lo otorgan los estudiantes y j\u00f3venes del Pa\u00eds Vasco por votaci\u00f3n popular al que consideran que ha sido el mejor libro de 2002. A fines de julio de este 2003, y con el t\u00edtulo &#8220;Durmido sobre os espellos&#8221;, Galaxia la public\u00f3 en gallego para Galicia. Esta novela, ambientada en la Cuba actual con un muchacho que busca a su abuelo desaparecido de Espa\u00f1a despu\u00e9s de la Guerra Civil, es una de las grandes obras de Jordi, apasionado de la isla caribe\u00f1a y de sus gentes.<\/p>\n<p>LANZAMIENTO DE LA &#8220;BIBLIOTECA DE JORDI SIERRA I FABRA&#8221;<\/p>\n<p>Jordi Sierra i Fabra es el primer autor de literatura infantil y juvenil con una colecci\u00f3n propia en espa\u00f1a. La edita Bru\u00f1o en mayo con un espectacular lanzamiento incial de 4 obras: &#8220;Sin tiempo para so\u00f1ar&#8221;, &#8220;El mensajero del miedo&#8221;, &#8220;La canci\u00f3n de Mani Blay&#8221; y &#8220;D\u00eda de rodaje&#8221;. La diferencia entre esta colecci\u00f3n y otras reside en la descripci\u00f3n que de ella hace el propio Jordi en una de sus solapas interiores: &#8220;Durante a\u00f1os, la cr\u00edtica ha dicho de mis libros que eran &#8220;guiones cinematogr\u00e1ficos&#8221; listos para ser rodados. Es cierto que mi obra ha estado siempre influenciada por el cine, del que soy adicto. Ahora os presento una colecci\u00f3n de novelas pensadas para sentirlas y vivirlas escena a escena, a modo de guiones novelizados, \u00e1giles y directos. Historias de hoy dispuestas para la imagen. La imaginaci\u00f3n la pones t\u00fa&#8221;. Son pues, obras trepidantes, en el mejor &#8220;estilo Sierra i Fabra&#8221;, y que abordan, seg\u00fan es habitual en \u00e9l, problem\u00e1ticas ciento por ciento actuales, cr\u00edticas, de denuncia y de compromiso en el mundo de hoy.<\/p>\n<p>JORDI SIERRA I FABRA COLABORA CON LA FUNDACION SINDROME DE DOWN<\/p>\n<p>Jordi Sierra i Fabra ha sido invitado por la Fundaci\u00f3n S\u00edndrome de Down para escribir tres cuentos infantiles con un ni\u00f1o con SD como protagonista. Las tres historias, en las cuatro lenguas oficiales del Estado, se han editado en mayo de 2003 por la Fundaci\u00f3n y la Editorial Edeb\u00e9, y presentadas en el Congreso Internacional que sobre el S\u00edndrome de Down tiene lugar este mes. El compromiso que el autor mantiene en la mayor\u00eda de sus obras con causas de \u00edndole social, se manifiesta en esta nueva entrega que fusiona literatura y denuncia de nuestra realidad global.<\/p>\n","protected":false},"excerpt":{"rendered":"<p>TESIS DOCTORAL SOBRE JORDI SIERRA I FABRA Y SU OBRA Jos\u00e9 R. Cort\u00e9s Criado, Profesor de Ense\u00f1anza Secundaria, destinado en el IES Mar\u00eda Zambrano de Torre del Mar, M\u00e1laga, tras realizar en la Universidad de M\u00e1laga el programa de doctorado: &#8220;L\u00edrica, narrativa y teatro: teor\u00cca,&hellip; <a class=\"read-more\" href=\"https:\/\/sierraifabra.com\/?page_id=243&#038;lang=es\">Read more<\/a><\/p>\n","protected":false},"author":101012,"featured_media":0,"parent":311,"menu_order":0,"comment_status":"closed","ping_status":"closed","template":"","meta":{"footnotes":""},"class_list":["post-243","page","type-page","status-publish","hentry"],"aioseo_notices":[],"_links":{"self":[{"href":"https:\/\/sierraifabra.com\/index.php?rest_route=\/wp\/v2\/pages\/243","targetHints":{"allow":["GET"]}}],"collection":[{"href":"https:\/\/sierraifabra.com\/index.php?rest_route=\/wp\/v2\/pages"}],"about":[{"href":"https:\/\/sierraifabra.com\/index.php?rest_route=\/wp\/v2\/types\/page"}],"author":[{"embeddable":true,"href":"https:\/\/sierraifabra.com\/index.php?rest_route=\/wp\/v2\/users\/101012"}],"replies":[{"embeddable":true,"href":"https:\/\/sierraifabra.com\/index.php?rest_route=%2Fwp%2Fv2%2Fcomments&post=243"}],"version-history":[{"count":0,"href":"https:\/\/sierraifabra.com\/index.php?rest_route=\/wp\/v2\/pages\/243\/revisions"}],"up":[{"embeddable":true,"href":"https:\/\/sierraifabra.com\/index.php?rest_route=\/wp\/v2\/pages\/311"}],"wp:attachment":[{"href":"https:\/\/sierraifabra.com\/index.php?rest_route=%2Fwp%2Fv2%2Fmedia&parent=243"}],"curies":[{"name":"wp","href":"https:\/\/api.w.org\/{rel}","templated":true}]}}