{"id":245,"date":"2015-07-22T08:47:40","date_gmt":"2015-07-22T08:47:40","guid":{"rendered":"http:\/\/thewalrushub.com\/jordi\/?page_id=245"},"modified":"2017-02-02T16:37:27","modified_gmt":"2017-02-02T15:37:27","slug":"noticias-2004","status":"publish","type":"page","link":"https:\/\/sierraifabra.com\/?page_id=245&lang=es","title":{"rendered":"Noticias 2004"},"content":{"rendered":"<p><a href=\"http:\/\/sierraifabra.com\/wp-content\/uploads\/2015\/07\/fundacio_JSiF.jpg\"><img loading=\"lazy\" decoding=\"async\" class=\"alignnone size-full wp-image-145\" src=\"http:\/\/sierraifabra.com\/wp-content\/uploads\/2015\/07\/fundacio_JSiF.jpg\" alt=\"fundacio_JSiF\" width=\"224\" height=\"148\" \/><\/a><\/p>\n<p>NACE LA FUNDACION JORDI SIERRA I FABRA<\/p>\n<p>El m\u00e1s importante proyecto personal de Jordi ha visto finalmente la luz a fines de 2004. Se trata de la puesta en marcha de lo que, para el autor, es &#8220;el sue\u00f1o de una vida&#8221;: La Fundaci\u00f3 Jordi Sierra i Fabra, cuyo objetivo esencial ser\u00e1 la ayuda a j\u00f3venes escritores. Y no s\u00f3lo ha nacido en Espa\u00f1a, sino tambi\u00e9n en Latinoamerica y con el nombre de Fundaci\u00f3n Taller de Letras Jordi Sierra i Fabra, con sede en Medell\u00edn, Colombia. Ambas instituciones actuar\u00e1n con plena independencia la una de la otra, bajo la presidencia de su impulsor. Seg\u00fan palabras del escritor, en la presentaci\u00f3n de su proyecto: &#8220;No quiero que ning\u00fan chico o chica que quiera ser escritor y valga para ello, pase por lo que pas\u00e9 yo en la infancia y la adolescencia, con un padre que no me dejaba escribir, me lo prohib\u00eda, y quer\u00eda que estudiara algo \u00b4de provecho\u00b4 sin entender mi pasi\u00f3n, y con una escuela que me pon\u00eda ceros en literatura por tener fantas\u00eda&#8221;. La Fundaci\u00f3 JSiF espa\u00f1ola inicia su andadura en marzo de 2005 con la convocatoria de un premio literario para menores de 18 a\u00f1os que se fallar\u00e1 por primera vez en 2006 y editar\u00e1 Ediciones SM. La Fundaci\u00f3n Taller de Letras JSiF en Latinoamerica comenz\u00f3 en enero de 2005 sus primeros programas y actividades culturales.<\/p>\n<p>PREMIO N\u00c9STOR LUJ\u00c1N DE NOVELA HIST\u00d3RICA<\/p>\n<p>Con la obra &#8220;La pell de la revolta&#8221; (La piel de la revuelta), Jordi Sierra i Fabra ha sido el vencedor del Premio de Novela Hist\u00f3rica N\u00e9stor Luj\u00e1n 2004, uno de los m\u00e1s importantes en la materia. La novela se inicia el 23 de febrero de 1905 (pronto har\u00e1 cien a\u00f1os) en la Colonia G\u00fcell de Santa Coloma de Cervell\u00f3, Barcelona, cuando un ni\u00f1o de 11 a\u00f1os cay\u00f3 en una tina de tinte hirviendo. Veinte obreros, los dos hijos del due\u00f1o y el capell\u00e1n de la f\u00e1brica, dieron piel para salvarle la vida al peque\u00f1o. Burgues\u00eda, iglesia y obreros, unidos por primera vez. Todos los medios de la \u00e9poca se hicieron eco de lo que fue llamado &#8220;El fet de la pell&#8221;. En su novela, Jordi arranca con este hecho real y enlaza con la Setmana Tr\u00e1gica de Barcelona, muy poco despu\u00e9s, en una historia-r\u00edo, con muchos personajes y en su m\u00e1s puro estilo trepidante, sin dar tregua al lector.<\/p>\n<p>JORDI ASISTI\u00d3 A LA FERIA DE GUADALAJARA, MEXICO<\/p>\n<p>Del 26 de noviembre al 3 de diciembe, Jordi pas\u00f3 por la Feria del Libro de Guadalajara, la m\u00e1s importante del mundo de habla hispana en el sector. El autor particip\u00f3 en debates, foros, firmas de libros y desarroll\u00f3 una importante actividad esencialmente en escuelas, donde dio diversas charlas Tambi\u00e9n planific\u00f3 futuras ediciones de obras con sus editores latinoamericanos y realiz\u00f3 una primera presentaci\u00f3n de la Fundaci\u00f3n Taller de Letras Jordi Sierra i Fabra para America Latina, cuya sede est\u00e1 en Medell\u00edn, Colombia. Jordi anunci\u00f3 su pr\u00f3xima visita a la Feria de Bogot\u00e1, a fines de abril, para presentar estas nuevas obras y su Fundaci\u00f3n.<\/p>\n<p>JORDI EN GUAYAQUIL Y QUITO, ECUADOR<\/p>\n<p>Jordi viajo el 22 de octubre a Colombia y a continuaci\u00f3n visit\u00f3 Ecuador, la primera decena de noviembre, para dar conferencias en colegios de Guayaquil y Quito invitado por su editorial ecuatoriana, Libresa. Asi mismo present\u00f3 en la Feria del Libro de Quito la colecci\u00f3n &#8220;Amadeo Bola&#8221;, editada en Espa\u00f1a por Edeb\u00e9. En una apretada agenda de trabajo, el escritor fue entrevistado en prensa, radio y televisi\u00f3n. El techo de la Feria de Quito estaba coronado por una enorme fotograf\u00eda suya y las portadas de sus obras en aquel pa\u00eds. En diversos actos, tambi\u00e9n contact\u00f3 con autores ecuatorianos y, sobre todo, hay que destacar su presencia en viva en numeros centros as\u00ed como sus encuentros con profesores. La huella dejada por esta peque\u00f1a gira ha sido inmensa.<\/p>\n<p>JORDI, INVITADO DE HONOR DE LA FERIA DE TEGUCIGALPA<\/p>\n<p>Aunque de junio a septiembre Jordi Sierra i Fabra no suele viajar nunca, y se encierra en su monta\u00f1a de Vallirana para escribir, este a\u00f1o su ajustado plan de trabajo sufri\u00f3 un cambio importante: del 9 al 15 de julio el escritor fue invitado por los responsables de la Feria de Tegucigalpa, en Honduras, el Gremio de Editores y el Ministerio de Cultura en Espa\u00f1a, para hacer presentaciones de sus obras, hablar con j\u00f3venes e impartir algunas clases y seminarios. El inter\u00e9s de toda Latinoam\u00e9rica por Jordi, correspondido con la publicaci\u00f3n de abundantes obras in\u00e9ditas escritas exclusivamente para su p\u00fablico de aquellas latitudes, sigue en alza y es cada vez m\u00e1s generoso. En esta aventura hondure\u00f1a Jordi cont\u00f3 con la compa\u00f1\u00eda de la reciente premio Nacional de Literatura Juvenil, Mariasun Landa, invitada tambi\u00e9n al evento.<\/p>\n<p>JOSE LUIS RODRIGUEZ ZAPATERO Y &#8220;EL SOLDADO Y LA NI\u00d1\u00c1&#8221;<\/p>\n<p>El 3 de junio, en la Feria del Libro de Madrid, el presidente del Gobierno espa\u00f1ol, Jos\u00e9 Luis Rodriguez Zapatero, compr\u00f3 &#8220;El soldado y la ni\u00f1a&#8221;, una de las obras m\u00e1s claramente antibelicistas de Jordi Sierra i Fabra. La noticia fue dada por diversos medios de comunicaci\u00f3n.<\/p>\n<p>COREA LANZA A JORDI<\/p>\n<p>El mercado coreano se ha abierto a Jordi Sierra i Fabra. Despu\u00e9s del \u00e9xito de &#8220;Perdidos en un planeta llamado Tierra-\u00a1Ench\u00fafate a la energ\u00eda!&#8221;, editado por 21st. Century Books en 2002, y de &#8220;Mi primer libro de \u00d3pera&#8221;, editado por Nuribo recientemente, ahora se publicar\u00e1 en este lejano pa\u00eds &#8220;El soldado y la ni\u00f1a&#8221;, a cargo de la editorial Moonji, radicada en la capital Seul.<\/p>\n<p>&#8220;\u00bfCOMO LEER EN EL SIGLO XXI?&#8221; EN ITALIA<\/p>\n<p>El suplemento trimestral &#8220;Sfoglialibro&#8221; que publica la revista &#8220;Biblioteca Oggi&#8221;, editada por la Biblioteca Hisp\u00e1nica de la Universidad de Mil\u00e1n, ha publicado el texto integro de la conferencia que Jordi Sierra i Fabra pronunci\u00f3 en marzo de 2003 con motivo del Primer Encuentro Nacional de Animaci\u00f3n a la Lectura celebrado en Murcia, con el t\u00edtulo &#8220;\u00bfC\u00f3mo leer en el siglo XXI?&#8221;. En su versi\u00f3n italiana y con el t\u00edtulo &#8220;Come leggere nel XXI secolo?&#8221;, el texto ocupa las p\u00e1ginas 28 a 38 del n\u00famero de abril de 2004 de la citada &#8220;Sfoglialibro&#8221;..<\/p>\n<p>&#8220;1953-2003, LA ERA ROCK&#8221;<\/p>\n<p>Jordi Sierra i Fabra, primer historiador de m\u00fasica reconocido en Espa\u00f1a, public\u00f3 en noviembre y en un s\u00f3lo libro la historia del rock justo al cumplirse los 50 a\u00f1os de su nacimiento. Con el t\u00edtulo\u00a0 &#8220;1953-2003, La Era Rock&#8221; y editado por Espasa, el libro es un recordatorio ameno y ordenado de lo sucedido en estos a\u00f1os destinado a los que vivieron esa historia tanto como para los profanos y adolescentes que quieran saber de donde procede lo que hoy escuchan. Jordi emple\u00f3 tres meses en redactar lo que podr\u00edamos considerar sus &#8220;memorias&#8221; rockeras, entre noviembre de 2002 y febrero de 2003. Sin duda este ser\u00e1 uno de los libros de las pr\u00f3ximas navidades.<\/p>\n","protected":false},"excerpt":{"rendered":"<p>NACE LA FUNDACION JORDI SIERRA I FABRA El m\u00e1s importante proyecto personal de Jordi ha visto finalmente la luz a fines de 2004. Se trata de la puesta en marcha de lo que, para el autor, es &#8220;el sue\u00f1o de una vida&#8221;: La Fundaci\u00f3 Jordi&hellip; <a class=\"read-more\" href=\"https:\/\/sierraifabra.com\/?page_id=245&#038;lang=es\">Read more<\/a><\/p>\n","protected":false},"author":101012,"featured_media":0,"parent":311,"menu_order":0,"comment_status":"closed","ping_status":"closed","template":"","meta":{"footnotes":""},"class_list":["post-245","page","type-page","status-publish","hentry"],"aioseo_notices":[],"_links":{"self":[{"href":"https:\/\/sierraifabra.com\/index.php?rest_route=\/wp\/v2\/pages\/245","targetHints":{"allow":["GET"]}}],"collection":[{"href":"https:\/\/sierraifabra.com\/index.php?rest_route=\/wp\/v2\/pages"}],"about":[{"href":"https:\/\/sierraifabra.com\/index.php?rest_route=\/wp\/v2\/types\/page"}],"author":[{"embeddable":true,"href":"https:\/\/sierraifabra.com\/index.php?rest_route=\/wp\/v2\/users\/101012"}],"replies":[{"embeddable":true,"href":"https:\/\/sierraifabra.com\/index.php?rest_route=%2Fwp%2Fv2%2Fcomments&post=245"}],"version-history":[{"count":0,"href":"https:\/\/sierraifabra.com\/index.php?rest_route=\/wp\/v2\/pages\/245\/revisions"}],"up":[{"embeddable":true,"href":"https:\/\/sierraifabra.com\/index.php?rest_route=\/wp\/v2\/pages\/311"}],"wp:attachment":[{"href":"https:\/\/sierraifabra.com\/index.php?rest_route=%2Fwp%2Fv2%2Fmedia&parent=245"}],"curies":[{"name":"wp","href":"https:\/\/api.w.org\/{rel}","templated":true}]}}