{"id":247,"date":"2015-07-22T08:48:22","date_gmt":"2015-07-22T08:48:22","guid":{"rendered":"http:\/\/thewalrushub.com\/jordi\/?page_id=247"},"modified":"2017-02-02T16:37:27","modified_gmt":"2017-02-02T15:37:27","slug":"noticias-2005","status":"publish","type":"page","link":"https:\/\/sierraifabra.com\/?page_id=247&lang=es","title":{"rendered":"Noticias 2005"},"content":{"rendered":"<p>JORDI EN ECUADOR<\/p>\n<p>Jordi Sierra i Fabra recogi\u00f3 en Quito, Ecuador, el Premio Internacional Julio C. Coba, conseguido en la primavera pasada por su novela infantil &#8220;La palabra m\u00e1s hermosa&#8221;. Al certamen se presentaron 122 obras procedentes de 19 pa\u00edses, lo cual prueba lo disputado del premio. En los 8 d\u00edas de su visita firm\u00f3 libros en la Feria de Quito, hizo entrevistas en TV, radio y prensa (El Comercio, Hora, Hoy, Vanguardia, etc.) y present\u00f3 las cinco obras que Libresa, su editora ecuatoriana, ha lanzado coincidiendo con su estancia en el pa\u00eds. Tambi\u00e9n visit\u00f3 diversos colegios municipales (Unidad Educativa Quitumbe, Liceo Fern\u00e1ndez Madrid, Gonzaga, Benalc\u00e1zar, Sucre, Unidad Educativa Espejo, etc.), tuvo cuatro reuniones con maestros de la ciudad y presidi\u00f3 dos jurados del concurso basado en su libro &#8220;La palabra m\u00e1s hermosa&#8221; entre colegios de Quito.<\/p>\n<p>PREMIO FITER I ROSSELL POR &#8220;SINAIA&#8221;<\/p>\n<p>Jordi Sierra i Fabra ha ganado el 28\u00ba Premio de Literatura Fiter i Rossell de novela, que concede el Cercle de les Arts i de les Lletres de Andorra, por la obra &#8220;Sinaia&#8221;. La novela relata la traves\u00eda del primer barco que llev\u00f3 a exiliados espa\u00f1oles de la guerra civil hasta M\u00e9xico en 1939. El jurado, formado por Enric Canals, Merc\u00e9 Cabr\u00e9, Joan Ram\u00f3n Marina, Joan Triadu y Miquel Alzueta, destac\u00f3 el rigor hist\u00f3rico de la narraci\u00f3n y el dominio t\u00e9cnico en la fusi\u00f3n de la misma junto a la ficci\u00f3n propia de la novela en s\u00ed. El libro ser\u00e1 editado por Columna, en catal\u00e1n, en febrero de 2006. Este es el 23\u00ba premio literario de Jordi, el tercero que consigue en 2005 y el tercero fuera de Espa\u00f1a. En la foto, el momento de la entrega del galard\u00f3n, por parte de Albert Pintat, Cap de Govern andorrano.<\/p>\n<p>JORDI EN COLOMBIA (Octubre-noviembre 2005)<\/p>\n<p>Jordi Sierra i Fabra complet\u00f3 con un gran \u00e9xito su reciente gira colombiana de oto\u00f1o de 2005. Con charlas multitudinarias (entre 300 y 500 chicos y chicas por sesi\u00f3n) pudo v\u00e9rsele en distintos puntos de Medell\u00edn, como Bello, Envigado o Girardota, as\u00ed como en Pereira, capital del Eje Cafetero, a donde vol\u00f3 el 3 de noviembre para dar tres conferencias y mantener un encuentro con maestros de La Salle. El d\u00eda 2 particip\u00f3 en los actos de cierre del Proyecto Altavoz, que ha aglutinado a todos los j\u00f3venes artistas de la ciudad. La Fundaci\u00f3n Taller de Letras Jordi Sierra i Fabra, ya implantada s\u00f3lidamente en Medell\u00edn, fue parte de este proyecto y de la edici\u00f3n del libro con los trabajos ganadores en el apartado literario. Tambi\u00e9n fue entrevistado por el peri\u00f3dico El Colombiano, las televisiones TeleVida y Canal U y diversas emisoras de radio, e intervino en coloquios como el celebrado en la Universidad Pontificia Bolivariana con el escritor argentino Sergio Aguirre. Entre\u00a0 los muchos colegios visitados o que acudieron a sedes de Comfama (San Ignacio, Bello, Pedregal, etc.) para verlo, cabe citar CEFA, Ferrini, San Jos\u00e9, Coraz\u00f3n de Mar\u00eda, Sagrado Coraz\u00f3n, Instituci\u00f3n Luis Agudelo, Instituci\u00f3n Ana de Castrill\u00f3n, Colegio de la UPB, Compa\u00f1\u00eda de Mar\u00eda, Palermo San Jos\u00e9, Jes\u00fas de la Buena Esperanza, La Presentaci\u00f3n, etc.<\/p>\n<p>NACE EL FORO DE JORDI SIERRA I FABRA<\/p>\n<p>Durante a\u00f1os, y debido a su agenda de viajes y sus m\u00faltiples libros, Jordi Sierra i Fabra se ha comunicado con todas y todos vosotros exclusivamente a trav\u00e9s de esta p\u00e1gina web.\u00a0 Muchos erais los que ped\u00edais un foro para debatir sobre su obra y su persona, y por fin el momento ha llegado. Desde hoy pod\u00e9is entrar en &lt;www.elforo.de\/foroficialjsif&gt; y hacerlo libremente. La directora, coordinadora y moderadora del foro, cuyo nickname es Akowa, se encargar\u00e1 de responder y ser\u00e1 el enlace mediante el cual, siempre que le sea posible, el propio Jordi responder\u00e1 a todas vuestras preguntas. Bienvenidos pues al &#8220;hilo directo&#8221; entre Jordi y sus lectoras y lectores.<\/p>\n<p>PRESENTACION DE &#8220;LOS LIBROS DE PABLO&#8221;<\/p>\n<p>La princesa Alexia de Grecia fue la encargada de presentar en FNAC de Barcelona la colecci\u00f3n &#8220;Los libros de Pablo&#8221;, escrita por Jordi Sierra i Fabra a beneficio de la Fundaci\u00f3n S\u00edndrome de Down. Los tres volumenes de la serie fueron editados hace ya dos a\u00f1os, pero su \u00e9xito se ha mantenido hasta hoy, de ah\u00ed este relanzamiento, ahora en tapa dura. Pablo es un ni\u00f1o de 9 a\u00f1os con s\u00edndrome de Down y a trav\u00e9s de estas obras se ve como vive, siente y piensa. Jordi se sinti\u00f3 un tanto abrumado por la presencia masiva de televisiones y medios informativos al acto, &#8220;pero lo importante es la difusi\u00f3n de una causa como esta&#8221;, afirm\u00f3.<\/p>\n<p>JORDI CANDIDATO AL PREMIO ANDERSEN<\/p>\n<p>Jordi Sierra i Fabra ha sido designado candidato espa\u00f1ol al Premio Andersen, el m\u00e1s importante galard\u00f3n de la literatura infantil y juvenil que se concede en el mundo. El premio, otorgado cada dos a\u00f1os, se entregar\u00e1 en septiembre de 2006 en Beijing, China, y se fallar\u00e1 previamente el 27 de marzo en el marco de la Feria de Bolonia. Jordi competir\u00e1 con otros doscientos candidatos de todo el mundo por este Nobel de la literatura para j\u00f3venes.<\/p>\n<p>EDICIONES SM LANZA &#8220;LOS LIBROS DE JORDI&#8221;<\/p>\n<p>Ediciones SM ha presentado en Espa\u00f1a &#8220;Los Libros de Jordi&#8221;, una colecci\u00f3n de obras del autor, que se convierte en el \u00fanico en tener dos colecciones propias en la literatura juvenil espa\u00f1ola. Ya en 2003 Bru\u00f1o lanz\u00f3 &#8220;La biblioteca de Jordi Sierra i Fabra&#8221;. En la nueva colecci\u00f3n, adem\u00e1s de recuperar obras hist\u00f3ricas del autor, apareceran tambi\u00e9n algunas de sus \u00faltimas novedades. As\u00ed, el n\u00ba1 de la misma es &#8220;Fuera de juego&#8221;, una obra in\u00e9dita, mientras que el 2 y el 3 lo ocupan dos best sellers como &#8220;Rabia&#8221; y &#8220;Malas Tierras&#8221;, editadas previamente en 1998 y 1994, ambas con muchas ediciones a cuestas. La diferencia de esta colecci\u00f3n con otros libros del propio Jordi, es que cada uno incluye una entrevista diferente y exclusiva, as\u00ed como fotograf\u00edas de los archivos secretos de su protagonista (con estrellas del rock, en lugares remotos del mundo, de su infancia, haciendo espectaculares saltos de trampol\u00edn o debutando como disc-jockey). Un a\u00f1adido que har\u00e1 las delicias de las fans. La colecci\u00f3n llevaba gest\u00e1ndose casi un a\u00f1o, y coincide ahora con la candidatura al Andersen como regalo a\u00f1adido.<\/p>\n<p>PREMIO INTERNACIONAL JULIO C. COBA (ECUADOR)<\/p>\n<p>Jordi Sierra i Fabra ha ganado en Ecuador su 22\u00ba premio literario. Se trata del Premio Internacional de literatura Infantil Julio C. Coba. La obra premiada se titula &#8220;La palabra m\u00e1s hermosa&#8221;. El veredicto del jurado ha sido el siguiente: &#8220;Despu\u00e9s de seleccionarlo entre ocho finalistas, que tienen en com\u00fan la originalidad, la gran capacidad inventiva, la impecable utilizaci\u00f3n del lenguaje y el excelente tratamiento de los temas, por unanimidad, el Jurado resolvi\u00f3 otorgar el Premio Julio C.Coba, Edici\u00f3n 2005, a la obra LA PALABRA MAS HERMOSA, suscrita por el pseud\u00f3nimo Georgina Vila. En LA PALABRA MAS HERMOSA destacan varios aspectos: uno es el tema relativo a la maravilla que comporta el descubrimiento personal de la lengua y la literatura como generadora de innumerables posibilidades. El uso del ingenio con el que dos gemelos, chico y chica de doce a\u00f1os, deben superar varias pruebas referidas a entretenidos juegos de palabras para obtener las letras que, combinadas, les llevar\u00e1n a encontrar la palabra m\u00e1s hermosa. Tambi\u00e9n el texto es rico en valores como la solidaridad, la esperanza, el compromiso, la paciencia, el optimismo y la confianza. El texto atrapa desde el inicio y el lector interacciona con los personajes; se adentra en la aventura, en el juego, en la b\u00fasqueda de la respuesta a los enigmas. Todo ello en un estilo claro, \u00e1gil y ameno, que lleva a mantener el inter\u00e9s del lector hasta el final&#8221;.<\/p>\n<p>JORDI EN COLOMBIA (Abril-mayo 2005)<\/p>\n<p>Jordi Sierra i Fabra estuvo del 24 de abril al 8 de mayo en Colombia. Primero present\u00f3 la Fundaci\u00f3n Taller de Letras Jordi Sierra i Fabra para America Latina y el Premio Literario para J\u00f3venes que lleva su nombre en la Feria Internacional del Libro de Bogot\u00e1. A continuaci\u00f3n se traslad\u00f3 a Medell\u00edn, sede de su Fundaci\u00f3n, donde celebr\u00f3 multitud de encuentros con estudiantes y pronunci\u00f3 dos conferencias especiales, una sobre m\u00fasica y literatura en el auditorio de Comfama y otra sobre la Historia del Rock en la Universidad de la EAFIT. El acto m\u00e1s destacado fue la celebraci\u00f3n del primer seminario sobre creaci\u00f3n literaria desarrollado durante tres d\u00edas en el Paraninfo de la Universidad de Antioquia, auspiciado por su Fundaci\u00f3n y la propia Universidad. Jordi tambi\u00e9n visit\u00f3 algunas de las zonas m\u00e1s humildes de la ciudad, all\u00e1 donde m\u00e1s trabajo tendr\u00e1 su Fundaci\u00f3n, que ha arrancado ya con la mejor de las perspectivas en Colombia, gan\u00e1ndose el respeto de diversas entidades con las que ya trabaja en firme, como el Municipio de la ciudad en escuelas p\u00fablicas y bibliotecas. En el segundo semestre de 2005 intervend\u00e1 en el Proyecto Altavoz como socio y ejecutor del mismo al lado de otras entidades, al margen de otros proyectos que est\u00e1n en marcha. Paralelamente a esta actividad, la editorial Panamericana editar\u00e1 pr\u00f3ximamente tres obras suyas, &#8220;John Lennon, imagina que esto es real&#8221;, &#8220;Los tres deseos&#8221; y &#8220;El secreto de las perlas&#8221;, mientras que la Editorial Norma lanzar\u00e1 en 2006 su cuarta novela en ella, &#8220;Cuentos para ni\u00f1os que creen en marcianos&#8221;.<\/p>\n<p>JORDI GANA EL &#8220;PROTAGONISTA JOVE&#8221;<\/p>\n<p>Jordi Sierra i Fabra ha ganado el Premio Protagonista Jove por su novela &#8220;A l&#8217;altra banda del mirall&#8221;, que ya hab\u00eda ganado el Ram\u00f3n Muntaner en 2003. Este premio lo otorgan los lectores j\u00f3venes de Catalunya al que consideran el mejor libro juvenil del a\u00f1o anterior. Jordi recibi\u00f3 la noticia en plena Feria de Bolonia. Sus primeras palabras fueron: &#8220;Que los j\u00f3venes premien una novela como esta, en la que se habla de lo que hace y siente una adolescente cuando descubre que es lesbiana, demuestra qu\u00e9 es lo que quieren leer y muchas veces, en sus escuelas, no les dejan, debido a la tem\u00e1tica y la censura&#8221;.<\/p>\n<p>PRESENTACION DEL PREMIO LITERARIO JORDI SIERRA I FABRA<\/p>\n<p>El 3 de marzo, en la noche de SM en Madrid, en la que se otorgan los premios Barco de Vapor y Gran Angular, fue presentado el Primer Premio Literario Jordi Sierra i Fabra para menores de 18 a\u00f1os, otorgado por la Fundaci\u00f3 Jordi Sierra i Fabra.<\/p>\n<p>&#8220;COMPROMISO Y CENSURA&#8221; A DEBATE<\/p>\n<p>La revista Primeras Noticias, Revista de Literatura, dedica nada menos que 22 p\u00e1ginas a Jordi Sierra i Fabra en su n\u00famero 207, con la transcripci\u00f3n de buena parte del foro sobre &#8220;Compromiso y Censura&#8221; que Jordi mantuvo en Internet en septiembre de 2004, respondiendo a preguntas de internautas de Espa\u00f1a y Latinoam\u00e9rica. Para leer el foro entero, entrad en http:\/\/www.prensajuvenil.org\/foro\/04\/texto\/1.htm<\/p>\n<p>SE ESTRENO &#8220;CAMPOS DE FRESAS&#8221; EN TV<\/p>\n<p>El Canal 9 de Valencia fue la primera televisi\u00f3n que estren\u00f3 la adaptaci\u00f3n televisiva del famolso best-seller de Jordi, &#8220;Campos de fresas&#8221; (Camps de maduixes), rodada en verano del a\u00f1o pasado. Tras ello lo hicieron las televisiones catalana y gallega. De todas formas la pel\u00edcula se parece a la novela como un huevo a una casta\u00f1a, as\u00ed que&#8230; \u00a1fans, paciencia! Por cierto, Jordi aparece en un visto y no visto en la escena en que los dos polic\u00edas avanzan por el pasillo del hospital para interrogar a Eloy. La &#8220;sombra fugaz&#8221; que pasa por detr\u00e1s de ellos es&#8230; \u00a1Jordi!<\/p>\n","protected":false},"excerpt":{"rendered":"<p>JORDI EN ECUADOR Jordi Sierra i Fabra recogi\u00f3 en Quito, Ecuador, el Premio Internacional Julio C. Coba, conseguido en la primavera pasada por su novela infantil &#8220;La palabra m\u00e1s hermosa&#8221;. Al certamen se presentaron 122 obras procedentes de 19 pa\u00edses, lo cual prueba lo disputado&hellip; <a class=\"read-more\" href=\"https:\/\/sierraifabra.com\/?page_id=247&#038;lang=es\">Read more<\/a><\/p>\n","protected":false},"author":101012,"featured_media":0,"parent":311,"menu_order":0,"comment_status":"closed","ping_status":"closed","template":"","meta":{"footnotes":""},"class_list":["post-247","page","type-page","status-publish","hentry"],"aioseo_notices":[],"_links":{"self":[{"href":"https:\/\/sierraifabra.com\/index.php?rest_route=\/wp\/v2\/pages\/247","targetHints":{"allow":["GET"]}}],"collection":[{"href":"https:\/\/sierraifabra.com\/index.php?rest_route=\/wp\/v2\/pages"}],"about":[{"href":"https:\/\/sierraifabra.com\/index.php?rest_route=\/wp\/v2\/types\/page"}],"author":[{"embeddable":true,"href":"https:\/\/sierraifabra.com\/index.php?rest_route=\/wp\/v2\/users\/101012"}],"replies":[{"embeddable":true,"href":"https:\/\/sierraifabra.com\/index.php?rest_route=%2Fwp%2Fv2%2Fcomments&post=247"}],"version-history":[{"count":0,"href":"https:\/\/sierraifabra.com\/index.php?rest_route=\/wp\/v2\/pages\/247\/revisions"}],"up":[{"embeddable":true,"href":"https:\/\/sierraifabra.com\/index.php?rest_route=\/wp\/v2\/pages\/311"}],"wp:attachment":[{"href":"https:\/\/sierraifabra.com\/index.php?rest_route=%2Fwp%2Fv2%2Fmedia&parent=247"}],"curies":[{"name":"wp","href":"https:\/\/api.w.org\/{rel}","templated":true}]}}