{"id":249,"date":"2015-07-22T08:48:58","date_gmt":"2015-07-22T08:48:58","guid":{"rendered":"http:\/\/thewalrushub.com\/jordi\/?page_id=249"},"modified":"2017-02-02T16:37:27","modified_gmt":"2017-02-02T15:37:27","slug":"noticias-2006","status":"publish","type":"page","link":"https:\/\/sierraifabra.com\/?page_id=249&lang=es","title":{"rendered":"Noticias 2006"},"content":{"rendered":"<p>GIRA POR COLOMBIA EN OTO\u00d1O Y M\u00c9XICO NOVIEMBRE\/DICIEMBRE 2006<\/p>\n<p><img loading=\"lazy\" decoding=\"async\" src=\"http:\/\/www.sierraifabra.com\/ant\/fotos\/Image\/Medellin\/Entrega%20premios.JPG\" alt=\"\" width=\"200\" height=\"150\" \/><\/p>\n<p>Jordi Sierra i Fabra ha estado en Colombia para una de sus dos citas anuales con su Fundaci\u00f3n en Medell\u00edn, aunque en esta ocasi\u00f3n tambi\u00e9n haya visitado Barranquilla y Cartagena de Indias. El escritor dio dos seminarios sobre &#8220;La p\u00e1gina escrita&#8221;, de tres d\u00edas cada uno, y acudi\u00f3 a numerosas escuelas para mantener coloquios con los j\u00f3venes. En una de ellas, a 2000 metros de altura, en una zona sin carretera y de extrema pobreza, los ni\u00f1os le agradecieron que les regalara libros para poder leer. En Medell\u00edn Jordi mantuvo reuniones con la Alcald\u00eda para llevar autores espa\u00f1oles a la ciudad el pr\u00f3ximo a\u00f1o, y fue el invitado de honor en la entrega de premios a los mejores lectores del a\u00f1o (imagen de la foto, con su discurso ante el p\u00fablico asistente). En Barranquilla su libro &#8220;Cuentos para ni\u00f1os que creen en marcianos&#8221; (Grupo Editorial Norma), sirvi\u00f3 de base para el Juego Literario de la ciudad, en el que intervinieron todas las escuelas en un gran certamen literario con asistencia del autor en la gala final. Como siempre, diversas cadenas de radio,\u00a0 TV y medios informativos de prensa dedicaron mucha atenci\u00f3n a sus actividades.<br \/>\nEn M\u00e9xico y en el marco de la Feria Internacional del Libro de Guadalajara, donde Jordi fue invitado especial por la misma FIL y el Institut Ram\u00f3n Llull, tuvo una docena de entrevistas en TV, radio y prensa, dio charlas en varios colegios, dialog\u00f3 con su p\u00fablico en dos actos, fue la estrella de &#8220;El placer de la lectura&#8221; y present\u00f3 el libro &#8220;Kafka y la mu\u00f1eca viajera&#8221; (Siruela), que se est\u00e1 revelando como una de sus novelas m\u00e1s importantes. As\u00ed mismo mantuvo contacto con sus editores latinoamericanos y con nuevas editoriales que pretenden sus obras.<\/p>\n<p>POR FIN, &#8220;LA P\u00c1GINA ESCRITA&#8221;<\/p>\n<p><img loading=\"lazy\" decoding=\"async\" src=\"http:\/\/www.sierraifabra.com\/ant\/fotos\/Image\/Privado\/pagina%202.jpg\" alt=\"\" width=\"138\" height=\"200\" \/><\/p>\n<p>Jordi Sierra i Fabra y Ediciones SM lanzan por fin &#8220;La p\u00e1gina escrita&#8221;, el libro en el que el autor nos cuenta TODOS sus trucos de escritor, t\u00e9cnicas, estilos, c\u00f3mo preparar novelas, crear personajes, hacer di\u00e1logos, elaborar un gui\u00f3n perfecto para que la escritura sea mucho m\u00e1s sencilla, buscar t\u00edtulos y un largo etc. en el que no fallan an\u00e1lisis de sus obras m\u00e1s famosas y ejemplos con fragmentos de otras muchas. &#8220;La p\u00e1gina escrita&#8221; servir\u00e1 de libro de texto para los seminarios que Jordi realiza en Am\u00e9rica Latina y como manual de primera mano para todos aquellos que sue\u00f1en con ser escritores alg\u00fan d\u00eda. La gruesa obra, que se edita a un precio excepcional de 10 euros para fomentar su difusi\u00f3n, es uno m\u00e1s de los proyectos que la Fundaci\u00f3 Jordi Sierra i Fabra de Barcelona y la Fundaci\u00f3n Taller de Letras Jordi Sierra i Fabra de Medell\u00edn est\u00e1n creando para dar vida a su gran anhelo: dar una oportunidad a los autores de ma\u00f1ana. Un libro indispensable del \u00fanico autor vivo con m\u00e1s de 300 obras editadas. (M\u00e1s informaci\u00f3n en &#8220;Novedades&#8221; de &#8220;Sala de Prensa&#8221; y en &#8220;Lee Gratis&#8221; el pr\u00f3logo completo).<br \/>\nSEMANA DE MEDELL\u00cdN EN BARCELONA, LIBER 2006 y&#8230; \u00c1FRICA<\/p>\n<p>Jordi Sierra i Fabra ha tomado parte muy activa en la semana de Medell\u00edn en Barcelona, punto de encuentro de las dos ciudades, interviniendo en la Mesa de Cooperaci\u00f3n Cultural con visas al desarrollo de la ciudad colombiana que acoge a su Fundaci\u00f3n Taller de Letras. As\u00ed mismo, dado que Colombia era el pa\u00eds invitado al Liber 2006, Jordi fue invitado por la C\u00e1mara del Libro Colombiana para asistir como invitado especial a los diversos actos celebrados en Madrid as\u00ed como a tomar parte en encuentros con autores colombianos. A su t\u00e9rmino, y antes de viajar a Colombia el 22 de octubre, Jordi viaja dos semanas a las islas de Mauricio y Reuni\u00f3n, en la costa este de \u00c1frica en una visita de caracter privado.<\/p>\n<p>INTENSA ACTIVIDAD EN COLOMBIA Y M\u00c9XICO<\/p>\n<p>Jordi Sierra i Fabra mantiene una gran intensidad de trabajo con Latinoam\u00e9rica, y muy especialmente en estos d\u00edas y los pr\u00f3ximos meses con Colombia (sede de una de sus Fundaciones) y en M\u00e9xico. En Colombia la editorial Hombre Nuevo lanzar\u00e1 un ins\u00f3lito volumen de poes\u00edas (haikus en este caso), con el t\u00edtulo \u201cPalabras de cristal\u201d, mientras que el sello Alfaguara lanzar\u00e1 a comienzos de 2007 \u201cEl camino de las siete lunas\u201d, una incursi\u00f3n en el mundo del teatro infantil. El trasfondo de la obra es ciento por ciento musical. Tambi\u00e9n en Panamericana aparecer\u00e1 \u201cGenios en apuros\u201d. En M\u00e9xico es la editorial Fondo de Cultura Econ\u00f3mica la protagonista, porque estos d\u00edas aparece la tercera edici\u00f3n de \u201cHistorias de Medio Mundo\u201d, con la que Jordi gan\u00f3 el Premio A la Orilla del Viento en 1999, y en breve lo har\u00e1 \u201cM\u00e1s all\u00e1 de los dos r\u00edos\u201d, una novela sobre la extinci\u00f3n de las tribus ind\u00edgenas, uno de los temas que desde siempre m\u00e1s han preocupado al autor. A fines de noviembre, despu\u00e9s de su habitual cita en Colombia entre octubre y noviembre, Jordi tambi\u00e9n ha sido invitado por el Institut Ram\u00f3n Llull de Barcelona para dar diversas conferencias en el marco de la Feria Internacional de Libro de Guadalara, la m\u00e1s importante del mundo de habla hispana, en M\u00e9xico. Jordi ya estuvo en la Feria en 2004.<\/p>\n<p>M\u00c1S PREMIOS PARA JORDI<\/p>\n<p>En unos d\u00edas, Jordi ha recibido diversos galardones por su trabajo. En Catalunya su novela policiaca &#8220;Assassinat a el Club&#8221; ha sido elegida una de las tres mejores del a\u00f1o 2005 por la revista Brigada 21; en Zamora los estudiantes del IES Alca\u00f1ices, el Biblob\u00fas y la Junta de Castilla y Le\u00f3n han distinguido a &#8220;Campos de fresas&#8221; como la mejor novela del a\u00f1o, y en Barcelona la misma obra en catal\u00e1n, &#8220;Camps de maduixes&#8221;, ha sido por d\u00e9cimo a\u00f1o consecutivo el libro m\u00e1s vendido de la Colecci\u00f3n Alerta Roja de Editorial Cru\u00eflla.<\/p>\n<p>LEON 2006<\/p>\n<p><img loading=\"lazy\" decoding=\"async\" src=\"http:\/\/www.sierraifabra.com\/ant\/fotos\/Image\/Privado\/Alcaldia%20Leon.JPG\" alt=\"\" width=\"200\" height=\"150\" \/>\u00a0\u00a0 <img loading=\"lazy\" decoding=\"async\" src=\"http:\/\/www.sierraifabra.com\/ant\/fotos\/Image\/Privado\/Stand%20Edebe.JPG\" alt=\"\" width=\"141\" height=\"150\" \/><\/p>\n<p>Jordi Sierra i Fabra acudi\u00f3 a la primera feria internacional del libro infantil y juvenil celebrada en Le\u00f3n a comienzos de mayo, asisti\u00f3 a la inauguraci\u00f3n en compa\u00f1\u00eda de las autoridades de la ciudad y despu\u00e9s present\u00f3 su novela ganadora del Premio Edeb\u00e9 2006 en su modalidad juvenil, &#8220;Llamando a las puertas del cielo&#8221;. En diciembre de 2004 Jordi prometi\u00f3 personalmente a la Ministra de Cultura, Carmen Calvo, su asistencia y apoyo a este evento, que por fin ha sido una realidad.<\/p>\n<p>GIRA LATINOAMERICANA DE JORDI Y FIRMAS DE LIBROS POR SANT JORDI 2006<\/p>\n<p>Jordi Sierra i Fabra se desplaz\u00f3 durante el mes de abril a Colombia y Brasil en una nueva gira por su amada Latinoam\u00e9rica. En Colombia, como parte de los actos de su Fundaci\u00f3n ubicada all\u00ed, realiz\u00f3 conferencias en colegios y universidades, as\u00ed como su seminario &#8220;La p\u00e1gina escrita&#8221;, en el que durante varios d\u00edas desmenuz\u00f3 sus t\u00e9cnicas literarias y ense\u00f1\u00f3 como escribir a j\u00f3venes candidatos. Tambi\u00e9n fue entrevistado en televisi\u00f3n y apareci\u00f3 en todos los medios periodisticos de la ciudad. A Brasil acud\u00edo del 16 al 20, invitado por Ediciones SM, para hacer presentaciones de su obra y llevar a cabo diversos coloquios en escuelas de Sao Paulo, R\u00edo de Janeiro y Niteroi, donde fue el invitado especial del mes de encuentro Niteroi-Espa\u00f1a. Jordi regres\u00f3 a Barcelona un d\u00eda antes de Sant Jordi para cumplir con su anual encuentro con sus lectoras y lectores. A a esta cita acudieron fans de distintas partes de Espa\u00f1a (Madrid, Burgos, Elche, Alicante, etc.) desplazados especialmente en treun, autocar o avi\u00f3n para estar con \u00e9l. Jordi agot\u00f3 existencias de sus \u00faltimas novedades, &#8220;Material sensible&#8221;, &#8220;Kafka y la mu\u00f1eca viajera&#8221; y &#8220;L,,lamando a las puertas del cielo&#8221;.<br \/>\nSU ALTEZA REAL, EL PR\u00cdNCIPE DE ASTURIAS, DON FELIPE DE BORB\u00d3N, HACE ENTREGA DEL PREMIO DE LITERATURA JORDI SIERRA I FABRA PARA J\u00d3VENES 2006<\/p>\n<p><img loading=\"lazy\" decoding=\"async\" src=\"http:\/\/www.sierraifabra.com\/ant\/fotos\/Image\/Privado\/Arturo%20y%20Principe.jpg\" alt=\"\" width=\"300\" height=\"225\" \/><\/p>\n<p>El d\u00eda 1 de marzo, en la Real Casa de Correos de Madrid, Sus Altezas Reales, el Pr\u00edncipe de Asturias don Felipe de Borb\u00f3n y su esposa, la Pr\u00edncesa Letizia, entregaron el Premio de Literatura Jordi Sierra i Fabra para J\u00f3venes en su primera convocatoria al ganador del concurso, Arturo Padilla de Juan. La fiesta anual del Grupo SM, en la que se fallaron as\u00ed mismo el Premio El Barco de Vapor, el Gran Angular y el Internacional de Ilustraci\u00f3n, se convirti\u00f3 en la gala literaria del a\u00f1o. En su discurso de presentaci\u00f3n, antes de anunciar el fallo del jurado, Jordi Sierra i Fabra destac\u00f3 el alto nivel de calidad de los concursantes al premio que \u00e9l convoca a trav\u00e9s de su Fundaci\u00f3n, as\u00ed como el elevado n\u00famero de participantes, 78, procedentes de cinco pa\u00edses. Por su parte, en su turno, Arturo Padilla de Juan agradeci\u00f3 a la Fundaci\u00f3 Jordi Sierra i Fabra la oportunidad que ofrece a j\u00f3venes como \u00e9l. M\u00e1s informaci\u00f3n en la p\u00e1gina de la Fundaci\u00f3 Jordi Sierra i Fabra, (www.sierraifabra.com\/ant\/secciones\/Fundacio_JSF\/index.php), en esta misma web.<\/p>\n<p>SE FALLA EN BARCELONA EL PRIMER PREMIO LITERARIO JORDI SIERRA I FABRA PARA J\u00d3VENES<\/p>\n<p>Arturo Padilla de Juan, 16 a\u00f1os, de Montorn\u00e9s del Vall\u00e9s, Barcelona, con su novela &#8220;El poder de una decisi\u00f3n&#8221;, ha sido el vencedor del Primer Premio Literario Jordi Sierra i Fabra para J\u00f3venes 2006. El jurado, reunido el 14 de febrero en la sede de la Fundaci\u00f3 Jordi Sierra i Fabra de Barcelona, trabaj\u00f3 duro para escoger la novela vencedora de entre las 7 finalistas previamente seleccionadas. El nivel y la calidad ha sido tan alto, que se ha incluido una Lista de Honor para destacar otros trabajos meritorios a tener en cuenta. La mayor\u00eda de estos chicos y chicas probablemente ser\u00e1n los escritores del futuro.<br \/>\nAl premio Jordi Sierra i Fabra se han presentado 78 novelas o conjuntos de relatos o cuentos procedenes de toda Espa\u00f1a, as\u00ed como de Colombia, Ecuador, Nicaragua y Estados Unidos. Un \u00e9xito absoluto trat\u00e1ndose de una primera convocatoria, pero a\u00fan m\u00e1s por la maestr\u00eda narrativa o el ingenio de muchas de las obras, teniendo en cuenta que la participante menor (seleccionada en la Lista de Honor) contaba 11 a\u00f1os y el mayor de los finalistas 17. Por edades, la mayor\u00eda estaba entre los 15 y los 16 a\u00f1os. Por sexos se presentaron 64 chicas y 14 chicos.<br \/>\nLa novela vencedora, adem\u00e1s de los 3.000 euros aportados por la Fundaci\u00f3 Jordi Sierra i Fabra, ser\u00e1 publicada por Ediciones SM en mayo de este a\u00f1o, y posteriormente por C\u00edrculo de Lectores.<br \/>\nM\u00e1s informaci\u00f3n, finalistas y Lista de Honor, en la p\u00e1gina de la Fundaci\u00f3 Jordi Sierra i Fabra, en esta misma web.<\/p>\n<p>&#8220;LLAMANDO A LAS PUERTAS DEL CIELO&#8221; GANA EL PREMIO EDEBE JUVENIL<\/p>\n<p><img loading=\"lazy\" decoding=\"async\" src=\"http:\/\/www.sierraifabra.com\/ant\/fotos\/Image\/Privado\/Premio%20Edebe.JPG\" alt=\"\" width=\"225\" height=\"300\" \/><\/p>\n<p>Jordi Sierra i Fabra ha ganado el XIV Premio Edeb\u00e9, en su modalidad juvenil, con la novela &#8220;Llamando a las puertas del cielo&#8221;, t\u00edtulo de inequivocas reminiscencias Dylanianas. El autor ya hab\u00eda ganado el Premio Edeb\u00e9 Infantil hace 12 a\u00f1os con &#8220;Aydin&#8221;, y este es su galard\u00f3n n\u00famero 24 a lo largo de su carrera, el cuarto en los \u00faltimos 9 meses. La dotaci\u00f3n del premio, de 30.000 euros, ser\u00e1 destinada por Jordi para financiar las diversas actividades que sus dos Fundaciones tienen en marcha o en proyecto. La larga novela ganadora muestra como tema central la cooperaci\u00f3n, y cuenta la historia de Silvia, una estudiante de medicina de 19 a\u00f1os, que se va a la India como voluntaria en sus vacaciones de verano para trabajar en un peque\u00f1o hospital situado en un rec\u00f3ndito lugar del pa\u00eds. All\u00ed, el choque de culturas y el trabajo de los cooperantes se mezclar\u00e1 con su vida y sus sentimientos personales, configurando una historia llena de emociones. Como tantas obras en las que Jordi muestra su compromiso social, es una novela que no dejar\u00e1 indiferentes a sus lectoras y lectores. La edici\u00f3n, en las cuatro lenguas oficiales del Estado, se ha previsto por parte de Edeb\u00e9 para el mes de marzo.<\/p>\n","protected":false},"excerpt":{"rendered":"<p>GIRA POR COLOMBIA EN OTO\u00d1O Y M\u00c9XICO NOVIEMBRE\/DICIEMBRE 2006 Jordi Sierra i Fabra ha estado en Colombia para una de sus dos citas anuales con su Fundaci\u00f3n en Medell\u00edn, aunque en esta ocasi\u00f3n tambi\u00e9n haya visitado Barranquilla y Cartagena de Indias. El escritor dio dos&hellip; <a class=\"read-more\" href=\"https:\/\/sierraifabra.com\/?page_id=249&#038;lang=es\">Read more<\/a><\/p>\n","protected":false},"author":101012,"featured_media":0,"parent":311,"menu_order":0,"comment_status":"closed","ping_status":"closed","template":"","meta":{"footnotes":""},"class_list":["post-249","page","type-page","status-publish","hentry"],"aioseo_notices":[],"_links":{"self":[{"href":"https:\/\/sierraifabra.com\/index.php?rest_route=\/wp\/v2\/pages\/249","targetHints":{"allow":["GET"]}}],"collection":[{"href":"https:\/\/sierraifabra.com\/index.php?rest_route=\/wp\/v2\/pages"}],"about":[{"href":"https:\/\/sierraifabra.com\/index.php?rest_route=\/wp\/v2\/types\/page"}],"author":[{"embeddable":true,"href":"https:\/\/sierraifabra.com\/index.php?rest_route=\/wp\/v2\/users\/101012"}],"replies":[{"embeddable":true,"href":"https:\/\/sierraifabra.com\/index.php?rest_route=%2Fwp%2Fv2%2Fcomments&post=249"}],"version-history":[{"count":0,"href":"https:\/\/sierraifabra.com\/index.php?rest_route=\/wp\/v2\/pages\/249\/revisions"}],"up":[{"embeddable":true,"href":"https:\/\/sierraifabra.com\/index.php?rest_route=\/wp\/v2\/pages\/311"}],"wp:attachment":[{"href":"https:\/\/sierraifabra.com\/index.php?rest_route=%2Fwp%2Fv2%2Fmedia&parent=249"}],"curies":[{"name":"wp","href":"https:\/\/api.w.org\/{rel}","templated":true}]}}