{"id":251,"date":"2015-07-22T08:56:22","date_gmt":"2015-07-22T08:56:22","guid":{"rendered":"http:\/\/thewalrushub.com\/jordi\/?page_id=251"},"modified":"2017-02-02T16:37:27","modified_gmt":"2017-02-02T15:37:27","slug":"noticias-2007","status":"publish","type":"page","link":"https:\/\/sierraifabra.com\/?page_id=251&lang=es","title":{"rendered":"Noticias 2007"},"content":{"rendered":"<div class=\"Titulos1\">JORDI EN LA FERIA DEL LIBRO DE GUADALAJARA (MEXICO)<\/div>\n<div class=\"Txt_regular\"><span style=\"font-size: medium;\"><span style=\"font-size: medium;\"><br \/>\n<\/span><\/span><\/p>\n<div><img loading=\"lazy\" decoding=\"async\" src=\"http:\/\/www.sierraifabra.com\/ant\/fotos\/Image\/Privado\/Gabo%20y%20yo.JPG\" alt=\"\" width=\"180\" height=\"200\" \/><\/div>\n<p><span style=\"font-size: medium;\"><span style=\"font-size: medium;\"><br \/>\nDel 24 de noviembre al 2 de diciembre, Jordi asisti\u00f3 a la Feria Internacional del Libro de Guadalajara (M\u00e9xico), la m\u00e1s importante del mundo de habla hispana. Entre otras actividades realiz\u00f3 su ya famoso seminario basado en su libro &#8220;La p\u00e1gina escrita&#8221; (su &#8220;m\u00e9todo&#8221; de escritura), el cual reuni\u00f3 a 100 estudiantes de la ciudad que previamente hab\u00edan ganado un concurso celebrado entre m\u00e1s de 1500 y cuyo premio consist\u00eda en asistir al encuentro con Jordi. Tambi\u00e9n present\u00f3 oficialmente la ya consolidada Fundaci\u00f3 Jordi Sierra i Fabra de Barcelona y la Fundaci\u00f3n Taller de Letras Jordi Sierra i Fabra de Medell\u00edn (Colombia), asisti\u00f3 a una mesa redonda sobre la LIJ, dio diversas conferencias en centros escolares de la zona y firm\u00f3 libros en la Feria. Jordi convers\u00f3 con un buen n\u00famero de escritores, como el Premio Nobel Gabriel Garc\u00eda M\u00e1rquez (en la foto con \u00e9l).<\/p>\n<p><\/span><\/span><\/p>\n<div>LECTURA DE LA TESIS &#8220;EL COMPROMISO SOCIAL EN LA OBRA DE JORDI SIERRA I FABRA&#8221;, POR JOSE R. CORT\u00c9S CRIADO<\/div>\n<p><span style=\"font-size: medium;\"><span style=\"font-size: medium;\"><br \/>\nEl d\u00eda 17 de diciembre a las 10,30 horas, en el Decanato de la Facultad de Filosof\u00eda y Letras de la Universidad de M\u00e1laga, se ley\u00f3 la tesis doctoral con el t\u00edtulo: &#8220;El compromiso social en la obra de Jordi Sierra i Fabra: 1983-2003&#8221;, elaborada por el profesor Jos\u00e9 R. Cort\u00e9s Criado, bajo la direcci\u00f3n del Dr. D. Antonio G\u00f3mez Yebra. Es el primer estudio completo de la vida y la obra de Jordi realizado en Espa\u00f1a, y ha llevado a su autor a leer la casi totalidad de las novelas editadas por \u00e9l a lo largo de los seis a\u00f1os que ha durado la elaboraci\u00f3n de la tesis. Esta tesis doctoral fue le\u00edda y defendida por su autor en la Sala de Juntas Rodr\u00edguez de Berlanga, de la Facultad de Filosof\u00eda y Letras de la Universidad de M\u00e1laga ante el tribunal constituido por: Presidente: Gabriel N\u00fa\u00f1ez Ruiz, de la Universidad de Almer\u00eda; Secretaria: Amparo Quiles Faz, de la Universidad de M\u00e1laga. Vocales: Pascuala Morote Mag\u00e1n, de la Universidad de Valencia, Gloria Garc\u00eda Rivera, de la Universidad de Extremadura y Eloy Martos N\u00fa\u00f1ez, de la Universidad de Extremadura. El tribunal otorg\u00f3 al doctorando, un\u00e1nimemente, la m\u00e1xima nota, siendo la calificaci\u00f3n obtenida de SOBRESALIENTE CUM LAUDE.<\/p>\n<p><\/span><\/span><\/p>\n<div>NUEVO PREMIO LITERARIO PARA JORDI, APENAS DOS SEMANAS DESPU\u00c9S DEL NACIONAL<\/div>\n<p><span style=\"font-size: medium;\"><span style=\"font-size: medium;\"><br \/>\nJordi Sierra i Fabra ha ganado el Premio Bancaixa Ciutat d\u00b4Alzira de Novela Juvenil con su obra &#8220;Els focs de la mem\u00f2ria&#8221; (Los fuegos de la memoria). La novela, que ser\u00e1 editada a comienzos de a\u00f1o por la editorial Bromera en catal\u00e1n y por Algar en castellano, trata de un tema de candente actualidad: la Ley de la Memoria Hist\u00f3rica. En una tumba de la guerra civil en la que se supon\u00eda que estaban enterrados 13 cuerpos fusilados en los primeros d\u00edas de la contienda, aparecen s\u00f3lo 12 cad\u00e1veres. El misterio y la intriga por la desaparici\u00f3n del cuerpo n\u00famero 13 es el argumento de esta historia con dos protagonistas, un joven de 17 a\u00f1os bisnieto del desaparecido y un periodsta dispuesto a dar con la verdad. El viernes 16 de noviembre, en Alzira, sede de los Premios Bancaixa, Jordi recibi\u00f3 su galard\u00f3n como parte de la gran velada literaria anual de la ciudad valenciana.<\/p>\n<p><\/span><\/span><\/p>\n<div>&#8220;KAFKA Y LA MU\u00d1ECA VIAJERA&#8221; PREMIO NACIONAL DE LITERATURA INFANTIL Y JUVENIL 2007<\/div>\n<p><span style=\"font-size: medium;\"><span style=\"font-size: medium;\"><br \/>\nJordi Sierra i Fabra ha\u00a0 sido galardonado con el Premio Nacional de Literatura Infantil y Juvenil 2007 por su novela &#8220;Kafka y la mu\u00f1eca viajera&#8221;, editada por Siruela en enero de 2006. Un emocionado Jordi recibi\u00f3 el d\u00eda 26 de octubre la noticia, primero por parte de Rogelio Blanco, Director General del Libro, y a continuaci\u00f3n por parte del ministro de Cultura. Es el premio n\u00famero 25 de su carrera profesional y sin duda el que colma una trayectoria de 35 a\u00f1os dedicado a la literatura y de ellos, la mayor parte, a la infantil y juvenil. Como ya es habitual, el importe del premio (15.000 euros) ser\u00e1n destinados a obras sociales por parte de sus dos fundaciones en Barcelona y Medell\u00edn. El jurado de este galard\u00f3n estuvo compuesto por Luis Mateo D\u00edez, de la Real Academia Espa\u00f1ola; Euloxio Rodr\u00edguez Ruibal, de la Real Academia Gallega; Miguel \u00c1ngel Asia\u00edn Yarnoz, de la Real Academia de la Lengua Vasca; Josep M.Aloy Bosch, del Institut d&#8217;Estudis Catalans; Dolores Vilavedra Fern\u00e1ndez, de la Organizaci\u00f3n Espa\u00f1ola para el Libro Infantil y Juvenil; Teresa Ma\u00f1\u00e1 Terr\u00e9; Carmen Mart\u00edn Anguita; Estela D&#8217;Angelo Men\u00e9ndez; Jes\u00fas Manuel Ferraj\u00f3n Ju\u00e1rez, y Fernando Mar\u00edas, autor galardonado en la edici\u00f3n anterior. Los miembros del jurado han decidido premiar &#8220;Kafka y la mu\u00f1eca viajera&#8221; por ser un libro con una sencilla narraci\u00f3n que toca todas las fibras emocionales posibles. Para Fernando Mar\u00edas, miembro del jurado, &#8220;su mayor virtud es la sencillez, le da una gran potencia con la que atraviesa el coraz\u00f3n del lector. Tanto para ni\u00f1os como para mayores, mantiene una ingenuidad s\u00f3lida que se pega a la mirada de cualquier lector&#8221;.<\/p>\n<p><\/span><\/span><\/p>\n<div>JORDI EN LA FERIA DEL LIBRO DE MEDELLIN, COLOMBIA<\/div>\n<p><span style=\"font-size: medium;\"><span style=\"font-size: medium;\"><br \/>\nDel 9 al 23 de septiembre Jordi estuvo en Medell\u00edn, Colombia, sede de su fundaci\u00f3n latinoamericana. Adem\u00e1s de dar sus habituales charlas y de realizar el seminario \u201cLa p\u00e1gina escrita\u201d, esta vez tambi\u00e9n present\u00f3 dos obras in\u00e9ditas. La primera, en el marco de la Feria del Libro, es \u201cPalabras de cristal\u201d, un libro de haikus (poemas breves de tres versos con estructura de 5, 7 y 5 s\u00edlabas respectivamente), que publica Hombre Nuevo, importante editorial colombiana. La segunda es \u201cCartas a Diana\u201d, la primera novela de Jordi escrita \u201cen colombiano\u201d, es decir, con giros y modismos propios del habla \u201cpaisa\u201d antioque\u00f1a. Se trata de una hermosa historia de amor en el marco de la Colombia actual y que fue presentada en una gran fiesta en Bello, localidad que forma parte del Gran Medell\u00edn, y que es donde transcurre el relato. La editorial, El Tercer Nombre, lo ha publicado tambi\u00e9n en Espa\u00f1a respetando el texto original, es decir, sin cambiar la belleza del l\u00e9xico y los modismos medelillenses.<\/p>\n<p><\/span><\/span><\/p>\n<div>UN PROYECTO DE LA FUNDACI\u00d3 JORDI SIERRA I FABRA CANDIDATO AL PREMIO ASAHI<\/div>\n<p><span style=\"font-size: medium;\"><span style=\"font-size: medium;\"><br \/>\nEl proyecto &#8220;Convenio de cooperaci\u00f3n al Plan de Lectura de Medell\u00edn&#8221;, auspiciado por la Fundaci\u00f3 Jordi Sierra i Fabra y ejecutado por la Fundaci\u00f3n Taller de Letras Jordi Sierra i Fabra de Medell\u00edn, Colombia, en combinaci\u00f3n con la alcald\u00eda de la ciudad, ha sido seleccionado entre los mejores de 2006-2007 por el IBBY y es candidato al Premio Asahi, que cada dos a\u00f1os premia a las mejores iniciativas culturales con aplicaci\u00f3n social en todo el mundo. La simple nominaci\u00f3n al Premio Asahi, teniendo en cuenta que Jordi cre\u00f3 sus dos fundaciones hace menos de tres a\u00f1os, es un tremendo \u00e9xito. El proyecto candidato benefici\u00f3 a 21.129 personas en las comunas m\u00e1s pobres de Medell\u00edn. S\u00f3lo en 2006, m\u00e1s de 40.000 ni\u00f1os y ni\u00f1as de la ciudad se beneficiaron de libros o talleres realizados por el equipo que cooperantes que integran el Taller de Letras. En 2007 fueron 3090 actividades con 108.860 j\u00f3venes beneficiados.<\/p>\n<p><\/span><\/span><\/p>\n<div>LA FUNDACION TALLER DE LETRAS JORDI SIERRA I FABRA DE COLOMBIA, PUENTE CULTURAL CON ESPA\u00d1A<\/div>\n<p><span style=\"font-size: medium;\"><span style=\"font-size: medium;\"><br \/>\nLa Fundaci\u00f3n Taller de Letras Jordi Sierra i Fabra de Medell\u00edn, Colombia, organiza en este a\u00f1o 2007 el Juego Literario de Medell\u00edn. Con este Juego lleg\u00f3 Jordi precisamente a Medell\u00edn hace ya siete a\u00f1os, y desde entonces es hijo adoptivo de la ciudad en la que tiene la sede de una de sus dos fundaciones. Para conmemorar el a\u00f1o de la capitalidad cultural de Bogot\u00e1, el Congreso de la Lengua, y la inauguraci\u00f3n de las 5 macrobibliotecas de Medell\u00edn, Jordi consigui\u00f3 una provechosa alianza entre el Ministerio de Cutura de Espa\u00f1a, la Alcald\u00eda de Medell\u00edn y la propia Fundaci\u00f3n, con objeto de que diversos autores espa\u00f1oles viajen a lo largo de 2007 a Medell\u00edn para darse a conocer y ofrecer sus obras a los j\u00f3venes de la ciudad. El primero en ir ha sido el poeta Antonio Garc\u00eda Teijeiro en julio, y seguir\u00e1n Andreu Mart\u00edn, Gonzalo Moure, Ricardo G\u00f3mez, Alfredo G\u00f3mez Cerd\u00e1, Carlo Frabetti y Care Santos. Amigos de Jordi, claro, pero tambi\u00e9n algunos de los mejores autores de la LIJ espa\u00f1ola actual. Jordi visit\u00f3 como es habitual Medell\u00edn en marzo, coincidiendo con el Congreso de la Lengua, y volver\u00e1 en septiembre, para la feria del Libro, en donde presentar\u00e1 su primer libro de poemas colombiano (Palabras de cristal) y su primera novela escrita en el lenguaje habitual de los medelillenses, con sus usos y giros (Cartas a Diana). Esta \u00faltima tambi\u00e9n se edita en Espa\u00f1a a cargo de la editorial El Tercer Nombre, sin cambios con respecto a la edici\u00f3n colombiana.<\/p>\n<p><\/span><\/span><\/p>\n<div>&#8220;LA PIEL DE LA MEMORIA&#8221; PREMIADA EN IR\u00c1N<\/div>\n<p><span style=\"font-size: medium;\"><span style=\"font-size: medium;\"><br \/>\nUna maestra iran\u00ed, Shala Shamsaifar, tradujo recientemente al farsi la novela &#8220;La piel de la memoria&#8221;, uno de los \u00e9xitos de Jordi en Espa\u00f1a, atraida por la historia que relataba y por el simple placer de hacerlo y divulgar la novela en Ir\u00e1n. Ahora la Embajada espa\u00f1ola en aquel pa\u00eds la ha premiado con el premio Ibn El Arabi, que comporta una edici\u00f3n no venal de 1.000 ejemplares y un premio en met\u00e1lico para la intr\u00e9pida maestra. Desde el inicio de su trabajo, y tras ponerse en contacto con \u00e9l, Jordi ha colaborado intensamente con esta nueva amiga del otro lado del mundo. La presentaci\u00f3n de la versi\u00f3n farsi tendr\u00e1 lugar en oto\u00f1o en Teher\u00e1n.<\/p>\n<p><\/span><\/span><\/p>\n<div>JORDI EN BUENOS AIRES, LEON, CARTAGENA DE INDIAS Y LA FERIA DE MADRID, CON &#8220;LA P\u00c1GINA ESCRITA&#8221; COMO LIBRO ESTELAR<\/div>\n<p><span style=\"font-size: medium;\"><span style=\"font-size: medium;\"><br \/>\nLa Feria del Libro de Buenos Aires acogi\u00f3 a Jordi Sierra i Fabra como invitado especial por parte espa\u00f1ola, junto a Eduardo Mendoza y Manuel Rivas. Adem\u00e1s de actos protocolarios como una comida con el embajador de Espa\u00f1a en Argentina, Jordi firm\u00f3 libros en el stand de SM, dio diversas conferencias en escuelas bonaerenses y concedi\u00f3 diversas entrevistas a medios de la capital.<br \/>\nEl mes de mayo Jordi celebr\u00f3 una mesa redonda en la Feria de Le\u00f3n (d\u00eda 12), pas\u00f3 diez d\u00edas (del 13 al 25) en Cartagena de Indias (Colombia) dando los \u00faltimos toques a las novelas que escribir\u00e1 este\u00a0 verano, y firm\u00f3 libros en la Feria de Madrid, como es su costumbre, el primer fin de semana de la feria. Para cerrar el curso escolar, di\u00f3 diversas charlas en Fuenlabrada los d\u00edas 28 y 29 de mayo. Para alegr\u00eda personal, el libro que m\u00e1s firm\u00f3 en la Feria fue &#8220;La p\u00e1gina escrita&#8221;, su innovador m\u00e9todo para j\u00f3venes escritores, lo cual demuestra el acierto de haberlo escrito.<\/p>\n<p><\/span><\/span><\/p>\n<div>&#8220;LLAMANDO A LAS PUERTAS DEL CIELO&#8221; PREMIADO EN ALEMANIA<\/div>\n<p><span style=\"font-size: medium;\"><span style=\"font-size: medium;\"><br \/>\nLa Internationale Jugendbibliothek de Munich ha seleccionado la novela &#8220;Llamando a las puertas del cielo&#8221;, Premio Edeb\u00e9 Juvenil 2006, entre los mejores libros del a\u00f1o. La lista ha sido facilitada en la Feria de Bolonia, m\u00e1ximo acontecimiento de la literatura infantil y juvenil anual. Es un reconocimiento internacional de mucha envergadura ya que los White Ravens (Mirlos Blancos, as\u00ed es como se llaman los libros que cada a\u00f1o integran esa lista) est\u00e1n consideradas las novelas m\u00e1s destacadas y su repercusi\u00f3n es mundial. Jordi ya ha tenido otros White Ravens a lo largo de su carrera, por &#8220;El joven Lennon&#8221; y &#8220;Un hombre con un tenedor en una tierra de sopas&#8221;.<\/p>\n<p><\/span><\/span><\/p>\n<div>JORDI EN MEDELLIN 2007<\/div>\n<p><span style=\"font-size: medium;\"><span style=\"font-size: medium;\"><br \/>\n<\/span><\/span><\/p>\n<div><img loading=\"lazy\" decoding=\"async\" src=\"http:\/\/www.sierraifabra.com\/ant\/fotos\/Image\/Medellin\/Bello.jpg\" alt=\"\" width=\"150\" height=\"113\" \/><\/div>\n<p><span style=\"font-size: medium;\"><span style=\"font-size: medium;\"><br \/>\nJordi Sierra i Fabra ha tomado parte activa en los actos del Congreso de la Lengua celebrado en Medell\u00edn, Colombia, en Marzo de este a\u00f1o. El escritor fue invitado a la gala de apertura, a la presentaci\u00f3n del diccionario de la lengua espa\u00f1ola y a la gala de clausura, con intervenci\u00f3n del presidente de Colombia y los Reyes de Espa\u00f1a, as\u00ed como a la comida oficial con los mismos magnatarios. Al margen de estos fastos, Jordi dio dos seminarios de &#8220;La p\u00e1gina escrita&#8221;, inaugurando con ellos dos de las cinco nuevas macrobibliotecas de la ciudad, la de La Ladera y la de San Javier, intervino en el Programa Buen Comienzo (con ni\u00f1os de 4 a\u00f1os), dio dos conferencias sobre rock (Del Rock a la Literatura en la Universidad de Medell\u00edn y La Era Rock en la Casa de la Cultura del Barrio Trinidad), tom\u00f3 parte en el Congresito de los Ni\u00f1os y present\u00f3 su obra teatral infantil &#8220;El camino de las Siete Lunas&#8221;, editada por Alfaguara Colombia. Tambi\u00e9n intervino como invitado estelar en diversos espacios de radio y TV, con entrevistas de media hora y una hora en la mayor\u00eda de casos en la pequella pantalla. Cabe destacar como hito que en la selecci\u00f3n de libros especiales de las bibliotecas de Medell\u00edn Jordi tiene 3 obras, por detr\u00e1s de J.K.Rowling y de Borges con 5 y por delante de Cortazar, King y otros con 2. En la foto le vemos en un acto multitudinario celebrado en Bello, en un local con capacidad para 150 personas en el que se agolparon m\u00e1s de 300, como prueba de la repercusi\u00f3n que el autor tiene en Colombia. La gira de Jordi en este mes de marzo ha sido auspiciada por el Ministerio de Cultura de Espa\u00f1a y la Alcald\u00eda de Medell\u00edn.<\/p>\n<p><\/span><\/span><\/p>\n<div>SE ENTREGA EL PREMIO JORDI SIERRA I FABRA PARA JOVENES<\/p>\n<p><img loading=\"lazy\" decoding=\"async\" src=\"http:\/\/www.sierraifabra.com\/ant\/fotos\/Image\/Privado\/Jara%20y%20yo%201.JPG\" alt=\"\" width=\"151\" height=\"200\" \/><\/div>\n<p><span style=\"font-size: medium;\"><span style=\"font-size: medium;\"><br \/>\nEl 6 de marzo y durante la cena de gala que Ediciones SM celebra cada a\u00f1o con motivo de la entrega de los premios Barco de Vapor, Gran Angular e Internacional de Ilustraci\u00f3n, Jara Santamar\u00eda recibi\u00f3 tambi\u00e9n el II Premio Literario Jordi Sierra i Fabra para J\u00f3venes. Emocionada y feliz, Jara agradeci\u00f3 a la Fundaci\u00f3 Jordi Sierra i Fabra su iniciativa y especialmente al propio Jordi: &#8220;por estar cerca de nosotros los j\u00f3venes&#8221;.<\/p>\n<p><\/span><\/span><\/p>\n<div>SE FALLA EN BARCELONA EL SEGUNDO PREMIO LITERARIO JORDI SIERRA I FABRA PARA J\u00d3VENES<\/div>\n<div>\u00a0\u00a0\u00a0 Jara Santamar\u00eda Cebollero, de Pamplona, con su novela &#8220;Te comer\u00e1s el mundo&#8221;, ha sido la vencedora del Segundo Premio Literario Jordi Sierra i Fabra para J\u00f3venes 2007. El jurado, reunido el 14 de febrero en la sede de la Fundaci\u00f3 Jordi Sierra i Fabra de Barcelona, vot\u00f3 de forma un\u00e1nime por la novela vencedora entre las 6 finalistas previamente seleccionadas. De nuevo, el nivel y la calidad han sido tan altos, que se ha incluido una Lista de Honor para destacar otros trabajos meritorios a tener en cuenta. La mayor\u00eda de estos chicos y chicas probablemente ser\u00e1n los escritores del futuro.<\/div>\n<p>Al premio Jordi Sierra i Fabra se han presentado 56 novelas o conjuntos de relatos o cuentos procedenes de toda Espa\u00f1a, as\u00ed como de Colombia, Argentina y M\u00e9xico. Un \u00e9xito absoluto trat\u00e1ndose de la segunda convocatoria, pero a\u00fan m\u00e1s por la maestr\u00eda narrativa o el ingenio de muchas de las obras. Por sexos se presentaron 41 chicas y 15 chicos.<br \/>\nLa novela vencedora, adem\u00e1s de los 3.000 euros aportados por la Fundaci\u00f3 Jordi Sierra i Fabra, ser\u00e1 publicada por Ediciones SM en primavera de este a\u00f1o, y posteriormente por C\u00edrculo de Lectores.<br \/>\nM\u00e1s informaci\u00f3n, finalistas y Lista de Honor, en la p\u00e1gina de la Fundaci\u00f3 Jordi Sierra i Fabra (Premio Literario Jordi Sierra i Fabra 2007) en esta misma web.<br \/>\nEn la fotograf\u00eda, el jurado en el momento de las deliberaciones. De izquierda a derecha: Elena O\u00b4Callaghan, Elsa Aguiar, Pep Dur\u00e1n, Victoria Fern\u00e1ndez y Antonia Cortijos.<\/p>\n<div>\n<p><img loading=\"lazy\" decoding=\"async\" src=\"http:\/\/www.sierraifabra.com\/ant\/fotos\/Image\/Privado\/Jurado%202007.JPG\" alt=\"\" width=\"200\" height=\"150\" \/><\/p>\n<p>PRESENTACION DE &#8220;LA PAGINA ESCRITA&#8221; EN ANDALUCIA<\/p><\/div>\n<p><span style=\"font-size: medium;\"><br \/>\nA su regreso de Yucat\u00e1n, M\u00e9xico, donde pas\u00f3 parte de enero preparando el argumento de una de sus obras, Jordi Sierra i Fabra ha colaborado con la Obra Social de La Caixa con dos jornadas en Lleida y Tarragona y dando una conferencia en la Biblioteca Valenciana de Valencia. Pero sin duda el hito del momento ha sido su semana de seminarios en Andalucia (Almer\u00eda, Granada y M\u00e1laga) presentando &#8220;La p\u00e1gina escrita&#8221;. Durante cinco d\u00edas, en un tour de force espectacular, y amen de reunirse con maestros por las tardes, Jordi dio cinco seminarios de 5 horas cada uno ante 200 alumnos por seminario. La demanda y expectaci\u00f3n por su presencia, con casi 1000 peticiones por seminario, hizo que la editorial SM, organizadora de los eventos, tuviera que limitar a 10 alumnos por centro la asistencia a los mismos. Quien dice que no hay vocaciones de escritor se equivoca. Jordi contagi\u00f3 a los asistentes su pasi\u00f3n por la palabra escrita y dej\u00f3 una huella en esa nueva generaci\u00f3n de autores. La prensa andaluza tambi\u00e9n se hizo eco de los seminarios, llamando a Jordi &#8220;El rey de la literatura juvenil&#8221; entre otras cosas.<\/span><\/div>\n","protected":false},"excerpt":{"rendered":"<p>JORDI EN LA FERIA DEL LIBRO DE GUADALAJARA (MEXICO) Del 24 de noviembre al 2 de diciembre, Jordi asisti\u00f3 a la Feria Internacional del Libro de Guadalajara (M\u00e9xico), la m\u00e1s importante del mundo de habla hispana. Entre otras actividades realiz\u00f3 su ya famoso seminario basado&hellip; <a class=\"read-more\" href=\"https:\/\/sierraifabra.com\/?page_id=251&#038;lang=es\">Read more<\/a><\/p>\n","protected":false},"author":101012,"featured_media":0,"parent":311,"menu_order":0,"comment_status":"closed","ping_status":"closed","template":"","meta":{"footnotes":""},"class_list":["post-251","page","type-page","status-publish","hentry"],"aioseo_notices":[],"_links":{"self":[{"href":"https:\/\/sierraifabra.com\/index.php?rest_route=\/wp\/v2\/pages\/251","targetHints":{"allow":["GET"]}}],"collection":[{"href":"https:\/\/sierraifabra.com\/index.php?rest_route=\/wp\/v2\/pages"}],"about":[{"href":"https:\/\/sierraifabra.com\/index.php?rest_route=\/wp\/v2\/types\/page"}],"author":[{"embeddable":true,"href":"https:\/\/sierraifabra.com\/index.php?rest_route=\/wp\/v2\/users\/101012"}],"replies":[{"embeddable":true,"href":"https:\/\/sierraifabra.com\/index.php?rest_route=%2Fwp%2Fv2%2Fcomments&post=251"}],"version-history":[{"count":0,"href":"https:\/\/sierraifabra.com\/index.php?rest_route=\/wp\/v2\/pages\/251\/revisions"}],"up":[{"embeddable":true,"href":"https:\/\/sierraifabra.com\/index.php?rest_route=\/wp\/v2\/pages\/311"}],"wp:attachment":[{"href":"https:\/\/sierraifabra.com\/index.php?rest_route=%2Fwp%2Fv2%2Fmedia&parent=251"}],"curies":[{"name":"wp","href":"https:\/\/api.w.org\/{rel}","templated":true}]}}