{"id":2533,"date":"2017-01-18T20:35:46","date_gmt":"2017-01-18T19:35:46","guid":{"rendered":"http:\/\/sierraifabra.com\/?page_id=2533"},"modified":"2018-01-15T16:35:01","modified_gmt":"2018-01-15T15:35:01","slug":"noticias-2015-2","status":"publish","type":"page","link":"https:\/\/sierraifabra.com\/?page_id=2533&lang=es","title":{"rendered":"Noticias 2015"},"content":{"rendered":"<p style=\"text-align: center;\"><strong>CELEBRACI\u00d3N DE LOS 10 A\u00d1OS DE PREMIO JORDI SIERRA I FABRA<br \/>\nDE NOVELA PARA J\u00d3VENES<\/strong><br \/>\n<a href=\"http:\/\/sierraifabra.com\/wp-content\/uploads\/2015\/07\/10-a\u00f1os-de-premio.jpg\"><img loading=\"lazy\" decoding=\"async\" class=\"alignnone wp-image-1815 size-medium\" src=\"http:\/\/sierraifabra.com\/wp-content\/uploads\/2015\/07\/10-a\u00f1os-de-premio-300x168.jpg\" alt=\"10 a\u00f1os de premio\" width=\"300\" height=\"168\" srcset=\"https:\/\/sierraifabra.com\/wp-content\/uploads\/2015\/07\/10-a\u00f1os-de-premio-300x168.jpg 300w, https:\/\/sierraifabra.com\/wp-content\/uploads\/2015\/07\/10-a\u00f1os-de-premio-1024x573.jpg 1024w, https:\/\/sierraifabra.com\/wp-content\/uploads\/2015\/07\/10-a\u00f1os-de-premio-1070x600.jpg 1070w\" sizes=\"auto, (max-width: 300px) 100vw, 300px\" \/><\/a><\/p>\n<p style=\"text-align: left;\">\u00a0 \u00a0 \u00a0 \u00a0\u00a0En el marco del Sal\u00f3n del Libro Infantil y Juvenil de Madrid, tuvo lugar el d\u00eda 21 de diciembre una fiesta homenaje para celebrar los 10 a\u00f1os del Premio Jordi Sierra i Fabra de Narrativa para J\u00f3venes. Presentado por Sara Moreno Valcarcel, que cada a\u00f1o hace la preselecci\u00f3n de los libros candidatos, se reunieron ocho de los diez galardonados, que disfrutaron contando sus experiencias desde el momento de haber recibido el premio que les cambi\u00f3 la vida.<\/p>\n<p style=\"text-align: center;\"><strong>LA FUNDACI\u00d3 JORDI SIERRA I FABRA RECIBE<br \/>\nLA MEDALLA DE HONOR DE BARCELONA<br \/>\n<a href=\"http:\/\/sierraifabra.com\/wp-content\/uploads\/2015\/07\/Jordimedallahonor.jpg\"><img loading=\"lazy\" decoding=\"async\" class=\"alignnone wp-image-1788\" src=\"http:\/\/sierraifabra.com\/wp-content\/uploads\/2015\/07\/Jordimedallahonor-225x300.jpg\" alt=\"Jordimedallahonor\" width=\"108\" height=\"144\" srcset=\"https:\/\/sierraifabra.com\/wp-content\/uploads\/2015\/07\/Jordimedallahonor-225x300.jpg 225w, https:\/\/sierraifabra.com\/wp-content\/uploads\/2015\/07\/Jordimedallahonor-360x480.jpg 360w, https:\/\/sierraifabra.com\/wp-content\/uploads\/2015\/07\/Jordimedallahonor.jpg 540w\" sizes=\"auto, (max-width: 108px) 100vw, 108px\" \/><\/a>\u00a0 \u00a0<a href=\"http:\/\/sierraifabra.com\/wp-content\/uploads\/2015\/07\/Firma-libro-de-honor.jpeg\"><img loading=\"lazy\" decoding=\"async\" class=\"alignnone wp-image-1792\" src=\"http:\/\/sierraifabra.com\/wp-content\/uploads\/2015\/07\/Firma-libro-de-honor-300x200.jpeg\" alt=\"Firma libro de honor\" width=\"215\" height=\"143\" srcset=\"https:\/\/sierraifabra.com\/wp-content\/uploads\/2015\/07\/Firma-libro-de-honor-300x200.jpeg 300w, https:\/\/sierraifabra.com\/wp-content\/uploads\/2015\/07\/Firma-libro-de-honor.jpeg 640w\" sizes=\"auto, (max-width: 215px) 100vw, 215px\" \/><\/a>\u00a0\u00a0<a href=\"http:\/\/sierraifabra.com\/wp-content\/uploads\/2015\/07\/Entrega-Medalla-de-honor.jpeg\"><img loading=\"lazy\" decoding=\"async\" class=\"alignnone wp-image-1793\" src=\"http:\/\/sierraifabra.com\/wp-content\/uploads\/2015\/07\/Entrega-Medalla-de-honor-300x275.jpeg\" alt=\"Entrega Medalla de honor\" width=\"156\" height=\"143\" srcset=\"https:\/\/sierraifabra.com\/wp-content\/uploads\/2015\/07\/Entrega-Medalla-de-honor-300x275.jpeg 300w, https:\/\/sierraifabra.com\/wp-content\/uploads\/2015\/07\/Entrega-Medalla-de-honor.jpeg 459w\" sizes=\"auto, (max-width: 156px) 100vw, 156px\" \/><\/a><\/strong><\/p>\n<p style=\"text-align: left;\"><strong>\u00a0 \u00a0 \u00a0 \u00a0 <\/strong>En una ceremonia presidida por la alcaldesa de Barcelona, Ada Colau, y celebrada en el Sal\u00f3 de Cent del Ayuntamiento de la ciudad, Jordi Sierra i Fabra recibi\u00f3 en nombre de su fundaci\u00f3n la Medalla de Honor que le fue concedida el 5 de mayo de este a\u00f1o. Todo el personal de la Fundaci\u00f3, desde la directora hasta los voluntarios, celebraron en grande este reconocimiento que se une al Premio Ibby-Ashi otorgado a nivel internacional en 2010. En las fotos vemos a Jordi firmando en el Libro de Honor de la Alcald\u00eda, recibiendo el premio y posando con \u00e9l.<\/p>\n<p style=\"text-align: center;\"><strong>JORDI EN EL FESTIVAL LIJ DE SANTILLANA<br \/>\n<a href=\"http:\/\/sierraifabra.com\/wp-content\/uploads\/2015\/07\/Festival-Santillana-1.png\"><img loading=\"lazy\" decoding=\"async\" class=\"alignnone wp-image-1796\" src=\"http:\/\/sierraifabra.com\/wp-content\/uploads\/2015\/07\/Festival-Santillana-1-270x300.png\" alt=\"Festival Santillana 1\" width=\"165\" height=\"183\" srcset=\"https:\/\/sierraifabra.com\/wp-content\/uploads\/2015\/07\/Festival-Santillana-1-270x300.png 270w, https:\/\/sierraifabra.com\/wp-content\/uploads\/2015\/07\/Festival-Santillana-1.png 597w\" sizes=\"auto, (max-width: 165px) 100vw, 165px\" \/><\/a>\u00a0\u00a0<a href=\"http:\/\/sierraifabra.com\/wp-content\/uploads\/2015\/07\/Festival-Santillana-2.png\"><img loading=\"lazy\" decoding=\"async\" class=\"alignnone wp-image-1797\" src=\"http:\/\/sierraifabra.com\/wp-content\/uploads\/2015\/07\/Festival-Santillana-2-300x294.png\" alt=\"Festival Santillana 2\" width=\"187\" height=\"183\" srcset=\"https:\/\/sierraifabra.com\/wp-content\/uploads\/2015\/07\/Festival-Santillana-2-300x294.png 300w, https:\/\/sierraifabra.com\/wp-content\/uploads\/2015\/07\/Festival-Santillana-2.png 649w\" sizes=\"auto, (max-width: 187px) 100vw, 187px\" \/><\/a>\u00a0\u00a0<a href=\"http:\/\/sierraifabra.com\/wp-content\/uploads\/2015\/07\/Festival-Santillana-3.png\"><img loading=\"lazy\" decoding=\"async\" class=\"alignnone wp-image-1798\" src=\"http:\/\/sierraifabra.com\/wp-content\/uploads\/2015\/07\/Festival-Santillana-3-185x300.png\" alt=\"Festival Santillana 3\" width=\"113\" height=\"183\" srcset=\"https:\/\/sierraifabra.com\/wp-content\/uploads\/2015\/07\/Festival-Santillana-3-185x300.png 185w, https:\/\/sierraifabra.com\/wp-content\/uploads\/2015\/07\/Festival-Santillana-3.png 381w\" sizes=\"auto, (max-width: 113px) 100vw, 113px\" \/><\/a><\/strong><\/p>\n<p style=\"text-align: left;\">\u00a0 \u00a0 \u00a0 \u00a0\u00a0Los d\u00edas 25 y 26 de noviembre se celebr\u00f3 en Madrid el Festival de Literatura Infantil y Juvenil organizado por la Fundaci\u00f3n Santillana, la Fundaci\u00f3n Cervantes y la C\u00e1tedra Vargas Llosa. Jordi Sierra i Fabra fue el encargado de cerrar el festival con una explosiva charla que puso en pie a los 500 alumnos de secundaria asistentes al acto.<\/p>\n<p style=\"text-align: center;\"><strong>JORDI SIERRA I FABRA I XAVIER BARTUMEUS<br \/>\n<\/strong><strong>GANAN EL PREMIO APEL.LES MESTRES<\/strong><\/p>\n<p style=\"text-align: left;\">\u00a0 \u00a0 \u00a0 \u00a0\u00a0Con el cuento\u00a0infantil &#8220;El orinal de Fay\u00e1n&#8221;, Jordi Sierra i Fabra y el dibujante\u00a0Xavier Bartumeus han ganado el Premio Apel.les Mestres, uno de los m\u00e1s prestigiosos del mundo en materia de \u00e1lbum ilustrado. El libro se editar\u00e1 en enero de 2016. El relato se inicia en el Egipto milenario de los faraones y concluye en el presente, con unas enormes gotas de humor y s\u00e1tira que entusiastar\u00e1 a los m\u00e1s peque\u00f1os.<\/p>\n<p style=\"text-align: center;\"><strong>JORDI EDITA UN ENSAYO SOBRE LA FELICIDAD<\/strong><br \/>\n<a href=\"http:\/\/sierraifabra.com\/wp-content\/uploads\/2015\/07\/Utopia.jpg\"><img loading=\"lazy\" decoding=\"async\" class=\"size-medium wp-image-1636 aligncenter\" src=\"http:\/\/sierraifabra.com\/wp-content\/uploads\/2015\/07\/Utopia-200x300.jpg\" alt=\"Utopia\" width=\"200\" height=\"300\" srcset=\"https:\/\/sierraifabra.com\/wp-content\/uploads\/2015\/07\/Utopia-200x300.jpg 200w, https:\/\/sierraifabra.com\/wp-content\/uploads\/2015\/07\/Utopia.jpg 465w\" sizes=\"auto, (max-width: 200px) 100vw, 200px\" \/><\/a><\/p>\n<p>\u00a0 \u00a0 \u00a0 \u00a0\u00a0Jordi Sierra i Fabra es conocido por su buen humor, cosa que se transmite fehacientemente en sus charlas. De ellas y de autoconsiderarse un Ut\u00f3picoposibilista, ha nacido este libro, en el cual nos habla de la vidad, de la felicidad, de los sue\u00f1os y las utop\u00edas posibles. Toda una inyecci\u00f3n de vitalidad, desenfado y buen rollo para todos los que entienden la vida como un misterio por descifrar, no como un problema que resolver.<\/p>\n<p style=\"text-align: center;\"><strong>ENTREGA DEL X PREMIO DE NOVELA PARA J\u00d3VENES<\/strong><br \/>\n<a href=\"http:\/\/sierraifabra.com\/wp-content\/uploads\/2015\/07\/11059404_991360087541836_4516535871936193798_n.jpg\"><img loading=\"lazy\" decoding=\"async\" class=\"size-medium wp-image-211 aligncenter\" src=\"http:\/\/sierraifabra.com\/wp-content\/uploads\/2015\/07\/11059404_991360087541836_4516535871936193798_n-300x225.jpg\" alt=\"11059404_991360087541836_4516535871936193798_n\" width=\"300\" height=\"225\" srcset=\"https:\/\/sierraifabra.com\/wp-content\/uploads\/2015\/07\/11059404_991360087541836_4516535871936193798_n-300x225.jpg 300w, https:\/\/sierraifabra.com\/wp-content\/uploads\/2015\/07\/11059404_991360087541836_4516535871936193798_n.jpg 600w\" sizes=\"auto, (max-width: 300px) 100vw, 300px\" \/><\/a><\/p>\n<p>\u00a0 \u00a0 \u00a0 \u00a0El domingo 31 de Mayo Mar\u00eda Romero P\u00e9rez recibi\u00f3 en la Feria del Libro de Madrid el X Premio Jordi Sierra i Fabra de novela para J\u00f3venes. La alicantina, emocionada, vivi\u00f3 una jornada maravillosa. Al ser por primera vez un acto abierto al p\u00fablico, m\u00e1s de cien personas se congregaron en la fiesta, organizada por SM, entre ellas cuatro de las anteriores ganadoras del premio. Mar\u00eda firm\u00f3 ya los primeros ejemplares de su novela, reci\u00e9n editada.<\/p>\n<p style=\"text-align: center;\"><strong>&#8220;TODAS LAS CHICAS SE LLAMAN CLARA&#8221;,<br \/>\nJORDI EN ESTADO PURO (DE HUMOR)<\/strong><br \/>\n<a href=\"http:\/\/sierraifabra.com\/wp-content\/uploads\/2015\/07\/poltada-i6n11391677.jpg\"><img loading=\"lazy\" decoding=\"async\" class=\"alignnone size-medium wp-image-233 aligncenter\" src=\"http:\/\/sierraifabra.com\/wp-content\/uploads\/2015\/07\/poltada-i6n11391677-196x300.jpg\" alt=\"poltada-i6n11391677\" width=\"196\" height=\"300\" srcset=\"https:\/\/sierraifabra.com\/wp-content\/uploads\/2015\/07\/poltada-i6n11391677-196x300.jpg 196w, https:\/\/sierraifabra.com\/wp-content\/uploads\/2015\/07\/poltada-i6n11391677.jpg 400w\" sizes=\"auto, (max-width: 196px) 100vw, 196px\" \/><\/a><\/p>\n<p>\u00a0 \u00a0 \u00a0 \u00a0 La editorial Destino edita una de las m\u00e1s divertidas novelas de humor (y romanticismo) de Jordi: <b>&#8220;Todas las chicas se llaman Clara&#8221;<\/b>, libro que arranca con un desternillante di\u00e1logo, sin narraci\u00f3n, en la que una chica llamada Clara planta a su novio. Desde este momento, el mundo se vuelve contra \u00e9l, amigos pasotas, familia que no apoya, y un sinf\u00edn de sucesos encadenados en los que el protagonista no hace m\u00e1s que tropezarse con chicas que se llaman Clara y le vuelven loco. \u00bfC\u00f3mo puede acabar una historia as\u00ed?<\/p>\n<p style=\"text-align: center;\"><strong>BARCELONA PREMIA A LA FUNDACI\u00d3 JORDI SIERRA I FABRA<\/strong><br \/>\n<a href=\"http:\/\/sierraifabra.com\/wp-content\/uploads\/2015\/07\/fundacio_JSiF.jpg\"><img loading=\"lazy\" decoding=\"async\" class=\"alignnone size-full wp-image-145 aligncenter\" src=\"http:\/\/sierraifabra.com\/wp-content\/uploads\/2015\/07\/fundacio_JSiF.jpg\" alt=\"fundacio_JSiF\" width=\"224\" height=\"148\" \/><\/a><\/p>\n<p>\u00a0 \u00a0 \u00a0 \u00a0La Fundaci\u00f3 Jordi Sierra i Fabra ha sido premiada hoy, 5 de mayo de 2015, con la Medalla de Honor de Barcelona, el m\u00e1ximo galard\u00f3n que concede la ciudad a personas o entidades que hayan contribuido al desarrollo de la conciencia ciudadana y los valores c\u00edvicos, reconociendo as\u00ed su labor profesional y social. La Fundaci\u00f3, implantada desde 2004 en Barcelona y Medell\u00edn (Colombia), ya fue premiada en 2010 con el m\u00e1ximo galard\u00f3n internacional en el \u00e1mbito de la promoci\u00f3n de la lectura: el Premio Ibby-Asahi.<\/p>\n<p style=\"text-align: center;\"><b>JORDI EXPONE SU VIDA LITERARIA EN VALLIRANA<\/b><\/p>\n<p style=\"text-align: left;\"><b><a href=\"http:\/\/sierraifabra.com\/wp-content\/uploads\/2015\/07\/Vallirana.jpg\"><img loading=\"lazy\" decoding=\"async\" class=\"size-medium wp-image-1641 aligncenter\" src=\"http:\/\/sierraifabra.com\/wp-content\/uploads\/2015\/07\/Vallirana-300x172.jpg\" alt=\"Vallirana\" width=\"300\" height=\"172\" srcset=\"https:\/\/sierraifabra.com\/wp-content\/uploads\/2015\/07\/Vallirana-300x172.jpg 300w, https:\/\/sierraifabra.com\/wp-content\/uploads\/2015\/07\/Vallirana-1024x586.jpg 1024w\" sizes=\"auto, (max-width: 300px) 100vw, 300px\" \/><\/a><\/b>\u00a0 \u00a0 \u00a0 \u00a0<strong>Jordi Sierra i Fabra alimentaba un sue\u00f1o de joven: tener una casa en medio de un bosque donde encerrarse a escribir y alimentar su creatividad. En 1974 compr\u00f3 una peque\u00f1a porci\u00f3n de tierra en Vallirana, cerca de Barcelona. En 1977 consigui\u00f3 levantar su casa y desde 1980 pasa al menos en ella 4 meses al a\u00f1o escribiendo. El 24 de abril Vallirana le rindi\u00f3 homenaje exhibiendo las m\u00e1s de 220 obras que el autor ha hecho all\u00ed, casi la mitad de su extensa producci\u00f3n.<\/strong><\/p>\n<p style=\"text-align: center;\"><strong>&#8220;KAFKA Y LA MU\u00d1ECA VIAJERA&#8221; SE DESPIDE DE LOS TEATROS<\/strong><\/p>\n<p style=\"text-align: left;\">\u00a0 \u00a0 \u00a0 \u00a0\u00a0La versi\u00f3n teatral de &#8220;Kafka y la mu\u00f1eca viajera&#8221; (Premio Nacional de Literatura Infantil y Juvenil 2007) se despide de los escenarios espa\u00f1oles despu\u00e9s de cuatro a\u00f1os de \u00e9xito ininterrumpido en las cuatro lenguas del Estado. El cierre del tel\u00f3n tendr\u00e1 lugar del 6 al 10 de mayo en el Teatro Micalet de Valencia. La obra ha tenido distintas versiones en otras tantas compa\u00f1\u00edas de Per\u00fa, M\u00e9xico y Francia (en este \u00faltimo pa\u00eds se represent\u00f3 en forma de ballet cl\u00e1sico).<\/p>\n<p style=\"text-align: center;\"><b>JORDI EN EL FESTIVAL DE LIJ DE PALMA<\/b><\/p>\n<p style=\"text-align: left;\"><a href=\"http:\/\/sierraifabra.com\/wp-content\/uploads\/2015\/07\/Palma14.jpg\"><img loading=\"lazy\" decoding=\"async\" class=\"size-medium wp-image-276 aligncenter\" src=\"http:\/\/sierraifabra.com\/wp-content\/uploads\/2015\/07\/Palma14-300x143.jpg\" alt=\"Palma14\" width=\"300\" height=\"143\" srcset=\"https:\/\/sierraifabra.com\/wp-content\/uploads\/2015\/07\/Palma14-300x143.jpg 300w, https:\/\/sierraifabra.com\/wp-content\/uploads\/2015\/07\/Palma14.jpg 990w\" sizes=\"auto, (max-width: 300px) 100vw, 300px\" \/><\/a>\u00a0 \u00a0 \u00a0 \u00a0Jordi Sierra i Fabra fue una de las estrellas del Primer Festival de Literatura Infantil y Juvenil celebrado en Palma de Mallorca los d\u00edas 23, 24 y 25 de marzo. En un formato peculiar, ya que cada autor ten\u00eda \u00fanicamente 15 minutos para contar lo que quisiera, Jordi fue la estrella que cerr\u00f3 el Festival, poni\u00e9ndose al p\u00fablico en el bolsillo desde el primer momento. Los 1200 alumnos que asistieron al acto le ovacionaron ya de entrada cuando, como se ve en la foto, hizo el s\u00edmbolo vulcano de Star Trek (siempre presente en sus charlas desde hace m\u00e1s de 30 a\u00f1os). Gran comunicador, las ovaciones se sucedieron despu\u00e9s varias veces gracias a la pasi\u00f3n y el empuje oratorio del autor, capaz de galvanizar a las masas con su cercan\u00eda y vitalidad.<\/p>\n<p style=\"text-align: center;\"><b>&#8220;NUEVE D\u00cdAS DE ABRIL&#8221;, LA SEXTA DE MIQUEL MASCARELL<\/b><\/p>\n<p style=\"text-align: left;\"><a href=\"http:\/\/sierraifabra.com\/wp-content\/uploads\/2015\/07\/9dias.jpg\"><img loading=\"lazy\" decoding=\"async\" class=\"aligncenter wp-image-101 size-full\" src=\"http:\/\/sierraifabra.com\/wp-content\/uploads\/2015\/07\/9dias.jpg\" alt=\"9dias\" width=\"150\" height=\"231\" \/><\/a>\u00a0 \u00a0 \u00a0 \u00a0Como cada a\u00f1o al llegar el m\u00e1s de marzo, Jordi lanza su novela policiaca de la serie Miquel Mascarell, la sexta, con un trepidante argumento que encandilar\u00e1 a los fans del personaje y del propio Jordi. Aparece en castellano en Plaza y Jan\u00e9s y en catal\u00e1n en La Rosa dels Vents.<br \/>\nAbril de 1950. La polic\u00eda detiene a Miquel. Su nombre aparece en la agenda del hijo de un periodista amigo suyo fusilado por el R\u00e9gimen. El joven es acusado del asesinato de un diplom\u00e1tico espa\u00f1ol. Miquel no tiene m\u00e1s remedio que investigar lo sucedido, tambi\u00e9n para ayudar al muchacho, que conoci\u00f3 en su anterior novela. El dilom\u00e1tico acababa de ser expulsado de Estados Unidos. \u00bfPor qu\u00e9? En los d\u00edas en que Espa\u00f1a intenta por todos los medios ser reconocida internacionalmente, acerc\u00e1ndose a los Estados Unidos como prioridad, y cuando en el horizonte se vislumbra ya la \u201cventa\u201d de las bases de Mor\u00f3n, Zaragoza, Torrej\u00f3n de Ardoz o Rota, Miquel descubre que la Embajada espa\u00f1ola en Washington es un coladero para la inteligencia americana. Demasiado para que el servicio secreto ruso se mantenga inalterable. Bases americanas en Espa\u00f1a pueden desequilibrar el mapa europeo. La figura de una esp\u00eda acabar\u00e1 complicando una historia con un desenlace tan inesperado como visceral. Por primera vez desde su regreso a Barcelona, Miquel se jugar\u00e1 realmente la vida al l\u00edmite.<br \/>\nCon su habitual rigor documental, mostrando los claroscuros de la Espa\u00f1a de mitad del siglo XX, <strong>&#8220;Nueve d\u00edas de abril&#8221;<\/strong> sigue la estela de sus antecesoras, <strong>&#8220;Cuatro d\u00edas de enero&#8221;, &#8220;Siete d\u00edas de julio&#8221;, &#8220;Cinco d\u00edas de octibre&#8221;, &#8220;Dos d\u00edas de mayo&#8221; y &#8220;Seis d\u00edas de diciembre&#8221;<\/strong>. Y Jordi anuncia ya los t\u00edtulos de las dos pr\u00f3ximas:<strong>&#8220;Tres d\u00edas de agosto&#8221;<\/strong> (Marzo de 2016) y <strong>&#8220;Ocho d\u00edas de marzo&#8221;<\/strong> (Marzo de 2017).<\/p>\n<p style=\"text-align: center;\"><b>SE FALLA EN BARCELONA EL<br \/>\nX PREMIO JORDI SIERRA I FABRA PARA J\u00d3VENES<\/b><\/p>\n<p style=\"text-align: left;\">\u00a0 \u00a0 \u00a0 \u00a0 Mar\u00eda Romero P\u00e9rez, de 16 a\u00f1os y natural de Benidorm, Alicante, ha sido la ganadora del X Premio Internacional Jordi Sierra i Fabra de Narrativa para J\u00f3venes con la obra &#8220;Cenizas de un octubre helado&#8221;. Mar\u00eda, finalista en la edici\u00f3n de 2014, compet\u00eda con otras 97 obras procedentes de Espa\u00f1a y America Latina. En segudo lugar qued\u00f3 una jovenc\u00edsima autora de 14 a\u00f1os, Irene Iniesta Llopis, con la novela &#8220;La luz de la oscuridad&#8221;. La obra vencedora ser\u00e1 publicada por Ediciones SM en mayo, y presentada en la Feria del Libro de Madrid 2015. En la fotograf\u00eda, un momento de las deliberaciones del jurado (de izquierda a derecha, Hortensia Gal\u00ed, directora de la Fundaci\u00f3 Jordi Sierra i Fabra de Barcelona; Elena O&#8217;Callaghan, escritora; Pep Dur\u00e1n, librero; Berta M\u00e1rquez, editora de SM; y Victoria Fern\u00e1ndez, directora de la revista CLIJ).<\/p>\n<p style=\"text-align: center;\"><b>11 MILLONES DE LIBROS<\/b><\/p>\n<p style=\"text-align: left;\">\u00a0 \u00a0 \u00a0 \u00a0\u00a0En alg\u00fan momento de este enero de 2015, Jordi ha superado los <strong>11 millones de libros vendidos<\/strong>. La anterior cifra, 10 millones, la alcanz\u00f3 en 2012, el a\u00f1o de su 40 aniversario como escritor desde la publicaci\u00f3n de su primer libro en 1972.<\/p>\n","protected":false},"excerpt":{"rendered":"<p>CELEBRACI\u00d3N DE LOS 10 A\u00d1OS DE PREMIO JORDI SIERRA I FABRA DE NOVELA PARA J\u00d3VENES \u00a0 \u00a0 \u00a0 \u00a0\u00a0En el marco del Sal\u00f3n del Libro Infantil y Juvenil de Madrid, tuvo lugar el d\u00eda 21 de diciembre una fiesta homenaje para celebrar los 10 a\u00f1os&hellip; <a class=\"read-more\" href=\"https:\/\/sierraifabra.com\/?page_id=2533&#038;lang=es\">Read more<\/a><\/p>\n","protected":false},"author":101012,"featured_media":0,"parent":311,"menu_order":0,"comment_status":"closed","ping_status":"closed","template":"","meta":{"footnotes":""},"class_list":["post-2533","page","type-page","status-publish","hentry"],"aioseo_notices":[],"_links":{"self":[{"href":"https:\/\/sierraifabra.com\/index.php?rest_route=\/wp\/v2\/pages\/2533","targetHints":{"allow":["GET"]}}],"collection":[{"href":"https:\/\/sierraifabra.com\/index.php?rest_route=\/wp\/v2\/pages"}],"about":[{"href":"https:\/\/sierraifabra.com\/index.php?rest_route=\/wp\/v2\/types\/page"}],"author":[{"embeddable":true,"href":"https:\/\/sierraifabra.com\/index.php?rest_route=\/wp\/v2\/users\/101012"}],"replies":[{"embeddable":true,"href":"https:\/\/sierraifabra.com\/index.php?rest_route=%2Fwp%2Fv2%2Fcomments&post=2533"}],"version-history":[{"count":0,"href":"https:\/\/sierraifabra.com\/index.php?rest_route=\/wp\/v2\/pages\/2533\/revisions"}],"up":[{"embeddable":true,"href":"https:\/\/sierraifabra.com\/index.php?rest_route=\/wp\/v2\/pages\/311"}],"wp:attachment":[{"href":"https:\/\/sierraifabra.com\/index.php?rest_route=%2Fwp%2Fv2%2Fmedia&parent=2533"}],"curies":[{"name":"wp","href":"https:\/\/api.w.org\/{rel}","templated":true}]}}