{"id":255,"date":"2015-07-22T08:57:40","date_gmt":"2015-07-22T08:57:40","guid":{"rendered":"http:\/\/thewalrushub.com\/jordi\/?page_id=255"},"modified":"2017-02-02T16:37:28","modified_gmt":"2017-02-02T15:37:28","slug":"noticias-2009","status":"publish","type":"page","link":"https:\/\/sierraifabra.com\/?page_id=255&lang=es","title":{"rendered":"Noticias 2009"},"content":{"rendered":"<p>ESTRENO TEATRAL DE &#8220;EL NI\u00d1O QUE SE CAY\u00d3 EN UN AGUJERO&#8221;<\/p>\n<div>\u00a0\u00a0\u00a0 A su regreso de la feria de Guadalajara (29 de noviembre al 8 de diciembre), donde habl\u00f3 en escuelas, firm\u00f3 libros, llev\u00f3 a cabo su seminario &#8220;La p\u00e1gina escrita&#8221; con estudiantes ganadores de un concurso nacional de cuentos, contact\u00f3 con sus editores latinoamericanos e hizo un marat\u00f3n de entrevistas en TV, prensa y radio, Jordi Sierra i Fabra asisti\u00f3 al estreno de la obra teatral &#8220;El barret foradat&#8221;, basada en su novela &#8220;El ni\u00f1o que se cay\u00f3 en un agujero&#8221;. El estreno corri\u00f3 a cargo de la compa\u00f1\u00eda Teatre Dejavu y tuvo lugar el s\u00e1bado d\u00eda 12 de diciembre en el Versus Teatre de Barcelona. A comienzos de 2010, en Madrid, Teatro Lara, se estrenar\u00e1 otra versi\u00f3n teatral de una famosa novela de Jordi: &#8220;Kafka y la mu\u00f1eca viajera&#8221;.<\/div>\n<p>&nbsp;<\/p>\n<div>\n<div>\n<div>JORDI EN PRAGA<\/div>\n<p>Invitado por el Instituto Cervantes y la Embajada de Espa\u00f1a en la Rep\u00fablica Checa, despu\u00e9s de su \u00e9xito en la feria del libro de Praga de 2008, Jordi ha vuelto a la ciudad de Kafka para dar diversas charlas en institutos biling\u00fces de la misma y de Brno, as\u00ed como para mantener un coloquio en el propio Instituto Cervantes. La huella de Jordi comenz\u00f3 en abril de 2008 y \u00e9sta es ya su tercera estancia en la ciudad, que sigue tray\u00e9ndole suerte. Adem\u00e1s de &#8220;Kafka y la mu\u00f1eca viajera&#8221;, con la que gan\u00f3 el Premio Nacional de LIJ y el premio Protagonista Jove en su versi\u00f3n catalana, all\u00ed tuvo la idea para escribir &#8220;La isla del poeta&#8221;, publicada por Siruela en octubre de este 2009, y un libro infantil, todav\u00eda in\u00e9dito, que en palabras de su autor es una peque\u00f1a maravilla.<br \/>\nPor otra parte la primera de las muchas visitas programas para este curso la llev\u00f3 a cabo en Colombia, donde intervino en la Feria del Libro de Medell\u00edn, tuvo charlas en lugares tan diferentes como la c\u00e1rcel y fue entrevistado en Prime Time por diversas cadenas nacionales, una de las cuales hizo un documental sobre la Fundaci\u00f3n. Seguir\u00e1n viajes programados con antelaci\u00f3n a la feria de Guadalajara de M\u00e9xico, el Hay Festival de Cartagena de Indias en Colombia y el Congreso de LIJ de Chile en el plano latinoamericano.<\/p>\n<\/div>\n<p>EDGAR ALLAN POE Y JORDI SIERRA I FABRA, UN D\u00daO INQUIETANTE<\/p>\n<p><img loading=\"lazy\" decoding=\"async\" src=\"http:\/\/www.sierraifabra.com\/ant\/fotos\/Image\/Privado\/Poe.jpg\" alt=\"\" width=\"162\" height=\"225\" \/><\/p>\n<div>\n<div>\u00a0\u00a0\u00a0 &#8220;Poe&#8221; (Zorro Rojo en catal\u00e1n y castellano), la extraordinaria vida del m\u00e1s rutilante creador de narraciones de la historia, bajo la afilada pluma de Jordi, que ha diseccionado en 80 escenas y casi exclusivamente con di\u00e1logos toda su dram\u00e1tica existencia. Es sin duda uno de los retos personales de su autor, ya que nadie se hab\u00eda atrevido en Espa\u00f1a a enfrentarse a una obra de tanta envergadura y dificultad. Jordi ya cuenta con otras biograf\u00edas noveladas de enorme \u00e9xito: &#8220;El joven Lennon&#8221;, &#8220;V\u00edctor Jara, reventando los silencios&#8221;, &#8220;Gandhi&#8221;&#8230; Tan importante como el texto son las ilustraciones de Alberto V\u00e1zquez, un prodigio de t\u00e9cnica que convierte a este libro en una verdadera obra de arte gr\u00e1fica, dotada de extraordinaria belleza y personalidad.<\/div>\n<p>NOVEDADES DE OTO\u00d1O<\/p><\/div>\n<\/div>\n<div>\n<img loading=\"lazy\" decoding=\"async\" src=\"http:\/\/www.sierraifabra.com\/ant\/fotos\/Image\/Privado\/Isla%20Poeta.jpg\" alt=\"\" width=\"130\" height=\"200\" \/> \u00a0 \u00a0 <img loading=\"lazy\" decoding=\"async\" src=\"http:\/\/www.sierraifabra.com\/ant\/fotos\/Image\/Privado\/Nomes%20tu.jpg\" alt=\"\" width=\"126\" height=\"200\" \/><\/p>\n<div>\u00a0\u00a0\u00a0 Jordi Sierra i Fabra inicia el curso 2009-2010 con diversos libros de \u00e9xito. El primero es &#8220;La isla del poeta&#8221; (Siruela), un intimista relato que transcurre en una sola noche a trav\u00e9s de un extraordinario di\u00e1logo entre un poeta que dej\u00f3 de escribir 20 a\u00f1os atr\u00e1s y vive recluido en uns isla, y una chica de 19 a\u00f1os que cruza el mundo para verle. Un libro de emociones, en el que dos seres humanos se desnudan para llegar a lo m\u00e1s \u00edmtimo de s\u00ed mismos. El segundo es &#8220;Nom\u00e9s tu&#8230;&#8221; (Columna), una extensa novela de amor de m\u00e1s de 400 p\u00e1ginas en la que Jordi disecciona las relaciones llevadas al l\u00edmite. La historia narra la pasi\u00f3n entre una chica de 17 a\u00f1os y un ejecutivo discogr\u00e1fico de 38, inexperta ella, lleno de pasado \u00e9l. Est\u00e1 previsto que en 2010 se edite en castellano. La tercera es &#8220;Sala de conflictos&#8221; (Edelvives), en la que un grupo de alumnos de un colegio forma un Tribunal para juzgar un hecho que conmociona la paz del centro.<br \/>\nJordi tambi\u00e9n edita este oto\u00f1o un libro para adultos, &#8220;Di\u00e1logos&#8221; (P\u00e1ginas de Espuma), obra que aborda las relaciones de pareja y tiene momentos de alta explosividad er\u00f3tica; &#8220;Gulliver XXI&#8221; (Edeb\u00e9), recreaci\u00f3n de la famosa novela de Jonathan Swift en la que Gulliver es ahora un astronauta, y &#8220;Querer es poder (Alberto Contador)&#8221; (Ediciones SM), un peque\u00f1o relato que tiene al ciclista ganador del Tour de Francia como protagonista y que, lamentablemente, tiene en su portada un inexplicable error: han &#8220;bautizado&#8221; a Jordi Sierra i Fabra como Jordi SERRA i Fabra. Los apellidos no cambian por mucho que \u00e9l sea catal\u00e1n. Por desgracia, y casi 40 a\u00f1os despu\u00e9s de publicar su primer libro, todav\u00eda hay cientos de p\u00e1ginas en la RED que arrastran ese error.<br \/>\nen Perif\u00e8ric Edicions, y la novedad \u00a0\u00a0\u00a0 Para completar, aparece la versi\u00f3n catalana de la obra m\u00e1s dura y pol\u00e9mica de cuantas haya hecho su autor:&#8221;Material sensible (Contes cruels)&#8221;&#8221;La resta \u00e9s silenci&#8221; en Abacus\/Ara Llibres, un libro esencial sobre el acoso sexual en la adolescencia.<\/div>\n<p>JORDI RECIBE EL PREMIO PROTAGONISTA JOVE<\/p>\n<p><img loading=\"lazy\" decoding=\"async\" src=\"http:\/\/www.sierraifabra.com\/ant\/fotos\/Image\/Privado\/P%20&amp;%20J%201%20copia.JPG\" alt=\"\" width=\"150\" height=\"165\" \/><\/div>\n<p>Jordi Sierra i Fabra recibi\u00f3 el pasado d\u00eda 6 de mayo, en el Ateneo de Barcelona, el Premio Protagonista Jove por &#8220;Kafka i la nina que se&#8217;n va anar de viatge&#8221;, elegido mejor libro del a\u00f1o pasado, 2008. Jordi lo recibi\u00f3 junto a la editora de Empuries, Patricia Campana (con \u00e9l en la foto). Esta novela ya gan\u00f3 en 2007 el Premio Nacional de Literatura Juvenil y se ha convertido en uno de los grandes referentes de la vasta obra de su autor, con m\u00faltiples ediciones nacionales e internacionales. El Premio Protagonista Jove, sin remuneraci\u00f3n econ\u00f3mica, lo otorgan por votaci\u00f3n popular los estudiantes de Catalunya a la mejor obra editada en dicha lengua el a\u00f1o anterior. Jordi es, adem\u00e1s, el primer escritor que lo gana dos veces. La anterior fue por &#8220;A l\u00b4altra banda del mirall&#8221; en 2005.<\/p>\n<p>SE INAUGURA LA PRIMERA BIBLIOTECA JORDI SIERRA I FABRA DE ESPA\u00d1A<\/p>\n<p><img loading=\"lazy\" decoding=\"async\" src=\"http:\/\/www.sierraifabra.com\/ant\/fotos\/Image\/Privado\/Placa%201.JPG\" alt=\"\" width=\"233\" height=\"175\" \/><\/p>\n<p>Jordi Sierra i Fabra descubri\u00f3 el pasado 27 de abril la placa conmemorativa de la que es la primera biblioteca dedicada al escritor en Espa\u00f1a. El IES Mar\u00eda Zambrano de Torre del Mar, M\u00e1laga, aprob\u00f3 en su cl\u00e1ustro de profesores, por iniciativa de Jose R. Cort\u00e9s Criado, autor as\u00ed mismo de la primera tesis doctoral sobre Jordi, que la biblioteca del centro llevara el nombre del escritor el cual, a lo largo de casi veinte a\u00f1os, ha visitado el IES en varias ocasiones. La fiesta, a la cual el homenajeado acudi\u00f3 expresamente, cont\u00f3 con la participaci\u00f3n de toda la escuela. Hubo teatro, baile, m\u00fasica y parlamentos de autoridades y representantes del Mar\u00eda Zambrano. El punto culminante tuvo lugar cuando un feliz y emocionado Jordi corri\u00f3 la cortinilla que mostraba la placa, la cual reproduce su firma y la ense\u00f1a del colegio, dise\u00f1ada por una de las alumnas tras un concurso popular.<br \/>\nEXITO DE LA INICIATIVA &#8220;SANT JORDI EN LOS HOSPITALES&#8221;<\/p>\n<p><img loading=\"lazy\" decoding=\"async\" src=\"http:\/\/www.sierraifabra.com\/ant\/fotos\/Image\/Privado\/Jordi%20hospital.jpg\" alt=\"\" width=\"162\" height=\"200\" \/><\/p>\n<p>La Fundaci\u00f3 Jordi Sierra i Fabra ha iniciado este 2009 el llamado Proyecto EPI y BLAS(Escritores Por la Infancia y Bibliotecas Libres Ahora y Siempre). Cansado de ver como cada a\u00f1o los futbolistas llevan juguetes la v\u00edspera de Reyes a los ni\u00f1os de los hospitales, pero nunca libros, y que adem\u00e1s obsequian a veces juguetes poco aptos para determinados ni\u00f1os o adolescentes enfermos, sin olvidar que su visita acaba convirti\u00e9ndose en una propaganda medi\u00e1tica porque ni siquiera se dedican a hablar un rato con los peque\u00f1os, Jordi llam\u00f3 a cuatro amigos (Care Santos, Andreu Mart\u00edn, Joaquim Carb\u00f3 y Elena O&#8217;Callaghan i Duch) y ha puesto en marcha en Barcelona esta idea. Cada a\u00f1o, desde ahora, los escritores que lo deseen visitar\u00e1n los hospitales de Barcelona llevando sus libros la v\u00edspera del D\u00eda del Libro, 23 de abril. &#8220;Si ellos no pueden venir a nosotros, nosotros iremos hasta ellos&#8221;, ha declarado el impulsor del proyecto. La acogida ha sido tal, que ya hay dos docenas de autores que se han ofrecido para la campa\u00f1a de 2010, muestra del \u00e9xito de la iniciativa de la que los centros hospitalarios se han mostrado absolutamente part\u00edcipes. En la foto podemos ver al propio Jordi bromeando con una de las pacientes visitadas.<\/p>\n<div>RAFA NADAL Y JORDI SIERRA I FABRA PRESENTAN &#8220;JUEGO, SET Y PARTIDO&#8221;<\/p>\n<p><img loading=\"lazy\" decoding=\"async\" src=\"http:\/\/www.sierraifabra.com\/ant\/fotos\/Image\/Privado\/Rafa%201.jpg\" alt=\"\" width=\"157\" height=\"250\" \/>\u00a0 <img loading=\"lazy\" decoding=\"async\" src=\"http:\/\/www.sierraifabra.com\/ant\/fotos\/Image\/Privado\/Rafa%20y%20yo%202.jpg\" alt=\"\" width=\"249\" height=\"250\" \/><\/div>\n<p>Rafa Nadal, actual n\u00ba1 del mundo del tenis, y Jordi Sierra i Fabra, presentaron en Barcelona la novela &#8220;Juego, set y partido&#8221;, escrita por Jordi en los mismos d\u00edas en que Rafa ganaba en 2008 su \u00e9pico partido en Wimbledon ante Roger Federer (la final m\u00e1s larga de la historia). La novela cuenta la decisi\u00f3n de un ni\u00f1o de 12 a\u00f1os que debe elegir entre el tenis y el f\u00fatbol, algo que, casualmente, vivi\u00f3 Rafa en su infancia. Los beneficios de &#8220;Juego, set y partido&#8221; (Puede leerse un cap\u00edtulo del libro en &#8220;Lee Gratis&#8221;), novela que puede llegar a ser un cl\u00e1sico en las escuelas, estar\u00e1n destinados a la Fundaci\u00f3n Rafa Nadal. Por su parte, Jordi destina los suyos como autor a sus dos fundaciones, la de Barcelona y la Medell\u00edn (Colombia). Rafa regal\u00f3 a Jordi una de las camisetas que visti\u00f3 en el reciente torneo de Montecarlo (la presentaci\u00f3n en Barcelona se hizo al d\u00eda siguiente de la final), ganado por quinta vez consecutiva por su prodigiosa zurda. \u00c9sta camiseta, firmada, ser\u00e1 subastada por Jordi para recaudar fondos para sus muchos proyectos colombianos (mails de contacto: fundacio.jsif@ibernet.com y tallerdeletras@unet.net.co).<br \/>\nSE ENTREG\u00d3 EL PREMIO JORDI SIERRA I FABRA 2009<\/p>\n<p><img loading=\"lazy\" decoding=\"async\" src=\"http:\/\/www.sierraifabra.com\/ant\/fotos\/Image\/Privado\/Con%20premio%201%20.JPG\" alt=\"\" width=\"150\" height=\"202\" \/><\/p>\n<div>\u00a0\u00a0 El d\u00eda 17 de marzo, en la Real Casa de Correos de Madrid,\u00a0 se entreg\u00f3 el IV Premio de Literatura Jordi Sierra i Fabra para J\u00f3venes a la ganadora del concurso, Dunia Esteban S\u00e1nchez. La fiesta anual del Grupo SM, en la que se fallaron as\u00ed mismo el Premio El Barco de Vapor, el Gran Angular y el Internacional de Ilustraci\u00f3n, se convirti\u00f3 una vez m\u00e1s en la gala literaria del a\u00f1o, con asistencia de las primeras autoridades de la Comunidad de Madrid y el ministerio de Cultura. En su turno, Dunia realiz\u00f3 un emotivo discurso que cautiv\u00f3 a los presentes, destacando la labor de la Fundaci\u00f3 Jordi Sierra i Fabra y la necesidad de un concurso literario como este, que anime a escribir a las nuevas generaciones de adolescentes espa\u00f1oles.<\/p>\n<\/div>\n<p>JORDI, CANDIDATO AL PREMIO ANDERSEN POR SEGUNDA VEZ<\/p>\n<div>\u00a0\u00a0\u00a0 Jordi Sierra i Fabra ha sido elegido por segunda vez candidato espa\u00f1ol al Premio Andersen, el m\u00e1ximo galard\u00f3n de la literatura infantil y juvenil en el mundo. La primera designaci\u00f3n fue en 2005 para el Premio Andersen 2006. Ahora lo es para el Premio Andersen 2010, que se fallar\u00e1 en Bolonia, Italia, en primavera del mismo a\u00f1o y se entregar\u00e1 en el Congreso del IBBY que se celebrar\u00e1 en Santiago de Compostela, Espa\u00f1a, tambi\u00e9n en septiembre de 2010. No s\u00f3lo \u00e9l ha sido propuesto, la OEPLI ha designado igualmente un proyecto de la Fundaci\u00f3 Jordi Sierra i Fabra como candidato al Premio Asahi de Cooperaci\u00f3n. En 2008 otro proyecto de la Fundaci\u00f3n lleg\u00f3 a situarse entre los cinco finalistas que optaron al Premio Asahi. La Fundaci\u00f3 Jordi Sierra i Fabra de Barcelona, Espa\u00f1a, y la Fundaci\u00f3n Taller de Letras Jordi Sierra i Fabra de Medell\u00edn, Colombia, fueron creadas en 2004 y desde entonces su labor se ha incrementado hasta consolidarse como estamento de apoyo a la cultura y ayuda a los j\u00f3venes escritores.<\/p>\n<div>DOS POTENTES LIBROS PARA LA PRIMAVERA DE 2009<\/p>\n<p><img loading=\"lazy\" decoding=\"async\" src=\"http:\/\/www.sierraifabra.com\/ant\/fotos\/Image\/Privado\/Quinto%20cristal.jpg\" alt=\"\" width=\"132\" height=\"200\" \/>\u00a0\u00a0 <img loading=\"lazy\" decoding=\"async\" src=\"http:\/\/www.sierraifabra.com\/ant\/fotos\/Image\/Privado\/Guerras%20Diego.jpg\" alt=\"\" width=\"125\" height=\"200\" \/><\/div>\n<div>\nCon &#8220;El quinto cristal&#8221; (Puede leerse un cap\u00edtulo del libro en &#8220;Lee Gratis&#8221;) concluye la trilog\u00eda de &#8220;Las hijas de las tormentas&#8221;, editada por Edeb\u00e9 con gran \u00e9xito (la primera parte fue &#8220;El enigma maya&#8221; y la segunda &#8220;La cruz del Nilo&#8221;) y que los fans de Jordi han podido completar en s\u00f3lo un a\u00f1o, de marzo de 2008 a marzo de 2009. Siruela por su parte edita una autentica bomba: &#8220;Las guerras de Diego (Una novela sobre 6 siglos de historia en Espa\u00f1a)&#8221;. En este libro, una esplendida novela llena de ternura sobre el mundo actual, un abuelo le cuenta a su nieto, siempre en forma de di\u00e1logo, la historia de nuestro pa\u00eds desde los Reyes Cat\u00f3licos hasta el presente. La obra, que ser\u00e1 sin duda pol\u00e9mica por la dureza de esa visi\u00f3n, supone un nuevo reto en la amplia bibliograf\u00eda de su autor.<\/div>\n<div>&#8220;CAMPOS DE FRESAS&#8221; LLEGA A LOS 540.000 LIBROS VENDIDOS<\/p>\n<\/div>\n<div>\u00a0\u00a0\u00a0 &#8220;Campos de fresas&#8221;, una de las obras m\u00e1s emblem\u00e1ticas de Jordi, ha superado ya el medio mill\u00f3n de ejemplares vendidos, situ\u00e1ndose en 540.000. Lo extraordinario del libro, editado en 1997, es que cada a\u00f1o vende m\u00e1s que el anterior, demostrando su plena vigencia y el hecho de ser una de las novelas favoritas de los j\u00f3venes y lectura recomendada en escuelas.<\/div>\n<\/div>\n<p>SE FALLA EN BARCELONA EL IV PREMIO LITERARIO JORDI SIERRA I FABRA PARA J\u00d3VENES<\/p>\n<p><img loading=\"lazy\" decoding=\"async\" src=\"http:\/\/www.sierraifabra.com\/ant\/fotos\/Image\/Privado\/Premio%202009.JPG\" alt=\"\" width=\"200\" height=\"150\" \/><\/p>\n<p>Dunia Esteban S\u00e1nchez, de Campolivar, Valencia, ha sido la vencedora del IV Premio Literario Jordi Sierra i Fabra para J\u00f3venes con su novela &#8220;Viaje de ida&#8221;, presentada al concurso con el seud\u00f3nimo de Shirel. Dunia ha sido la m\u00e1s joven de los finalistas, con 15 a\u00f1os, y hasta ahora es tambi\u00e9n la m\u00e1s joven ganadora del premio. Para m\u00e1s informaci\u00f3n, ver en esta misma web el apartado &#8220;Premio literario 2009&#8221; en &#8220;Fundaci\u00f3 Jordi Sierra i Fabra&#8221;. En la fotograf\u00eda, los integrantes del jurado momentos despu\u00e9s de emitir el fallo. De izquierda a derecha: Antonia Cortijos (representando de la Fundaci\u00f3 JSiF), Elena O&#8217;Callaghan i Duch (escritora), Pep Dur\u00e1n (librero), Elsa Aguiar (editora de SM) y Victoria Fern\u00e1ndez (directora de la revista CLIJ).<\/p>\n<div>JORDI SIERRA I FABRA EN EL HAY FESTIVAL (&#8230;Y ELEGIDO UNO DE LOS 8 &#8220;AUTORES DEL A\u00d1O&#8221; EN COLOMBIA)<\/p>\n<p><img loading=\"lazy\" decoding=\"async\" src=\"http:\/\/www.sierraifabra.com\/ant\/fotos\/Image\/Privado\/Shalman%20&amp;%20J.JPG\" alt=\"\" width=\"167\" height=\"125\" \/>\u00a0<img loading=\"lazy\" decoding=\"async\" src=\"http:\/\/www.sierraifabra.com\/ant\/fotos\/Image\/Privado\/Martin%20&amp;%20J.JPG\" alt=\"\" width=\"133\" height=\"125\" \/>\u00a0<img loading=\"lazy\" decoding=\"async\" src=\"http:\/\/www.sierraifabra.com\/ant\/fotos\/Image\/Privado\/Luis%20&amp;%20J.JPG\" alt=\"\" width=\"146\" height=\"125\" \/><\/p>\n<div>\u00a0\u00a0\u00a0 Jordi Sierra i Fabra asisti\u00f3 entre el 28 de enero y el 2 de febrero al prestigioso Hay Festival de Cartagena de indias (Colombia), cita anual a la que concurren algunos de los m\u00e1s prestigiosos escritores del mundo. Jordi fue una de las estrellas del Hay para j\u00f3venes, mantuvo un vivo contacto con sus fans colombianos y tuvo diversas charlas-coloquios en varios barrios de la monumental ciudad caribe\u00f1a. Tambi\u00e9n fue jurado del certamen nacional de cuentos, acto retransmito en directo por TV a toda Colombia. Miembros de la Fundaci\u00f3n Taller de Letras Jordi Sierra i Fabra de Medell\u00edn protagonizaron as\u00ed mismo otros encuentros con ni\u00f1os y j\u00f3venes. Antes de la cita del d\u00eda 28, se encerr\u00f3 en una isla caribe\u00f1a para preparar el gui\u00f3n de una futura novela, siguiendo su tradici\u00f3n de aislarse en soledad para crear sus historias. En las fotos superiores podemos verle con los escritores Shalman Rushdie, Martin Amis y Luis Sepulveda. Previamente al Hay, el peri\u00f3dico El Tiempo seleccion\u00f3 a los 8 autores del a\u00f1o 2008 en Colombia y Jordi comparti\u00f3 honores con Jean-Marie Gustave Le Cl\u00e9zio (Premio Nobel de Literatura), Fernando Savater (Premio Planeta), Fernando Herrera G\u00f3mez (Premio Nacional de Literatura de Colombia), Gioconda Belli (Premio Biblioteca Breve), Peter Matthiessen (Premio National Book Award), Juan Mars\u00e9 (Premio Cervantes) y Jorge Edwards (Premio Planeta Colombia). Jordi Fue reconocido as\u00ed mismo por su Premio Nacional de Literatura Infantil yJuvenil, otorgado a fines de 2007 y recibido en 2008.<\/div>\n<\/div>\n","protected":false},"excerpt":{"rendered":"<p>ESTRENO TEATRAL DE &#8220;EL NI\u00d1O QUE SE CAY\u00d3 EN UN AGUJERO&#8221; \u00a0\u00a0\u00a0 A su regreso de la feria de Guadalajara (29 de noviembre al 8 de diciembre), donde habl\u00f3 en escuelas, firm\u00f3 libros, llev\u00f3 a cabo su seminario &#8220;La p\u00e1gina escrita&#8221; con estudiantes ganadores de&hellip; <a class=\"read-more\" href=\"https:\/\/sierraifabra.com\/?page_id=255&#038;lang=es\">Read more<\/a><\/p>\n","protected":false},"author":101012,"featured_media":0,"parent":311,"menu_order":0,"comment_status":"closed","ping_status":"closed","template":"","meta":{"footnotes":""},"class_list":["post-255","page","type-page","status-publish","hentry"],"aioseo_notices":[],"_links":{"self":[{"href":"https:\/\/sierraifabra.com\/index.php?rest_route=\/wp\/v2\/pages\/255","targetHints":{"allow":["GET"]}}],"collection":[{"href":"https:\/\/sierraifabra.com\/index.php?rest_route=\/wp\/v2\/pages"}],"about":[{"href":"https:\/\/sierraifabra.com\/index.php?rest_route=\/wp\/v2\/types\/page"}],"author":[{"embeddable":true,"href":"https:\/\/sierraifabra.com\/index.php?rest_route=\/wp\/v2\/users\/101012"}],"replies":[{"embeddable":true,"href":"https:\/\/sierraifabra.com\/index.php?rest_route=%2Fwp%2Fv2%2Fcomments&post=255"}],"version-history":[{"count":0,"href":"https:\/\/sierraifabra.com\/index.php?rest_route=\/wp\/v2\/pages\/255\/revisions"}],"up":[{"embeddable":true,"href":"https:\/\/sierraifabra.com\/index.php?rest_route=\/wp\/v2\/pages\/311"}],"wp:attachment":[{"href":"https:\/\/sierraifabra.com\/index.php?rest_route=%2Fwp%2Fv2%2Fmedia&parent=255"}],"curies":[{"name":"wp","href":"https:\/\/api.w.org\/{rel}","templated":true}]}}