{"id":257,"date":"2015-07-22T09:02:40","date_gmt":"2015-07-22T09:02:40","guid":{"rendered":"http:\/\/thewalrushub.com\/jordi\/?page_id=257"},"modified":"2017-02-02T16:37:28","modified_gmt":"2017-02-02T15:37:28","slug":"noticias-2010","status":"publish","type":"page","link":"https:\/\/sierraifabra.com\/?page_id=257&lang=es","title":{"rendered":"Noticias 2010"},"content":{"rendered":"<p>SE RECUPERA EL PERSONAJE LITERARIO DANIEL ROS<\/p>\n<p><img loading=\"lazy\" decoding=\"async\" src=\"http:\/\/www.sierraifabra.com\/ant\/fotos\/Image\/Privado\/Jinetera.jpg\" alt=\"\" width=\"123\" height=\"175\" \/>\u00a0 <img loading=\"lazy\" decoding=\"async\" src=\"http:\/\/www.sierraifabra.com\/ant\/fotos\/Image\/Privado\/JSBach.jpg\" alt=\"\" width=\"134\" height=\"175\" \/>\u00a0 <img loading=\"lazy\" decoding=\"async\" src=\"http:\/\/www.sierraifabra.com\/ant\/fotos\/Image\/Privado\/Peso%20silencio.jpg\" alt=\"\" width=\"120\" height=\"175\" \/><\/p>\n<p>Jordi Sierra i Fabra cre\u00f3 al periodista metido en casos policiacos Daniel Ros Mart\u00ed en los a\u00f1os 80. Despu\u00e9s de tres novelas y un largometraje para TV lo recuper\u00f3 a fines de los a\u00f1os 90 con dos obras emblem\u00e1ticas, &#8220;La noche de la jinetera&#8221; (ambientada en Cuba) y &#8220;El peso del silecio&#8221; (ambientada en Chile). Ahora, el sello Mosaico, de la editorial Belacqva, recupera estos dos \u00faltimos t\u00edtulos en edici\u00f3n de bolsillo y lanza la \u00faltima aventura de Daniel Ros, &#8220;El asesinato de Johann Sebastian Bach&#8221; (nada casual que esa sea la calle en la que vive Jordi en Barcelona). Todo un acontecimiento para los fans de este periodista siempre metido en l\u00edos.<br \/>\nLA FUNDACI\u00d3 JORDI SIERRA I FABRA RECIBE EL PREMIO IBBY-ASAHI 2010<\/p>\n<p><img loading=\"lazy\" decoding=\"async\" src=\"http:\/\/www.sierraifabra.com\/ant\/fotos\/Image\/Privado\/JP%20&amp;%20J%201.JPG\" alt=\"\" width=\"200\" height=\"150\" \/>\u00a0 <img loading=\"lazy\" decoding=\"async\" src=\"http:\/\/www.sierraifabra.com\/ant\/fotos\/Image\/Privado\/JP%20y%20yo%20Asahi.jpg\" alt=\"\" width=\"201\" height=\"150\" \/><\/p>\n<p>Santiago de Compostela, 10 de septiembre de 2010 &#8211; En el marco del 32\u00ba Congreso Mundial de IBBY, celebrado en Satiago de Compostela, Espa\u00f1a, Jordi Sierra i Fabra y Juan Pablo Hern\u00e1ndez Carvajal recibieron el Premio IBBY-ASAHI 2010 a la mejor labor de promoci\u00f3n de la lectura por un proyecto desarrolldo por la Fundaci\u00f3n Taller de Letras Jordi Sierra i Fabra de Medell\u00edn, Colombia, de la que es director Juan Pablo. El IBBY-ASAHI Award se entrega cada dos a\u00f1os a dos entidades culturales y a proyectos internacionales seleccionados por un jurado experto en labores de cooperaci\u00f3n. El fallo del premio tuvo lugar el pasado mes de marzo en la Feria del Libro de Bolonia, Italia. Satoshi Hashimoto, editor jefe para Europa del poderoso conglomerado periodistico japon\u00e9s Asahi Shimbun, fue el encargo de dar el al presidente y fundador de la Fundaci\u00f3 de Barcelona y la Fundaci\u00f3n de Medell\u00edn, el diploma y el cheque de 10.000 d\u00f3lares de premio. Jordi hizo un emotivo discurso hablando en las cuatro lenguas de Espa\u00f1a puesto que el lema del Congreso era &#8220;La fuerza de las minor\u00edas&#8221;. Puedes leer el discurso integro, tanto en la versi\u00f3n que ley\u00f3 Jordi como en castellano, en la secci\u00f3n &#8220;Sala de Prensa&#8221; de esta web (p\u00e1gina &#8220;Art\u00edculos y Conferencias&#8221;)<\/p>\n<p>&nbsp;<\/p>\n<div>YA PUEDES COMPRAR A JORDI EN INGLES VIA E-BOOK<br \/>\n<img loading=\"lazy\" decoding=\"async\" src=\"http:\/\/www.sierraifabra.com\/ant\/fotos\/Image\/Privado\/Strawberryfields.jpg\" alt=\"\" width=\"150\" height=\"150\" \/> <img loading=\"lazy\" decoding=\"async\" src=\"http:\/\/www.sierraifabra.com\/ant\/fotos\/Image\/Privado\/sensitive-matter-cruel-accounts.jpg\" alt=\"\" width=\"150\" height=\"150\" \/> <img loading=\"lazy\" decoding=\"async\" src=\"http:\/\/www.sierraifabra.com\/ant\/fotos\/Image\/Privado\/Kafka%20and%20the...jpg\" alt=\"\" width=\"150\" height=\"150\" \/><\/div>\n<p>Septiembre 2010 \u2014 Jordi Sierra i Fabra i la editorial on line HakaBooks.com han llegado a un acuerdo para comercializar algunos de los m\u00e1s famosos libros de Jordi en ingl\u00e9s v\u00eda Internet. Puedes descargarte ya &#8220;Strawberry fields&#8221; (Campos de fresas), &#8220;Kafka and the travelling doll&#8221; (Kafka y la mu\u00f1eca viajera), &#8220;Aydin&#8221; (Aydin) y &#8220;Sensitive matter (Cruel accounts)&#8221; entrando en la web y siguiendo los pasos que en ella encontrar\u00e1s (o ir directamente al link<br \/>\n<a href=\"http:\/\/store.hakabooks.com\/8_jordi-sierra-i-fabra\">http:\/\/store.hakabooks.com\/8_jordi-sierra-i-fabra<\/a>). Los libros, bella y lujosamente editados, son autenticas obras de arte digital. Y pr\u00f3ximamente&#8230; \u00a1m\u00e1s (con alguna que otra sorpresa para las fans)!<br \/>\n\u00a1LLEGA BERTA MIR, DETECTIVE!<\/p>\n<p><img loading=\"lazy\" decoding=\"async\" src=\"http:\/\/www.sierraifabra.com\/ant\/fotos\/Image\/Privado\/Falso%20accidente.jpg\" alt=\"\" width=\"132\" height=\"200\" \/><\/p>\n<div>\u00a0\u00a0\u00a0 Septiembre 2010 \u2014 M\u00e1s de un a\u00f1o de trabajo le ha costado a Jordi preparar esta serie policiaca con protagonista femenina y joven: Berta Mir, 18 a\u00f1os, segunda voz y bajista de un grupo musical que comienza, sin trabajo, cuya vida cambia cuando a su padre, detective privado a la espa\u00f1ola, tratan de asesinarle. Berta no tendr\u00e1 m\u00e1s remedio que hacerse pasar por lo que no es, mantener la agencia abierta y seguir adelante con una doble personalidad. En esta primera novela, Berta investiga los tres casos en los que trabajaba su padre, pues el que ha querido matarle y le ha dejado en coma ha de esconderse en uno de ellos: un padre que hace seguir a su hijo para ver si toma drogas, una chica que se ha escapado con el novio, y un asunto de infidelidad. Tres casos en apariencia simples pero que la convierten en la detective m\u00e1s joven. En pr\u00f3ximos libros veremos su evoluci\u00f3n como persona e investigadora, su grupo, sus amores&#8230;<br \/>\nEs la primera vez que Jordi crea un personaje femenino, y adem\u00e1s tan potente como Berta Mir, porque sus novelas no van a ser exclusivamente &#8220;juveniles&#8221; y los casos que abordar\u00e1 ser\u00e1n complejos y fuertes, aunque ella deber\u00e1 resolverlos a su modo, con sus m\u00e9todos&#8230; que no van a ser precisamente convencionales.<br \/>\nPrep\u00e1rate pues: ha llegado Berta Mir. Y en primavera de 2011&#8230; \u00a1m\u00e1s!<\/p>\n<\/div>\n<p>JORDI EN EL MUNDO<\/p>\n<div>\u00a0\u00a0\u00a0 Para empezar el verano de 2010, unos flashes de Jordi en el mundo: Se edita &#8220;Diario de un pardillo&#8221; en Portugal y en Francia, acaba de aparecer &#8220;Kafka y la mu\u00f1eca viajera&#8221; en Corea, &#8220;Las chicas de alambre&#8221; en la Rep\u00fablica Checa, y pronto aparecer\u00e1 &#8220;La modelo descalza&#8221; en gallego. Y el 10 de septiembre, en Santiago de Compostela, en el transcurso del Congreso Mundial del IBBY, recibir\u00e1 el Premio Asahi por su Fundaci\u00f3n. Este verano, como siempre, Jordi estar\u00e1 encerrado en su monta\u00f1a de Vallirana escribiendo sin parar. Por ello ha denegado invitaciones para acudir a la Semana Negra de Gij\u00f3n, a Per\u00fa, a Guatemala y a Siria.<\/p>\n<\/div>\n<div>\n<div>SIGUE EL \u00c9XITO INTERNACIONAL DE &#8220;KAFKA Y LA MU\u00d1ECA VIAJERA&#8221;<\/div>\n<p>Mientras se edita en pa\u00edses como la Republica Checa, y se hacen representaciones teatrales diversas o se preparan otras, &#8220;Kafka y la mu\u00f1eca viajera&#8221; ha conocido en 2009 un sensacional \u00e9xito en dos pa\u00edses tan importantes como Brasil o M\u00e9xico. En ambas naciones sus Gobiernos han comprado ejemplares del libro (27.000 copias en Brasil y 82.500 en M\u00e9xico) para nutrir a sus escuelas y bibliotecas, muestra de la repercusi\u00f3n que la novela de Jordi, Premio Nacional de Literatura, sigue manteniendo.<\/p>\n<div>NOVEDADES PARA\u00a0 MAYO<\/div>\n<div>\n<div>\u00a0\u00a0 <img loading=\"lazy\" decoding=\"async\" src=\"http:\/\/www.sierraifabra.com\/ant\/fotos\/Image\/Privado\/Historia%20de%201%20seg.jpg\" alt=\"\" width=\"166\" height=\"200\" \/>\u00a0\u00a0 <img loading=\"lazy\" decoding=\"async\" src=\"http:\/\/www.sierraifabra.com\/ant\/fotos\/Image\/Privado\/Tester.jpg\" alt=\"\" width=\"127\" height=\"200\" \/><\/div>\n<p>&#8220;Historia de un segundo&#8221; (Premio El Barco de Vapor 2010), editada por SM, y &#8220;Tester (Probador)&#8221;, editada por Edeb\u00e9 en castellano y catal\u00e1n, son las novedades de Jordi en primavera. Ambas obras estar\u00e1n presentes junto a sus restantes novedades de este a\u00f1o en la feria del libro de Madrid. &#8220;Historia de un segundo&#8221; es una bell\u00edsima historia de amor entre una ni\u00f1a que arranca las p\u00e1ginas de un libro subyarando palabras a modo de mensajes secretos y un ni\u00f1o que no sabe leer y se ve obligado a aprender para saber qu\u00e9 le dice ella. Y todo en el marco de una Espa\u00f1a de finales del siglo XIX y con unos personajes entra\u00f1ables. Un libro emocionante en el que se demuestra un segundo e amor puro y verdadero vale por toda una vida. Por su parte, &#8220;Tester (Probador)&#8221;, es un trepidante thrillersobre el mundo de los videojuegos que se desata cuando un tester, un probador de videos, aparece muerto y su mejor amigo se decide a investigat qu\u00e9 hay detr\u00e1s de ello. (Puede leerse un cap\u00edtulo de ambos libros en &#8220;Lee Gratis&#8221;)<\/p><\/div>\n<\/div>\n<p>LA FUNDACI\u00d3 JORDI SIERRA I FABRA RECIBE EL PREMIO IBBY-ASAHI DE PROMOCI\u00d3N DE LA LECTURA<\/p>\n<div>\u00a0\u00a0\u00a0\u00a0 Bolonia, Italia, 23 de marzo de 2010 &#8211; La Fundaci\u00f3 Jordi Sierrai Fabra ha sido galardonada hoy con el Premio Asahi de promoci\u00f3n de la lectura, que otorga el IBBY cada dos a\u00f1os conjuntamente con el Premio Andersen (del que el propio Jordi fue candidato por Espa\u00f1a). El proyecto galardonado, Convenio de Cooperaci\u00f3n al Plan Municipal de Lectura, fue desarrollado por la Fundaci\u00f3n Taller de Letras Jordi Sierra i Fabra de Medell\u00edn, Colombia, y la alcald\u00eda de la ciudad, entre noviembre de 2006 y marzo de 2008. La presentaci\u00f3n a IBBY como candidatos al Asahi la hizo OEPLI Espa\u00f1a y el Consell Catal\u00e1 del Llibre Infantil i Juvenil. La Fundaci\u00f3n ya hab\u00eda sido finalista del mismo premio en su anterior convocatoria de 2008. El jurado del Premio Asahi 2010 ha estado integrado por Hannelore Daubert (Alemania), Anastasia Arkhipova (Rusia), Nikki Gamble (Inglaterra), Jehan Helov (Palestina), Ahmad Redza Khairuddin (Malasia) y James Tumusiime (Uganda). Junto con este proyecto, tambi\u00e9n ha sido galardonado el The Osu Children&#8217;s Library Fund de Ghana. Ambos recibir\u00e1n 10.000 d\u00f3lares de premio y el reconocimiento internacional por su labor. Otros candidatos al Asahi 2010 eran proyectos internacionales de cooperaci\u00f3n procedentes de Timor, Polonia, Estados Unidos, Jap\u00f3n, Brasil, M\u00e9xico, Colombia, Eslovenia, Cambodia, Australia, Canada\u00a0 y Kenia. Este a\u00f1o la entrega se celebrar\u00e1 en Santiago de Compostela el 10 de septiembre, en el transcurso del Congreso Internacional de IBBY 2010. La Fundaci\u00f3 Jordi Sierra i Fabra y la Fundaci\u00f3n Taller de Letras Jordi Sierra i Fabra fueron creadas en 2004 por Jordi\u00a0 y en tan s\u00f3lo cinco a\u00f1os y medio han logrado algo que constituye un hecho historico por su r\u00e1pida implantaci\u00f3n.<\/div>\n<p>JORDI GANA EL PREMIO BARCO DE VAPOR Y ENTREGA EL DE SU FUNDACI\u00d3N<\/p>\n<div>\n<div><img loading=\"lazy\" decoding=\"async\" src=\"http:\/\/www.sierraifabra.com\/ant\/fotos\/Image\/Privado\/Yo%20Premio%202%20copia.JPG\" alt=\"\" width=\"220\" height=\"150\" \/>\u00a0 <img loading=\"lazy\" decoding=\"async\" src=\"http:\/\/www.sierraifabra.com\/ant\/fotos\/Image\/Privado\/Lorena%20premio%204%20copia.JPG\" alt=\"\" width=\"185\" height=\"150\" \/>\u00a0 <img loading=\"lazy\" decoding=\"async\" src=\"http:\/\/www.sierraifabra.com\/ant\/fotos\/Image\/Privado\/Yo%20SM.jpg\" alt=\"\" width=\"100\" height=\"150\" \/><\/div>\n<p>El d\u00eda 9 de marzo de 2010, en la Real Casa de Correos de Madrid, Jordi Sierra i Fabra gan\u00f3 el Premio Barco de Vapor por su novela &#8220;Historia de un segundo&#8221; (un homenaje a la literatura, con un libro dentro de un libro, y un canto al amor en la ni\u00f1ez y la adolescencia, en palabras del jurado). Jordi hab\u00eda ganado ya 3 veces el Premio Gran Angular, y dos el Vaixell de Vapor (en catal\u00e1n), pero es la primera vez que se alza con el premio m\u00e1s codiciado de la narrativa infantil en Espa\u00f1a. \u00c9l mismo reconoci\u00f3 haberlo intentado varias veces sin \u00e9xito, prueba de lo disputado que siempre ha sido este galard\u00f3n. Previamente, en el mismo acto literario, presidido por diversas autoridades como la secretaria de Estado de Educaci\u00f3n y la presidenta de la Asamblea de la Comunidad de Madrid, Jordi entreg\u00f3 el V Premio Jordi Sierra i Fabra para J\u00f3venes, que concede a trav\u00e9s de su Fundaci\u00f3n. Para m\u00e1s informaci\u00f3n, pod\u00e9is ver la p\u00e1gina &#8220;Entrega del Premio Literario Jordi Sierra i Fabra 2010&#8221; en &#8220;Fundaci\u00f3 Jordi Sierra i Fabra&#8221; de \u00e9sta misma web.<\/p><\/div>\n<p>JORDI REGRESO SANO Y SALVO DE CHILE<\/p>\n<p><img loading=\"lazy\" decoding=\"async\" src=\"http:\/\/www.sierraifabra.com\/ant\/fotos\/Image\/Privado\/Yo%20CILELIJ.JPG\" alt=\"\" width=\"204\" height=\"125\" \/><\/p>\n<p>El s\u00e1bado 27 de febrero, a las 3:34:14 de la madrugada, Chile tembl\u00f3 con uno de los terremotos m\u00e1s grandes de la historia. Ese d\u00eda y a esa hora, Jordi dorm\u00eda en la planta 9 del Hotel Plaza San Francisco y vivi\u00f3 como todos una experiencia \u00fanica, por dura y traum\u00e1tica. El Congreso Iberoamericano de Literatura Infantil y Juvenil, CILELIJ, qued\u00f3 suspendido aunque el d\u00eda anterior, el 26, \u00e9l pudo dar su ponencia, una de las m\u00e1s aplaudidas del Congreso y la \u00fanica que fue interrumpida con aplausos. Ya en Espa\u00f1a, el recuerdo de todos qued\u00f3 all\u00e1, con los que siguieron sufriendo las devastadoras consecuencias del terremoto. En la foto, Jordi reci\u00e9n conclu\u00edda su intervenci\u00f3n. Puede leerse la ponencia completa en la p\u00e1gina &#8220;Art\u00edculos y Conferencias&#8221;, de &#8220;Sala de Prensa&#8221;, en esta misma web.<\/p>\n<p>PRIMERAS NOVEDADES DE 2010<\/p>\n<p><img loading=\"lazy\" decoding=\"async\" src=\"http:\/\/www.sierraifabra.com\/ant\/fotos\/Image\/Privado\/Mod.descalza.jpg\" alt=\"\" width=\"129\" height=\"200\" \/> \u00a0\u00a0<img loading=\"lazy\" decoding=\"async\" src=\"http:\/\/www.sierraifabra.com\/ant\/fotos\/Image\/Privado\/Siete%20dias.jpg\" alt=\"\" width=\"129\" height=\"200\" \/> \u00a0\u00a0<img loading=\"lazy\" decoding=\"async\" src=\"http:\/\/www.sierraifabra.com\/ant\/fotos\/Image\/Privado\/Nueva%20tierra.jpg\" alt=\"\" width=\"122\" height=\"200\" \/><\/p>\n<div>\u00a0\u00a0\u00a0 Tres potentes novelas preludian un gran 2010 y una hermosa primavera para Jordi Sierra i Fabra. Para empezar, &#8220;La modelo descalza&#8221; (Siruela), un caso policiaco en el mundo de las top models protagonizado por un personaje ya conocido y famoso en la bibliograf\u00eda de su autor, Jon Boix, el chico de &#8220;Las chicas de alambre&#8221;, uno de sus grandes \u00e9xitos. La novela habla de la fama y del precio que hay que pagar por ella (Puede leerse un cap\u00edtulo del libro en &#8220;Lee Gratis&#8221;). A continuaci\u00f3n tenemos &#8220;Siete d\u00edas de julio&#8221; (Plaza y Jan\u00e9s en castellano, Rosa dels Vents en catal\u00e1n), segunda novela del personaje que debut\u00f3 con&#8221;Cuatro d\u00edas de enero&#8221; y que, probablemente, se despedir\u00e1 dentro de un a\u00f1o con una tercera obra. Para finalizar, &#8220;La nueva tierra&#8221; (Alfaguara), el homenaje de Jordi a los actos de la independencia de las colonias americanas, que este a\u00f1o celebran su 200 aniversario. A\u00fan trat\u00e1ndose de una novela de fondo hist\u00f3rico, el personaje de Mateo, de 17 a\u00f1os, es uno de los m\u00e1s bellos jam\u00e1s creados por su autor, y la historia de amor que cambia su vida la m\u00e1s tierna que ha desarrollado su pluma. Pr\u00f3ximamente tambi\u00e9n aparecer\u00e1n las versiones castellanas de dos de sus \u00e9xitos en catal\u00e1n, &#8220;La huella del silencio&#8221; (Plataforma) y &#8220;Anatom\u00eda de un &#8216;incidente aislado'&#8221; (Bru\u00f1o) y la catalana &#8220;Les guerres d&#8217;en Jordi&#8221;(Estrella Polar\/Grup 62), versi\u00f3n de &#8220;Las guerras de Diego&#8221;, as\u00ed como un divertido libro,&#8221;Memorias de un pardillo&#8221; (Destino), una muestra de c\u00f3mo se las gasta Jordi cuando le sale su vena humor\u00edstico-salvaje. En M\u00e9xico, la editorial Castillo Macmillan ha lanzado dos novelas infantiles in\u00e9ditas en Espa\u00f1a, &#8220;El secreto del fabuloso escritor&#8221; y &#8220;El monstruo de la realidad virtual&#8221;, \u00e9sta \u00faltima la quinta novela de terror que Jordi publica all\u00ed. Destacan as\u00ed mismo las versiones de diversos libros en el extranjero, como &#8220;Kafka e la bambola viaggiatrice&#8221; en Italia.<\/div>\n<p>ESTRENO TEATRAL DE &#8220;KAFKA Y LA MU\u00d1ECA VIAJERA&#8221;<\/p>\n<p>El domingo 21 de febrero se estren\u00f3 con gran \u00e9xito en el Teatro Lara de Madrid la primera versi\u00f3n teatral de la novela &#8220;Kafka y la mu\u00f1eca viajera&#8221;, con la que Jordi obtuvo el Premio Nacional de Literatura Infantil y Juvenil 2007. La productora Come y Calla ha sido la encargada del trabajo. Desde su aparici\u00f3n en enero de 2006, \u00e9sta obra literaria se ha convertido en una de las m\u00e1s emblem\u00e1ticas de su autor. Estos mismos d\u00edas la editorial checa Albatros (la Rep\u00fablica Checa es la patria de Kafka) se ha unido a los distintos pa\u00edses que han editado o van a editar la novela. Otras dos compa\u00f1\u00edas teatrales, una del Pa\u00eds Vasco y otra de Lima, en Per\u00fa, tienen previsto hacer otras nuevas adaptaciones de la novela.<br \/>\nSE FALLA EN BARCELONA EL V PREMIO LITERARIO JORDI SIERRA I FABRA PARA JOVENES<\/p>\n<p><img loading=\"lazy\" decoding=\"async\" src=\"http:\/\/www.sierraifabra.com\/ant\/fotos\/Image\/Privado\/Foto%201%20%28buena%29.JPG\" alt=\"\" width=\"229\" height=\"120\" \/><\/p>\n<div>\u00a0\u00a0\u00a0 Lorena Moreno P\u00e9rez, de Molina de Segura, Murcia, ha sido la ganadora del V Premio Literario Jordi Sierra i Fabra para J\u00f3venes con su novela &#8220;Las redes del infierno&#8221;, una obra sobre la esclavitud en la actualidad que mezcla leyendas y los ex\u00f3ticos paisajes de la isla de Bali, en Indonesia. Lorena, que estudia 2\u00ba de bachillerato, quiere ser periodista y escribi\u00f3 \u00e9sta su primera novela en verano de 2009 partiendo de una noticia periodistica en torno a un pueblo de pescadores de Ghana, aunque ella decidi\u00f3 trasladar la acci\u00f3n a Bali por razones literarias y por su inter\u00e9s por las culturas orientales. Hasta ahora es el original m\u00e1s extenso que vence en el primer premio literario de envergadura dedicado a los j\u00f3venes en todo el mundo.<br \/>\nPara m\u00e1s informaci\u00f3n, ver en esta misma web el apartado &#8220;Premio literario 2010&#8221; en &#8220;Fundaci\u00f3 Jordi Sierra i Fabra&#8221;. En la fotograf\u00eda, los integrantes del jurado deliberando el fallo. De izquierda a derecha: Elena O&#8217;Callaghan (escritora), Elsa Aguiar (editora de SM), Antonia Cortijos (representando a la Fundaci\u00f3 JSiF), Pep Dur\u00e1n (librero) y Victoria Fern\u00e1ndez (directora de la revista CLIJ).<\/p>\n<div>JORDI EN EL HAY FESTIVAL 2010<\/div>\n<\/div>\n<p><img loading=\"lazy\" decoding=\"async\" src=\"http:\/\/www.sierraifabra.com\/ant\/fotos\/Image\/Privado\/Primera%20Dama%20&amp;%20J%20copia.JPG\" alt=\"\" width=\"156\" height=\"120\" \/><\/p>\n<div>\u00a0\u00a0\u00a0 Tres semanas, entre enero y febrero, ha permanecido Jordi en el norte de Colombia, primero en Bar\u00fa, una isla, preparando guiones de sus pr\u00f3ximas novelas, despu\u00e9s en el Hay Festival de Cartagena de Indias, donde fue una de las estrellas, y finalmente en La Guajira, el Estado m\u00e1s noroccidental, pr\u00f3ximo a Venezuela, donde dio charlas en Riohacha, la capital, y despu\u00e9s pas\u00f3 unos d\u00edas en El Cabo de las Velas, con los indios wayu\u00fa. En el Hay Jordi present\u00f3 su novela &#8220;La nueva tierra&#8221;, sobre la independencia de Colombia. Una de las asistentas a sus charlas fue la Primera Dama del pa\u00eds, Lina Uribe, con la que aparece en la foto superior.<\/div>\n","protected":false},"excerpt":{"rendered":"<p>SE RECUPERA EL PERSONAJE LITERARIO DANIEL ROS \u00a0 \u00a0 Jordi Sierra i Fabra cre\u00f3 al periodista metido en casos policiacos Daniel Ros Mart\u00ed en los a\u00f1os 80. Despu\u00e9s de tres novelas y un largometraje para TV lo recuper\u00f3 a fines de los a\u00f1os 90 con&hellip; <a class=\"read-more\" href=\"https:\/\/sierraifabra.com\/?page_id=257&#038;lang=es\">Read more<\/a><\/p>\n","protected":false},"author":101012,"featured_media":0,"parent":311,"menu_order":0,"comment_status":"closed","ping_status":"closed","template":"","meta":{"footnotes":""},"class_list":["post-257","page","type-page","status-publish","hentry"],"aioseo_notices":[],"_links":{"self":[{"href":"https:\/\/sierraifabra.com\/index.php?rest_route=\/wp\/v2\/pages\/257","targetHints":{"allow":["GET"]}}],"collection":[{"href":"https:\/\/sierraifabra.com\/index.php?rest_route=\/wp\/v2\/pages"}],"about":[{"href":"https:\/\/sierraifabra.com\/index.php?rest_route=\/wp\/v2\/types\/page"}],"author":[{"embeddable":true,"href":"https:\/\/sierraifabra.com\/index.php?rest_route=\/wp\/v2\/users\/101012"}],"replies":[{"embeddable":true,"href":"https:\/\/sierraifabra.com\/index.php?rest_route=%2Fwp%2Fv2%2Fcomments&post=257"}],"version-history":[{"count":0,"href":"https:\/\/sierraifabra.com\/index.php?rest_route=\/wp\/v2\/pages\/257\/revisions"}],"up":[{"embeddable":true,"href":"https:\/\/sierraifabra.com\/index.php?rest_route=\/wp\/v2\/pages\/311"}],"wp:attachment":[{"href":"https:\/\/sierraifabra.com\/index.php?rest_route=%2Fwp%2Fv2%2Fmedia&parent=257"}],"curies":[{"name":"wp","href":"https:\/\/api.w.org\/{rel}","templated":true}]}}