{"id":259,"date":"2015-07-22T09:03:38","date_gmt":"2015-07-22T09:03:38","guid":{"rendered":"http:\/\/thewalrushub.com\/jordi\/?page_id=259"},"modified":"2017-02-02T16:37:28","modified_gmt":"2017-02-02T15:37:28","slug":"noticias-2011","status":"publish","type":"page","link":"https:\/\/sierraifabra.com\/?page_id=259&lang=es","title":{"rendered":"Noticias 2011"},"content":{"rendered":"<div><span style=\"font-size: large;\">UN A\u00d1O MAS, JORDI ES LIDER EN LAS BIBLIOTECAS ESPA\u00d1OLAS<\/span><\/p>\n<div>Un a\u00f1o m\u00e1s, Jordi Sierra i Fabra es el autor m\u00e1s solicitado en la mayor\u00eda de bibliotecas de Espa\u00f1a. Una muestra la tenemos en el recuento anual de la provincia de M\u00e1laga, donde encabeza la lista de escritores m\u00e1s pedidos por delante de Lorca o Unamuno. &#8220;Campos de fresas&#8221;, editado en 1997, se mantiene como libro m\u00e1s le\u00eddo en la mayor\u00eda.<\/div>\n<p><span style=\"font-size: large;\">JORDI CONSIGUE SU PREMIO N\u00daMERO 30: EL BARCANOVA<\/span><br \/>\n<a><img decoding=\"async\" src=\"http:\/\/www.sierraifabra.com\/2011\/data\/upimages\/thumbs\/BarcanovaPremio.JPG\" alt=\"BarcanovaPremio.JPG\" align=\"none\" border=\"0\" hspace=\"15\" vspace=\"5\" \/><\/a><\/p>\n<div>Nuevo premio literario para Jordi Sierra i Fabra, el 30 de su carrera. En esta ocasi\u00f3n ha sido el Barcanova de Literatura Juvenil, en catal\u00e1n, por la novela &#8220;L&#8217;estrany&#8221; (El extra\u00f1o), una dura obra en la que se muestra la vida de un ni\u00f1o de 12 a\u00f1os en un pa\u00eds en el que se ha producido un golpe de estado. Con el padre en la c\u00e1rcel, la madre ha de realquilar una habitaci\u00f3n a un misterioso anciano. Un d\u00eda el ni\u00f1o descubre que este tiene una pierna de metal y en ella un compartimento secreto en el que guarda documentos. Al instante est\u00e1 seguro de que su huesped es un extraterrestre y le sigue a todas partes. La novela habla de la inocencia de la infancia y de los sue\u00f1os que la salvaguardan. El premio se lo entreg\u00f3 en Barcelona el d\u00eda 14 de diciembre el Conseller de Cultura de la Generalitat, Ferran Mascarell, que obviamente no tiene nada que ver con el personaje policiaco de Jordi, Miquel Mascarell, protagonista de &#8220;Cuatro d\u00edas de octubre&#8221;, &#8220;Siete d\u00edas de julio&#8221; y &#8220;Cinco d\u00edas de octubre&#8221;, aunque el Conseller coment\u00f3 divertido la curiosa circunstancia.<\/p>\n<div>&#8220;KAFKA Y LA MU\u00d1ECA VIAJERA&#8221; DE GIRA POR ESPA\u00d1A<br \/>\n<a><img decoding=\"async\" src=\"http:\/\/www.sierraifabra.com\/2011\/data\/upimages\/thumbs\/Kafkaposter.jpg\" alt=\"Kafkaposter.jpg\" align=\"none\" border=\"0\" hspace=\"15\" vspace=\"5\" \/><\/a><\/div>\n<p>Las compa\u00f1\u00edas teatrales Tanttaka Teatroa (euskera), Emedous (gallego) y Albena Teatre (valenciano), han hecho una nueva versi\u00f3n de &#8220;Kafka y la mu\u00f1eca viajera&#8221;, Premio Nacional de LIJ en 2007, y la presentan en gira por toda Espa\u00f1a en diferentes lenguas nacionales. Las citas son: En Valencia: 13 de diciembre Casa de la Cultura de L&#8217;Alcudia, del 15 al 18 Teatro Musical de Valencia y Teatre del Raval de Gandia el 31 de enero y 1,2,3,4.20,21,22 y 23 de febrero. Euskadi: Sala Club del Teatro Victoria Eugeniade Donosti, 2 al 5, 7 y 8 de enero, 28 y 29 de febrero y 1 y 2 de marzo, Teatro Coliseo de Eibar el 3 de marzo, Audirorio Kultur de Leioa el 4 de marzo, Lizeo Antzokia de Gernika el 11 de marzo, Antzokia de Basauri el 25 de marzo y Teatro Principal de Vitoria el 1 de abril. Galicia: Forum Metropolitano de A Coru\u00f1a del 20 al 22 de enero, Auditorio Municipal de Nar\u00f3n el 29 de enero, Teatro Principal de Pontevedra 6 y 7 de marzo y Auditorio Municipal de Vigo el 22 de abril. Asturias: Teatro Jovellanos de Gij\u00f3n el 27 de febrero.<\/p><\/div>\n<p><span style=\"font-size: medium;\"><br \/>\nGIRA DE PROMOCION DE &#8220;SOMBRAS EN EL TIEMPO&#8221;, PREMIO CIUDAD DE TORREVIEJA<br \/>\n<\/span><\/div>\n<p><a><img decoding=\"async\" src=\"http:\/\/www.sierraifabra.com\/2011\/data\/upimages\/Libros\/thumbs\/Sombras_portada.jpg\" alt=\"Sombras_portada.jpg\" align=\"none\" border=\"0\" hspace=\"15\" vspace=\"5\" \/><\/a><\/p>\n<p><span style=\"font-size: medium;\">Despu\u00e9s de la presentaci\u00f3n en Barcelona de &#8220;Sombras en el tiempo&#8221;, la novela con la que gan\u00f3 el Premio Ciudad de Torrevieja, Jordi ha llevado a cabo una peque\u00f1a gira por diversas capitales espa\u00f1olas para promocionar la obra. La presentaci\u00f3n tuvo lugar el d\u00eda 26 de octubre a las 19 horas en el Museo de Historia de Catalunya. La gira incluy\u00f3 entrevistas y presentaciones en Sevilla (2 y 3 de noviembre), Bilbao (7 y 8 de noviembre), Madrid (15 y 16 de noviembre), Valencia (13 y 14 de diciembre) y Murcia (15 y 16 de diciembre).<\/span><\/p>\n<div><\/div>\n<p><span style=\"font-size: medium;\">JORDI GANA EL PREMIO CIUDAD DE TORREVIEJA<br \/>\n<\/span><\/p>\n<p><span style=\"font-size: medium;\"><img loading=\"lazy\" decoding=\"async\" src=\"http:\/\/www.sierraifabra.com\/ant\/fotos\/Image\/Privado\/Jordi%20Torrevieja%201.jpg\" alt=\"\" width=\"132\" height=\"200\" \/>\u00a0\u00a0 <img loading=\"lazy\" decoding=\"async\" src=\"http:\/\/www.sierraifabra.com\/ant\/fotos\/Image\/Privado\/Yo%20Premio%20Torrevieja%204-A.JPG\" alt=\"\" width=\"246\" height=\"200\" \/><br \/>\n<\/span><\/p>\n<div><span style=\"font-size: medium;\">30 de septiembre \u2014 Jordi Sierra i Fabra ha conseguido el X Premio Literario Ciudad de Torrevieja, el tercero mejor dotado del mundo, con 360.607 euros. En el acto celebrado en Torrevieja, Alicante, Jordi afirm\u00f3 que destinar\u00e1 el importe del galard\u00f3n a su Fundaci\u00f3n de Barcelona, con el objeto de comprar una sede en la que pueda desarrollarse su sue\u00f1o. Mientras que en su otra Fundaci\u00f3n, la de Medell\u00edn, trabajan ya 50 personas que atienden cada a\u00f1o entre 60.000 y 100.000 ni\u00f1os y j\u00f3venes, y cuenta con dos sedes y una escuela de escritores e ilustradores (en un local regalado por el Banco de Colombia), en la de Barcelona, sin ayudas de ning\u00fan tipo, s\u00f3lo se convoca el Premio Literario para menores de 18 a\u00f1os. Si los 360.607 euros sirven para comprar ese local (Hacienda se llevar\u00e1 una parte sustanciosa), Jordi inaugurar\u00e1 un centro de estudios, espacios para clases y seminarios y un largo etc.<br \/>\nLa novela ganadora, &#8220;Sombras en el tiempo&#8221;, que se editar\u00e1 el 20 de octubre, es la obra m\u00e1s larga jam\u00e1s escrita por Jordi (trilog\u00edas aparte). Son m\u00e1s de 500 p\u00e1ginas y retrata la emigraci\u00f3n de una familia murciana a la Barcelona de la posguerra. Se desarrolla entre 1949 y 1952 y en ella hay drama, mucho amor, un crimen, anarquismo, grandes dosis de pasi\u00f3n y el retrato fiel y perfectamente documentado de una \u00e9poca singular en la historia de Espa\u00f1a. Tambi\u00e9n es un libro para todos los p\u00fablicos, porque de los seis miembros de la familia, tres son adolescentes. Miembros del jurado dijeron que era &#8220;un libro con alma que no dejar\u00e1 indiferente, construido con di\u00e1logos y sin apenas narraci\u00f3n, obra maestra de un gran escritor de hoy&#8221;. Al Premio se hab\u00edan presentado 524 originales de una docena de pa\u00edses.<\/span><\/div>\n<p><span style=\"font-size: medium;\">JORDI REGRES\u00d3 DE COLOMBIA<br \/>\n<\/span><\/p>\n<p><span style=\"font-size: medium;\">Jordi ha estado 3 semanas de septiembre en Medell\u00edn, Colombia, en la sede de su Fundaci\u00f3n y tambi\u00e9n en la Feria del Libro de la ciudad. Entre otras actividades tuvo tres charlas muy especiales: una con ex drogadictos en proceso de reinserci\u00f3n, otra con ni\u00f1os menores de edad con delitos por robo o tr\u00e1fico de drogas, y una tercera con Habitantes de la Calle (en Espa\u00f1a, Sin Techo), en un centro que les acoge de d\u00eda. Las tres charlas fueron multitudinarias y enriquecedoras.<\/span><\/p>\n<p>JORDI MIEMBRO DEL PATRONATO DEL INSTITUTO CERVANTES<\/p>\n<div>\u00a0\u00a0 A propuesta de la directora del Instituto Cervantes, Carmen Caffarel, el ministerio de Asuntos Exteriores y el de Cultura, el consejo de ministros del d\u00eda 8 de septiembre aprob\u00f3 el nombramiento de Jordi Sierra i Fabra como miembro del Patronato del Instituto Cervantes. En palabras de la propia Carmen, es un premio a los 40 a\u00f1os de vida profesional de Jordi, pero tambi\u00e9n un reconocimiento a la literatura infantil y juvenil, ya que es la primera vez que un autor destacado en este campo ingresa en un organismo como el Instituto Cervantes o la Real Academia de la Lengua. El d\u00eda 11 de octubre, en la reuni\u00f3n anual del Instituto presidida por S.M. el rey, Jordi debut\u00f3 en su nuevo papel.<\/div>\n<p><span style=\"font-size: medium;\">\u00a0<\/span><\/p>\n<div>\n<div>SANT JORDI M\u00c1GICO<\/div>\n<\/div>\n<p><span style=\"font-size: medium;\">\u00a0\u00a0\u00a0 Jordi arras\u00f3 en Sant Jordi, D\u00eda del Libro en Barcelona, con su principal novedad, &#8220;Cinco d\u00edas de octubre&#8221;, que tanto en castellano como catal\u00e1n fue uno de los libros m\u00e1s vendidos de la jornada. Tambi\u00e9n destacaron &#8220;El caso del loro que hablaba demasiado&#8221; y &#8220;La rosa de Sant Jordi&#8221;. Los fans de la serie protagonizada por el polic\u00eda Miquel Mascarell (&#8220;Cuatro d\u00edas de enero&#8221; y &#8220;Siete d\u00edas de julio&#8221;) le pidieron a Jordi que no acabara aqu\u00ed con el personaje como hab\u00eda anunciado y lo retomara en nuevas investigaciones.<br \/>\nPreviamente al D\u00eda del Libro, el Proyecto EPI (Escritores por la Infancia), impulsado por su Fundaci\u00f3n, volvi\u00f3 a tomar el protagonismo en los hospitales de Barcelona. Si el primer a\u00f1o fueron 5 autores los que llevaron sus libros a los ni\u00f1os enfermos, y el segundo se lleg\u00f3 a la cifra de 15, este 2011 han sido 25, aunque hubo muchas m\u00e1s inscripciones de \u00faltima hora que ya no pudieron ser admitidas porque el n\u00famero ideal por hospital es de cuatro. Nuevamente Jordi prohibi\u00f3 publicidad al respecto, para convertir el acto en algo privado e \u00edntimo. Los escritores no quieren c\u00e1maras de TV como los futbolistas, que adem\u00e1s apenas si est\u00e1n con los enfermos.<br \/>\n<\/span><\/p>\n<p>VUELVE A ESTRENARSE EN PER\u00da &#8220;KAFKA Y LA MU\u00d1ECA VIAJERA&#8221;<\/p>\n<p><img loading=\"lazy\" decoding=\"async\" src=\"http:\/\/www.sierraifabra.com\/ant\/fotos\/Image\/Privado\/Foto%20kafka%20Peru.jpg\" alt=\"\" width=\"140\" height=\"200\" \/><\/p>\n<p>El pasado 2010 se estren\u00f3 en el Auditorio del Centro Cultural El Olivar de Lima, Per\u00fa, la versi\u00f3n teatral de &#8220;Kafka y la mu\u00f1eca viajera&#8221;, novela con la que Jordi gan\u00f3 el Premio Nacional de Literatura 2007. Lima era, despu\u00e9s de Madrid, la segunda capital que ofrec\u00eda una versi\u00f3n teatral del libro. Ahora, del 2 de abril al 7 de mayo de este 2011, y debido al \u00e9xito de las primeras representaciones, &#8220;Kafka y la mu\u00f1eca viajera&#8221; regresa a los escenarios de Lima, y esta vez lo hace en el Teatro Mario Vargas Llosa, de la Biblioteca Nacional de Per\u00fa. En Facebook encontrar\u00e9is detalles e im\u00e1genes de este nuevo estreno.<\/p>\n<p>JORDI PUBLICA SUS POEMAS INEDITOS&#8230; Y ALGO M\u00c1S<\/p>\n<p><img loading=\"lazy\" decoding=\"async\" src=\"http:\/\/www.sierraifabra.com\/ant\/fotos\/Image\/Privado\/Poemas.jpg\" alt=\"\" width=\"200\" height=\"200\" \/><\/p>\n<div>\u00a0\u00a0\u00a0\u00a0 Durante 12 a\u00f1os, desde que se cre\u00f3 esta web, Jordi ha regalado cada mes a sus lectores un poema en la p\u00e1gina &#8220;Lee Gratis&#8221;. Muchas y muchos le ped\u00edais que los editara en forma de libro. Pues bien: ya est\u00e1 aqu\u00ed. Y para que el precio fuera asequible para todos, se edita exclusivamente &#8220;on line&#8221; a 6,95 euros. El libro puede descargarse y leerse en cualquier sistema inform\u00e1tico, y tambi\u00e9n editarse f\u00e1cilmente. Adem\u00e1s de los poemas in\u00e9ditos de estos \u00faltimos veinte a\u00f1os, el libro tiene como regalo un anexo con una selecci\u00f3n de sus poemas de juventud. Puedes conocer al Jordi m\u00e1s \u00edntimo. Para compras, no tienes m\u00e1s que entrar en Hakabooks.com<\/p>\n<\/div>\n<p>BERTA MIR Y MIQUEL MASCARELL, PERSONAJES DE LA PRIMAVERA<\/p>\n<p><img loading=\"lazy\" decoding=\"async\" src=\"http:\/\/www.sierraifabra.com\/ant\/fotos\/Image\/Privado\/Loro.jpg\" alt=\"\" width=\"118\" height=\"175\" \/>\u00a0\u00a0 <img loading=\"lazy\" decoding=\"async\" src=\"http:\/\/www.sierraifabra.com\/ant\/fotos\/Image\/Privado\/Cinco%20dias.jpg\" alt=\"\" width=\"113\" height=\"175\" \/><\/p>\n<p>Ya est\u00e1n aqu\u00ed dos esperadas novelas, la segunda entrega de Berta Mir, &#8220;El caso del loro que hablaba demasiado&#8221;, y la tercera de la trilog\u00eda iniciada con &#8220;Cuatro d\u00edas de enero&#8221; y continuada con &#8220;Siete d\u00edas de julio&#8221;, &#8220;Cinco d\u00edas de octubre&#8221;, con la que el viejo inspector de polic\u00eda republicano Miquel Mascarell cierra su ciclo en la Espa\u00f1a de la posguerra. S\u00f3lo en dos semanas, la versi\u00f3n catalana ha vendido ya dos ediciones del libro.<br \/>\nBerta Mir encendi\u00f3 las primeras pasiones con su primer libro, &#8220;El caso del falso accidente&#8221;. Una legi\u00f3n de primeros fans la ha convertido en un personaje que va a ser muy popular en la literatura espa\u00f1ola. La joven de 18 a\u00f1os, que ha de suplir a su padre, detective, por necesidad, sin dejar a su grupo musical ni perder de vista su propia vida, ha logrado que las redes sociales se hayan volcado en ella.<br \/>\nEn &#8220;El caso del loro que hablaba demasiado&#8221; Berta se enfrenta al robo de un guacamayo que vale 90.000 euros. Con ello, nuestro personaje ha de adentrarse, por un lado, en los entresijos de una familia en la que hay muchos esqueletos escondidos en los armarios, y por el otro, en la trama de las mafias dedicadas al tr\u00e1fico de animales \u00e9xoticos y en v\u00edas de extinci\u00f3n.<\/p>\n<p>ENTREGA DEL VI PREMIO JORDI SIERRA I FABRA PARA JOVENES<\/p>\n<p><img loading=\"lazy\" decoding=\"async\" src=\"http:\/\/www.sierraifabra.com\/ant\/fotos\/Image\/Privado\/Fiesta%202.JPG\" alt=\"\" width=\"150\" height=\"200\" \/><\/p>\n<p>El d\u00eda 22 de marzo, en la Real Casa de Correos de Madrid,\u00a0 se entreg\u00f3 el VI Premio de Literatura Jordi Sierra i Fabra para J\u00f3venes a la ganadora del concurso, Arlet Hinojosa Mart\u00ednez, de 15 a\u00f1os. La entrega se la hizo la princesa de Asturias, do\u00f1a Letizia, que posteriormente departi\u00f3 con ella y con Jordi en la fiesta que sigui\u00f3 al evento. Arlet le cont\u00f3 a la princesa el argumento de &#8220;La leyenda negra&#8221;, su fant\u00e1stica novela. Dos de las vencedoras anteriores, Jara Santamar\u00eda y Lorena Moreno, asistieron tambi\u00e9n al acto, la primera en calidad de periodista y la segunda, que tambi\u00e9n estudia periodismo, como invitada. Era la primera vez que se reun\u00edan tres de los seis vencedores del premio. En su alocuci\u00f3n a los presentes, Arlet gradeci\u00f3 a la Fundaci\u00f3 Jordi Sierra i Fabra la ayuda que presta con su concurso para que los j\u00f3venes se atrevan a escribir.<\/p>\n<p>SE INAUGURA EN MEDELLIN LA ESCUELA DE ESCRITORES E ILUSTRADORES<\/p>\n<p>En su reciente visita a Colombia de febrero y marzo de 2011, Jordi inaugur\u00f3 en Medell\u00edn la Escuela de Escritores e Ilustradores en la subsede L\u00e1pices de su Fundaci\u00f3n Taller de Letras. \u00c9l mismo dict\u00f3 el primer taller, con 20 candidatos a escritores, a lo largo de una semana. La escuela funcionar\u00e1 a pleno rendimiento desde ahora con clases que impartir\u00e1n renombrados autores (narrativa y poes\u00eda) as\u00ed como dibujantes, tanto colombianos como espa\u00f1oles y de otros pa\u00edses latinoamericanos. En su fundaci\u00f3n Taller de Letras de Colombia, Jordi da ya trabajo a 47 personas.<\/p>\n<p><span style=\"font-size: medium;\">\u00a0<\/span><\/p>\n<div>&#8220;HISTORIA DE UN SEGUNDO&#8221; EN LA LISTA DE HONOR DE IBBY 2012<\/div>\n<div><span style=\"font-size: medium;\">\u00a0\u00a0 \u00a0\u00a0 &#8220;Historia de un segundo&#8221;, novela con la que Jordi gan\u00f3 el Premio Barco de Vapor 2010, ha sido incluida en la Lista de Honor de IBBY para el a\u00f1o 2012. Pese a su larga trayectoria, es la primera vez que IBBY destaca uno de sus libros entre los mejores del a\u00f1o en todo el mundo. Jordi comparte este premio con otras tres obras (una en catal\u00e1n, otra en gallego y otra en euskera) representando al conjunto de lenguas del Estado. As\u00ed mismo, su traducci\u00f3n al gallego de &#8220;Kafka y la mu\u00f1eca viajera&#8221; ha merecido el mismo reconocimiento en el apartado de traducciones, con lo cual puede decirse que tiene &#8216;un libro y medio&#8217; en las Listas de Honor Ibby 2012.<br \/>\n<\/span><\/div>\n<p>UNA NOVELA LLENA DE SENSIBILIDAD<\/p>\n<p><img loading=\"lazy\" decoding=\"async\" src=\"http:\/\/www.sierraifabra.com\/ant\/fotos\/Image\/Privado\/Un%20poco%20de%20abril.jpg\" alt=\"\" width=\"120\" height=\"175\" \/><\/p>\n<p><span style=\"font-size: medium;\">\u00a0\u00a0\u00a0 Tomando el t\u00edtulo de uno de sus poemas, como ya hizo con subest seller &#8220;97 formas de decir te quiero&#8221;, se edita por fin&#8221;Un poco de abril, algo de mayo, todo septiembre&#8221;(Editorial Viceversa), una novela de amor al l\u00edmite en la que Jordi aborda un tema aparentemente tab\u00fa en la literatura juvenil espa\u00f1ola: el sida. Por este motivo nadie se hab\u00eda atrevido a publicarla hasta ahora. La historia, que parte de un hecho real, no dejar\u00e1 indiferente a nadie, especialmente a las lectoras de Jordi.<\/span><br \/>\nSE FALLA EN BARCELONA EL VI PREMIO LITERARIO JORDI SIERRA I FABRA PARA J\u00d3VENES<\/p>\n<p><img loading=\"lazy\" decoding=\"async\" src=\"http:\/\/www.sierraifabra.com\/ant\/fotos\/Image\/Privado\/Foto%20Premio%20JSiF%202011.JPG\" alt=\"\" width=\"200\" height=\"150\" \/><\/p>\n<p>El VI Premio Literario Jordi Sierra i Fabra para J\u00f3venes se ha fallado en Barcelona el d\u00eda 11 de febrero de 2011. El jurado, compuesto por Elsa Aguiar (editora del Grupo SM, que emiti\u00f3 su voto por videoconferencia), Victoria Fern\u00e1ndez (directora de la revista CLIJ), Elena O&#8217;Callaghan (escritora), Antonia Cortijos (representando a la Fundaci\u00f3 Jordi Sierra i Fabra) y Pep Dur\u00e1n (librero), ha fallado un\u00e1nimente por la novela &#8220;La leyenda negra&#8221;, un libro sobre brujer\u00eda basado en hechos reales sucedidos en el siglo XVII en Zurragamundi.<br \/>\nLa vencedora, Arlet Hinojosa, nacida el 19 de julio de 1995, con 15 a\u00f1os en la actualidad, escribi\u00f3 la novela desde los 14 y la concluy\u00f3 un d\u00eda antes del cierre de la convocatoria del premio. Arlet estudia 4\u00ba de ESO y su deseo, aparte de seguir escribiendo, es estudiar arquitectura paisaj\u00edstica y Bellas Artes. Su madre, Arlette Geneve, tambi\u00e9n escritora, fue parte esencial en la elaboraci\u00f3n del libro. Seg\u00fan le ha contado Arlet a Jordi, despu\u00e9s de leer &#8220;Los archivos de Salem&#8221;, de Robin Cook, tuvo deseos de escribir una historia sobre brujas. Su madre le dijo que no necesitaba acudir a Estados Unidos o Europa para ello, que en Espa\u00f1a hab\u00eda muchos casos de brujer\u00edas casi desconocidas. As\u00ed fue como la vencedora del premio descubri\u00f3 la historia de Zugarramundi en el siglo XVII y se document\u00f3 en bibliotecas, Internet, y tambi\u00e9n con sus profesores. En Zugarramundi la Inquisici\u00f3n quem\u00f3 a varias mujeres por ser brujas as\u00ed que, bas\u00e1ndose en eso, y mezclando realidad con fantas\u00eda, Arlet describe estos hechos. Las protagonistas son dos mellizas, la mujer que las cuida, un amigo y el diablo. Una de las mellizas naci\u00f3 con la marca de Sat\u00e1n, y se sospecha que puede ser hija del diablo. La mujer que las cuida finge haberla matado para que la dejen en paz y en el pueblo s\u00f3lo ven a una de ellas.\u00a0 La novela, en palabras del jurado, &#8220;est\u00e1 muy bien documentado, los personajes son veros\u00edmiles y diferenciados, la trama est\u00e1 perfectamente urdida, jugando con lo real y lo imaginario. No hay soluciones sacadas de la manga, tiene coherencia, est\u00e1 muy bien escrita, posee personalidad y se lee con gusto e inter\u00e9s. Los di\u00e1logos son \u00e1giles, el final no es previsible, el texto es maduro, bien planificado y elaborado&#8221;. Probablemente sea un \u00e9xito en cuanto se edite.<br \/>\nPara m\u00e1s informaci\u00f3n, ver en esta misma web el apartado &#8220;Premio literario 2011&#8221; en &#8220;Fundaci\u00f3 Jordi Sierra i Fabra&#8221;.<\/p>\n<p>YA PUEDES &#8220;OIR&#8221; A JORDI ADEM\u00c1S DE LEERLO<\/p>\n<p><img loading=\"lazy\" decoding=\"async\" src=\"http:\/\/www.sierraifabra.com\/ant\/fotos\/Image\/Privado\/Campos%20audio.jpg\" alt=\"\" width=\"133\" height=\"200\" \/><\/p>\n<p>La empresa Audiomol, www.audiomol.com, ha comenzado a editar en audiolibro algunas de las principales novelas de Jordi, interpretadas por grandes voces de la narrativa oral en Espa\u00f1a. Los libros en audio pueden adquirirse de dos formas: como descarga a trav\u00e9s de la web, a un precio reducido, o comprando las grabaciones en CD, a un precio mayor seg\u00fan el n\u00famero de discos de cada estuche. Las primeras novelas convertidas en audio han sido &#8220;Kafka y la mu\u00f1eca viajera&#8221;, &#8220;La noche de la jinetera&#8221;, &#8220;Campos de fresas&#8221;, &#8220;Berta Mir: El caso del falso accidente&#8221;, &#8220;El asesinato de Johann Sebastian Bach&#8221;, &#8220;El peso del silencio&#8221;, &#8220;Una dulce historia de mariposas y lib\u00e9lulas&#8221; y &#8220;La modelo descalza&#8221;. Jordi se convertir\u00e1 as\u00ed en el escritor espa\u00f1ol con m\u00e1s novelas convertidas en libros para o\u00edr.<\/p>\n<p>&nbsp;<\/p>\n","protected":false},"excerpt":{"rendered":"<p>UN A\u00d1O MAS, JORDI ES LIDER EN LAS BIBLIOTECAS ESPA\u00d1OLAS Un a\u00f1o m\u00e1s, Jordi Sierra i Fabra es el autor m\u00e1s solicitado en la mayor\u00eda de bibliotecas de Espa\u00f1a. Una muestra la tenemos en el recuento anual de la provincia de M\u00e1laga, donde encabeza la&hellip; <a class=\"read-more\" href=\"https:\/\/sierraifabra.com\/?page_id=259&#038;lang=es\">Read more<\/a><\/p>\n","protected":false},"author":101012,"featured_media":0,"parent":311,"menu_order":0,"comment_status":"closed","ping_status":"closed","template":"","meta":{"footnotes":""},"class_list":["post-259","page","type-page","status-publish","hentry"],"aioseo_notices":[],"_links":{"self":[{"href":"https:\/\/sierraifabra.com\/index.php?rest_route=\/wp\/v2\/pages\/259","targetHints":{"allow":["GET"]}}],"collection":[{"href":"https:\/\/sierraifabra.com\/index.php?rest_route=\/wp\/v2\/pages"}],"about":[{"href":"https:\/\/sierraifabra.com\/index.php?rest_route=\/wp\/v2\/types\/page"}],"author":[{"embeddable":true,"href":"https:\/\/sierraifabra.com\/index.php?rest_route=\/wp\/v2\/users\/101012"}],"replies":[{"embeddable":true,"href":"https:\/\/sierraifabra.com\/index.php?rest_route=%2Fwp%2Fv2%2Fcomments&post=259"}],"version-history":[{"count":0,"href":"https:\/\/sierraifabra.com\/index.php?rest_route=\/wp\/v2\/pages\/259\/revisions"}],"up":[{"embeddable":true,"href":"https:\/\/sierraifabra.com\/index.php?rest_route=\/wp\/v2\/pages\/311"}],"wp:attachment":[{"href":"https:\/\/sierraifabra.com\/index.php?rest_route=%2Fwp%2Fv2%2Fmedia&parent=259"}],"curies":[{"name":"wp","href":"https:\/\/api.w.org\/{rel}","templated":true}]}}