{"id":261,"date":"2015-07-22T09:04:27","date_gmt":"2015-07-22T09:04:27","guid":{"rendered":"http:\/\/thewalrushub.com\/jordi\/?page_id=261"},"modified":"2017-02-02T16:37:28","modified_gmt":"2017-02-02T15:37:28","slug":"noticias-2012","status":"publish","type":"page","link":"https:\/\/sierraifabra.com\/?page_id=261&lang=es","title":{"rendered":"Noticias 2012"},"content":{"rendered":"<p><span style=\"font-size: large;\">JORDI EN GUADALAJARA Y MONTERREY<\/span><\/p>\n<div>Jordi Sierra i Fabra ha sido invitado especial en la Feria del Libro de Guadalajara, M\u00e9xico, la m\u00e1s importante del mundo de habla hispana. Jordi dio tres seminarios con su libro &#8220;La P\u00e1gina Escrita&#8221; a los estudiantes vencedores de un certamen nacional de futuros escritores, present\u00f3 dos libros, particip\u00f3 en una mesa redonda, estableci\u00f3 nuevos contactos con sus editores latinoamericamos y ofreci\u00f3 diversas charlas en colegios. Tambi\u00e9n en Monterrey dio cinco conferencias en apenas un d\u00eda y medio.<\/p>\n<\/div>\n<p><span style=\"font-size: large;\">PRESENTACION DE LAS &#8220;MEMORIAS&#8221; DE JORDI EN MADRID<\/span><br \/>\n<a><img decoding=\"async\" src=\"http:\/\/www.sierraifabra.com\/2011\/data\/upimages\/Libros\/thumbs\/400portadaparaweb.jpg\" alt=\"400portadaparaweb.jpg\" align=\"none\" border=\"0\" hspace=\"15\" vspace=\"5\" \/><\/a><a><img decoding=\"async\" src=\"http:\/\/www.sierraifabra.com\/2011\/data\/upimages\/Libros\/thumbs\/400.22.11.12Md.JPG\" alt=\"400.22.11.12Md.JPG\" align=\"none\" border=\"0\" hspace=\"15\" vspace=\"5\" \/><\/a><\/p>\n<div>\u00a0\u00a0\u00a0\u00a0\u00a0\u00a0 El d\u00eda 22 de noviembre, a las 19 horas, en el Forum FNAC de Callao, en Madrid, Jordi present\u00f3 sus &#8220;Memorias Literarias&#8221;, el libro que resume no s\u00f3lo sus 40 a\u00f1os de escritor, sino toda su vida en torno a la literatura, desde los primeros pasos en la infancia hasta sus duros comienzos en la adolescencia pasando por su juventud como comentarista musical y director de revistas. Se trata de un precioso libro con las portadas de todas sus obras a color, y un minucioso repaso, d\u00eda por d\u00eda, de c\u00f3mo, cu\u00e1ndo, d\u00f3nde y por qu\u00e9 las escribi\u00f3. Un documento imprescindible. La presentaci\u00f3n en Madrid fue una gran fiesta-homenaje, en la que se proyectarion pel\u00edculas con palabras de editores, escritores, amigos y fans. Casualmente, 40 a\u00f1os atr\u00e1s, el 22 de noviembre de 1972, Jordi tambi\u00e9n present\u00f3 en Madrid su primer libro, la &#8220;Historia de la m\u00fasica pop&#8221;, cinco d\u00edas despu\u00e9s de hacerlo en Barcelona.<\/p>\n<div><span style=\"font-size: large;\">INAUGURACION DE LA EXPOSICI\u00d3N &#8220;IMAGENES DE ROCK&#8221; EN MEDELL\u00cdN<\/span><\/div>\n<p>El 22 de noviembre, en las tres salas del museo de la C\u00e1mara de Comercio de Medell\u00edn, se inaugur\u00f3 la magna exposici\u00f3n &#8220;Im\u00e1genes de rock&#8221;, con la que Jordi rinde tributo a su vida como comentarista musical y Medell\u00edn al pionero de la prensa escrita rockera en espa\u00f1ol en todo el mundo. En la exposici\u00f3n, que se mantiene por dos meses, hasta el 23 de enero de 2013, pueden verse 90 fotograf\u00edas de grandes estrellas tomadas entre los a\u00f1os 70 y primeros 80 por la c\u00e1mara de Jordi, as\u00ed como tambi\u00e9n paneles con entradas de conciertos hist\u00f3ricos, pases de back stage, credenciales, fotos personales con artistas, exposici\u00f3n de todos sus libros musicales (tanto novelas como enciclopedias y biograf\u00edas), revistas dirigidas o fundadas por Jordi con art\u00edculos esenciales (Disco Expres, Poipular 1, Top Magazine, Extra), un juego Trivial de 3.000 preguntas confeccionado igualmente por \u00e9l&#8230; Un repaso a una vida y un regalo para Medell\u00edn, que es la primera en ver esta antolog\u00eda \u00fanica.<\/p>\n<div><span style=\"font-size: large;\">ESTRENO DE &#8220;EL DOLOR INVISIBLE&#8221;<\/span><\/div>\n<div><a><img decoding=\"async\" src=\"http:\/\/www.sierraifabra.com\/2011\/data\/upimages\/Libros\/thumbs\/Eldolorinvisible.jpg\" alt=\"Eldolorinvisible.jpg\" align=\"none\" border=\"0\" hspace=\"15\" vspace=\"5\" \/><\/a><\/div>\n<div>\u00a0\u00a0\u00a0\u00a0\u00a0\u00a0 &#8220;El dolor invisible&#8221;, quiz\u00e1s una de las novelas m\u00e1s desconocidas de Jordi, se ha convertido en una obra teatral de la mano del director Joan Gallart, que ya llev\u00f3 a escena &#8220;Nunca seremos estrellas de rock&#8221;. El estreno es en Pineda de Mar (Barcelona), el 24 de noviembre. Despu\u00e9s la obra pasa a Barcelona, del 29 de noviembre al 2 de diciembre, en la Sala Teatro Nau Ivanov, a las 9 de la noche de jueves a s\u00e1bado y a las 7 de la tarde el domingo. &#8220;El dolor invisible&#8221; transcurre tras los muros de un manicomio, donde un m\u00e9dico trata a una adolescente que, d\u00eda a d\u00eda, le muestra una personalidad diferente. Un relato inquietante con una enorme sorpresa final.<\/div>\n<\/div>\n<p><span style=\"font-size: large;\">PREMIO VICENT SILVESTRE 2012 PARA JORDI<\/span><br \/>\n<a><img decoding=\"async\" src=\"http:\/\/www.sierraifabra.com\/2011\/data\/upimages\/thumbs\/Alzira2012.jpg\" alt=\"Alzira2012.jpg\" align=\"none\" border=\"0\" hspace=\"15\" vspace=\"5\" \/><\/a><\/p>\n<div>\u00a0\u00a0\u00a0\u00a0\u00a0\u00a0 A los pocos d\u00edas de recibir de manos de la princesa Letizia el Premio Cervantes Chico, Jordi se ha hecho con el Premio Vicent Silvestre de Literatura Infantil con la novela en catal\u00e1n &#8220;El dia que en Gluck va arribar a la Terra&#8221;, que otorga la ciudad de Alzira en Valencia y publica Bromera (Algar en castellano). Jordi hab\u00eda ganado en la modalidad juvenil en 2007 con &#8220;Els focs de la mem\u00f2ria&#8221;, y en su d\u00eda se prometi\u00f3 reunir los dos galardones. Jordi recibi\u00f3 la noticia en Colombia, donde trabajaba en su Fundaci\u00f3n y recib\u00eda el homenaje de la ciudad por sus 40 a\u00f1os de vida profesional. En dicho multitudinario homenaje, cant\u00f3 &#8220;Twist and shout&#8221; con el grupo de rock invitado al acto.<\/div>\n<p><span style=\"font-size: large;\">JORDI RECIBE EL CERVANTES CHICO<br \/>\n<\/span><a><img decoding=\"async\" src=\"http:\/\/www.sierraifabra.com\/2011\/data\/upimages\/thumbs\/PremioCervantes2.jpg\" alt=\"PremioCervantes2.jpg\" align=\"none\" border=\"0\" hspace=\"15\" vspace=\"5\" \/><\/a><a><img decoding=\"async\" src=\"http:\/\/www.sierraifabra.com\/2011\/data\/upimages\/thumbs\/PremioCervantes1.jpg\" alt=\"PremioCervantes1.jpg\" align=\"none\" border=\"0\" hspace=\"15\" vspace=\"5\" \/><\/a><\/p>\n<div>\u00a0\u00a0\u00a0\u00a0\u00a0\u00a0 El pasado d\u00eda 22 de octubre, en el Teatro Cervantes de Alcal\u00e1 de Henares, SAR la princesa Letizia hizo entrega a Jordi del Premio Cervantes Chico otorgado por el conjunto de su obra y su labor en pro de la cultura a trav\u00e9s de sus dos Fundaciones a ambos lados del Atl\u00e1ntico. Conocedora de la vida y la narrativa de Jordi, la princesa glos\u00f3 en su parlamento su trayectoria y cont\u00f3 a los m\u00e1s de 250 j\u00f3venes asistentes al acto algunos detalles significativos de la misma, como el hecho de que fuera tartamudo de ni\u00f1o y superara las trabas que trataron de impedir que cumpliera su sue\u00f1o de ser escritor. Jordi, en su alocu\u00f3n de agradecimiento, habl\u00f3 de pasi\u00f3n, de lo que significa leer en el crecimiento del ser humano, cont\u00f3 de qu\u00e9 forma ley\u00f3 &#8220;El Quijote&#8221; siendo ni\u00f1o, y acab\u00f3 salt\u00e1ndose el protocolo para tutear y llamar &#8220;amiga&#8221; a la princesa, recordando que viene del mundo de la cultura y siempre tendr\u00e1 alma y coraz\u00f3n de periodista.<\/div>\n<p><span style=\"font-size: large;\">PRESENTACION DEL &#8220;DIARIO DE LOS BEATLES&#8221;<\/span><br \/>\n<a><img decoding=\"async\" src=\"http:\/\/www.sierraifabra.com\/2011\/data\/upimages\/Libros\/thumbs\/BeatlesPresentacion1.JPG\" alt=\"BeatlesPresentacion1.JPG\" align=\"none\" border=\"0\" hspace=\"15\" vspace=\"5\" \/><\/a><\/p>\n<div>\u00a0\u00a0\u00a0\u00a0\u00a0\u00a0 Ante una concurrencia formada por irredentos fans de los Beatles y curiosos que quer\u00edan acercarse a Jordi, el 5 de octubre (fecha del 50 aniversario de la aparici\u00f3n del primer disco del grupo) se present\u00f3 en la Casa del libro de Barcelona el &#8220;Diario de los Beatles&#8221;, su libro n\u00famero 400, por orden cronol\u00f3gico de aparici\u00f3n, justo a un mes de cumplir los 40 a\u00f1os de su primera obra, la &#8220;Historia de la M\u00fasica Pop&#8221;.<\/div>\n<p><span style=\"font-size: large;\">LAS FUNDACIONES JORDI SIERRA I FABRA LANZAN LA REVISTA ON LINE &#8220;LA P\u00c1GINA ESCRITA&#8221; PARA TODOS LOS FUTUROS ESCRITORES DEL MUNDO DE HABLA HISPANA<\/span><br \/>\n<a><img decoding=\"async\" src=\"http:\/\/www.sierraifabra.com\/2011\/data\/upimages\/Libros\/thumbs\/LaPaginaEscrita.jpg\" alt=\"LaPaginaEscrita.jpg\" align=\"none\" border=\"0\" hspace=\"15\" vspace=\"5\" \/><\/a><\/p>\n<div>\u00a0\u00a0\u00a0\u00a0\u00a0\u00a0 Con fecha 1 de octubre de 2012, la Fundaci\u00f3 Jordi Sierra i Fabra de Barcelona, Espa\u00f1a, con el soporte de la Fundaci\u00f3n Taller de Letras Jordi Sierra i Fabra de Medell\u00edn, Colombia, ha lanzado para todo el mundo de habla hispana la revista on line LA P\u00c1GINA ESCRITA, que adem\u00e1s incluye como regalo adicional un libro in\u00e9dito del propio Jordi, &#8220;La historia del Centro del Mundo&#8221;. La revista y el libro pueden verse y descargarse gratis en www.lapaginaescrita.com. Adem\u00e1s de entrevistas a escritores e ilustradores sobre sus m\u00e9todos de trabajo, comentarios de libros, juegos y todo lo que gira en torno al aprendizaje de la escritura, la revista publicar\u00e1 cada n\u00famero los mejores poemas y relatos de los lectores. En el portal de LA P\u00c1GINA ESCRITA se explica todo.<\/div>\n<p><span style=\"font-size: large;\">BEATLES, 50 A\u00d1OS<\/span><\/p>\n<p><a><img decoding=\"async\" src=\"http:\/\/www.sierraifabra.com\/2011\/data\/upimages\/Libros\/thumbs\/Beatles.jpg\" alt=\"Beatles.jpg\" align=\"none\" border=\"0\" hspace=\"15\" vspace=\"5\" \/><\/a><a><img decoding=\"async\" src=\"http:\/\/www.sierraifabra.com\/2011\/data\/upimages\/Libros\/thumbs\/BeatlesHaka1.jpg\" alt=\"BeatlesHaka1.jpg\" align=\"none\" border=\"0\" hspace=\"15\" vspace=\"5\" \/><\/a><\/p>\n<div>\u00a0\u00a0\u00a0\u00a0\u00a0\u00a0 El 5 de octubre de 1962 se edit\u00f3 el primer disco de los Beatles, &#8220;Love me do&#8221;. 50 a\u00f1os despu\u00e9s, coincidiendo con esta efemerides, Jordi publica su magno &#8220;Diario de los Beatles (y de John, Paul, George y Ringo)&#8221;, una obra b\u00e1sica, \u00fanica en el mundo, que no es s\u00f3lo un repaso d\u00eda por d\u00eda de la historia del conjunto m\u00e1s grande que jam\u00e1s haya existido, sino tambi\u00e9n un vuelo por los \u00faltimos 50 a\u00f1os de la historia de varias generaciones que han\/hemos crecido con su m\u00fasica. Edaf lo ha editado en formato libro, y HakaBooks.com en edici\u00f3n digital. Ambos textos est\u00e1n profusamente ilustrados y ambos volumenes son una maravilla visual.<\/div>\n<p><span style=\"font-size: large;\">JORDI PREMIADO CON EL CERVANTES CHICO<\/span><\/p>\n<div>\u00a0\u00a0\u00a0\u00a0\u00a0\u00a0 El mismo d\u00eda en que cumple 65 a\u00f1os (26 de julio), Jordi ha sido galardonado con el Premio Cervantes para J\u00f3venes, m\u00e1s conocido como el Cervantes Chico. El jurado y los 4.028 alumnos de 42 centros escolares de Alcal\u00e1 de Henares (que han votado por \u00e9l con un 44,94% del total de sus votos), se lo han concedido por la importancia de su obra as\u00ed como su labor y compromiso a trav\u00e9s de sus Fundaciones en Espa\u00f1a y Colombia. La entrega del premio tendr\u00e1 lugar a mediados de octubre en el Teatro Cervantes de Alcal\u00e1 de Henares y como es habitual la realizar\u00e1 SAR la princesa Letizia. Este es el premio literario n\u00ba31 de Jordi y llega en el a\u00f1o de su 40 aniversario desde la publicaci\u00f3n de su primer libro.<\/p>\n<div><span style=\"font-size: large;\">FACETA IN\u00c9DITA DE JORDI: PREGONERO MAYOR<\/span><\/div>\n<div><a><img decoding=\"async\" src=\"http:\/\/www.sierraifabra.com\/2011\/data\/upimages\/thumbs\/Jordipregoncervello.jpg\" alt=\"Jordipregoncervello.jpg\" align=\"none\" border=\"0\" hspace=\"15\" vspace=\"5\" \/><\/a><\/div>\n<p>Jordi fue elegido por el pueblo de Cervell\u00f3, cerca de Barcelona, para ser el pregonero mayor de sus fiestas. El preg\u00f3n hizo vibrar a la audiencia, 800 personas, que le interrumpi\u00f3 con aplausos en varias ocasiones.<\/p><\/div>\n<p><span style=\"font-size: large;\">COMPRA E-BOOKS DE JORDI POR INTERNET<\/span><\/p>\n<div>\u00a0\u00a0\u00a0\u00a0\u00a0\u00a0 Obras in\u00e9ditas de Jordi, descatalogadas, rarezas, ahora todo a tu alcance entrando en la web de hakabooks.com a trav\u00e9s del enlace: <a href=\"http:\/\/www.hakabooks.com\/\" target=\"_self\">www.HakaBooks.com<\/a> \u00a1No te los pierdas!<\/p>\n<div><span style=\"font-size: large;\">TRES REFRESCANTES NOVELAS PARA EL VERANO<\/span><br \/>\n<a><img decoding=\"async\" src=\"http:\/\/www.sierraifabra.com\/2011\/data\/upimages\/Libros\/thumbs\/t_errorportada.jpg\" alt=\"t_errorportada.jpg\" align=\"none\" border=\"0\" hspace=\"15\" vspace=\"5\" \/><\/a><a><img decoding=\"async\" src=\"http:\/\/www.sierraifabra.com\/2011\/data\/upimages\/Libros\/thumbs\/Martes.jpg\" alt=\"Martes.jpg\" align=\"none\" border=\"0\" hspace=\"15\" vspace=\"5\" \/><\/a><a><img decoding=\"async\" src=\"http:\/\/www.sierraifabra.com\/2011\/data\/upimages\/Libros\/thumbs\/Solotu.jpg\" alt=\"Solotu.jpg\" align=\"none\" border=\"0\" hspace=\"15\" vspace=\"5\" \/><\/a><\/div>\n<p>&#8220;T\/.Error&#8221; (Oxford) es un a incursi\u00f3n\u00a0 de Jordi en el g\u00e9nero del terror, como indica el t\u00edtulo. A un pueblo de verano llega un atractivo joven. Un grupo de amigos y amigas le admite, pero casi de inmediato ellos empiezan a morir abrasados&#8230; sin fuego, como si algo les devorara por dentro. D\u00edas antes ha habido una lluvia de estrellas. \u00bfHay relaci\u00f3n? La segunda novela es &#8220;Martes, de 9 a 12&#8243;(Pearson), un libro corto y trepidante que se lee en tiempo real. Un chico es objeto de un secuestro expr\u00e9s y en las siguientes 3 horas de locura, todos los implicados en el caso entrar\u00e1n en un v\u00e9rtigo que no se resuelve hasta la mism\u00edsima \u00faltima l\u00ednea. Por \u00faltimo a destacar la edici\u00f3n en castellano de &#8220;S\u00f3lo tu&#8221; (Destino), editada hace 3 a\u00f1os en catal\u00e1n por Grup 62. El tono er\u00f3tico de esta novela de amor juvenil-adulto imped\u00eda que muchas editoras quisieran publicarla. Pero todo llega.<\/p><\/div>\n<p><span style=\"font-size: large;\">PRIMER HOMENAJE A JORDI POR SUS 40 A\u00d1OS COMO ESCRITOR<\/span><br \/>\n<a><img decoding=\"async\" src=\"http:\/\/www.sierraifabra.com\/2011\/data\/upimages\/Manual\/thumbs\/Presentacion.jpg\" alt=\"Presentacion.jpg\" align=\"none\" border=\"0\" hspace=\"15\" vspace=\"5\" \/><\/a><a><img decoding=\"async\" src=\"http:\/\/www.sierraifabra.com\/2011\/data\/upimages\/Manual\/thumbs\/Cinco_ganadores.jpg\" alt=\"Cinco_ganadores.jpg\" align=\"none\" border=\"0\" hspace=\"15\" vspace=\"5\" \/><\/a><\/p>\n<div>\u00a0\u00a0\u00a0\u00a0 La presentaci\u00f3n de &#8220;Quiz\u00e1s ma\u00f1ana la palabra amor&#8230;&#8221; en la Feria del Libro de Madrid el domingo 27 de mayo se convirti\u00f3 en un inesperado homenaje a Jordi con motivo de sus 40 a\u00f1os como escritor, que se cumplen en noviembre y coinciden con la aparici\u00f3n de sus Memorias Literarias. La editorial SM invit\u00f3 a los ganadores del Premio Literario Jordi Sierra i Fabra y acudieron al acto cinco de ellos, Arturo Padilla de Juan, Jara Santamar\u00eda, \u00c1frica V\u00e1zquez, Lorena Moreno y Alba Quintas Garciandia (Arlet Hinojosa y Dunia Esteban estaban de examenes). Todos tomaron la palabra para hablar de lo que ganar el premio hab\u00eda representado en sus vidas. Adem\u00e1s, se proyect\u00f3 un peque\u00f1o video resumiendo en unos minutos la historia del autor. Los presentes acabaron cantando el &#8220;Cumplea\u00f1os feliz&#8221; ante un emocionado Jordi, que luego s\u00ed present\u00f3 su novela junto a Gabriel Brandariz, su editor en SM, ante un sal\u00f3n de actos lleno a rebosar.<\/div>\n<p><span style=\"font-size: large;\">&#8220;OCULTOS&#8221;, &#8220;SONIDOS DEL CORAZON&#8221;, QUIZ\u00c1S MA\u00d1ANA LA PALABRA AMOR&#8230;&#8221;, &#8220;T\u00da Y YO SOMOS CUATRO&#8221; y &#8220;HUELLAS Y MANCHAS&#8221;<\/span><br \/>\n<a><img decoding=\"async\" src=\"http:\/\/www.sierraifabra.com\/2011\/data\/upimages\/Varias\/thumbs\/Ocultos.jpg\" alt=\"Ocultos.jpg\" align=\"none\" border=\"0\" hspace=\"15\" vspace=\"5\" \/><\/a> <a><img decoding=\"async\" src=\"http:\/\/www.sierraifabra.com\/2011\/data\/upimages\/Varias\/thumbs\/Sonidosdelcorazon.jpg\" alt=\"Sonidosdelcorazon.jpg\" align=\"none\" border=\"0\" hspace=\"15\" vspace=\"5\" \/><\/a><a><img decoding=\"async\" src=\"http:\/\/www.sierraifabra.com\/2011\/data\/upimages\/Varias\/thumbs\/Quizas...jpg\" alt=\"Quizas...jpg\" align=\"none\" border=\"0\" hspace=\"15\" vspace=\"5\" \/><\/a><a><br \/>\n<\/a><a><img decoding=\"async\" src=\"http:\/\/www.sierraifabra.com\/2011\/data\/upimages\/Varias\/thumbs\/Tuyyosomos4.jpg\" alt=\"Tuyyosomos4.jpg\" align=\"none\" border=\"0\" hspace=\"15\" vspace=\"5\" \/><\/a><a>\u00a0<\/a><a><img decoding=\"async\" src=\"http:\/\/www.sierraifabra.com\/2011\/data\/upimages\/Varias\/thumbs\/Huellas.jpg\" alt=\"Huellas.jpg\" align=\"none\" border=\"0\" hspace=\"15\" vspace=\"5\" \/><\/a><\/p>\n<div>\u00a0\u00a0\u00a0\u00a0\u00a0\u00a0 Comienzan las novedades literarias de 2012 (a\u00f1o en que Jordi cumple su 40 aniversario desde la edicion de su primer libro y por ello todos sus editores se est\u00e1n volcando en la efemerides) con verios pesos fuertes en su producci\u00f3n inagotable. En primer lugar destaca &#8220;Ocultos&#8221; (Montena), una incursi\u00f3n en el g\u00e9nero fant\u00e1stico, pero muy del estilo Sierra i Fabra. Un libro de metaliteratura sobre el universo de los libros malditos y prohibidos, con una acci\u00f3n trepidante. En segundo lugar &#8220;Sonidos del coraz\u00f3n (Una historia sobre la m\u00fasica que cambi\u00f3 el mundo)&#8221; (Alba), una novela de amor que incluye un apasionado repaso por la historia del rock. En tercer lugar &#8220;Quiz\u00e1s ma\u00f1ana la palabra amor&#8230;&#8221;(Ediciones SM), un potente drama rom\u00e1ntico sobre c\u00f3mo pueden cambiar nuestras vidas en un segundo. En cuarto lugar &#8220;T\u00fa y yo somos cuatro&#8221; (Edelvives), una divertida novela sobre un chico y una chica que ven como sus padres se enamoran y saben que si se casan tendr\u00e1n que &#8220;ser hermanos&#8221; y vivir juntos. En quinto ligar, &#8220;Huellas y manchas&#8221; (Plataforma Editorial), versi\u00f3n de la novela catalana &#8220;L&#8217;emprenta del silenci&#8221;, en la que Jordi narra un hecho real que ha cambiado hace poco la historia de las donaciones an\u00f3nimas de semen. Tambi\u00e9n son de destacar &#8220;Querido hijo: estamos en huelga&#8221;(Alfaguara), una s\u00e1tira infantil sobre las relaciones padres-hijos, &#8220;El drag\u00f3n, la princesa, San Jorge y la rosa&#8221; (Bru\u00f1o), y la esperada novela con la que Jordi gan\u00f3 el Premio Barcanova 2011 en catal\u00e1n,&#8221;L&#8217;estrany&#8221;, una historia que no dejar\u00e1 indiferente a nadie. Para adultos se edita la versi\u00f3n en catal\u00e1n de &#8220;Sombras en el tiempo&#8221;, &#8220;Ombres en el temps&#8221; (Rosa dels Vents), la novela \u00e9pica con la que gan\u00f3 el Premio Ciudad de Torrevieja en septiembre de 2011.<\/div>\n<p><span style=\"font-size: large;\">SE ENTREGA EL VII PREMIO JORDI SIERRA I FABRA<\/span><br \/>\n<img decoding=\"async\" src=\"http:\/\/www.sierraifabra.com\/2011\/data\/upimages\/Libros\/Albayyo1.jpg\" alt=\"Albayyo1.jpg\" align=\"none\" border=\"0\" hspace=\"15\" vspace=\"5\" \/><\/p>\n<div>\u00a0\u00a0\u00a0\u00a0\u00a0\u00a0 Alba Quintas Garciandia recibi\u00f3 en Madrid el VII Premio Jordi Sierra i Fabra para J\u00f3venes de manos de SAR la princesa Letizia, en un emotivo acto celebrado en la Puerta del Sol.<\/div>\n<p><span style=\"font-size: large;\">SE INAUGURA EN MEDELLIN LA PRIMERA EXPOSICI\u00d3N<br \/>\nFOTOGR\u00c1FICA DE JORDI<\/span><br \/>\n<a><img decoding=\"async\" src=\"http:\/\/www.sierraifabra.com\/2011\/data\/upimages\/thumbs\/Rock_9.JPG\" alt=\"Rock_9.JPG\" align=\"none\" border=\"0\" hspace=\"15\" vspace=\"5\" \/><\/a><a><img decoding=\"async\" src=\"http:\/\/www.sierraifabra.com\/2011\/data\/upimages\/thumbs\/Rock_8.JPG\" alt=\"Rock_8.JPG\" align=\"none\" border=\"0\" hspace=\"15\" vspace=\"5\" \/><\/a><a><img decoding=\"async\" src=\"http:\/\/www.sierraifabra.com\/2011\/data\/upimages\/thumbs\/Rock_4.JPG\" alt=\"Rock_4.JPG\" align=\"none\" border=\"0\" hspace=\"15\" vspace=\"5\" \/><\/a><a><img decoding=\"async\" src=\"http:\/\/www.sierraifabra.com\/2011\/data\/upimages\/thumbs\/Rock_10.jpg\" alt=\"Rock_10.jpg\" align=\"none\" border=\"0\" hspace=\"15\" vspace=\"5\" \/><\/a><a><img decoding=\"async\" src=\"http:\/\/www.sierraifabra.com\/2011\/data\/upimages\/thumbs\/Rock_2.jpg\" alt=\"Rock_2.jpg\" align=\"none\" border=\"0\" hspace=\"15\" vspace=\"5\" \/><\/a><a><img decoding=\"async\" src=\"http:\/\/www.sierraifabra.com\/2011\/data\/upimages\/thumbs\/Rock_7.jpg\" alt=\"Rock_7.jpg\" align=\"none\" border=\"0\" hspace=\"15\" vspace=\"5\" \/><\/a><br \/>\n<a>\u00a0<\/a><a><br \/>\n<\/a><\/p>\n<div>\u00a0\u00a0\u00a0\u00a0\u00a0\u00a0 El d\u00eda 6 de marzo, Jordi Sierra i Fabra inaugur\u00f3 en el Centro Colombo Americano de Medell\u00edn, Colombia, su primera exposici\u00f3n antol\u00f3gica de fotograf\u00edas de rock. Era la primera vez que Jordi expon\u00eda algunas de las im\u00e1genes tomadas por \u00e9l a los grandes del rock en los a\u00f1s 70 y 80. La exposici\u00f3n estuvo acompa\u00f1ada por una charla, &#8220;El rock, la m\u00fasica que cambi\u00f3 el mundo&#8221;, celebrada en uno de los cines del Centro Cultural, con su aforo completo. A esta primera exposici\u00f3n, acompa\u00f1ada por im\u00e1genes de Jordi con estrellas de la m\u00fasica y una muestra de su trabajo como periodista y autor, seguir\u00e1 otra a\u00fan mayor, en noviembre, en un museo de la misma Medell\u00edn, incluyendo revistas, publicaciones, m\u00e1s de 90 fotograf\u00edas, entradas de conciertos y un largo etc.<\/div>\n<p><span style=\"font-size: large;\">SE FALLA EN BARCELONA EL VII PREMIO<br \/>\nJORDI SIERRA I FABRA PARA J\u00d3VENES<\/span><\/p>\n<div>\u00a0\u00a0\u00a0\u00a0\u00a0\u00a0 Alba Quintas Garciandia, de 17 a\u00f1os, ha sido la vencedora del VII Premio Jordi Sierra i Fabra para J\u00f3venes con la novela &#8220;Al otro lado de la pantalla&#8221;. Alba es de Madrid y se da la circunstancia de que figur\u00f3 en la Lista de Plata en 2010, la Lista de Oro en 2011, y a la tercera se ha alzado con el premio. Un claro caso de progresi\u00f3n y aprendizaje, que a la postre es la base del premio. M\u00e1s informaci\u00f3n, acta del jurado y listas de finalistas en esta misma web (Fundaci\u00f3 Jordi Sierra i Fabra).<\/div>\n<p><span style=\"font-size: large;\">TERCERA NOVELA DE BERTA MIR<\/span><br \/>\n<a><img decoding=\"async\" src=\"http:\/\/www.sierraifabra.com\/2011\/data\/upimages\/Varias\/thumbs\/Elcasodelchantajista.jpg\" alt=\"Elcasodelchantajista.jpg\" align=\"none\" border=\"0\" hspace=\"15\" vspace=\"5\" \/><\/a><\/p>\n<div>\u00a0\u00a0\u00a0\u00a0\u00a0\u00a0 &#8220;El caso del chantajista pelirrojo&#8221; (Siruela en castellano y Grup 62 en catal\u00e1n), es la tercera novela de Berta Mir, punto clave de la bibliograf\u00eda de nuestra atrevida detective por necesidad, ya que aqu\u00ed se enfrenta a dos casos paralelos que le har\u00e1n madurar y cambiar su apreciaci\u00f3n de muchas cosas y, mientras, se encuentra frente al verano decisivo en que su grupo ha de solidificar su carrera a la par que un guapo y seductor cantante le propone unirse a su banda. Un caso en apariencia f\u00e1cil, pagar un chantaje, y otro m\u00e1s trivial, una chica que ha huido de su casa para unirse a una secta, la obligar\u00e1n por un lado a luchar por su vida y por otro a tomar partido, algo que un detectiva jam\u00e1s, jam\u00e1s deber\u00eda hacer. Pero es que Berta tiene 18 a\u00f1os y est\u00e1 aprendiendo a marchas forzadas.<\/div>\n<p><span style=\"font-size: large;\">&#8220;SHAKANJOISHA&#8221;,\u00a0 SE RECUPERA UN CL\u00c1SICO INEDITO<\/span><br \/>\n<a><img decoding=\"async\" src=\"http:\/\/www.sierraifabra.com\/2011\/data\/upimages\/Varias\/thumbs\/Shakanjoisha.jpg\" alt=\"Shakanjoisha.jpg\" align=\"none\" border=\"0\" hspace=\"15\" vspace=\"5\" \/><\/a><\/p>\n<div>\u00a0\u00a0\u00a0\u00a0\u00a0\u00a0 En 1985 Jordi Sierra i Fabra escribi\u00f3 un voluminoso libro de fantas\u00eda, &#8220;Mitos y leyendas de Shakanjoisha&#8221;, que debido a su tama\u00f1o no fue editado \u00edntegramente. Una versi\u00f3n reducida, con la mitad de las historias que lo compon\u00edan, apareci\u00f3 en SM posteriormente. Parte de los relatos sobrantes los fue recuperando Jordi en distintas novelas, &#8220;Las historias perdidas&#8221;, &#8220;El secreto de las perlas&#8221; y otros, pero el original ha permanecido in\u00e9dito hasta ahora, 25 a\u00f1os despu\u00e9s, momento en que la novela aparece en versi\u00f3n digital \u00edntegra por primera vez en <a href=\"http:\/\/www.hakabooks.com\/?affid=140\" target=\"_self\">HakaBooks.com.<\/a> Todo un acontecimiento.<\/div>\n","protected":false},"excerpt":{"rendered":"<p>JORDI EN GUADALAJARA Y MONTERREY Jordi Sierra i Fabra ha sido invitado especial en la Feria del Libro de Guadalajara, M\u00e9xico, la m\u00e1s importante del mundo de habla hispana. Jordi dio tres seminarios con su libro &#8220;La P\u00e1gina Escrita&#8221; a los estudiantes vencedores de un&hellip; <a class=\"read-more\" href=\"https:\/\/sierraifabra.com\/?page_id=261&#038;lang=es\">Read more<\/a><\/p>\n","protected":false},"author":101012,"featured_media":0,"parent":311,"menu_order":0,"comment_status":"closed","ping_status":"closed","template":"","meta":{"footnotes":""},"class_list":["post-261","page","type-page","status-publish","hentry"],"aioseo_notices":[],"_links":{"self":[{"href":"https:\/\/sierraifabra.com\/index.php?rest_route=\/wp\/v2\/pages\/261","targetHints":{"allow":["GET"]}}],"collection":[{"href":"https:\/\/sierraifabra.com\/index.php?rest_route=\/wp\/v2\/pages"}],"about":[{"href":"https:\/\/sierraifabra.com\/index.php?rest_route=\/wp\/v2\/types\/page"}],"author":[{"embeddable":true,"href":"https:\/\/sierraifabra.com\/index.php?rest_route=\/wp\/v2\/users\/101012"}],"replies":[{"embeddable":true,"href":"https:\/\/sierraifabra.com\/index.php?rest_route=%2Fwp%2Fv2%2Fcomments&post=261"}],"version-history":[{"count":0,"href":"https:\/\/sierraifabra.com\/index.php?rest_route=\/wp\/v2\/pages\/261\/revisions"}],"up":[{"embeddable":true,"href":"https:\/\/sierraifabra.com\/index.php?rest_route=\/wp\/v2\/pages\/311"}],"wp:attachment":[{"href":"https:\/\/sierraifabra.com\/index.php?rest_route=%2Fwp%2Fv2%2Fmedia&parent=261"}],"curies":[{"name":"wp","href":"https:\/\/api.w.org\/{rel}","templated":true}]}}