{"id":263,"date":"2015-07-22T09:29:21","date_gmt":"2015-07-22T09:29:21","guid":{"rendered":"http:\/\/thewalrushub.com\/jordi\/?page_id=263"},"modified":"2018-01-15T17:26:52","modified_gmt":"2018-01-15T16:26:52","slug":"noticias-2013","status":"publish","type":"page","link":"https:\/\/sierraifabra.com\/?page_id=263&lang=es","title":{"rendered":"Noticias 2013"},"content":{"rendered":"<p style=\"text-align: center;\"><b>&#8220;PARCO&#8221;, SEGUNDO MEJOR LIBRO DEL A\u00d1O 2013<\/b><\/p>\n<p>\u00a0\u00a0\u00a0\u00a0\u00a0 Treinta expertos en literatura juvenil han votado en Babelia, suplemento cultural del peri\u00f3dico El Pa\u00eds, la novela <strong>&#8220;Parco&#8221;<\/strong> de Jordi como la segunda mejor del a\u00f1o.<\/p>\n<p style=\"text-align: center;\">\n<b>JORDI RECIBE EN GUADALAJARA, M\u00c9XICO,<br \/>\nEL PREMIO IBEROAMERICANO 2013<\/b><\/p>\n<p>\u00a0\u00a0\u00a0\u00a0\u00a0 El pasado d\u00eda 3 de diciembre, Jordi recibi\u00f3 en el marco de la FIL de Guadalajara, M\u00e9xico, el IX Premio Iberoamericano de Literatura por la labor desarrollada en sus ya m\u00e1s de 40 a\u00f1os de vida profesional y el trabajo de sus dos Fundaciones a ambos lados del Atl\u00e1ntico. En una emotiva ceremonia presidida por Javier Cort\u00e9s, presidente del Grupo SM, y en un sal\u00f3n lleno a rebosar, con p\u00fablico de pie incluso, Luis Fernando Crespo, vicepresidente del mismo, hizo un extraordinario laudatorio del autor y de sus m\u00e9ritos. Jordi tambi\u00e9n ley\u00f3 un memorable discurso (que puede verse en Sala de Prensa, en esta misma web) que se coron\u00f3 con una ovaci\u00f3n de los presentes puestos en pie.<br \/>\nEn la misma Feria Internacional del Libro, se present\u00f3 <strong>&#8220;El coraz\u00f3n de jade&#8221;<\/strong>, tuvo lugar un encuentro en la sala principal con 500 estudiantes venidos de todo Jalisco en autocares fletados por SM y la FIL, y Jordi presidi\u00f3 una mesa redonda de autores colombianos am\u00e9n de conceder innumerables entrevistas y verse con la mayor\u00eda de sus editores latinoamericanos. La prensa espa\u00f1ola destac\u00f3, as\u00ed mismo, su presencia en Guadalajara con titulares tan expresivos como &#8220;Jordi superstar&#8221; o comentarios como &#8220;Una de las estrellas del p\u00fablico mexicano es el catal\u00e1n Jordi Sierra i Fabra (&#8230;) que es tratado como una gran celebridad&#8221; (La Vanguardia 2-12-13).<\/p>\n<p style=\"text-align: center;\">\n<b>JORDI SIERRA I FABRA, PREMIO IBEROAMERICANO DE LIJ 2013<\/b><\/p>\n<p>\u00a0\u00a0\u00a0\u00a0\u00a0 Se ha fallado en Guadalajara, M\u00e9xico, el 7 de octubre de 2013, el IX Premio Iberoamericano de Literatura Infantil y Juvenil, el m\u00e1s importante reconocimiento otorgado en el mundo de habla hispana y el tercer premio m\u00e1s importante junto con el Andersen y el Astrid Lindgren en la materia. El galard\u00f3n ha sido para Jordi, seg\u00fan palabras del jurado, por <strong><em>&#8220;La destacada voluntad renovadora, la incansable creatividad y la desbordante versatilidad del conjunto de su obra, as\u00ed como por su estilo \u00e1gil, directo y claro, que resulta cercano a los lectores de los diferentes pa\u00edses hispanoparlantes, habiendo trascendido sus novelas a otras lenguas mediante m\u00faltiples traducciones publicadas en Europa, Asia, Am\u00e9rica y Ocean\u00eda&#8221;<\/em><\/strong>. El jurado ha destacado tambi\u00e9n que <strong><em>&#8220;muchas de las novelas de Jordi son ya cl\u00e1sicos de la LIJ, con especial menci\u00f3n al hecho de tocar temas sensibles y conflictivos que interesan y preocupan a los j\u00f3venes lectores, as\u00ed como por la defensa de los derechos humanos y los movimientos transformadores de la sociedad&#8221;<\/em><\/strong>. En la parte final de su exposici\u00f3n, el jurado ha mencionado <strong><em>&#8220;el compromiso vital y apasionado de Sierra i Fabra, que le ha llevado a crear dos Fundaciones de ayuda a la infancia y la juventud (una en Barcelona, Espa\u00f1a y otra en Medell\u00edn, Colombia), un premio literario para menores de 18 a\u00f1os y una revista cultural on line para fomentar la creatividad y la lectura&#8221;<\/em><\/strong>.<br \/>\nEl jurado del premio ha estado formado por Juana In\u00e9s Dehesa en representaci\u00f3n de la OEI, B\u00e1rbara Bonardi Valentinotti en representaci\u00f3n de IBBY, Regina Zilberman en representaci\u00f3n del CERLALC, Pedro Pablo Guerrero en representaci\u00f3n de OREALC-Unesco y Agust\u00edn Fern\u00e1ndez Paz representando a la Fundaci\u00f3n SM, convocadora del premio.<br \/>\nLa entrega de la estatua conmemorativa y los 30.000 d\u00f3lares del Premio Iberoamericano tendr\u00e1n lugar el 3 de diciembre, por la tarde, a las 18 horas, en el marco de la Feria Internacional del Libro de Guadalajara, la m\u00e1s importante del mundo de habla hispana.<\/p>\n<p style=\"text-align: center;\">\n<b>&#8220;KAFKA Y LA MU\u00d1ECA VIAJERA&#8221; SE CONVIERTE<br \/>\nEN BALLET EN FRANCIA<\/b><\/p>\n<p><strong>\u00a0\u00a0\u00a0\u00a0\u00a0 &#8220;Kafka y la mu\u00f1eca viajera&#8221;<\/strong>, obra escrita en 2004, publicada en 2006 y con la que Jordi gan\u00f3 el Premio Nacional de Literatura en 2007, se ha estrenado en teatro en Per\u00fa, M\u00e9xico y Espa\u00f1a (donde cuatro compa\u00f1\u00edas, en valenciano, gallego, euskera y castellano la representan constantemente). Cada versi\u00f3n es distinta, porque Jordi da plena libertad para que se interprete su novela, de ah\u00ed que sea extraordinario que ahora, en Francia, la hayan convertido en un ballet. Sin duda una hermosa noticia. Con direcci\u00f3n art\u00edstica de Vinciane Ghyssens, coreograf\u00eda de Matthew Madsen, \u00c1ngel Sag\u00fces como director esc\u00e9nico, Annie Andioc como decoradora, la grafista Claude Conte y la actriz As\u00fan Abad, la obra se estrena en octubre. En la presentaci\u00f3n se destacan las palabras de Jordi cuando le pidieron permiso para la adaptaci\u00f3n: &#8220;<em>En primer lugar, me siento honrado por vuestra eleccio\u0301n. Este libro se esta\u0301 haciendo en teatro en varios pai\u0301ses, pero en ballet&#8230; resultari\u0301a belli\u0301simo. Quiero que sepa\u0301is que tene\u0301is no so\u0301lo mi permiso, sino libertad plena para adaptarlo como desee\u0301is. [<\/em><em>&#8230;]. Mi libro es mi libro, pero lo que hagan con e\u0301l otros artistas siempre es fascinante.<\/em>\u201d<\/p>\n<p style=\"text-align: center;\"><b>JORDI ASISTE AL RODAJE DE &#8220;SU&#8221; PEL\u00cdCULA<\/b><\/p>\n<p>\u00a0\u00a0\u00a0\u00a0\u00a0 Jordi Sierra i Fabra estuvo los d\u00edas 20 y 21 de agosto en Madrid (interrumpiendo su trabajo de escribir 4 meses en verano encerrado en su monta\u00f1a de Vallirana) para asistir al rodaje de la pel\u00edcula <b>&#8220;Por un pu\u00f1ado de besos&#8221;<\/b>, cuyo gui\u00f3n respeta integramente el esp\u00edritu y la letra de su novela <b>&#8220;Un poco de abril, algo de mayo, todo septiembre&#8221;<\/b>. A pesar de que muchas de sus obras han sido adaptadas para el teatro, y de que ha hecho, incluso como guionista, diversas incursiones en la televisi\u00f3n, esta es la primera vez que Jordi es llevado a la gran pantalla. En sus 40 a\u00f1os como escritor, m\u00e1s de una docena de libros suyos han sido comprados por notables directores, productores o compa\u00f1\u00edas cinematogr\u00e1ficas (tanto de Espa\u00f1a como de Estados Unidos), sin que finalmente ning\u00fan proyecto llegara a buen puerto. Por fin, el director David Menkes lo ha hecho y la pel\u00edcula, un itenso y bello drama juvenil, tiene previsto su estreno y pase en diversos festivales de cine para fines de marzo de 2014. En las fotos vemos a Jordi con los tres actores principales, Ana de Armas, Marina Salas y Marti\u00f1o Rivas, y con el director David Menkes.<\/p>\n<p style=\"text-align: center;\"><b>PELICULA PARA JORDI<\/b><\/p>\n<p>\u00a0\u00a0\u00a0\u00a0\u00a0 Del 18 de julio al 25 de agosto se rueda la pel\u00edcula <b>&#8220;Por un pu\u00f1ado de besos&#8221;<\/b>, dirigida por David Menkes y con Ana de Armas y Mart\u00edn Rivas de protagonistas. La pel\u00edcula est\u00e1 basada en la novela de Jordi <b>&#8220;Un poco de abril, algo de mayo, todo septiembre&#8221;<\/b>, publicada en 2011. El gui\u00f3n respeta fielmente la historia del libro, lo cual es incluso raro en el mundo del cine cuando se trata de adaptar obras literarias. En\u00a0 la foto vemos a la protagonista con Jordi, precisamente el d\u00eda en el que, reci\u00e9n salida de la peluquer\u00eda, present\u00f3 el look que luce en la pel\u00edcula, prevista para estrenarse en febrero o marzo de 2014.<\/p>\n<p style=\"text-align: center;\">\n<b>JORDI SIERRA I FABRA HOMENAJEADO EN LOS CURSOS DE VERANO DE LA UNIVERSIDAD MEN\u00c9NDEZ Y PELAYO DE SANTANDER Y POR LA FUNDACI\u00d3N SANTILLANA.<\/b><\/p>\n<p>\u00a0\u00a0\u00a0\u00a0\u00a0 El 19 de junio, Jordi Sierra i Fabra fue homenajeado en Santander, en el transcurso de un acto organizado por la UIMP (Universidad Internacional Men\u00e9ndez y Pelayo) y la Fundaci\u00f3n Santillana. La obra de Jordi fue analizada en \u00e9l y despu\u00e9s el propio autor desvel\u00f3 las claves de su vida y su labor a lo largo de m\u00e1s de 40 a\u00f1os publicando libros, as\u00ed como sus inicios infantiles, cuando a los 8 a\u00f1os decidi\u00f3 que ser\u00eda escritor. El evento tuvo lugar en el famoso Palacio de la Magdalena. Un d\u00eda antes, el, 18, tambi\u00e9n se rindi\u00f3 homenaje a Isabel Molina y Juan Manuel Gisbert, compa\u00f1eros de Jordi dentro de la literatura infantil y juvenil.<br \/>\nDesde hace siete a\u00f1os, la UIMP y la Fundaci\u00f3n Santillana organizan esta cita internacional de literatura en espa\u00f1ol dentro del marco de los Cursos de Verano de la instituci\u00f3n. A lo largo de este tiempo, el encuentro ha reunido a figuras destacadas, tanto en literatura de ficci\u00f3n como de no ficci\u00f3n, como Carlos Fuentes, Juan Goytisolo, Jos\u00e9 Saramago, Mario Vargas Llosa, Javier Mar\u00edas, Arturo P\u00e9rez Reverte, Lu\u00eds Mateo D\u00edez, \u00c1ngeles Mastretta, Antonio Mu\u00f1oz Molina, H\u00e9ctor Aguilar Cam\u00edn, Rosa Montero, Manuel Vicent, Carlos Garc\u00eda Gual, Santos Juli\u00e1, Vicente Verd\u00fa, Antonio Fraguas (Forges), Jos\u00e9 Mar\u00eda P\u00e9rez (Peridis) y Andr\u00e9s R\u00e1bago (El Roto), a los que se suma ahora Jordi.<\/p>\n<p style=\"text-align: center;\">\n<b>OTORGAN A JORDI EL PREMIO NACIONAL DE LAS LETRAS<br \/>\nLORENZO LUZURIAGA<\/b><\/p>\n<p><b><br \/>\n<\/b>Un jurado compuesto por importantes personalidades del mundo de las artes y la cultura, ha otorgado, por unanimidad, a Jordi Sierra i Fabra, el IV Premio Nacional de las Letras Lorenzo Luzuriaga. Anteriormente hab\u00edan sido galardonados con \u00e9l autores de la talla de Ana Mar\u00eda Matute, Gustavo Mart\u00edn Garzo y Manuel Rivas. El jurado destac\u00f3 a Jordi <em>\u201cpor su obra literaria, la labor desarrollada en el fomento de la lectura como elemento esencial de la formaci\u00f3n y su apoyo a los j\u00f3venes escritores, valorando especialmente la coherencia demostrada en su trayectoria, en la que ha sabido conjungar la experiencia vital y profesional\u201d.<\/em> La entrega tuvo lugar el 3 de julio en Girona, en el marco del IV Encuentro Estatal sobre Literatura y Educaci\u00f3n, bajo el lema \u201cLiteratura infantil y juvenil: territorio de acogida\u201d.<\/p>\n<p>El Premio Lorenzo Luzuriaga recibe el nombre del que fue gran pionero de la reforma educativa en Espa\u00f1a en 1918, y lo convoca la Federaci\u00f3n de Trabajadores de la Ense\u00f1anza de la Uni\u00f3n General de Trabajadores, FETE-UGT. Este premio literario se compagina con el Premio Nacional de Teatro de FETE-UGT, que han ganado actores o personalidades de la talla de Mar\u00eda Carrillo, Ana Bel\u00e9n, Miguel Narros, Concha Velasco, Antonio Gala, Francisco Valladares, Pilar Bardem, N\u00faria Espert, Juan Diego, Julia y Emilia Guti\u00e9rrez Caba y Jos\u00e9 Sacrist\u00e1n entre otros.<\/p>\n<p>La Federaci\u00f3n de Trabajadores de la Ense\u00f1anza de la Uni\u00f3n General de Trabajadores, FETE-UGT, tiene entre sus fines promover la actividad cultural en los centros educativos, facilitando que estas\u00a0 actividades lleguen a todos los alumnos, especialmente a los m\u00e1s desfavorecidos socialmente, ofertando a todos los docentes y educadores en general espacios de debate y reflexi\u00f3n que faciliten la formaci\u00f3n y el enriquecimiento personal, con el fin de que esto redunde en una mejora de la educaci\u00f3n en Espa\u00f1a.<\/p>\n<p style=\"text-align: center;\">\n<b>GRANDES NOVEDADES DE JORDI: &#8220;EL CORAZ\u00d3N DE JADE&#8221;<br \/>\nY LA CUARTA NOVELA DE BERTA MIR<br \/>\nPARA UN VERANO FANT\u00c1STICO<\/b><\/p>\n<p>\u00a0\u00a0\u00a0\u00a0\u00a0 Aunque hace muchos a\u00f1os que Jordi cultiva la fantas\u00eda como g\u00e9nero, si bien de forma diferente a otros autores, desde la trilog\u00eda &#8220;Las hijas de las tormentas&#8221; no hab\u00eda vuelto a prodigarse en ella. En 2011 sin embargo escribi\u00f3 la que podr\u00edamos considerar su apuesta m\u00e1s firme por el g\u00e9nero: <b>&#8220;El coraz\u00f3n de jade&#8221;<\/b>, que tras una laboriosa edici\u00f3n (sobre todo en la parte est\u00e9tica y el grafismo), aparece ahora en SM en castellano y en Cru\u00eflla en catal\u00e1n. Con 210 cap\u00edtulos y casi 500 p\u00e1ginas, la novela nos narra una fabulosa historia \u00e9pica de la China milenaria y m\u00e1gica. La muerte de la naturaleza lleva a los cinco reinos a la guerra, y s\u00f3lo el mago Sen Yi y tres hermanos, Shao, Qin Lu y Lin Li , junto a dos misterioras muchachas, Xue Yue y Xiaofang, tendr\u00e1n el poder y la fuerza de impedir el fin de la vida. Amor, guerras, fascinaci\u00f3n por lo oriental, misterio y muchas sorpresas coforman esta novela que marca un antes y un despu\u00e9s en la narrativa fant\u00e1stica de Jordi. <b>&#8220;El coraz\u00f3n de jade&#8221; <\/b>es un espectacular viaje lleno de emoci\u00f3n y vigor.<br \/>\nY para los amantes del g\u00e9nero policiaco <i>crossover<\/i>, vuelve Berta Mir con su cuarta novela, <b>&#8220;El caso del martillo blanco&#8221;<\/b>, una trepidante historia en la que Berta ha de resolver dos misterios aparentemente sencillos pero que acaban siendo de lo m\u00e1s complicados, con la mafia de la droga incluida. Entre tanto, su grupo va a grabar el primer disco y algo parecido al amor llama a su puerta.<\/p>\n<p style=\"text-align: center;\">\n<b>INAUGURACI\u00d3N DEL CENTRO CULTURAL DE LA FUNDACI\u00d3<br \/>\nJORDI SIERRA I FABRA EN BARCELONA<b><br \/>\n<\/b><\/b><\/p>\n<p>\u00a0\u00a0\u00a0\u00a0\u00a0 Con asistencia de personalidades del mundo de la pol\u00edtica (Generalitat, Ayuntamiento, Parlament de Catalunya, Diputaci\u00f3n y alcald\u00eda del barrio de Sants), escritores, ilustradores, editores, pintores, cantantes y una variopinta gama del universo cultural de Barcelona, se inaugur\u00f3 el 15 de abril el <b>Centro Cultural de la Fundaci\u00f3 Jordi Sierra i Fabra<\/b>, en la calle Carreras i Candi 82 del popular barrio de Sants. La efemeride constituy\u00f3 todo un \u00e9xito l\u00fadico y festivo. En el transcurso del acto, tambi\u00e9n se rindieron dos homenajes a Jordi, uno por parte de su Fundaci\u00f3n hermana en Medell\u00edn, Colombia, y otro desde Madrid a cargo de\u00a0 ilustradores de toda Espa\u00f1a con m\u00e1s de 30 dibujos que formaban un panel de toda su vida. En las fotos vemos dos detalles del gent\u00edo reunido en el sal\u00f3n principal y un momento de la charla de Jordi, con el alcalde de Barcelona, <b>Xavier Tr\u00edas<\/b>, y el Conseller de Cultura de la Generalitat,<b>Ferran Mascarell<\/b>.<\/p>\n<p style=\"text-align: center;\"><b>\u00a0<\/b><b>JORDI, PORTADA DE LA REVISTA QU\u00c9 LEER DE ABRIL<\/b><\/p>\n<p>\u00a0\u00a0\u00a0\u00a0\u00a0 La revista Qu\u00e9 Leer del m\u00e9s de abril dedica 4 p\u00e1ginas interiores y la portada a Jordi Sierra i Fabra, para repasar su vida, la publicaci\u00f3n de sus &#8220;Memorias&#8221;, la inauguraci\u00f3n del Centro Cultural de su Fundaci\u00f3n en Barcelona y su actividad literaria tras 40 a\u00f1os de intensa carrera. Es la primera vez que una revista cultural dedicada a la literatura (sin distinci\u00f3n de g\u00e9neros ni etiquetas) y de \u00e1mbito nacional le dedica su portada.<\/p>\n<p style=\"text-align: center;\">\n<b>&#8220;DOS DIAS DE MAYO&#8221;, LA CUARTA NOVELA DEL<br \/>\nINSPECTOR MASCARELL<\/b><\/p>\n<p>\u00a0\u00a0\u00a0\u00a0\u00a0 El personaje del exinspector republicano Miquel Mascarell naci\u00f3 en 2008 con <b>&#8220;Cuatro d\u00edas de enero&#8221;<\/b>. Al \u00e9xito inicial siguieron las nuevas novelas <b>&#8220;Siete d\u00edas de julio&#8221;<\/b> y <b>&#8220;Cinco d\u00edas de octubre&#8221;<\/b>. Al ganar Jordi el Premio Ciudad de Torrevieja en 2011 se tuvo que detener la edici\u00f3n de la cuarta novela de la serie, prevista inicialmente para marzo de 2012. Ahora, un a\u00f1o despu\u00e9s. por fin llega a su cita primaveral. <b>&#8220;Dos d\u00edas de mayo&#8221;<\/b> cuenta un intento de atentado contra Franco en su visita a Barcelona los d\u00edas 30 y 31 de mayo de 1949 y es la m\u00e1s trepidante de las obras de la serie. Como siempre, aparecen en castellano con Plaza y Jan\u00e9s y en catal\u00e1n a trav\u00e9s de La Rosa dels Vents. Para los que quieran recuperar las tres primeras novelas, una excelente noticia: la editorial las ha lanzado on line, juntas, al explosivo precio antipirater\u00eda de 6 euros. Una oportunidad \u00fanica. Y para 2014 Jordi ya ha anunciado la quinta entrega: <b>&#8220;Seis d\u00edas de diciembre&#8221;<\/b>.<\/p>\n<p style=\"text-align: center;\"><b>SE EDITAN<\/b><b> TODAS LAS TIRAS C\u00d3MICAS DE &#8220;JORGE&#8221;<\/b><\/p>\n<p>\u00a0\u00a0\u00a0\u00a0\u00a0 Desde 2000 hasta 2009, Jordi Sierra i Fabra y Quico Rovira publicaron m\u00e1s de 450 tiras c\u00f3micas de este personaje en el suplemento infantil de El Pa\u00eds, todos los domingos. Ahora, en castellano y catal\u00e1n, se editan en un volumen \u00fanico, imprescindible para re\u00edr con ganas.<\/p>\n<p style=\"text-align: center;\"><b>SE FALLA EN BARCELONA AL VIII PREMIO LITERARIO<br \/>\nJORDI SIERRA I FABRA PARA J\u00d3VENES<\/b><\/p>\n<p>\u00a0\u00a0\u00a0\u00a0\u00a0 El VIII Premio Literario Jordi Sierra i Fabra para J\u00f3venes ha reca\u00eddo en Andrea Abello Collado, de Mieres, Asturias, por la novela &#8220;Fundido a blanco&#8221;. Andrea recibi\u00f3 la feliz noticia en Holanda donde est\u00e1 estudiando, aunque por supuesto estar\u00e1 el 9 de abril en la entrega del galard\u00f3n en Madrid. Cumplidos 16 a\u00f1os este mes de febrero, escribi\u00f3 la obra con 15. Es la primera vez que una novela de ciencia ficci\u00f3n se alza con el premio. Con 111 originales presentados (r\u00e9cord absoluto) y una gran competencia entre los finalistas, el jurado (en la foto), no lo tuvo f\u00e1cil para escoger la novela ganadora, que ser\u00e1 publicada como es habitual por Ediciones SM en mayo.<\/p>\n<p style=\"text-align: center;\">\n<b>EL PREMIO ANAYA 2013, TAMBI\u00c9N PARA JORDI<\/b><\/p>\n<p>\u00a0\u00a0\u00a0\u00a0\u00a0 Jordi Sierra i Fabra ha resultado ganador de la X edici\u00f3n del Premio Anaya de Literatura Juvenil, dotado con 18.000 euros, con el manuscrito titulado <b>&#8220;Parco&#8221;<\/b>. El texto premiado narra la vida de un adolescente en un centro tutelar de menores. Es una obra de madurez creativa, con una t\u00e9cnica depurada e innovadora, donde se hace patente su personal estilo a base de frases cortas, ritmo \u00e1gil y brevedad. La novela se publicar\u00e1 en abril y est\u00e1 dirigida a lectores de 15 a\u00f1os en adelante.<br \/>\nSierra i Fabra describe as\u00ed su texto galardonado: <i>\u201c<\/i><b><i>Parco<\/i><\/b><i> no es una novela usual. <\/i><b><i>Parco<\/i><\/b><i> es un grito.<\/i><b><i>Parco<\/i><\/b><i> es una historia diferente, al l\u00edmite, afilada, cortante como una cuchilla, contundente, directa, un pulso en tiempos oscuros, en el que las voces de los indignados se elevan por encima del miedo. Y es tambi\u00e9n la historia de uno de nosotros, marginal, real, situada en el extremo de una vida. Una historia que arranca en un reformatorio, con un joven asesino, un misterio y una esperanza que solo se presenta al final, en el \u00faltimo suspiro, la \u00faltima voz. Por el camino, el miedo, la angustia de un mundo desesperado que busca sin encontrar, con un personaje cuyo nombre no aparece en ning\u00fan momento. Porque <\/i><b><i>Parco<\/i><\/b><i> es uno y son muchos\u201d<\/i>.<br \/>\nEste galard\u00f3n, el cuarto en apenas uno meses (Cervantes Chico, Vicens Silvestre, La Galera y Anaya), es el premio literario n\u00famero 34 en la densa carrera profesional de Jordi Sierra i Fabra.<\/p>\n<p style=\"text-align: center;\">\n<b>JORDI GANA EL PREMIO LA GALERA J\u00d3VENES LECTORES 2013<\/b><\/p>\n<p>\u00a0\u00a0\u00a0\u00a0\u00a0 El 5\u00ba Premio La Galera J\u00f3venes Lectores, dotado con 15.000 euros, ha reca\u00eddo en Jordi Sierra i Fabra por su obra <b>&#8220;El extraordinario ingenio parlante del Profesor Palermo&#8221;<\/b>. La entrega tuvo lugar el 16 de enero en la Casa del Lector de Madrid. Jordi se present\u00f3 al premio motivado por la singularidad de este galard\u00f3n, ya que el jurado lo integran 240 chicos y chicas que son los que valoran las obras finalistas. Dado que le van los retos, era uno m\u00e1s en su carrera. El gui\u00f3n de la novela, y esto es lo m\u00e1s original y lo divertido, lo prepar\u00f3 cenando en un restaurante, en Palermo, Sicilia, la noche del 5 de abril de 2012. Se hab\u00eda dejado su eterna libreta en la habitaci\u00f3n, as\u00ed que cogi\u00f3 la servilleta de papel y de un tir\u00f3n, de forma apretada, pergre\u00f1\u00f3 la historia que, eso s\u00ed, llevaba d\u00edas revolote\u00e1ndole la cabeza mientras viajaba por la isla. En la entrega del premio, la servilleta fue el objeto m\u00e1s codiciado por la prensa y los sorprendidos miembros del jurado. Todo el mundo record\u00f3 que Messi tambi\u00e9n hab\u00eda firmado su contrato con el F.C.Barcelona en una servilleta.<\/p>\n<p style=\"text-align: center;\">\n<b>JORDI, &#8220;PREMIO AUTOR JUVENIL COPROMETIDO 2012&#8221;<\/b><\/p>\n<p>\u00a0\u00a0\u00a0\u00a0\u00a0 El blog literario El Tiramilla, en su habitual premiaci\u00f3n a los autores y libros m\u00e1s destacados del a\u00f1o, ha nombrado a Jordi &#8220;Autor Juvenil Comprometido 2012&#8221; en base a los siguientes argumentos: <i>&#8220;Por su capacidad para abrirse paso hacia el lector adolescente de cuatrocientas formas diferentes, por ofrecer comprensi\u00f3n y apoyo a las nuevas generaciones de escritores, por su excelente y solidaria gesti\u00f3n de los beneficios de su trayectoria, por la cercan\u00eda de su rostro y su casa y la honestidad de sus intervenciones p\u00fablicas, Jordi Sierra i Fabra recibe el Premio al Autor Juvenil Comprometido 2012&#8221;<\/i>. Jordi ha agradecido el galard\u00f3n con un texto que puede leerse en el blog.<\/p>\n","protected":false},"excerpt":{"rendered":"<p>&#8220;PARCO&#8221;, SEGUNDO MEJOR LIBRO DEL A\u00d1O 2013 \u00a0\u00a0\u00a0\u00a0\u00a0 Treinta expertos en literatura juvenil han votado en Babelia, suplemento cultural del peri\u00f3dico El Pa\u00eds, la novela &#8220;Parco&#8221; de Jordi como la segunda mejor del a\u00f1o. JORDI RECIBE EN GUADALAJARA, M\u00c9XICO, EL PREMIO IBEROAMERICANO 2013 \u00a0\u00a0\u00a0\u00a0\u00a0 El&hellip; <a class=\"read-more\" href=\"https:\/\/sierraifabra.com\/?page_id=263&#038;lang=es\">Read more<\/a><\/p>\n","protected":false},"author":101012,"featured_media":0,"parent":311,"menu_order":0,"comment_status":"closed","ping_status":"closed","template":"","meta":{"footnotes":""},"class_list":["post-263","page","type-page","status-publish","hentry"],"aioseo_notices":[],"_links":{"self":[{"href":"https:\/\/sierraifabra.com\/index.php?rest_route=\/wp\/v2\/pages\/263","targetHints":{"allow":["GET"]}}],"collection":[{"href":"https:\/\/sierraifabra.com\/index.php?rest_route=\/wp\/v2\/pages"}],"about":[{"href":"https:\/\/sierraifabra.com\/index.php?rest_route=\/wp\/v2\/types\/page"}],"author":[{"embeddable":true,"href":"https:\/\/sierraifabra.com\/index.php?rest_route=\/wp\/v2\/users\/101012"}],"replies":[{"embeddable":true,"href":"https:\/\/sierraifabra.com\/index.php?rest_route=%2Fwp%2Fv2%2Fcomments&post=263"}],"version-history":[{"count":0,"href":"https:\/\/sierraifabra.com\/index.php?rest_route=\/wp\/v2\/pages\/263\/revisions"}],"up":[{"embeddable":true,"href":"https:\/\/sierraifabra.com\/index.php?rest_route=\/wp\/v2\/pages\/311"}],"wp:attachment":[{"href":"https:\/\/sierraifabra.com\/index.php?rest_route=%2Fwp%2Fv2%2Fmedia&parent=263"}],"curies":[{"name":"wp","href":"https:\/\/api.w.org\/{rel}","templated":true}]}}