{"id":3730,"date":"2017-02-02T18:26:46","date_gmt":"2017-02-02T17:26:46","guid":{"rendered":"http:\/\/sierraifabra.com\/?page_id=3730"},"modified":"2025-10-03T14:23:58","modified_gmt":"2025-10-03T12:23:58","slug":"resumenes","status":"publish","type":"page","link":"https:\/\/sierraifabra.com\/?page_id=3730&lang=es","title":{"rendered":"Res\u00famenes"},"content":{"rendered":"<h3><\/h3>\n<h3 style=\"text-align: center;\">TODOS LOS LIBROS PUBLICADOS POR<br \/>\nJORDI SIERRA I FABRA<br \/>\n(POR ORDEN DE ESCRITURA)<\/h3>\n<h4 style=\"text-align: center;\">Res\u00famenes, cu\u00e1ndo, c\u00f3mo, d\u00f3nde y por qu\u00e9 los escrib\u00ed<\/h4>\n<h5 style=\"text-align: center;\">\u00a0ACTUALIZADO A 1 DE OCTUBRE DE 2025<\/h5>\n<h4 style=\"text-align: center;\"><a title=\"Descarga PDF (1,6 Mb)\" href=\"\/pdf\/Jordi-Sierra-i-Fabra-(Libros-hasta-2025).pdf\" target=\"_blank\" rel=\"noopener\">\u00a1Descarga aqu\u00ed el PDF!<\/a><\/h4>\n<p>&nbsp;<\/p>\n<p>&nbsp;<\/p>\n<p><strong><a href=\"\/?page_id=89\">&lt;&lt; volver<\/a><\/strong><\/p>\n","protected":false},"excerpt":{"rendered":"<p>TODOS LOS LIBROS PUBLICADOS POR JORDI SIERRA I FABRA (POR ORDEN DE ESCRITURA) Res\u00famenes, cu\u00e1ndo, c\u00f3mo, d\u00f3nde y por qu\u00e9 los escrib\u00ed \u00a0ACTUALIZADO A 1 DE OCTUBRE DE 2025 \u00a1Descarga aqu\u00ed el PDF! &nbsp; &nbsp; &lt;&lt; volver<\/p>\n","protected":false},"author":101012,"featured_media":0,"parent":89,"menu_order":0,"comment_status":"closed","ping_status":"closed","template":"","meta":{"footnotes":""},"class_list":["post-3730","page","type-page","status-publish","hentry"],"aioseo_notices":[],"_links":{"self":[{"href":"https:\/\/sierraifabra.com\/index.php?rest_route=\/wp\/v2\/pages\/3730","targetHints":{"allow":["GET"]}}],"collection":[{"href":"https:\/\/sierraifabra.com\/index.php?rest_route=\/wp\/v2\/pages"}],"about":[{"href":"https:\/\/sierraifabra.com\/index.php?rest_route=\/wp\/v2\/types\/page"}],"author":[{"embeddable":true,"href":"https:\/\/sierraifabra.com\/index.php?rest_route=\/wp\/v2\/users\/101012"}],"replies":[{"embeddable":true,"href":"https:\/\/sierraifabra.com\/index.php?rest_route=%2Fwp%2Fv2%2Fcomments&post=3730"}],"version-history":[{"count":0,"href":"https:\/\/sierraifabra.com\/index.php?rest_route=\/wp\/v2\/pages\/3730\/revisions"}],"up":[{"embeddable":true,"href":"https:\/\/sierraifabra.com\/index.php?rest_route=\/wp\/v2\/pages\/89"}],"wp:attachment":[{"href":"https:\/\/sierraifabra.com\/index.php?rest_route=%2Fwp%2Fv2%2Fmedia&parent=3730"}],"curies":[{"name":"wp","href":"https:\/\/api.w.org\/{rel}","templated":true}]}}