{"id":3941,"date":"2017-02-05T15:58:25","date_gmt":"2017-02-05T14:58:25","guid":{"rendered":"http:\/\/sierraifabra.com\/?page_id=3941"},"modified":"2026-01-27T13:27:40","modified_gmt":"2026-01-27T12:27:40","slug":"fundacio-jordi-sierra-i-fabra-2","status":"publish","type":"page","link":"https:\/\/sierraifabra.com\/?page_id=3941&lang=es","title":{"rendered":"Fundaci\u00f3 Jordi Sierra i Fabra"},"content":{"rendered":"<p><a href=\"http:\/\/fundaciosierraifabra.org\/\" target=\"_blank\" rel=\"noopener\"><img loading=\"lazy\" decoding=\"async\" class=\"aligncenter wp-image-1729 size-medium\" title=\"Visitar la Web de la Fundaci\u00f3\" src=\"http:\/\/sierraifabra.com\/wp-content\/uploads\/2015\/08\/logoGran-300x212.png\" width=\"300\" height=\"212\" srcset=\"https:\/\/sierraifabra.com\/wp-content\/uploads\/2015\/08\/logoGran-300x212.png 300w, https:\/\/sierraifabra.com\/wp-content\/uploads\/2015\/08\/logoGran.png 815w\" sizes=\"auto, (max-width: 300px) 100vw, 300px\" \/><\/a><\/p>\n<h4 style=\"text-align: center;\">Premio Ibby-Asahi 2010<\/h4>\n<h4 style=\"text-align: center;\">Medalla d&#8217;Honor de la Ciutat de Barcelona<\/h4>\n<p><a href=\"\/?page_id=477\"><strong>Presentaci\u00f3n de la Fundaci\u00f3 Jordi Sierra i Fabra (Espa\u00f1a) y Fundaci\u00f3n Taller de Letras Jordi Sierra i Fabra para Latinoam\u00e9rica (Colombia)<\/strong><\/a><br \/>\nDurante a\u00f1os, mi casa ha estado abierta a todo chico o chica que quisiera verme, contarme sus cosas o entrevistarme para un trabajo escolar, y lo mismo para j\u00f3venes periodistas, estudiantes o licenciados con inter\u00e9s por mi obra. De ni\u00f1o supe lo que era la soledad, y lo peor, que nadie creyera en m\u00ed. Cuando empec\u00e9 a publicar novelas me jur\u00e9 que nunca dar\u00eda la espalda a nadie. Lo he cumplido siempre.<\/p>\n<p><a title=\"CENTRO CULTURAL DE LA FUNDACI\u00d3 JORDI SIERRA I FABRA EN BARCELONA\" href=\"\/?page_id=608\"><strong>CENTRO CULTURAL de la Fundaci\u00f3 Jordi Sierra i Fabra en BARCELONA<\/strong><\/a><\/p>\n<p><strong>CONTACTO: <a href=\"mailto:fundacio@fundaciosierraifabra.org\" target=\"_blank\" rel=\"nofollow noopener\">fundacio@fundaciosierraifabra.org<\/a><\/strong><\/p>\n","protected":false},"excerpt":{"rendered":"<p>Premio Ibby-Asahi 2010 Medalla d&#8217;Honor de la Ciutat de Barcelona Presentaci\u00f3n de la Fundaci\u00f3 Jordi Sierra i Fabra (Espa\u00f1a) y Fundaci\u00f3n Taller de Letras Jordi Sierra i Fabra para Latinoam\u00e9rica (Colombia) Durante a\u00f1os, mi casa ha estado abierta a todo chico o chica que quisiera&hellip; <a class=\"read-more\" href=\"https:\/\/sierraifabra.com\/?page_id=3941&#038;lang=es\">Read more<\/a><\/p>\n","protected":false},"author":101012,"featured_media":0,"parent":0,"menu_order":0,"comment_status":"closed","ping_status":"closed","template":"","meta":{"footnotes":""},"class_list":["post-3941","page","type-page","status-publish","hentry"],"aioseo_notices":[],"_links":{"self":[{"href":"https:\/\/sierraifabra.com\/index.php?rest_route=\/wp\/v2\/pages\/3941","targetHints":{"allow":["GET"]}}],"collection":[{"href":"https:\/\/sierraifabra.com\/index.php?rest_route=\/wp\/v2\/pages"}],"about":[{"href":"https:\/\/sierraifabra.com\/index.php?rest_route=\/wp\/v2\/types\/page"}],"author":[{"embeddable":true,"href":"https:\/\/sierraifabra.com\/index.php?rest_route=\/wp\/v2\/users\/101012"}],"replies":[{"embeddable":true,"href":"https:\/\/sierraifabra.com\/index.php?rest_route=%2Fwp%2Fv2%2Fcomments&post=3941"}],"version-history":[{"count":0,"href":"https:\/\/sierraifabra.com\/index.php?rest_route=\/wp\/v2\/pages\/3941\/revisions"}],"wp:attachment":[{"href":"https:\/\/sierraifabra.com\/index.php?rest_route=%2Fwp%2Fv2%2Fmedia&parent=3941"}],"curies":[{"name":"wp","href":"https:\/\/api.w.org\/{rel}","templated":true}]}}