{"id":477,"date":"2015-08-04T11:23:06","date_gmt":"2015-08-04T09:23:06","guid":{"rendered":"http:\/\/thewalrushub.com\/jordi\/?page_id=477"},"modified":"2020-10-16T14:28:28","modified_gmt":"2020-10-16T12:28:28","slug":"8-presentacion-de-la-fundacio-jordi-sierra-i-fabra-espana-y-la-fundacion-taller-de-letras-jordi-sierra-i-fabra-para-latinoamerica-colombia","status":"publish","type":"page","link":"https:\/\/sierraifabra.com\/?page_id=477&lang=es","title":{"rendered":"Presentaci\u00f3n de la Fundaci\u00f3 Jordi Sierra i Fabra (Espa\u00f1a) y la Fundaci\u00f3n Taller de Letras Jordi Sierra i Fabra para Latinoam\u00e9rica (Colombia)"},"content":{"rendered":"<p>Durante a\u00f1os, mi casa ha estado abierta a todo chico o chica que quisiera verme, contarme sus cosas o entrevistarme para un trabajo escolar, y lo mismo para j\u00f3venes periodistas, estudiantes o licenciados con inter\u00e9s por mi obra. De ni\u00f1o supe lo que era la soledad, y lo peor, que nadie creyera en m\u00ed. Cuando empec\u00e9 a publicar novelas me jur\u00e9 que nunca dar\u00eda la espalda a nadie. Lo he cumplido siempre.<\/p>\n<p>Conocedores de esta predisposici\u00f3n, hace tambi\u00e9n muchos a\u00f1os empezaron a llegarme novelas y relatos procedentes de j\u00f3venes de toda Espa\u00f1a. Aunque tardase seis meses por culpa del trabajo o los viajes, yo le\u00eda siempre esas obras y respond\u00eda a los candidatos a escritor. El volumen lleg\u00f3 a ser tal que escrib\u00ed una novela, \u00b3Rabia\u00b2 (Ediciones SM en castellano, Cru\u00eflla en catal\u00e1n), condensando esas experiencias. Desde entonces me bast\u00f3 con decirles que la leyeran porque ah\u00ed estaba todo lo que pudiera decirles yo. Sin embargo, comprend\u00eda que para muchos eso no era suficiente. Y en cada uno de ellos o de ellas me ve\u00eda a m\u00ed mismo a su edad.<\/p>\n<p>De ni\u00f1o era tartamudo, mucho. A los ocho a\u00f1os atraves\u00e9 una puerta de cristal y me dej\u00e9 en el camino casi un brazo, casi la nariz, y muchas cicatrices corporales. En el hospital, vendado, sin poder leer, que era mi pasi\u00f3n, empec\u00e9 a escribir y descubr\u00ed que escribiendo no tartamudeaba. Fue una revelaci\u00f3n y decid\u00ed ser escritor. Ah\u00ed empez\u00f3 el calvario. Mi padre no me dejaba hacerlo, me lo prohib\u00eda, lloraba si me ve\u00eda escribiendo. Dec\u00eda que &#8220;eso no daba para comer&#8221; y que &#8220;me morir\u00eda de hambre&#8221;. Y para postre, en la escuela, adem\u00e1s de maltratado por mi tartamudez me pon\u00edan ceros en lengua y literatura por culpa de mi desbordante fantas\u00eda. Resist\u00ed, escrib\u00ed una novela de 500 p\u00e1ginas con 12 a\u00f1os y cuando la termin\u00e9 yo ten\u00eda muy claro que ser\u00eda escritor, y tanto me daba ser rico o pobre, famoso o no. Escribir es algo m\u00e1s que eso. Mi adolescencia fue pues traum\u00e1tica en este sentido. Y por extra\u00f1o que parezca, en estos a\u00f1os, y hoy mismo, las cosas no han cambiado mucho, al contrario, en un tiempo tan materialista como este, la soledad del escritor adolescente es peor. Constantemente me dicen &#8220;mi padre no me deja escribir&#8221;, o &#8220;mi padre me dice que estudie algo que me de dinero&#8221;, o &#8220;mi padre dice que puedo escribir como hobby, pero que el dinero se gana con algo que tenga salida&#8221;. Me pregunto, \u00bfno hay ning\u00fan padre que le diga a su hijo o hija, simplemente, que trate de ser feliz? Yo siempre he defendido que los sue\u00f1os hay que lucharlos, que es mejor ganar un euro a gusto que dos a disgusto, que en la vida la libertad es esencial, tanto como estar bien con uno mismo, y que a la larga el que hace lo que le gusta llega a ganar incluso m\u00e1s.<\/p>\n<p>El esp\u00edritu de la Fundaci\u00f3 Jordi Sierra i Fabra naci\u00f3 con toda esta historia, hace a\u00f1os. Por un lado es normal que un escritor quiera asegurarse de que sus archivos no se pierdan al morir, y que lo mismo que ahora los estudiosos vienen a mi casa a investigar c\u00f3mo trabajo o c\u00f3mo hice tal o cual novela, lo puedan hacer en el futuro. Pero por el otro mi idea era crear un centro de estudios, biblioteca infantil y juvenil, local de conferencias, escuela y dormitorios para futuros becados. Un proyecto posiblemente enorme y superior a mis fuerzas, pero que es el objetivo final de la Fundaci\u00f3. Naturalmente es privada y est\u00e1 financiada exclusivamente por m\u00ed. Pero siempre hay que confiar. La vida es lucha. Mi lema sigue siendo &#8220;Todo es posible (si t\u00fa lo quieres)&#8221;.<\/p>\n<p>La Fundaci\u00f3 Jordi Sierra i Fabra nace en Espa\u00f1a con un primer objetivo: ayudar a j\u00f3venes escritores. \u00bfC\u00f3mo? De momento con un primer paso que ya est\u00e1 en marcha, la creaci\u00f3n de un premio literario para menores de 18 a\u00f1os otorgado con el apoyo de la Fundaci\u00f3n Santa Mar\u00eda. Adem\u00e1s de una dotaci\u00f3n econ\u00f3mica, lo m\u00e1s importante ser\u00e1 que la obra ganadora la publicar\u00e1 Ediciones SM y la entrega tendr\u00e1 lugar anualmente la noche de los premios de la Fundaci\u00f3n Santa Mar\u00eda, cuando se fallan el Barco de Vapor, el Gran Angular y el de Ilustraci\u00f3n. Mejor, imposible. Este premio literario dar\u00e1 salida a muchos sue\u00f1os infantiles y juveniles. Una vez consolidado, el futuro ser\u00e1 tan inmenso c\u00f3mo queramos que sea dentro de nuestras limitaciones.<\/p>\n<p>Pero hubiera sido injusto, por mi parte, pensar s\u00f3lo en Espa\u00f1a a la hora de dar forma a mi sue\u00f1o. Es tal la energ\u00eda, el amor, la fuerza y la amistad que he recibido de Latinoam\u00e9rica en mis constantes viajes al otro lado del Atl\u00e1ntico, que la vocaci\u00f3n de la Fundaci\u00f3n se hizo r\u00e1pidamente doble. He dado charlas maravillosas en muchos pa\u00edses, he sido invitado a ferias y congresos, tengo editores en Ecuador, Chile, Colombia, M\u00e9xico, etc. Dar obras in\u00e9ditas para ser publicadas en estos pa\u00edses ya era un regalo personal y una forma de mostrar mi cari\u00f1o hacia ellos, pero crear all\u00ed un espejo de la propia Fundaci\u00f3n espa\u00f1ola ha sido por supuesto algo m\u00e1s. Con ese esp\u00edritu he creado en Medell\u00edn, Colombia, la Fundaci\u00f3n Taller de Letras Jordi Sierra i Fabra para Latinoam\u00e9rica. Ambas fundaciones actuar\u00e1n de forma independiente, con autonom\u00eda propia. Es m\u00e1s, la de Medell\u00edn, que inici\u00f3 sus actividades en Enero, tiene ya objetivos mucho m\u00e1s amplios y asentados gracias al equipo de trabajo que la dirige, formado por profesionales reconocidos del mundo cultural colombiano. Los objetivos son dar seminarios, conferencias, formar profesorado, bibliotecarios&#8230; es decir, cuanto est\u00e9 relacionado con la literatura y, especialmente, con la infantil y juvenil, con especial \u00e9nfasis tambi\u00e9n en la ayuda a las futuras generaciones de j\u00f3venes escritores.<\/p>\n<p>Todo proyecto personal, toda iniciativa, y m\u00e1s cuando hablamos de este mundo m\u00e1gico que es el de los libros en el que nos movemos todos, nace con ilusi\u00f3n, energ\u00eda y una enorme dosis de esperanzas. En el poco tiempo que ha tardado esta noticia en expandirse, puedo asegurar que los apoyos han sido muchos, sobre todo de los propios compa\u00f1eros de este gremio de plum\u00edferos que, por suerte, no estamos sujetos a los ego\u00edsmos, las rencillas o las envidias del mundo de la narrativa adulta, tan hinchado de egos y sobrado de ombligos autocomplacientes. Trabajamos para un mismo objetivo, cada cual como puede o sabe: conseguir que los j\u00f3venes lean y, en este caso, tambi\u00e9n que escriban.<\/p>\n<p>La Fundaci\u00f3 Jordi Sierra i Fabra tambi\u00e9n es vuestra.<\/p>\n<p>\u00a9 Jordi Sierra i Fabra, octubre 2004<\/p>\n<p><strong><a href=\"http:\/\/sierraifabra.com\/?page_id=3941&amp;lang=es\">&lt;&lt; volver<\/a><\/strong><\/p>\n","protected":false},"excerpt":{"rendered":"<p>Durante a\u00f1os, mi casa ha estado abierta a todo chico o chica que quisiera verme, contarme sus cosas o entrevistarme para un trabajo escolar, y lo mismo para j\u00f3venes periodistas, estudiantes o licenciados con inter\u00e9s por mi obra. De ni\u00f1o supe lo que era la&hellip; <a class=\"read-more\" href=\"https:\/\/sierraifabra.com\/?page_id=477&#038;lang=es\">Read more<\/a><\/p>\n","protected":false},"author":101012,"featured_media":0,"parent":3941,"menu_order":0,"comment_status":"closed","ping_status":"closed","template":"","meta":{"footnotes":""},"class_list":["post-477","page","type-page","status-publish","hentry"],"aioseo_notices":[],"_links":{"self":[{"href":"https:\/\/sierraifabra.com\/index.php?rest_route=\/wp\/v2\/pages\/477","targetHints":{"allow":["GET"]}}],"collection":[{"href":"https:\/\/sierraifabra.com\/index.php?rest_route=\/wp\/v2\/pages"}],"about":[{"href":"https:\/\/sierraifabra.com\/index.php?rest_route=\/wp\/v2\/types\/page"}],"author":[{"embeddable":true,"href":"https:\/\/sierraifabra.com\/index.php?rest_route=\/wp\/v2\/users\/101012"}],"replies":[{"embeddable":true,"href":"https:\/\/sierraifabra.com\/index.php?rest_route=%2Fwp%2Fv2%2Fcomments&post=477"}],"version-history":[{"count":0,"href":"https:\/\/sierraifabra.com\/index.php?rest_route=\/wp\/v2\/pages\/477\/revisions"}],"up":[{"embeddable":true,"href":"https:\/\/sierraifabra.com\/index.php?rest_route=\/wp\/v2\/pages\/3941"}],"wp:attachment":[{"href":"https:\/\/sierraifabra.com\/index.php?rest_route=%2Fwp%2Fv2%2Fmedia&parent=477"}],"curies":[{"name":"wp","href":"https:\/\/api.w.org\/{rel}","templated":true}]}}