{"id":480,"date":"2015-08-04T11:27:06","date_gmt":"2015-08-04T09:27:06","guid":{"rendered":"http:\/\/thewalrushub.com\/jordi\/?page_id=480"},"modified":"2025-09-25T09:57:45","modified_gmt":"2025-09-25T07:57:45","slug":"estudios","status":"publish","type":"page","link":"https:\/\/sierraifabra.com\/?page_id=480&lang=es","title":{"rendered":"Estudios"},"content":{"rendered":"<p><a title=\"1- JORDI SIERRA I FABRA: LA PASI\u00d3N POR LA ESCRITURA (APROXIMACI\u00d3N A SU OBRA JUVENIL E INFANTIL)\" href=\"http:\/\/sierraifabra.com\/?page_id=482\">1- JORDI SIERRA I FABRA: LA PASI\u00d3N POR LA ESCRITURA (APROXIMACI\u00d3N A SU OBRA JUVENIL E INFANTIL)<\/a><\/p>\n<p><a title=\"2 \u2013 UNA NAVE LLAMADA UNIVERSO (La ciencia ficci\u00f3n de Jordi Sierra i Fabra)\" href=\"http:\/\/sierraifabra.com\/?page_id=484\">2 &#8211; UNA NAVE LLAMADA UNIVERSO (La ciencia ficci\u00f3n de Jordi Sierra i Fabra)<\/a><\/p>\n<p><a title=\"3 \u2013 ROTOS PERO NUNCA VENCIDOS (An\u00e1lisis de la trilog\u00eda \u201cEl tiempo del exilio\u201d)\" href=\"http:\/\/sierraifabra.com\/?page_id=486\">3 &#8211; ROTOS PERO NUNCA VENCIDOS (An\u00e1lisis de la trilog\u00eda &#8220;El tiempo del exilio&#8221;)<\/a><\/p>\n<p><a title=\"4 \u2013 JORDI SIERRA I FABRA, UN HURAC\u00c1N DE LA COMUNICACI\u00d3N\" href=\"http:\/\/sierraifabra.com\/?page_id=488\">4 &#8211; JORDI SIERRA I FABRA, UN HURAC\u00c1N DE LA COMUNICACI\u00d3N<\/a><\/p>\n<p><a title=\"5 \u2013 LA FUERZA DE LAS PALABRAS\" href=\"http:\/\/sierraifabra.com\/?page_id=490\">5 &#8211; LA FUERZA DE LAS PALABRAS<\/a><\/p>\n<p><a title=\"6 \u2013 \u201cMaterial sensible\u201d, POR ANABEL SAIZ\" href=\"http:\/\/sierraifabra.com\/?page_id=492\">6 &#8211; &#8220;Material sensible&#8221;, POR ANABEL SAIZ<\/a><\/p>\n<p><a title=\"7 \u2013 EL COMPROMISO SOCIAL EN LA OBRA DE JORDI SIERRA I FABRA (1983-2003), POR JOS\u00c9 R. CORT\u00c9S CRIADO\" href=\"http:\/\/sierraifabra.com\/?page_id=494\">7 &#8211; EL COMPROMISO SOCIAL EN LA OBRA DE JORDI SIERRA I FABRA (1983-2003), POR JOS\u00c9 R. CORT\u00c9S CRIADO<\/a><\/p>\n<p><a title=\"8 \u2013 LOS PERSONALES BUENOS Y MALOS EN LAS NOVELAS DE JORDI SIERRA I FABRA\" href=\"http:\/\/sierraifabra.com\/?page_id=496\">8 &#8211; LOS PERSONALES BUENOS Y MALOS EN LAS NOVELAS DE JORDI SIERRA I FABRA<\/a><\/p>\n<p><a title=\"9 \u2013 MUNDOS Y SERES FANT\u00c1STICOS EN EL FUTURO DISE\u00d1ADO POR JORDI SIERRA I FABRA\" href=\"http:\/\/sierraifabra.com\/?page_id=499\">9 &#8211; MUNDOS Y SERES FANT\u00c1STICOS EN EL FUTURO DISE\u00d1ADO POR JORDI SIERRA I FABRA<\/a><\/p>\n<p><a title=\"10 \u2013 JORDI, ESCRITOR VIAJERO (A prop\u00f3sito de Kafka y la mu\u00f1eca viajera), por JOS\u00c9 R. CORT\u00c9S CRIADO\" href=\"http:\/\/sierraifabra.com\/?page_id=501\">10 &#8211; JORDI, ESCRITOR VIAJERO (A prop\u00f3sito de Kafka y la mu\u00f1eca viajera), por JOS\u00c9 R. CORT\u00c9S CRIADO<\/a><\/p>\n<p><a title=\"11 \u2013 Conferencia de Mar\u00eda Jos\u00e9 G\u00f3mez Navarro en la Fundaci\u00f3n Caballero Bonald, J\u00e9rez, 19 de febrero de 2009.\" href=\"http:\/\/sierraifabra.com\/?page_id=503\">11 &#8211; Conferencia de Mar\u00eda Jos\u00e9 G\u00f3mez Navarro en la Fundaci\u00f3n Caballero Bonald, J\u00e9rez, 19 de febrero de 2009.<\/a><\/p>\n<p><strong><a href=\"http:\/\/sierraifabra.com\/?page_id=289\">&lt;&lt; volver<\/a><\/strong><\/p>\n","protected":false},"excerpt":{"rendered":"<p>1- JORDI SIERRA I FABRA: LA PASI\u00d3N POR LA ESCRITURA (APROXIMACI\u00d3N A SU OBRA JUVENIL E INFANTIL) 2 &#8211; UNA NAVE LLAMADA UNIVERSO (La ciencia ficci\u00f3n de Jordi Sierra i Fabra) 3 &#8211; ROTOS PERO NUNCA VENCIDOS (An\u00e1lisis de la trilog\u00eda &#8220;El tiempo del exilio&#8221;)&hellip; <a class=\"read-more\" href=\"https:\/\/sierraifabra.com\/?page_id=480&#038;lang=es\">Read more<\/a><\/p>\n","protected":false},"author":101012,"featured_media":0,"parent":289,"menu_order":0,"comment_status":"closed","ping_status":"closed","template":"","meta":{"footnotes":""},"class_list":["post-480","page","type-page","status-publish","hentry"],"aioseo_notices":[],"_links":{"self":[{"href":"https:\/\/sierraifabra.com\/index.php?rest_route=\/wp\/v2\/pages\/480","targetHints":{"allow":["GET"]}}],"collection":[{"href":"https:\/\/sierraifabra.com\/index.php?rest_route=\/wp\/v2\/pages"}],"about":[{"href":"https:\/\/sierraifabra.com\/index.php?rest_route=\/wp\/v2\/types\/page"}],"author":[{"embeddable":true,"href":"https:\/\/sierraifabra.com\/index.php?rest_route=\/wp\/v2\/users\/101012"}],"replies":[{"embeddable":true,"href":"https:\/\/sierraifabra.com\/index.php?rest_route=%2Fwp%2Fv2%2Fcomments&post=480"}],"version-history":[{"count":0,"href":"https:\/\/sierraifabra.com\/index.php?rest_route=\/wp\/v2\/pages\/480\/revisions"}],"up":[{"embeddable":true,"href":"https:\/\/sierraifabra.com\/index.php?rest_route=\/wp\/v2\/pages\/289"}],"wp:attachment":[{"href":"https:\/\/sierraifabra.com\/index.php?rest_route=%2Fwp%2Fv2%2Fmedia&parent=480"}],"curies":[{"name":"wp","href":"https:\/\/api.w.org\/{rel}","templated":true}]}}