{"id":488,"date":"2015-08-04T11:29:40","date_gmt":"2015-08-04T09:29:40","guid":{"rendered":"http:\/\/thewalrushub.com\/jordi\/?page_id=488"},"modified":"2017-02-03T22:55:43","modified_gmt":"2017-02-03T21:55:43","slug":"4-jordi-sierra-i-fabra-un-huracan-de-la-comunicacion","status":"publish","type":"page","link":"https:\/\/sierraifabra.com\/?page_id=488&lang=es","title":{"rendered":"04 &#8211; JORDI SIERRA I FABRA, UN HURAC\u00c1N DE LA COMUNICACI\u00d3N"},"content":{"rendered":"<p><span style=\"font-size: medium;\">por Anabel S\u00e1iz Ripoll<br \/>\nProfesora Secundaria IES Jaume I de Salou y Doctora en Filolog\u00edaI.<br \/>\n<\/span><span style=\"font-size: medium;\"><br \/>\nJordi Sierra i Fabra (Barcelona, 1947), de quien nos hemos ocupado en otros trabajos,\u00a0 lleva escribiendo desde los 8 a\u00f1os. Influido por la m\u00fasica rock, se inicia en este campo en \u201cEl Gran Musical\u201d de la Cadena Ser y es director de algunas de las m\u00e1s influyentes publicaciones musicales de Espa\u00f1a. Ha escrito tambi\u00e9n distintas obras que tratan de la m\u00fasica actual como: Historia de la M\u00fasica Pop (1972), Historia de la M\u00fasica Rock (1981)&#8230;<\/p>\n<p>Como escritor cultiva todos los g\u00e9neros y temas: novela urbana, rock, realismo, ciencia-ficci\u00f3n, policiaca, pandillas, fantas\u00eda, adolescencia, erotismo, humor, ecolog\u00eda, antiracismo, oficio de escribir, pa\u00edses, civilizaciones, viejas culturas, la importancia de leer, el terrorismo, documental, las guerras, los conflictos internacionales, los sentimientos&#8230;<\/p>\n<p>Aficionado a viajar, es una persona inquieta que siente curiosidad por todo lo que le rodea y que lleva publicados m\u00e1s de 300 t\u00edtulos. Se dedica b\u00e1sicamente a la literatura Infantil y Juvenil, aunque ha escrito tambi\u00e9n para adultos -novela y poes\u00eda-. Su personalidad es desbordante.<\/p>\n<p>Persona comprometida no duda en centrar sus t\u00edtulos en aquellos temas m\u00e1s sangrantes, m\u00e1s actuales. Sierra i Fabra no busca historias edulcoradas, sino obras llenas de verdad, que nos hagan pensar, que nos obliguen a tomar posiciones, que no nos dejen indiferentes.<\/p>\n<p>ALGUNOS PREMIOS<\/p>\n<p>Sierra i Fabra es uno de los autores m\u00e1s premiados y, por citar unas cuantas menciones, podemos recordar:<\/p>\n<p>-Villa de Bilbao, 1975<br \/>\n-Ateneo de Sevilla, 1979<br \/>\n-Gran Angular, 1980, 1982, 1990<br \/>\n-Vaixell de Vapor, 1990<br \/>\n-Premio de la CCEI, 1992<br \/>\n-Columna, 1993<br \/>\n-Edeb\u00e9 infantil, 1993<br \/>\n-Joaquim Ruyra, 1996 y un largo etc\u00e9tera.<\/p>\n<p>BIBLIOGRAF\u00cdA JUVENIL B\u00c1SICA<\/p>\n<p>-El cazador<br \/>\n-&#8230;en un lugar llamado Tierra<br \/>\n-El testamento de un lugar llamado Tierra<br \/>\n-El \u00faltimo verano Miwock<br \/>\n-Kaopi<br \/>\n-El \u00faltimo set<br \/>\n-Los sonidos del silencio<br \/>\n-Banda sonora<br \/>\n-Las fans<br \/>\n-Noche de viernes<br \/>\n-Campos de fresas<br \/>\n-Nunca seremos estrellas de rock<br \/>\n-Seis historias en torno a Mario<br \/>\n-La estrella de la ma\u00f1ana<br \/>\n-Noche de luna en el estrecho<br \/>\n-Retrato de un adolescente manchado<br \/>\n-Un hombre con un tenedor en una tierra de sopas<br \/>\n-Rabia<br \/>\n-Las furias<br \/>\n-Chicas de alambre<br \/>\n-El fabuloso mundo de las letras&#8230;.<br \/>\n-En un lugar llamado guerra<br \/>\n-Zonas err\u00f3neas<br \/>\n-La piel de la memoria<br \/>\n-Casting<br \/>\n-Tiempo muerto<\/p>\n<p>Hay que a\u00f1adir la \u201cBiblioteca Sierra i Fabra\u201d que es un proyecto de gran envergadura, las obras de ciencia ficci\u00f3n, las dedicadas al p\u00fablico adulto&#8230; y muchos m\u00e1s t\u00edtulos; pero lo bueno de Sierra i Fabra es que un libro te lleva a otro y as\u00ed el lector va saltando de obra en obra y disfrutando de tanta variedad.<\/p>\n<p>LA CR\u00cdTICA HA DICHO<\/p>\n<p>Mucho es lo que podr\u00eda decirse de Jordi Sierra i Fabra, pero recogemos algunas notas esenciales de lo que, en alg\u00fan momento, la cr\u00edtica ha dicho de \u00e9l:<\/p>\n<p>\u201cSierra i Fabra es un hombre con un talento exepcional y una capacidad de trabajo realmente admirable\u201d (El Correo Espa\u00f1ol, 25\/7\/79)<\/p>\n<p>\u201cEs un lujo tener en Espa\u00f1a a uno de los mejores historiadores de m\u00fasica de nuestro tiempo. Sus enciclopedias son aut\u00e9nticos r\u00e9cord de Guinnes\u201d (Raimundo Mart\u00ednez. El Noticiero Universal).<\/p>\n<p>\u201cUno de los pocos autores que consigue conectar con la grey adolescente y que cultiva una literatura vital, apasionada como lo es \u00e9l mismo\u201d (Diario Informaci\u00f3n de Alicante, 21\/7\/83)<\/p>\n<p>\u201cEs posiblemente el \u00fanico gran autor de \u201ctrillers\u201d espa\u00f1ol, en la l\u00ednea de Irwing Wallace o Frederick Forsyth\u201d (Luis Fern\u00e1ndez, Garbo 19\/12\/83)<\/p>\n<p>\u201cEs el Isaac Asimov espa\u00f1ol, como lo demuestra el \u00e9xito de su trilog\u00eda encabezada por &#8230;en un lugar llamado Tierra\u201d (Manuel Delgado, TVE, 1987).<\/p>\n<p>\u201cNo s\u00f3lo escribe bien. Su prosa es densa, reflexiva, con una profundidad filos\u00f3fica casi religiosa\u201d (Mar\u00eda Sol\u00e9, ABC, 19\/12\/87)<\/p>\n<p>\u201cLo mejor de Sierra i Fabra es su palabra viva en p\u00e1ginas creadas desde una sensibilidad de m\u00fasico y poeta, aut\u00e9ntica y actualmente exquisita\u201d (Ana M\u00aa Navarrete, El Correo de Andaluc\u00eda, n\u00ba 90)<\/p>\n<p>\u201cUn todo-terreno de la literatura, por amor, sin g\u00e9nero que se le resista, que escribe con m\u00fasica de Strawinsky o los Beatles, rock o heavy\u201d (Antoni Capilla, El Peri\u00f3dico de Barcelona, 26\/4\/90)<\/p>\n<p>LOS PRINCIPIOS DEL ESCRITOR (extra\u00eddos de su libro Rabia, SM, pp. 125 y ss)<\/p>\n<p>Por \u00faltimo dejamos que sea el propio autor quien nos cuente las claves que, seg\u00fan \u00e9l, ha de tener un buen escritor. Si algo domina en las m\u00e1ximas o consejos o ideas que leeremos a continuaci\u00f3n es la fuerza, la vehemencia y el entusiasmo. Sierra i Fabra no admite que nadie se aburra y se niega a dejar una s\u00f3la obra sin escribir mientras tenga un aliento de vida. Es as\u00ed, un hurac\u00e1n.<\/p>\n<p>Escribir y ser escritor<\/p>\n<p>1. Al escribir, uno recuerda que \u201cest\u00e1\u201d vivo, y que eso es un privilegio<br \/>\n2. No escribir, para muchos de nosotros, es morir<br \/>\n3. Escribir es una forma de supervivencia<br \/>\n4. Si no escribiese todos los d\u00edas, uno acumular\u00eda veneno, y empezar\u00eda a morir, o a desquiciarse, o las dos cosas.<br \/>\n5. Uno tiene que mantenerse borracho de escritura para que la realidad no lo destruya<br \/>\n6. Una hora de escritura es un t\u00f3nico<br \/>\n7. Si dejo de escribir un s\u00f3lo d\u00eda, me pongo inquieto<br \/>\n8. Sabio es el escritor que coconoce su inconsciente<br \/>\n9. Cuando la muerte reduce la marcha de otros, uno tiene que preparar de prisa un trampol\u00edn y saltar de cabeza a la m\u00e1quina de escribir<br \/>\n10. El primer deber de un escritor es la efusi\u00f3n: ser una criatura de fiebres y arrebatos<br \/>\n11. En la rapidez est\u00e1 la verdad. Cuanto m\u00e1s deprisa escriba, m\u00e1s sincero ser\u00e9<br \/>\n12. Escribo todas mis novelas en un chorro de pasi\u00f3n deliciosa<br \/>\n13. Hay escritores que tardan a\u00f1os en dar con la historia original que llevan dentro; otros apenas unos meses<\/p>\n<p>Sentimientos y pasiones<\/p>\n<p>14. No hace falta que te deprimas. No hace falta que te preocupes. No hace falta que empujes. Las ideas te siguen. Cuando bajan la guardia y est\u00e1n listas para nacer, me doy la vuelta y las atrapo<br \/>\n15. Trabajo. Relajaci\u00f3n. \u00a1No pensar! (&#8230; porque eso implica M\u00c1S relajaci\u00f3n, M\u00c1S espontaneidad y una mayor creatividad)<br \/>\n16. El mundo intenta darte alcance y asquearte<br \/>\n17. Saber divertirse trabajando<br \/>\n18. Hay ideas en cualquier lugar<br \/>\n19. Me fascinan los viejos<br \/>\n20. En los libros de poes\u00edas hay ideas por todas partes<br \/>\n21. Vivimos en una cultura y en una \u00e9poca tan intensamente ricas en basuras como en tesoros<br \/>\n22. Todo lo que se hace, hay que hacerlo con entusiasmo<br \/>\n23. Fiebre, ardor, delicia<br \/>\n24. Para alimentar a la Musa, es preciso haber tenido siempre hambre de vida, desde ni\u00f1o<br \/>\n25. Todos necesitamos que alguien m\u00e1s alto, m\u00e1s sabio, m\u00e1s viejo nos diga que a fin de cuentas no estamos locos<br \/>\n26. Soy esa rareza de feria, el hombre con un ni\u00f1o dentro que lo recuerda todo<br \/>\n27. Hace mucho que aprend\u00ed que yo no veo de manera directa, que el que sobre todo se \u201cembebe\u201d en mi incosciente<br \/>\n28. Si todo esto parece mec\u00e1nico, no lo es. Me gu\u00edan las ideas. Cuanto m\u00e1s hago, m\u00e1s quiero hacer. Uno se vuelve voraz. Le entran fiebres. Conoce j\u00fabilos<br \/>\n29. Yo creo que finalmente la cantidad redunda en la calidad<br \/>\n30. La cantidad da experiencia. S\u00f3lo de la experiencia puede surgir la calidad<br \/>\n31. El trabajo del artista es tan arduo que un cerebro que vive por su cuenta acaba desarroll\u00e1ndose en los dedos<br \/>\n32. Lo que estamos intentando es encontrar una forma de liberar la verdad que todos llevamos dentro<br \/>\n33. Que el mundo arda a trav\u00e9s de uno mismo<\/span><\/p>\n","protected":false},"excerpt":{"rendered":"<p>por Anabel S\u00e1iz Ripoll Profesora Secundaria IES Jaume I de Salou y Doctora en Filolog\u00edaI. Jordi Sierra i Fabra (Barcelona, 1947), de quien nos hemos ocupado en otros trabajos,\u00a0 lleva escribiendo desde los 8 a\u00f1os. Influido por la m\u00fasica rock, se inicia en este campo&hellip; <a class=\"read-more\" href=\"https:\/\/sierraifabra.com\/?page_id=488&#038;lang=es\">Read more<\/a><\/p>\n","protected":false},"author":101012,"featured_media":0,"parent":480,"menu_order":0,"comment_status":"closed","ping_status":"closed","template":"","meta":{"footnotes":""},"class_list":["post-488","page","type-page","status-publish","hentry"],"aioseo_notices":[],"_links":{"self":[{"href":"https:\/\/sierraifabra.com\/index.php?rest_route=\/wp\/v2\/pages\/488","targetHints":{"allow":["GET"]}}],"collection":[{"href":"https:\/\/sierraifabra.com\/index.php?rest_route=\/wp\/v2\/pages"}],"about":[{"href":"https:\/\/sierraifabra.com\/index.php?rest_route=\/wp\/v2\/types\/page"}],"author":[{"embeddable":true,"href":"https:\/\/sierraifabra.com\/index.php?rest_route=\/wp\/v2\/users\/101012"}],"replies":[{"embeddable":true,"href":"https:\/\/sierraifabra.com\/index.php?rest_route=%2Fwp%2Fv2%2Fcomments&post=488"}],"version-history":[{"count":0,"href":"https:\/\/sierraifabra.com\/index.php?rest_route=\/wp\/v2\/pages\/488\/revisions"}],"up":[{"embeddable":true,"href":"https:\/\/sierraifabra.com\/index.php?rest_route=\/wp\/v2\/pages\/480"}],"wp:attachment":[{"href":"https:\/\/sierraifabra.com\/index.php?rest_route=%2Fwp%2Fv2%2Fmedia&parent=488"}],"curies":[{"name":"wp","href":"https:\/\/api.w.org\/{rel}","templated":true}]}}