{"id":49,"date":"2015-06-09T15:50:01","date_gmt":"2015-06-09T13:50:01","guid":{"rendered":"http:\/\/thewalrushub.com\/jordi\/?page_id=49"},"modified":"2024-10-22T16:52:12","modified_gmt":"2024-10-22T14:52:12","slug":"menciones-especiales","status":"publish","type":"page","link":"https:\/\/sierraifabra.com\/?page_id=49&lang=es","title":{"rendered":"Menciones Especiales"},"content":{"rendered":"<p><strong>1990<\/strong>. Selecci\u00f3n &#8220;White ravens&#8221; de la Internationale Jugendbibliothek de Munich por &#8220;El joven Lennon&#8221;.<\/p>\n<p><strong>1999<\/strong>. Selecci\u00f3n &#8220;White ravens&#8221; de la Internationale Jugendbibliothek de Munich por &#8220;Un hombre con un tenedor en una tierra de sopas&#8221;.<\/p>\n<p><strong>2000<\/strong>. Selecci\u00f3n &#8220;White ravens&#8221; de la Internationale Jugendbibliothek de Munich por &#8220;Les hist\u00f2ries perdudes&#8221;.<\/p>\n<p><strong>2005<\/strong>. Candidato por Espa\u00f1a al Premio Andersen de Literatura Infantil y juvenil, en su convocatoria de 2006.<\/p>\n<p><strong>2005<\/strong>. Lista de Honor &#8220;Los mejores libros para ni\u00f1os y j\u00f3venes 2005&#8221; del Banco del Libro de Caracas, Venezuela (Secci\u00f3n del IBBY venezolana) por &#8220;La piel de la memoria&#8221;.<\/p>\n<p><strong>2007<\/strong>. Selecci\u00f3n &#8220;White ravens&#8221; de la Internationale Jugendbibliothek de Munich por &#8220;Llamando a las puertas del cielo&#8221;.<\/p>\n<p><strong>2007<\/strong>. La Fundaci\u00f3 Jordi Sierra i Fabra es candidata al Premio Asahi de Cooperaci\u00f3n en su convocatoria de 2008.<\/p>\n<p><strong>2008<\/strong>. La Fundaci\u00f3 Jordi Sierra i Fabra es finalista del Premio Asahi de Cooperaci\u00f3n.<\/p>\n<p><strong>2008<\/strong>&#8211; &#8220;Kafka i la nina que se&#8217;n va anar de viatge&#8221; recibe el premio a la mejor traducci\u00f3n y adaptaci\u00f3n en Brasil por parte de la Funda\u00e7ao Nacional do Livro Infantil e Juvenil.<\/p>\n<p><strong>2009<\/strong>. Por segunda vez, candidato por Espa\u00f1a al Premio Andersen de Literatura Infantil y juvenil, en su convocatoria de 2010.<\/p>\n<p><strong>2009<\/strong>. La Fundaci\u00f3 Jordi Sierra i Fabra es candidata al Premio Asahi de Cooperaci\u00f3n en su convocatoria de 2010.<\/p>\n<p><strong>2010<\/strong>. La Fundaci\u00f3 Jordi Sierra i Fabra recibe el Premio\u00a0 IBBY-Asahi de Promoci\u00f3n de la Lectura 2010 por su proyecto de Plan Lector en Medell\u00edn, Colombia, desarollado por la Fundaci\u00f3n Taller de Letras Jordi Sierra i Fabra y la alcaldia de la ciudad.<\/p>\n<p><strong>2011<\/strong>. &#8220;Historia de un segundo&#8221; es incluido en la Lista de Honor IBBY 2012.<\/p>\n<p><strong>2015<\/strong>. La Fundaci\u00f3 Jordi Sierra i Fabra recibe la Medalla de Honor de la Ciudad de Barcelona.<\/p>\n<p><strong>2015<\/strong>. &#8220;Llamando a las puertas del cielo&#8221; recibe el premio otorgado por la Funda\u00e7ao Nacional do Livro Infantil e Juvenil a la mejor novela juvenil traducida en Brasil.<\/p>\n<p><span style=\"font-size: medium;\"><strong>2015<\/strong> &#8211;\u00a0Candidato por primera vez al Premio Astrid Lindgren.<\/span><\/p>\n<p><strong>2017.<\/strong>\u00a0\u201cEl grito de la mariposa\u201d recibe el premio a la mejor traducci\u00f3n \u00a0en euskera.<\/p>\n<p><strong>2017<\/strong>. Candidato por segunda vez al premio Astrid Lindgren por Espa\u00f1a.<\/p>\n<p><span style=\"font-size: medium;\"><strong>2017<\/strong>&#8211; Medalla de Oro al M\u00e9rito en las Bellas Artes.<br \/>\n<\/span><\/p>\n<p><strong>2018<\/strong> &#8211; Creu de Sant Jordi otorgada por la Generalitat de Catalunya.<\/p>\n<p><strong>2018<\/strong> &#8211; Las Fundaciones Sierra i Fabra son candidatas al Premio Astrid Lindgren.<\/p>\n<p><strong>2019<\/strong> &#8211; Por tercera vez, candidato por Espa\u00f1a al Premio Andersen de Literatura Infantil y juvenil, en su convocatoria de 2020, y tambi\u00e9n por tercera vez, al Premio Astrid Lindgren 2020.<\/p>\n<p><strong>2020<\/strong> &#8211; Por cuarta vez, candidato por Espa\u00f1a al Premio Andersen de Literatura Infantil y juvenil, en su convocatoria de 2022, y tambi\u00e9n por cuarta vez, al Premio Astrid Lindgren de 2021.<\/p>\n<p><a href=\"\/?page_id=845\">&lt;&lt; volver<\/a><\/p>\n","protected":false},"excerpt":{"rendered":"<p>1990. Selecci\u00f3n &#8220;White ravens&#8221; de la Internationale Jugendbibliothek de Munich por &#8220;El joven Lennon&#8221;. 1999. Selecci\u00f3n &#8220;White ravens&#8221; de la Internationale Jugendbibliothek de Munich por &#8220;Un hombre con un tenedor en una tierra de sopas&#8221;. 2000. Selecci\u00f3n &#8220;White ravens&#8221; de la Internationale Jugendbibliothek de Munich&hellip; <a class=\"read-more\" href=\"https:\/\/sierraifabra.com\/?page_id=49&#038;lang=es\">Read more<\/a><\/p>\n","protected":false},"author":101012,"featured_media":0,"parent":845,"menu_order":0,"comment_status":"closed","ping_status":"closed","template":"","meta":{"footnotes":""},"class_list":["post-49","page","type-page","status-publish","hentry"],"aioseo_notices":[],"_links":{"self":[{"href":"https:\/\/sierraifabra.com\/index.php?rest_route=\/wp\/v2\/pages\/49","targetHints":{"allow":["GET"]}}],"collection":[{"href":"https:\/\/sierraifabra.com\/index.php?rest_route=\/wp\/v2\/pages"}],"about":[{"href":"https:\/\/sierraifabra.com\/index.php?rest_route=\/wp\/v2\/types\/page"}],"author":[{"embeddable":true,"href":"https:\/\/sierraifabra.com\/index.php?rest_route=\/wp\/v2\/users\/101012"}],"replies":[{"embeddable":true,"href":"https:\/\/sierraifabra.com\/index.php?rest_route=%2Fwp%2Fv2%2Fcomments&post=49"}],"version-history":[{"count":0,"href":"https:\/\/sierraifabra.com\/index.php?rest_route=\/wp\/v2\/pages\/49\/revisions"}],"up":[{"embeddable":true,"href":"https:\/\/sierraifabra.com\/index.php?rest_route=\/wp\/v2\/pages\/845"}],"wp:attachment":[{"href":"https:\/\/sierraifabra.com\/index.php?rest_route=%2Fwp%2Fv2%2Fmedia&parent=49"}],"curies":[{"name":"wp","href":"https:\/\/api.w.org\/{rel}","templated":true}]}}