{"id":501,"date":"2015-08-04T11:34:52","date_gmt":"2015-08-04T11:34:52","guid":{"rendered":"http:\/\/thewalrushub.com\/jordi\/?page_id=501"},"modified":"2017-02-02T16:47:39","modified_gmt":"2017-02-02T15:47:39","slug":"10-jordi-escritor-viajero-a-proposito-de-kafka-y-la-muneca-viajera-por-jose-r-cortes-criado","status":"publish","type":"page","link":"https:\/\/sierraifabra.com\/?page_id=501&lang=es","title":{"rendered":"10 &#8211; JORDI, ESCRITOR VIAJERO (A prop\u00f3sito de Kafka y la mu\u00f1eca viajera), por JOS\u00c9 R. CORT\u00c9S CRIADO"},"content":{"rendered":"<p>Jordi Sierra i Fabra es un escritor empedernido y un viajero infatigable. Escribe desde bien peque\u00f1o, sobre todo desde que descubri\u00f3 que al hacerlo no tartamudeaba, y viaja desde que tuvo posibles para hacerlo. Sus primeros viajes importantes los realiz\u00f3 con las grandes figuras del rock, fue su etapa de cr\u00edtico musical, despu\u00e9s comenz\u00f3 a viajar a otros lugares del planeta, a esos donde no se celebran conciertos multitudinarios ni acuden los cantantes m\u00e1s afamados, son los pa\u00edses llamados del tercer mundo o en v\u00edas de desarrollo.<\/p>\n<p>Para este sempiterno viajero tuvo que ser un regalo inimaginable saber que Kafka escribi\u00f3 cartas en nombre de una mu\u00f1eca a su due\u00f1a, y comprendo que Sierra i Fabra escribiese el libro Kafka y la mu\u00f1eca viajera, pues no pod\u00eda ser de otra manera para una persona que disfruta recorriendo diferentes lugares del mundo. Viajar es una de sus aficiones, la misma que posee la protagonista no humana de esta historia.<\/p>\n<p>Como es sabido, Kafka escribi\u00f3 esas cartas para consolar a una ni\u00f1ita desconocida, pero de ellas no se sabe nada, seguramente desaparecieron, por eso Sierra i Fabra se atrevi\u00f3 a idear los mensajes que una persona tan sensible y cultivada como Kafka pod\u00eda haber plasmado.<\/p>\n<p>Esta novela, escrita con gran ternura y grandes dosis de sensibilidad refleja el lado m\u00e1s humano del autor nacido en Praga y la ternura que es capaz de reflejar en sus p\u00e1ginas el escritor nacido en Barcelona.<\/p>\n<p>Sierra i Fabra\u00a0 narra maravillosamente lo sucedido; fiel a su estilo literario, nos ofrece un texto \u00e1gil, ameno, perfectamente estructurado en cuatro partes, repleto de mensajes positivos para la formaci\u00f3n de los peque\u00f1os.<\/p>\n<p>Cada parte tiene un t\u00edtulo: Primer sue\u00f1o: la mu\u00f1eca perdida, Segunda fantas\u00eda: las cartas de Br\u00edgida, Tercera ilusi\u00f3n: el largo rumbo de la mu\u00f1eca viajera y Cuarta sonrisa: el regalo. Los cap\u00edtulos van indicados con las letras de nuestro abecedario.<\/p>\n<p>La trama se desarrolla siguiendo el contenido de las misivas que la mu\u00f1eca Br\u00edgida env\u00eda a su due\u00f1a Elsi. Atendiendo al contenido de las mismas se pueden entresacar estos datos:<\/p>\n<p>En la primera carta la mu\u00f1eca se disculpa por haberse marchado sin avisar y lo justifica aduciendo que las despedidas son tristes y ella quiere evitar penas a su due\u00f1a, y entre tantas disculpas se puede leer \u201cLas personas y las mu\u00f1ecas estamos hechas de sentimientos y emociones que hay que ir gastando poco a poco. Son nuestra energ\u00eda vital\u201d\u00a0 Quiz\u00e1s su destinataria no pueda comprender la profundidad de esta reflexi\u00f3n pero s\u00ed entiende que su mu\u00f1eca es igual que ella.<\/p>\n<p>Al hilo de esta carta, el protagonista le aclara a la ni\u00f1a que las mu\u00f1ecas que no abandonan a sus due\u00f1as lo hacen por temor, pues lo normal es volar de los brazos de sus amas para ser felizmente libres, cosa que deseamos todas las personas al alcanzar una edad determinada.<\/p>\n<p>En la segunda carta Br\u00edgida le cuenta sus andanzas por la ciudad de Par\u00eds, s\u00f3lo le aconseja a su due\u00f1a que sea buena pero le inocula el placer de conocer nuevos lugares, as\u00ed la ni\u00f1a comenta: \u201cQu\u00e9 suerte poder viajar\u201d .<\/p>\n<p>La mu\u00f1eca era la m\u00e1s feliz de todas las mu\u00f1ecas del mundo, porque era libre, valiente y viajaba a todas partes, y all\u00ed donde iba se acordaba de su amiga\/due\u00f1a.<\/p>\n<p>Desde la sabana africana le cuenta lo que ve, lo que siente y lo que desea y entre otras cosas le cuenta que es incapaz de disparar un tiro contra los animales, \u201cson tan hermosas estas bestias salvajes\u201d , le comenta y le confirma la suerte que tiene al poder vivir en este mundo tan bello.<\/p>\n<p>En esta carta, desde Tanzania, Br\u00edgida le habla a la ni\u00f1a de la importancia que tienen los sue\u00f1os para poder alcanzar nuestras metas\u00a0 y le anuncia que \u201clos sue\u00f1os son la base de la vida. Sin sue\u00f1os no somos m\u00e1s que cuerpos perdidos que vagan por lo cotidiano\u201d .<\/p>\n<p>Por fin Br\u00edgida se casa y es feliz, Elsi tambi\u00e9n lo es al saber que su amiga\/mu\u00f1eca vive una nueva vida en compa\u00f1\u00eda de la persona amada.<\/p>\n<p>Kafka est\u00e1 contento, ha superado la prueba y le comenta a Dora, su compa\u00f1era, que no ha creado una ins\u00f3lita fantas\u00eda, sino que ha recuperado a un ser humano, que prefer\u00eda a la ni\u00f1a feliz que a la despechada por la p\u00e9rdida de su mu\u00f1eca.<\/p>\n<p>El relato no transmite \u00fanicamente los sentimientos del autor, sino que tambi\u00e9n a\u00f1ade una serie de consejos que ayudan a los lectores a sentirse bien consigo mismo y con los personajes que encarnan valores positivos.<\/p>\n<p>En este cuento, Kafka se siente feliz por la obra bien hecha, que no es s\u00f3lo la escritura de las cartas sino el haber hecho feliz a un peque\u00f1a que se sent\u00eda dolida en lo m\u00e1s profundo de su coraz\u00f3n al comprobar que alguien le hab\u00eda arrebatado su mu\u00f1eca.<\/p>\n<p>Pero en realidad es Jordi Sierra i Fabra quien se siente feliz ante tama\u00f1a obra escrita. Es una persona que disfruta escribiendo y que consider\u00f3 desde el principio este libro como una de sus mejores obras.<\/p>\n<p>Por este libro ha obtenido el Premio Nacional de Literatura Infantil y Juvenil. Sierra i Fabra fue propuesto para el mismo en m\u00e1s de\u00a0 una ocasi\u00f3n y este a\u00f1o, cuando el autor ha cumplido los sesenta, ha publicado m\u00e1s de trescientos libros, ha vendido casi ocho millones de ejemplares del conjunto de su obra en veinticinco idiomas diferentes, ha recibido veinticuatro premios m\u00e1s y otras tantas menciones y distinciones, es cuando ha alcanzado tan deseado galard\u00f3n.<\/p>\n<p>Jos\u00e9 R. Cort\u00e9s Criado, Profesor IES Mar\u00eda Zambrano de Torre del Mar, M\u00e1laga. Doctor. Especialista en Literatura Infantil y Juvenil.<\/p>\n","protected":false},"excerpt":{"rendered":"<p>Jordi Sierra i Fabra es un escritor empedernido y un viajero infatigable. Escribe desde bien peque\u00f1o, sobre todo desde que descubri\u00f3 que al hacerlo no tartamudeaba, y viaja desde que tuvo posibles para hacerlo. Sus primeros viajes importantes los realiz\u00f3 con las grandes figuras del&hellip; <a class=\"read-more\" href=\"https:\/\/sierraifabra.com\/?page_id=501&#038;lang=es\">Read more<\/a><\/p>\n","protected":false},"author":101012,"featured_media":0,"parent":480,"menu_order":0,"comment_status":"closed","ping_status":"closed","template":"","meta":{"footnotes":""},"class_list":["post-501","page","type-page","status-publish","hentry"],"aioseo_notices":[],"_links":{"self":[{"href":"https:\/\/sierraifabra.com\/index.php?rest_route=\/wp\/v2\/pages\/501","targetHints":{"allow":["GET"]}}],"collection":[{"href":"https:\/\/sierraifabra.com\/index.php?rest_route=\/wp\/v2\/pages"}],"about":[{"href":"https:\/\/sierraifabra.com\/index.php?rest_route=\/wp\/v2\/types\/page"}],"author":[{"embeddable":true,"href":"https:\/\/sierraifabra.com\/index.php?rest_route=\/wp\/v2\/users\/101012"}],"replies":[{"embeddable":true,"href":"https:\/\/sierraifabra.com\/index.php?rest_route=%2Fwp%2Fv2%2Fcomments&post=501"}],"version-history":[{"count":0,"href":"https:\/\/sierraifabra.com\/index.php?rest_route=\/wp\/v2\/pages\/501\/revisions"}],"up":[{"embeddable":true,"href":"https:\/\/sierraifabra.com\/index.php?rest_route=\/wp\/v2\/pages\/480"}],"wp:attachment":[{"href":"https:\/\/sierraifabra.com\/index.php?rest_route=%2Fwp%2Fv2%2Fmedia&parent=501"}],"curies":[{"name":"wp","href":"https:\/\/api.w.org\/{rel}","templated":true}]}}