{"id":5026,"date":"2019-10-08T15:27:07","date_gmt":"2019-10-08T13:27:07","guid":{"rendered":"http:\/\/sierraifabra.com\/?page_id=5026"},"modified":"2025-09-29T18:37:43","modified_gmt":"2025-09-29T16:37:43","slug":"impacto-en-medios","status":"publish","type":"page","link":"https:\/\/sierraifabra.com\/?page_id=5026&lang=es","title":{"rendered":"Impacto en medios"},"content":{"rendered":"<h4 style=\"text-align: center;\"><strong>LA SERIE INSPECTOR MASCARELL<br \/>\n<\/strong><strong>EN LOS MEDIOS,<br \/>\n<\/strong><strong>PRENSA Y REDES SOCIALES<\/strong><\/h4>\n<h4 style=\"text-align: center;\"><strong>\u00a0<\/strong><strong>(Algunas rese\u00f1as)<\/strong><\/h4>\n<p>Sierra i Fabra demuestra oficio en una novela que bucea en el sentido del deber en momentos donde la raz\u00f3n, la legalidad e incluso la humanidad han sido derrotados y nos sumerge con precisi\u00f3n de historiador en una Barcelona derrotada que despide con una mano a sus defensores y aclama con la otra a los nuevos conquistadores, que quiz\u00e1 no son tan nuevos. Una novela polic\u00edaca, cl\u00e1sica, llena de sabor negro y amargo. <strong><em>Cuatro d\u00edas de enero<\/em> <\/strong>se yergue como algo m\u00e1s que un entretenimiento de calidad enmarcado en un momento doloroso de nuestra historia reciente.<br \/>\n<strong>(David Yag\u00fce, 2008)<\/strong><\/p>\n<p>Miquel Mascarell apunta a ser uno de los personajes policiacos que marcar\u00e1n la historia de la novela negra espa\u00f1ola en los pr\u00f3ximos a\u00f1os.<br \/>\n<strong>(Entrevista en Radio 4, 2010)<\/strong><\/p>\n<p>En <strong>&#8220;Cinco d\u00edas de octubre&#8221;<\/strong> el estilo del autor, como siempre, es tan personal y adictivo que hace que la lectura fluya y el ritmo no decaiga. Sierra i Fabra es un escritor de acci\u00f3n que recurre a los di\u00e1logos como una de sus grandes bazas. Cap\u00edtulos breves, descripciones las justas y sin perderse en divagaciones, frases cortas y personajes y situaciones tan reales que uno se identifica f\u00e1cilmente con ellos.<br \/>\n<strong>(Mar\u00eda Dolores Garc\u00eda Pastor, Anika entre Libros 2011)<\/strong><\/p>\n<p><strong>Cuatro d\u00edas de enero<\/strong> cala igual que el fr\u00edo penetra en las entra\u00f1as del cuerpo mal protegido para soportarlo, igual que el cuchillo atraviesa el aire. Es una ficci\u00f3n dentro de una cr\u00f3nica veraz de un momento de nuestra historia que no hay que olvidar. No hace tanto que pas\u00f3. Quien m\u00e1s quien menos tenemos recuerdos vividos a trav\u00e9s de nuestros padres o abuelos. No hace tanto que pas\u00f3 y a\u00fan duele recordarlo. <a href=\"http:\/\/www.sierraifabra.com\/\">Jordi Sierra i Fabra<\/a>\u00a0afamado novelista, cultivador multig\u00e9nero, introduce una historia de novela negra en la Historia Negra de nuestro pa\u00eds. Un argumento construido por noticias veraces, testimonios recogidos de supervivientes y de informes y noticias de la \u00e9poca. Un discurso narrado con emotiva frialdad, un recordatorio de lo mucho que perdimos, un aviso para que no vuelva a suceder.<br \/>\nEs una novela llena de tristeza donde no es dif\u00edcil que afloren l\u00e1grimas al leerla, pero es una magnifica novela, comprometida, cre\u00edble, desarrollada en un escenario veraz y llena de carga emocional. Una novela que da voz a los derrotados sin entrar en proclamas pol\u00edticas manique\u00edstas pero sin disimular la realidad.<br \/>\n<strong>(Jordivalerointerrobang blogspot, 21-12-2012)<\/strong><\/p>\n<p>La novela de Mascarell es muy fuerte de leer, pero cuando la has conclu\u00eddo te encuentras triste y reconfortado. Esto no es una paradoja, es la pura realidad.<br \/>\n<strong>(Interrobang, 13-2-13)<\/strong><\/p>\n<p>Jordi Sierra i Fabra ha vuelto a dar en la diana del \u00e9xito. Su serie protagonizada por el ex inspector republicano Miquel Mascarell, no s\u00f3lo es un acierto dentro de la novela policial espa\u00f1ola, sino una recreaci\u00f3n formidable de unos a\u00f1os de los que hay muy poca narrativa, y mucho menos cr\u00edtica social.<br \/>\n<strong>(Irene Dalmases, Agencia EFE, 2014)<\/strong><\/p>\n<p>Entra\u00f1able, contundente, humano, \u00e9tico, Miquel Mascarell ha llegado a la novela negra Made in Spain con la fuerza de un hurac\u00e1n.<br \/>\n<strong>(Entrevista Hoy por Hoy, Cadena Ser, 2015)<\/strong><\/p>\n<p><span lang=\"ES-TRAD\">Jordi Sierra i Fabra y su human\u00edsimo Mascarell me han llegado al alma, como solo puede llegar un fragmento de la vida de unos personajes y un tiempo, la postguerra, que todav\u00eda dejan que la tristeza invada el recuerdo en aquello en que nos sentimos reconocidos.<br \/>\n<\/span><b><span lang=\"ES-TRAD\">(Boga Vante, Blog Mis Detectives Favoritos, 29-3-2015)<\/span><\/b><\/p>\n<p>No me cabe la m\u00e1s m\u00ednima duda de que aquellos lectores que vivieron durante la dictadura, aunque fuese de soslayo y en los \u00faltimos a\u00f1os como es mi caso, disfrutar\u00e1n con &#8220;<strong style=\"font-style: inherit;\">Nueve d\u00edas de abril<\/strong>&#8221; y lo leer\u00e1n con creciente inter\u00e9s. Los m\u00e1s j\u00f3venes, tendr\u00e1n la oportunidad de enriquecerse con el conocimiento de determinados hechos y, en cualquier caso, pasar\u00e1n unas horas interesantes, investigando con Miquel Mascarell.<br \/>\n<strong>(Pilar L\u00f3pez Bernud\u00e9s, Anika entre Libros 2015)<\/strong><\/p>\n<p>Si algo caracteriza la serie Mascarell, escrita por Sierra i Fabra, es la muy acertada ambientaci\u00f3n de las tramas.<br \/>\n<strong>(Revistacalibre 38, Ricardo Bosque, Mayo de 2016)<\/strong><\/p>\n<p>El personaje de Miquel Mascarell, creado por Sierra i Fabra, es historia viva.<br \/>\n<strong>(Lilian Neuman, Culturas, La Vanguardia, 8-7-2017).<\/strong><\/p>\n<p>Miquel Mascarell y Sierra i Fabra parecen tener la estrella pegada en el pecho y buscan la justicia para todos aquellos que nunca la tuvieron. Justicia para los an\u00f3nimos derrotados que cargaron con su pena hasta el \u00faltimo de sus d\u00edas. El autor escribe al acabar su novela <strong>Ocho\u00a0d\u00edas de marzo<\/strong>: <em>\u201cCon este libro, lo mismo que con otros de la serie Mascarell, s\u00f3lo intento hacer memoria hist\u00f3rica dentro del marco de una mera novela policiaca\u201d<\/em>.\u00a0Eso dice \u00e9l. Yo creo sinceramente que es m\u00e1s, much\u00edsimo m\u00e1s que eso.<br \/>\n<strong>(Fernando Baeta, El Espa\u00f1ol, 9-8-2017)<\/strong><\/p>\n<p>Mascarell est\u00e1 completamente asentado en la historia negra de este pa\u00eds. En la novela negra de este pa\u00eds. Jordi Sierra i Fabra es un escritor magn\u00edfico dotado de una capacidad productiva incomparable y sin merma de calidad, varias veces alabado y rese\u00f1ado en este blog; alguien capaz de dotar a sus personajes de una presencia que trasciende las p\u00e1ginas; la personalidad que les insufla les hace vivos y los hace part\u00edcipes de una realidad que se nos hace cre\u00edble bien porque fue, bien porque pudiera haber sido.<br \/>\n<strong>(Interrobang blog, 11 de marzo de 2018)<\/strong><\/p>\n<p>Los casos de Miquel Mascarell est\u00e1n pr\u00e1cticamente milimetrados.<br \/>\n<strong>(Toni Polo, El Pa\u00eds, 18-4-2018)<\/strong><\/p>\n<p>Un acierto el personaje de David Fortuny, contrapunto de Mascarell, con el que el protagonista tiene muchas discusiones por culpa delas diferentes maneras de ver la guerra, la represi\u00f3n y la dictadura que tienen los dos.<br \/>\n<strong>(Comentaris.eloy.blogspot, 2018)<\/strong><\/p>\n<p>He disfrutado mucho con esta lectura por lo que no puedo sino recomendarla. De lectura muy \u00e1gil, con ritmo y personajes atractivos, la ambientaci\u00f3n hist\u00f3rica tiene un peso fundamental y hace que sea un libro para disfrutar, \u00a1y mucho!<br \/>\n<strong>(Un momento para la lectura, blog, 2018)<\/strong><\/p>\n<p>Est\u00e1 todo tan hilado y bien contado que quieres saber m\u00e1s, porque lo importante son los detalles. No tiene nada que envidiar a otros investigadores literarios, tipo Marlowe o Poirot, pero con el toque espa\u00f1ol y sin sombrero ni tabaco. Me gusta su estilo, su manera de pensar, de deducir, el amor a su familia, a sus recuerdos, su forma de relacionarse con los dem\u00e1s, tan distante y desconfiada, a pesar de que me da la sensaci\u00f3n de que se siente cansado, mayor, de vuelta de todo y que est\u00e1 viviendo de prestado.\u00a0Se trata al lector de manera inteligente.<br \/>\n<strong>(Millibrosenmibiblioteca, blog, 9-4-18)<\/strong><\/p>\n<p>Con datos, cifras, testimonios y frases reales, como siepre producto de una exhaustiva investigaci\u00f3n, Sierra i Fabra vuelve a elaborar un retrato social de la dictadura en su nueva entrega de la serie Mascarell, con intriga, toques de humor y mucho amor<br \/>\n<strong>(Alba Porral, Blog El Baile de las Palabras, abril de 2018)<\/strong><\/p>\n<p>Si algo tenemos claro los amantes de la buena literatura policiaca es que leer a Jordi Sierra I Fabra es sin\u00f3nimo de disfrutar de calidad literaria. Este autor nacional ha seducido a varias generaciones primero con sus magn\u00edficas novelas juveniles (de esas que te hacen pensar) y luego con las piezas destinadas al p\u00fablico adulto.<br \/>\nLarga vida literaria al inspector Mascarell.<br \/>\n<strong>(Daniel Gonz\u00e1lez, Blog Asesinato en la P\u00e1gina 13, 8 de abril de<\/strong> <strong>2018)<\/strong><\/p>\n<p>Las novelas de Mascarell tienen el estilo \u00e1gil caracter\u00edstico del autor, con unos di\u00e1logos muy vivos, escasas descripciones y, cuando las hay, nunca son prolijas. Conocemos a los personajes por sus acciones. los vemos siempre haciendo, no estamos en unas novelas de pensamiento en la que el autor reflexiona a trav\u00e9s de lo que ellos divagan. No, aqu\u00ed estamos ante personajes de acci\u00f3n.<br \/>\n<strong>(Juan Carlos Gal\u00e1n, Elblogdejcgc, 28-4-18)<\/strong><\/p>\n<p>Los casos de Mascarell, sin duda, son de una potencia excepcional porque el protagonista es un ser real, humano, casi un antih\u00e9roe que, a veces se nos hace entra\u00f1able, otras en\u00e9rgico, pero siempre humano. Sierra i Fabra, de alguna manera, se da a s\u00ed mismo en sus p\u00e1ginas. Miquel Mascarell es uno de esos personajes que se trascienden a s\u00ed mismos y dejan de ser h\u00e9roes de papel para convertirse pr\u00e1cticamente en personas de carne y hueso, tal es su humanidad y su calado en los lectores.<br \/>\n<strong>(Anabel S\u00e1iz Ripoll, Top Cultural, 29 de abril de 2018)<\/strong><\/p>\n<p>Barcelona es una ciudad en la cual han nacido algunos de los autores a los que he dedicado m\u00e1s horas de lectura: Juan Mars\u00e9, Manuel V\u00e1zquez Montalb\u00e1n, Francisco Gonz\u00e1lez Ledesma, Eduardo Mendoza y Jordi Sierra i Fabra.<br \/>\n<strong>(Antonio Gordo, Blog La Otra Mirada, 23-8-19)<\/strong><\/p>\n<p>El\u00a0g\u00e9nero policiaco\u00a0se ha ganado un referente \u00fanico. Tras once exitosas ediciones, cr\u00edtica y p\u00fablico han consolidado esta serie que presenta su \u00faltima novedad, <strong>&#8220;Algunos d\u00edas de noviembre&#8221;<\/strong>, en plena trayectoria ascendente a la que, por fortuna, le queda mucho de s\u00ed.<br \/>\n<strong>(Alba Porral Quintill\u00e1n,\u00a0Blog El Baile de las Palabras, Junio de 2020)<\/strong><\/p>\n<p>Una perfecta simbiosis entre novela costumbrista y policiaca,<br \/>\n<strong>(Pilar L\u00f3pez Bernu\u00e9s, Blog Anika Entre Libros, 2020)<\/strong><\/p>\n<p>Quiz\u00e1 la \u00fanica serie dedicada al mismo personaje que aguanta incluso despu\u00e9s de tantos t\u00edtulos. Historias siempre originales, bien construidas, con un buen equilibrio entre novedad y elementos constantes que caracterizan a los protagonistas y el entorno, y que al lector le encanta encontrar. Un resultado muy dif\u00edcil de conseguir y que, de hecho, casi ning\u00fan autor de series de misterio se ha salvado de volverse repetitivo y cada vez m\u00e1s aburrido. Sierra i Fabra es un gran artesano de la escritura, y ama a sus personajes, tanto a Mascarell como a Barcelona. Quiz\u00e1 por eso \u00e9l nunca aburre.<br \/>\n<strong>(Non delude mai, Kouka, Italia 9 de junio de 2020)<\/strong><\/p>\n<p>Soy un fan\u00e1tico entusiasta de esta y otras novelas de Sierra i Fabra que he le\u00eddo. El escritor tiene una muy, muy alta calidad. Las historias ense\u00f1an mucho sobre la posguerra espa\u00f1ola y el r\u00e9gimen de Franco, y los misterios en s\u00ed mismo son intrincados y satisfactorios. A diferencia de algunos escritores de misterio, Sierra i Fabra no esparce pistas falsas ni sorprende con un milagro final. En cambio te deja escuchar y aprender todo lo que hace el protagonista. Es incomprensible que sus libros no est\u00e9n en ingl\u00e9s.<br \/>\n<strong>(Brian Price, Estados Unidos, 13 de diciembre de 2020)<\/strong><\/p>\n<p>Que bueno que es Jordi Sierra i Fabra hablando de Mascarell, que bueno describiendo sensacions, miserias y esperanzas de quellos tiempos y que facil de leer.<br \/>\n<strong>(Aleix Font, blog aleixcolonia.com, 21-4-2021)<\/strong><\/p>\n<p><span lang=\"ES-TRAD\">En <strong>\u201cAlgunos d\u00edas de enero\u201d<\/strong>, al igual que en las historias anteriores, \u00a0arrolla igualmente a los lectores con su humanidad. El autor sigue proporcionando un entretenimiento de calidad, en el que se admira la ambientaci\u00f3n conseguida para los que la recuerdan como vivida.\u00a0La fluidez del ritmo y el estilo de la continuidad narrativa de Sierra i Fabra les inviten a profundizar en esos conocimientos de la realidad. Esperamos la siguiente entrega.<br \/>\n<strong>(Blog Mis detectives favoritos, abril de 2021)<\/strong><\/span><\/p>\n<p><span lang=\"ES-TRAD\"><strong>\u201cAlgunos d\u00edas de enero\u201d<\/strong> re\u00fane todas las caracter\u00edsticas de las once entregas anteriores. Volvemos a encontrarnos con una<span class=\"apple-converted-space\">\u00a0<\/span>narraci\u00f3n viva, una buena historia a desarrollar, y con todo el universo conocido en el que se mueve el ahora ayudante del detective David Fortuny, personaje que si no existiese habr\u00eda que crearlo; un verdadero acierto.<br \/>\n<\/span>Poco se puede a\u00f1adir a una serie que comenz\u00f3 en 2008 con <strong>\u201cCuatro d\u00edas de enero\u201d<\/strong> y cuyas primeras p\u00e1ginas, magistrales, me impactaron.<span class=\"apple-converted-space\">\u00a0<\/span>La fuerza de la narraci\u00f3n es indiscutible. Con un solo capitulo, \u00a0Sierra i Fabra nos hizo un retrato exacto del protagonista, un personaje que ya es \u00fanico. <strong>\u201cAlgunos d\u00edas de enero\u201d<\/strong> es una novela m\u00e1s de la saga Mascarell que mantiene la intriga inicial y va aumentando la tensi\u00f3n hasta el final, con un estilo sobrio claro y directo. Cada novela es un reto y supone una asunci\u00f3n de riesgos.<br \/>\n<strong>(Mr. Tom, Blog Cr\u00edticas Polares, 26-4-2021)<\/strong><\/p>\n<p>Es la mejor serie de novelas que he le\u00eddo. Miquel Mascarell es espectacular y Jordi Sierra i Fabra es un maestro escribiendo este tipo de novelas.<br \/>\n<strong>(Javier Monteagudo, blog puntoyleido.es, agosto de 2021)<\/strong><\/p>\n<p>Me encanta, me encanta, me encanta. Amo esta serie. Amo sus personajes, la vida de Miquel, lo atrevido que es. Larga vida al inspector Mascarell.<br \/>\n<strong>(Estados Unidos, Amazon, 16-8-2022<\/strong><\/p>\n<p>Mascarell no falla. Es un personaje redondo.<br \/>\n<strong>(Amazon, 21-4-2023)<\/strong><\/p>\n<p><span lang=\"ES-TRAD\">Miquel Mascarell rompe los moldes de los protagonistas que solemos ver en las novelas policiacas. Es un hombre bueno, integro, tranquilo y reflexivo. Otro punto a destacar son lo bien ambientadas que est\u00e1n las historias y lo detallado de cada momento.<br \/>\n<strong>(Blog puntoyleido.es, Carmen Garc\u00eda Gancedo, 26-4-2023)<\/strong><\/span><\/p>\n<p>En dos d\u00edas me devor\u00e9 literalmente sus m\u00e1s de 300 p\u00e1ginas como si nada, dejando de lado tel\u00e9fono y cualquier otra distracci\u00f3n en mi tiempo libre para ir descubriendo los misterios de la trama junto al inspector.<br \/>\n<strong>(Italia, Amazon, agosto de 2023)<\/strong><\/p>\n<p>Leer a Miquel Mascarell impacta en diversos planos en la mente del lector. Impacta su lectura, impacta su c\u00e1tedra de valores, impacta por el trabajo policiaco, impacta por su optimismo, esperanza, amor. Leer a Mascarell es algo m\u00e1s que leer un policial.<br \/>\n<strong>(Blog miscolecciones,org, 2023)<\/strong><\/p>\n<p>Me alegro cada vez que se publica una entrega de la serie de Mascarell porque, aqu\u00ed, se habla de valores tales como la lealtad, la fidelidad a los principios, y el compromiso con las propias convicciones. Con independencia del signo pol\u00edtico de unos y otros, en las novelas de Mascarell tratamos de \u2014y con\u2014 gente normal, entre la que, pese a la continua lucha por sobrevivir en que los empantana la dictadura, los malos de verdad escasean<br \/>\n<strong>(M.M. Total Noir, 20 abril 2024)<\/strong><\/p>\n<p><span lang=\"ES-TRAD\">\u00a0<\/span><\/p>\n","protected":false},"excerpt":{"rendered":"<p>LA SERIE INSPECTOR MASCARELL EN LOS MEDIOS, PRENSA Y REDES SOCIALES \u00a0(Algunas rese\u00f1as) Sierra i Fabra demuestra oficio en una novela que bucea en el sentido del deber en momentos donde la raz\u00f3n, la legalidad e incluso la humanidad han sido derrotados y nos sumerge&hellip; <a class=\"read-more\" href=\"https:\/\/sierraifabra.com\/?page_id=5026&#038;lang=es\">Read more<\/a><\/p>\n","protected":false},"author":101012,"featured_media":0,"parent":5007,"menu_order":0,"comment_status":"closed","ping_status":"closed","template":"","meta":{"footnotes":""},"class_list":["post-5026","page","type-page","status-publish","hentry"],"aioseo_notices":[],"_links":{"self":[{"href":"https:\/\/sierraifabra.com\/index.php?rest_route=\/wp\/v2\/pages\/5026","targetHints":{"allow":["GET"]}}],"collection":[{"href":"https:\/\/sierraifabra.com\/index.php?rest_route=\/wp\/v2\/pages"}],"about":[{"href":"https:\/\/sierraifabra.com\/index.php?rest_route=\/wp\/v2\/types\/page"}],"author":[{"embeddable":true,"href":"https:\/\/sierraifabra.com\/index.php?rest_route=\/wp\/v2\/users\/101012"}],"replies":[{"embeddable":true,"href":"https:\/\/sierraifabra.com\/index.php?rest_route=%2Fwp%2Fv2%2Fcomments&post=5026"}],"version-history":[{"count":0,"href":"https:\/\/sierraifabra.com\/index.php?rest_route=\/wp\/v2\/pages\/5026\/revisions"}],"up":[{"embeddable":true,"href":"https:\/\/sierraifabra.com\/index.php?rest_route=\/wp\/v2\/pages\/5007"}],"wp:attachment":[{"href":"https:\/\/sierraifabra.com\/index.php?rest_route=%2Fwp%2Fv2%2Fmedia&parent=5026"}],"curies":[{"name":"wp","href":"https:\/\/api.w.org\/{rel}","templated":true}]}}