{"id":51,"date":"2015-06-09T15:50:43","date_gmt":"2015-06-09T13:50:43","guid":{"rendered":"http:\/\/thewalrushub.com\/jordi\/?page_id=51"},"modified":"2024-12-21T14:24:40","modified_gmt":"2024-12-21T13:24:40","slug":"otros-premios-y-distinciones","status":"publish","type":"page","link":"https:\/\/sierraifabra.com\/?page_id=51&lang=es","title":{"rendered":"Otros Premios y Distinciones, Listas de Honor, etc."},"content":{"rendered":"<p><strong>1974<\/strong>. Finalista (2\u00ba puesto) Ciudad de Murcia por &#8220;El mundo de las ratas doradas&#8221;.<br \/>\n<strong>1978<\/strong>. Finalista (4\u00ba puesto) Premio Planeta.<br \/>\n<strong>1982<\/strong>. Lista de Honor CCEI por &#8220;El cazador&#8221;.<br \/>\n<strong>1984<\/strong>. Lista de Honor CCEI por &#8220;&#8230;en un lugar llamado Tierra&#8221;.<br \/>\n<strong>1985<\/strong>. Finalista (2\u00bapuesto) Premio Gran Angular 1984 por &#8220;El \u00faltimo verano Miwok&#8221;.<br \/>\n<strong>1986<\/strong>. Finalista (3er.puesto) Premio Gran Angular 1985 por &#8220;El j\u00f3ven Lennon&#8221;.<br \/>\n<strong>1987<\/strong>. Lista de Honor CCEI por &#8220;Regreso a un lugar llamado Tierra&#8221;.<br \/>\n<strong>1988<\/strong>. Lista de Honor CCEI por &#8220;El \u00faltimo verano Miwok&#8221; y por &#8220;El testamento de un lugar llamado Tierra&#8221;.<br \/>\n<strong>1989<\/strong>. Finalista (2\u00bapuesto) Premio Vaixell de Vapor por &#8220;Temps de gebre&#8221;.<br \/>\n<strong>1991<\/strong>. Nominado al Premio Nacional de Lit. Juvenil por &#8220;La balada de Siglo XXI&#8221;.<br \/>\n<strong>1992<\/strong>. Lista de Honor CCEI por &#8220;La f\u00e1brica de nubes&#8221; (adem\u00e1s de ganar con &#8220;El \u00faltimo set&#8221;)<br \/>\n<strong>1993<\/strong>. Finalista (2\u00bapuesto) Premio Barco de Vapor 1992 por &#8220;Las alas del sol&#8221;<br \/>\nLista de Honor CCEI por &#8220;El hombre que perdi\u00f3 su imagen&#8221;.<br \/>\nSelecci\u00f3n &#8220;Los mejores libros del a\u00f1o&#8221; de la Fundaci\u00f3n Germ\u00e1n S\u00e1nchez Ruip\u00e9rez por &#8220;Banda sonora&#8221;.<br \/>\n<strong>1994<\/strong>. Selecci\u00f3n &#8220;Los mejores libros del a\u00f1o&#8221; de la Fundaci\u00f3n Germ\u00e1n S\u00e1nchez Ruip\u00e9rez por &#8220;Malas tierras&#8221;.<br \/>\nLista de Honor de la revista CLIJ por &#8220;Noche de viernes&#8221;.<br \/>\n<strong>1995<\/strong>. Lista de Honor CCEI por &#8220;Las alas del sol&#8221;, &#8220;Los tigres del valle&#8221; y &#8220;Cuando los genios andan sueltos&#8221;.<br \/>\nFinalista (2\u00bapuesto) Premio Espasa Humor por &#8220;El regreso de Johnny Pickup&#8221;.<br \/>\nNominado al Premio Nacional de Literatura Juvenil por &#8220;Las alas del sol&#8221;.<br \/>\n<strong>1996<\/strong>. Libro m\u00e1s vendido del a\u00f1o, colecci\u00f3n Alerta Roja de Ed.Cru\u00eflla: &#8220;L\u00b4estel del mat\u00ed&#8221;.<br \/>\n<strong>1997<\/strong>. &#8220;Libro de Oro&#8221; de Ediciones SM por las ventas de &#8220;El joven Lennon&#8221;.<br \/>\nLista de Honor CCEI por &#8220;El ni\u00f1o que viv\u00eda en las estrellas&#8221;.<br \/>\nFinalista (2\u00ba puesto) Premio Gran Angular en catal\u00e1n por &#8220;La mem\u00f2ria dels \u00e9ssers perduts&#8221;.<br \/>\n<strong>1998<\/strong>. Lista de Honor CCEI por &#8220;Retrato de un adolescente manchado&#8221;.<br \/>\nLibro m\u00e1s vendido del a\u00f1o, colecci\u00f3n Alerta Roja de Ed.Cru\u00eflla: &#8220;Camps de maduixes&#8221;.<br \/>\n<strong>1999<\/strong>. Lista de Honor CCEI por &#8220;Un hombre con un tenedor en una tierra de sopas&#8221; (adem\u00e1s de ganar con &#8220;Donde est\u00e9 mi coraz\u00f3n&#8221;.<br \/>\nLibro m\u00e1s vendido del a\u00f1o, Colecci\u00f3n Alerta Roja de Ed. Cru\u00eflla: &#8220;Camps de Maduixes&#8221;.<br \/>\n<strong>2000<\/strong>. &#8220;&#8230;en un lugar llamado Tierra&#8221; recibe el &#8220;Libro de oro&#8221; por sus ventas en Ediciones SM.<br \/>\nLista de Honor CCEI por &#8220;Las chicas de alambre&#8221;.<br \/>\nLibro m\u00e1s vendido del a\u00f1o, Colecci\u00f3n Alerta Roja de Ed. Cru\u00eflla: &#8220;Camps de Maduixes&#8221;.<br \/>\n&#8220;Libro de platino&#8221; de Ediciones Alfaguara por &#8220;Noche de viernes&#8221;.<br \/>\nFinalista por votaci\u00f3n popular entre escolares de Catalunya del Premio Protagonista Jove, por &#8220;Les hist\u00f2ries perdudes&#8221;.<br \/>\n<strong>2001<\/strong>. &#8220;Placa de plata&#8221; de Ediciones SM por las ventas de &#8220;La f\u00e1brica de nubes&#8221;.<br \/>\nLibro m\u00e1s vendido del a\u00f1o, Colecci\u00f3n Alerta Roja de Ed. Cru\u00eflla: &#8220;Camps de Maduixes&#8221;.<br \/>\n&#8220;Placa de plata&#8221; de Editorial Cru\u00eflla por las ventas de &#8220;Camps de maduixes&#8221;.<br \/>\n<strong>2002<\/strong>. &#8220;Libro de oro&#8221; de Ediciones SM por las ventas de &#8220;Campos de fresas&#8221;.<br \/>\n<strong>2003<\/strong>. Libro m\u00e1s vendido del a\u00f1o 2002, Colecci\u00f3n Alerta Roja Ed. Cru\u00eflla: &#8220;Camps de Maduixes&#8221;.<br \/>\nFinalista por votaci\u00f3n popular entre escolares de Catalunya del Premio Protagonista Jove, por &#8220;En un lloc anomenat Guerra&#8221;.<br \/>\n<strong>2004<\/strong>. Lista de Honor de la revista CLIJ por &#8220;Mi primer libro de \u00d3pera (Diez \u00f3peras contadas para ni\u00f1os)&#8221;.<br \/>\nLista de honor CCEI por &#8220;Sin tiempo para so\u00f1ar&#8221;.<br \/>\nLibro m\u00e1s vendido del a\u00f1o 2003, Colecci\u00f3n Alerta Roja de Ed. Cru\u00eflla: &#8220;Camps de Maduixes&#8221;.<br \/>\n&#8220;Placa de plata&#8221; de Editorial Cru\u00eflla por las ventas de &#8220;La biblioteca dels llibres buits&#8221;.<br \/>\n<strong>2005<\/strong>. Lista de Honor &#8220;Los mejores libros para ni\u00f1os y j\u00f3venes 2005&#8221; del Banco del Libro de Caracas, Venezuela (Secci\u00f3n del IBBY venezolana) por &#8220;La piel de la memoria&#8221;.<br \/>\nLibro m\u00e1s vendido del a\u00f1o 2004, Colecci\u00f3n Alerta Roja de Ed. Cru\u00eflla: &#8220;Camps de Maduixes&#8221;.<br \/>\n&#8220;Placa de oro&#8221; de Editorial Cru\u00eflla por las ventas de &#8220;Camps de maduixes&#8221;.<br \/>\nLista de Honor CCEI por &#8220;Los olvidados&#8221;<br \/>\n<strong>2006<\/strong>. Lista de Honor de la Revista CLIJ por &#8220;Material sensible (Cuentos crueles)&#8221;.<br \/>\nSelecci\u00f3n de los tres mejores libros policiacos del a\u00f1o en catal\u00e1n por Brigada 21 para &#8220;Assassinat a El Club&#8221;.<br \/>\nPremio Lector 2006 de la Junta de Castilla y Le\u00f3n, Biblob\u00fas Escolar y el IES de Alca\u00f1ices, Zamora al mejor libro del a\u00f1o, por &#8220;Campos de fresas&#8221;.<br \/>\nLibro m\u00e1s vendido del a\u00f1o 2005, Colecci\u00f3n Alerta Roja de Ed. Cru\u00eflla: &#8220;Camps de Maduixes&#8221;.<br \/>\n<strong>2007<\/strong>. Lista de Honor de la Revista CLIJ por &#8220;Kafka y la mu\u00f1eca viajera&#8221; y &#8220;Llamando a las puertas del cielo&#8221;.<br \/>\nLibro m\u00e1s vendido del a\u00f1o 2006 (d\u00e9cimo a\u00f1o consecutivo), Colecci\u00f3n Alerta Roja de Ed. Cru\u00eflla: &#8220;Camps de maduixes&#8221;<br \/>\nLista de Honor de la CCEI por &#8220;El rastro del anillo Magno&#8221; y &#8220;Mendigo en la playa de oro&#8221;.<br \/>\nSelecci\u00f3n &#8220;Mejores libros del curso 2006-2007&#8221; de la revista Faristol por &#8220;Gauditronix&#8221; y &#8220;La gran aventura&#8221;.<br \/>\nLa Fundaci\u00f3 Jordi Sierra i Fabra es candidata al Premio Asahi de Cooperaci\u00f3n y finalista de la convocatoria para 2008.<br \/>\n<strong>2008<\/strong>. Premio Bibliotecari d\u00b4Honor, otorgado por l\u00b4Associaci\u00f3 de Bibliotecaris de Valencia.<br \/>\nLista de Honor de la revista CLIJ por &#8220;Operas contadas para ni\u00f1os&#8221;.<br \/>\nSegundo mejor libro del a\u00f1o en la categor\u00eda Best Young Adult Fiction por &#8220;La gran aventura&#8221;, en el 10Th. Annual International Latino Book Awards Winners.<br \/>\nLista de Honor de la CCEI por &#8220;La gran aventura&#8221;.<br \/>\nFinalista por votaci\u00f3n popular entre escolares de Catalunya del Premio Protagonista Jove, por &#8220;Gauditronix&#8221;.<br \/>\n<strong>2009<\/strong>. Selecci\u00f3n de los mejores libros del a\u00f1o 2008 por la revista Faristol: &#8220;Kafka i la nina que se&#8217;n va anar de viatge&#8221; y &#8220;Els focs de la mem\u00f2ria&#8221;.<br \/>\nLista de Honor de la revista CLIJ por &#8220;Las hijas de las tormentas, Vol.1: El enigma maya&#8221; y &#8220;La fabulosa leyenda del Rey Arturo&#8221;.<br \/>\n<strong>2010<\/strong>. Lista de Honor de la revista CLIJ por &#8220;La isla del poeta&#8221;.<br \/>\nUK New Spanish Books 2010 por &#8220;El funeral celeste&#8221;.<br \/>\nSelecci\u00f3n &#8220;Mejores libros del 2009&#8221; de la revista Faristol por &#8220;Poe&#8221; y &#8220;Anatomia d&#8217;un &#8216;incident a\u00efllat'&#8221;.<br \/>\n<strong>2011<\/strong>. &#8220;Kafla y la mu\u00f1eca viajera&#8221; es elegido como uno de los diez mejores libros de la primera d\u00e9cada del siglo XXI, en la categor\u00eda infantil y juvenil, por el peri\u00f3dico El Pa\u00eds.<br \/>\nLista de Honor de la revista CLIJ por &#8220;Diario de un pardillo&#8221;.<br \/>\n<strong>2012<\/strong>. Lista de Honor de la Revista CLIJ por &#8220;Un poco de abril, algo de mayo, todo septiembre&#8221;.<br \/>\nPremio Autor Comprometido 2012 otorgado por la revista Literaria El Tiramilla.<br \/>\n<strong>2013<\/strong>. Lista de Honor de la Revista CLIJ por &#8220;Quiz\u00e1s ma\u00f1ana la palabra amor&#8230;&#8221;.<br \/>\nLa novela &#8220;El extraordinario ingenio parlante del profesor Palermo&#8221; es seleccionada para los Newspanishbooks 2013.<br \/>\n&#8220;Parco&#8221; es elegido segundo mejor libro juvenil de 2013 por 30 expertos de Babelia, suplemento de cultura del peri\u00f3dico El Pa\u00eds.<br \/>\n<strong>2014<\/strong>. Premio Templi de la revista digital El Templo de las Mil Puertas al mejor libro de 2013 perteneciente a serie o saga, por &#8220;El caso del martillo blanco&#8221; (cuarta novela de Berta Mir).<br \/>\nMejor libro del a\u00f1o, categoria Best Young Adult Fiction, en el Annual International Latino Book Awards Winners, por &#8220;Tambi\u00e9n fueron j\u00f3venes&#8221;.<br \/>\nLista de Honor de la Revista CLIJ por &#8220;Parco&#8221;<br \/>\nLista de Honor de la CCEI por &#8220;El coraz\u00f3n de jade&#8221; y &#8220;16 mujeres muy, muy importantes&#8221;.<br \/>\n<strong>2015<\/strong>. Lista de Honor de la revista CLIJ por &#8220;Zigzag&#8221;.<br \/>\n<strong>2016<\/strong>. Lista de Honor de la revista CLIJ por &#8220;Desnuda&#8221;.<br \/>\n&#8220;Parco&#8221; es elegido uno de los 15 libros m\u00e1s importantes de los \u00faltimos a\u00f1os en el CILELIJ de M\u00e9xico.<br \/>\n<strong>2017<\/strong>. Selecci\u00f3n &#8220;Los mejores libros del a\u00f1o 2016&#8221; por &#8220;Tres d\u00edas de agosto&#8221; en la revista Qu\u00e9 Leer.<br \/>\nLista de Honor de la revista CLIJ por &#8220;El Club de los Raros&#8221;, &#8220;El grito de la mariposa&#8221; y &#8220;Todas las chicas se llaman Clara&#8221;.<br \/>\n<strong>2018<\/strong>. Siete obras en la relaci\u00f3n de &#8220;Los mejores libros de 2017&#8221; seg\u00fan la OEPLI:\u00a0\u201cLas palabras heridas\u201d (Siruela),\u00a0\u201cLa gota de lluvia que ten\u00eda miedo\u201d SM), \u201cQuerido hijo; tienes cuatro padres\u201d (Loqueleo),\u00a0\u201cCuentos de grandes cuadros\u201d (Verbum),\u00a0\u201cLa venganza del profesor de matem\u00e1ticas\u201d (Anaya),\u00a0\u201c\u00a1Qu\u00e9 fuerte (la adolescencia)!\u201d (Planeta) y la\u00a0\u201cHistoria del Rock\u201d\u00a0(Siruela).<br \/>\nLista de Honor de la revista CLIJ por &#8220;Las palabras heridas&#8221;, &#8220;Historia del Rock&#8221; y &#8220;Bob Dylan: 99 razones para amarlo (o no)&#8221;.<br \/>\n<strong>2019<\/strong>.\u00a0Cuatro obras en la relaci\u00f3n de &#8220;Los mejores libros de 2018&#8243; seg\u00fan la OEPLI:\u00a0\u201cUna bolsa de patatas fritas en la Polinesia&#8221; (SM), &#8220;El gran sue\u00f1o&#8221; (Loqueleo), &#8220;36 preguntas para conocerte y 4 minutos para amarte&#8221; (Edeb\u00e9) y &#8220;Palmyra&#8221; (Bru\u00f1o).<br \/>\nLista de Honor de la Revista CLIJ por &#8220;El gran sue\u00f1o&#8221; y &#8220;Paradise rock&#8221;.<br \/>\n<strong>2020<\/strong>.\u00a0Lista de Honor de la Revista CLIJ por &#8220;Lo que yo creo (de todo)&#8221; y &#8220;Querido hijo: te vas con los abuelos&#8221;.<br \/>\n<strong>2021<\/strong>. &#8220;El largo regreso&#8221; es seleccionado entre &#8220;Los mejores libros de 2020&#8221; por la Fundaci\u00f3n 4 gatos.<br \/>\nLista de Honor de la Revista CLIJ por &#8220;Declaraci\u00f3n de los Derechos del Ni\u00f1o&#8221;.<br \/>\n<strong>2022<\/strong>. Lista de Honor de la Revista CLIJ por &#8220;DJ&#8221;.<br \/>\nTres obras en la relaci\u00f3n de &#8220;Los mejores libros de 2021&#8221; seg\u00fan la OEPLI: &#8220;Cazando flores en la oscuridad&#8221;, &#8220;Como l\u00e1grimas en la lluvia&#8221; y &#8220;La chica el\u00e1stica que pod\u00eda saltar (un poco lejos&#8221;.<br \/>\n<strong>2023<\/strong>. Lista de Honor de la Revista CLIJ por &#8220;El largo y tortuoso camino&#8221;.<br \/>\nTres obras en la relaci\u00f3n de &#8220;Los mejores libros de 2022&#8221; seg\u00fan la OEPLI: &#8220;El largo y tortuoso camino&#8221;, &#8220;Las \u00faltimas 30 p\u00e1ginas&#8221; y &#8220;Teor\u00eda del azar c\u00f3smico para principiantes&#8221;.<br \/>\n<strong>2024<\/strong>. Dos obras en la relaci\u00f3n de los &#8220;Los mejores libros de 2023&#8221; seg\u00fan la OEPLI: &#8220;Metaverso&#8221; y &#8220;Escape Book&#8221;.<br \/>\n&#8220;El misterioso caso de la desaparici\u00f3n del pastel de chocolate&#8221;, elegido entre los mejores libros del a\u00f1o por IBBY M\u00e9xico.<\/p>\n<p><a href=\"\/?page_id=845\">&lt;&lt; volver<\/a><\/p>\n","protected":false},"excerpt":{"rendered":"<p>1974. Finalista (2\u00ba puesto) Ciudad de Murcia por &#8220;El mundo de las ratas doradas&#8221;. 1978. Finalista (4\u00ba puesto) Premio Planeta. 1982. Lista de Honor CCEI por &#8220;El cazador&#8221;. 1984. Lista de Honor CCEI por &#8220;&#8230;en un lugar llamado Tierra&#8221;. 1985. Finalista (2\u00bapuesto) Premio Gran Angular&hellip; <a class=\"read-more\" href=\"https:\/\/sierraifabra.com\/?page_id=51&#038;lang=es\">Read more<\/a><\/p>\n","protected":false},"author":101012,"featured_media":0,"parent":845,"menu_order":0,"comment_status":"closed","ping_status":"closed","template":"","meta":{"footnotes":""},"class_list":["post-51","page","type-page","status-publish","hentry"],"aioseo_notices":[],"_links":{"self":[{"href":"https:\/\/sierraifabra.com\/index.php?rest_route=\/wp\/v2\/pages\/51","targetHints":{"allow":["GET"]}}],"collection":[{"href":"https:\/\/sierraifabra.com\/index.php?rest_route=\/wp\/v2\/pages"}],"about":[{"href":"https:\/\/sierraifabra.com\/index.php?rest_route=\/wp\/v2\/types\/page"}],"author":[{"embeddable":true,"href":"https:\/\/sierraifabra.com\/index.php?rest_route=\/wp\/v2\/users\/101012"}],"replies":[{"embeddable":true,"href":"https:\/\/sierraifabra.com\/index.php?rest_route=%2Fwp%2Fv2%2Fcomments&post=51"}],"version-history":[{"count":0,"href":"https:\/\/sierraifabra.com\/index.php?rest_route=\/wp\/v2\/pages\/51\/revisions"}],"up":[{"embeddable":true,"href":"https:\/\/sierraifabra.com\/index.php?rest_route=\/wp\/v2\/pages\/845"}],"wp:attachment":[{"href":"https:\/\/sierraifabra.com\/index.php?rest_route=%2Fwp%2Fv2%2Fmedia&parent=51"}],"curies":[{"name":"wp","href":"https:\/\/api.w.org\/{rel}","templated":true}]}}