{"id":510,"date":"2015-08-04T11:58:39","date_gmt":"2015-08-04T11:58:39","guid":{"rendered":"http:\/\/thewalrushub.com\/jordi\/?page_id=510"},"modified":"2020-12-29T17:29:42","modified_gmt":"2020-12-29T16:29:42","slug":"1-10-frases-famosas-de-jordi","status":"publish","type":"page","link":"https:\/\/sierraifabra.com\/?page_id=510&lang=es","title":{"rendered":"FRASES FAMOSAS DE JORDI Y PRINCIPIOS PARA ESCRIBIR"},"content":{"rendered":"<p><strong>1 &#8211; 10 FRASES FAMOSAS DE JORDI<\/strong><\/p>\n<p>1 \u2013 Todo es posible (si t\u00fa lo quieres)<br \/>\n2 \u2013 Escribir es el orgasmo cont\u00ednuo<br \/>\n3 \u2013 S\u00f3lo descansar\u00e9 cuando me muera<br \/>\n4 \u2013 El rock es la banda sonora de nuestra vida<br \/>\n5 \u2013 Mi \u00fanico enemigo es el tiempo<br \/>\n6 \u2013 Si est\u00e1s seguro de algo, hazlo<br \/>\n7 \u2013 Tendr\u00eda que vivir mil a\u00f1os para escribir todo lo que llevo dentro<br \/>\n8 \u2013 Hay que ser libre, independiente y feliz<br \/>\n9 \u2013 No creo en la perfecci\u00f3n, s\u00f3lo en el instinto<br \/>\n10 \u2013 Cuanto m\u00e1s escribo, m\u00e1s me gusta escribir<\/p>\n<p><strong>2 &#8211; C\u00d3MO ESCRIBIR UNA \u201cBUENA\u201d NOVELA JUVENIL<br \/>\n\u00a9 Jordi Sierra i Fabra, LPE<\/strong><\/p>\n<p>1 \u2013 No pienses en el lector de tu novela. Los rostros son an\u00f3nimos. Los gustos, infinitos. El p\u00fablico variado. Piensa en ti mismo, en el ni\u00f1o o el joven que llevas dentro, en lo que te gustar\u00eda leer. Si eres honesto contigo mismo, si disfrutas escribiendo una historia, es probable que el lector tambi\u00e9n la disfrute. La energ\u00eda se transmite, y un buen libro es el mejor de los transmisores.<br \/>\n2 \u2013 F\u00edate siempre de tu instinto. No dudes m\u00e1s de lo necesario y toma decisiones r\u00e1pidas. Una novela tiene mil caminos. Escoge el que m\u00e1s sientas como bueno para ti, no de cara a la galer\u00eda ni te preguntes si es \u201clo que la gente espera\u201d. S\u00e9 fiel a tu \u00e9tica y mant\u00e9n tus principios como bandera.<br \/>\n3 &#8211;\u00a0 Escribe como hables. No pretendas ser lo que no eres. Narra de forma sencilla y comprensible. S\u00e9 breve. Que puedas justificar cada cap\u00edtulo, cada p\u00e1gina, cada p\u00e1rrafo, cada palabra empleada. Nunca pongas paja ni alargues las cosas innecesariamente. Eres un contador de historias. Si quieres impresionar a un lector joven, si\u00e9ntete joven, de lo contrario parecer\u00e1s impostado y \u00e9l lo notar\u00e1.<br \/>\n4 \u2013 Los ni\u00f1os y los j\u00f3venes son el p\u00fablico m\u00e1s dif\u00edcil. No fingen. Dicen lo que piensan. Son duros. Para llegar a su coraz\u00f3n y a su mente debes desnudarte an\u00edmicamente y quitarte todo vestigio adulto. No busques moralinas en tus novelas, no eduques, no pretendas que \u201caprendan\u201d sino que piensen. Pero no olvides que, sobre todo, primero has de entretener.<br \/>\n5 \u2013 En una novela juvenil, el primer cap\u00edtulo ha de atrapar al lector y ya no soltarlo. Despu\u00e9s, las 25 primeras p\u00e1ginas has de haberlo sumergido en la historia hasta ser uno con ella. Pero recuerda que tienes todo un libro para describir a tus personajes, no los quemes en la primera p\u00e1gina diciendo como son y hurtando al lector el placer de imaginarlos. Ama a\u00fan m\u00e1s a tus personajes secundarios y recuerda que tienen menos oportunidades de brillar.<br \/>\n6 \u2013 Lo que digan dos personajes dialogando, que no lo cuente el narrador narrando. La gente habla, se expresa, y los sentimientos fluyen a trav\u00e9s de esas palabras y los gestos que las acompa\u00f1an. Una novela con extensos mazacotes de narrativa se les cae de las manos. Los datos aburren. T\u00fa has de dominar la Historia, eres Dios, pero al lector dale s\u00f3lo lo necesario. El mundo de hoy es puro v\u00e9rtigo.<br \/>\n7 &#8211; La perfecci\u00f3n no existe. El instinto s\u00ed. Prepara un gui\u00f3n previo antes, minuciosamente, en el que aparezca todo el esqueleto de la novela y la base de los di\u00e1logos. Despu\u00e9s escribe lo m\u00e1s r\u00e1pido que puedas, todos los d\u00edas. Lleva el ritmo. No corrijas m\u00e1s de lo necesario (y si es posible, ni eso): vas a enfriar tu obra. Vom\u00edtala y d\u00e9jala caliente y viva. Los artistas mediocres siguen las normas. Los inquietos las rompen.<br \/>\n8 \u2013 Tus editores intentar\u00e1n \u201cmejorar\u201d tu novela. Si est\u00e1s seguro de lo que has escrito, no cambies. Ellos ponen el dinero, s\u00ed, pero el nombre de la portada es el tuyo. No te dejes manipular porque una buena novela juvenil no es manipulable, sobre todo por el p\u00fablico al que va dirigida. Lucha contra la implacable censura que se ejerce en los libros para ni\u00f1os y j\u00f3venes.<br \/>\n9 \u2013 El arte no se mide por lo que te pagan por hacerlo, sino por lo que sientes al hacerlo. No seas un mercenario. No pienses en el dinero ni el premio que quieres ganar, huye del \u00e9xito o el halago f\u00e1cil. Passsa de las infames redes sociales llenas de depredadores que no son m\u00e1s que par\u00e1sitos improductivos. Escribe s\u00f3lo la historia que quieras escribir y piensa que es imposible gustar a todo el mundo.<br \/>\n10 \u2013 Y para terminar, la etiqueta \u201cjuvenil\u201d es algo de lo m\u00e1s impreciso, un cul-de-sac ambiguo \u00bfUn libro juvenil ha de estar protagonizado por un joven entre 15 y 18 a\u00f1os? \u201cMoby Dick\u201d o \u201cGulliver\u201d en su d\u00eda fueron grandes novelas para todos los p\u00fablico, la segunda incluso denostada. Hoy son cl\u00e1sicos para ni\u00f1os y j\u00f3venes. Como dir\u00eda alguien, \u201cuna BUENA novela juvenil\u201d es la que puede leer cualquier persona a la que guste, simplemente, la BUENA literatura.<\/p>\n<p><strong>3 &#8211; 25 PRINCIPIOS PARA SER ESCRITOR<br \/>\n\u00a9 Jordi Sierra i Fabra, LPE <\/strong><\/p>\n<p>1 \u2013 F\u00edate siempre, siempre, de tu instinto.<br \/>\n2 \u2013 No dudes m\u00e1s de lo necesario y toma decisiones r\u00e1pidas basadas en el punto 1. Un libro tiene mil caminos a la hora de escribirlo. Escoge uno y listo.<br \/>\n3 \u2013 S\u00e9 r\u00e1pido. Cu\u00e1nto m\u00e1s lo seas, m\u00e1s sincero ser\u00e1s.<br \/>\n4 \u2013 Cantidad es igual a calidad. Cu\u00e1nto m\u00e1s escribas, m\u00e1s sabr\u00e1s escribir.<br \/>\n5 \u2013 Escribe como hables. No pretendas ser lo que no eres. Narra de forma sencilla y comprensible. Eres un contador de historias, nada m\u00e1s.<br \/>\n6 \u2013 Escribir es la soledad m\u00e1xima. Si no est\u00e1s bien contigo mismo, nunca podr\u00e1s dar lo mejor de ti.<br \/>\n7 \u2013 No te traumes por las estupideces y mitos que s\u00f3lo buscan entorpecer tu creatividad: t\u00edtulo, primera l\u00ednea, p\u00e1gina en blanco&#8230; Escribe, escribe, escribe.<br \/>\n8 \u2013 La perfecci\u00f3n no existe. El instinto s\u00ed. Prepara el gui\u00f3n previo antes, minuciosamente. Despu\u00e9s escr\u00edbelo lo m\u00e1s r\u00e1pido que puedas, todos los d\u00edas. No corrijas m\u00e1s de lo necesario (y si es posible, ni eso): vas a enfriar tu obra. Vom\u00edtala y d\u00e9jala caliente y viva.<br \/>\n9 \u2013 El primer cap\u00edtulo atrapa al lector. Las primeras 25 p\u00e1ginas lo sumergen en el libro. Si lo consigues, es tuyo. Pero ante todo, escribe para ti mismo, sin pensar en ese lector.<br \/>\n10 \u2013 Desn\u00fadate an\u00edmicamente. No pretendas escribir por el \u00e9xito, el dinero, la conquista o el halago f\u00e1cil. F\u00edate de ti mismo. Disfruta. Es imposible gustar a todo el mundo.<br \/>\n11 \u2013 Escribir ha de ser el orgasmo continuo. Si no lo sientes as\u00ed, si te duele, si sufres, d\u00e9jalo.<br \/>\n12 \u2013 No des a leer nada a nadie buscando opiniones, consejos o palmadas en el hombro. Tu obra es tuya. Arri\u00e9sgate.<br \/>\n13 \u2013 Escribe todos los d\u00edas, algo, lo que sea, bien desarrollando un gui\u00f3n previo o el original de una novela, un relato, un poema. Incluso un diario personal. El buen escritor muere si no crea.<br \/>\n14 \u2013 Se breve. Que puedas justificar cada cap\u00edtulo, cada p\u00e1gina, cada p\u00e1rrafo, cada palabra empleada. Nunca pongas paja ni alargues las cosas innecesariamente.<br \/>\n15 \u2013 Hay historias en todas partes. B\u00fascalas. Lee los peri\u00f3dicos no por las noticias, sino con amor de novelista. Hazte preguntas. Y sobre todo, aprende a escuchar (sobre todo a los ancianos).<br \/>\n16 \u2013 Si\u00e9ntete escritor. No lo digas. No te vanaglories. Pero si\u00e9ntete escritor. Todo est\u00e1 en ti, no en los dem\u00e1s. Tu eres el due\u00f1o de tu destino.<br \/>\n17 \u2013 Si un libro lo han devuelto 24 editores, puede que el 25 lo acepte. Nunca te rindas. Si has de morir, muere de pie. No te frustres a los 15, ni a los 20, ni a los 25. Se empieza a escribir bien a partir de los 30 o 35. Cada cual tiene su ritmo. Un m\u00e9dico no podr\u00e1 operar a los 70 a\u00f1os. En todos los trabajos existe la jubilaci\u00f3n. En el arte no. Puedes escribir hasta el \u00faltimo aliento. No tengas prisa por llegar.<br \/>\n18 \u2013 Lo que puedan contar dos personajes dialogando, que no lo cuente el narrador narrando.<br \/>\n19 \u2013 No describas a los personajes. Menciona lo esencial. Tienes todo un libro para mostrar a tus h\u00e9roes. Deja que el lector los cree en su mente y disfrute del misterio. Ama a tus personajes secundarios y recuerda que tienen menos oportunidades de brillar.<br \/>\n20 \u2013 No digas en qu\u00e9 ciudad transcurre tu novela salvo que sea estructuralmente necesario. El lector siempre tender\u00e1 a creer que es la suya o la ver\u00e1 y reconocer\u00e1 en su mente.<br \/>\n21 \u2013 Nunca te averg\u00fcences o arrepientas de lo escrito en el pasado. Cada tiempo tiene sus m\u00e9ritos y valores. Lo l\u00f3gico es que evoluciones.<br \/>\n22 \u2013 Los datos aburren. T\u00fa has de dominar la Historia, pero al lector dale s\u00f3lo lo necesario. S\u00e9 imaginativo para las fechas y las informaciones hist\u00f3ricas.<br \/>\n23 \u2013 S\u00e9 \u00edntegro, honrado, respetuoso, ama la vida y ella te amar\u00e1 a ti. Y si tienes un don, aprov\u00e9chalo, pero no te olvides de devolverle un 10% a la vida.<br \/>\n24 \u2013 S\u00e9 ego\u00edsta con tu arte, pero generoso cuando se lo regales a los dem\u00e1s. Y no olvides que los artistas mediocres siguen las normas. Los inquietos las rompen. Una p\u00e1gina en blanco es un infinito por explorar.<br \/>\n25 &#8211; Lee. Lee todo lo que puedas, y variado. Lee poes\u00eda (no s\u00f3lo Machado o Hern\u00e1ndez, tambi\u00e9n Dylan, Cohen o Waits). Subraya los libros. Si eres joven, copia, imita, hasta encontrar tu propia voz.<\/p>\n<p>&nbsp;<\/p>\n","protected":false},"excerpt":{"rendered":"<p>1 &#8211; 10 FRASES FAMOSAS DE JORDI 1 \u2013 Todo es posible (si t\u00fa lo quieres) 2 \u2013 Escribir es el orgasmo cont\u00ednuo 3 \u2013 S\u00f3lo descansar\u00e9 cuando me muera 4 \u2013 El rock es la banda sonora de nuestra vida 5 \u2013 Mi \u00fanico&hellip; <a class=\"read-more\" href=\"https:\/\/sierraifabra.com\/?page_id=510&#038;lang=es\">Read more<\/a><\/p>\n","protected":false},"author":101012,"featured_media":0,"parent":508,"menu_order":0,"comment_status":"closed","ping_status":"closed","template":"","meta":{"footnotes":""},"class_list":["post-510","page","type-page","status-publish","hentry"],"aioseo_notices":[],"_links":{"self":[{"href":"https:\/\/sierraifabra.com\/index.php?rest_route=\/wp\/v2\/pages\/510","targetHints":{"allow":["GET"]}}],"collection":[{"href":"https:\/\/sierraifabra.com\/index.php?rest_route=\/wp\/v2\/pages"}],"about":[{"href":"https:\/\/sierraifabra.com\/index.php?rest_route=\/wp\/v2\/types\/page"}],"author":[{"embeddable":true,"href":"https:\/\/sierraifabra.com\/index.php?rest_route=\/wp\/v2\/users\/101012"}],"replies":[{"embeddable":true,"href":"https:\/\/sierraifabra.com\/index.php?rest_route=%2Fwp%2Fv2%2Fcomments&post=510"}],"version-history":[{"count":0,"href":"https:\/\/sierraifabra.com\/index.php?rest_route=\/wp\/v2\/pages\/510\/revisions"}],"up":[{"embeddable":true,"href":"https:\/\/sierraifabra.com\/index.php?rest_route=\/wp\/v2\/pages\/508"}],"wp:attachment":[{"href":"https:\/\/sierraifabra.com\/index.php?rest_route=%2Fwp%2Fv2%2Fmedia&parent=510"}],"curies":[{"name":"wp","href":"https:\/\/api.w.org\/{rel}","templated":true}]}}