{"id":514,"date":"2015-08-04T12:00:03","date_gmt":"2015-08-04T12:00:03","guid":{"rendered":"http:\/\/thewalrushub.com\/jordi\/?page_id=514"},"modified":"2020-12-29T14:28:29","modified_gmt":"2020-12-29T13:28:29","slug":"3-sabias-que","status":"publish","type":"page","link":"https:\/\/sierraifabra.com\/?page_id=514&lang=es","title":{"rendered":"3 &#8211; \u00bfSAB\u00cdAS QUE&#8230;?"},"content":{"rendered":"<p class=\"style2\">(Esta secci\u00f3n se ir\u00e1 completando en el transcurso de los pr\u00f3ximos meses)<\/p>\n<p class=\"style2\">1 &#8211;<strong> \u00bfSab\u00edas que<\/strong> Jordi ha escrito muchas novelas de amor: &#8220;La estrella de la ma\u00f1ana&#8221; (SM), &#8220;Donde est\u00e9 mi coraz\u00f3n&#8221; (Edeb\u00e9), &#8220;97 formas de decir te quiero&#8221; (Bru\u00f1o), &#8220;Una (simple) historia de amor&#8221; (Espasa), &#8220;En una esquina del coraz\u00f3n&#8221; (Bru\u00f1o), &#8220;Cartas a Diana (El Tercer Nombre, reeditada como Cartas a Tatiana por Panamericana en Colombia), &#8220;Nom\u00e9s tu&#8230;&#8221;\/&#8221;S\u00f3lo t\u00fa&#8221; (Columna\/Destino), &#8220;Quiz\u00e1s ma\u00f1ana la palabra amor&#8230;&#8221; (SM), &#8220;T\u00fa y yo somos cuatro&#8221; (Edelvives), &#8220;Sonidos del coraz\u00f3n&#8221; (Alba), &#8220;La modelo descalza&#8221; (Siruela), &#8220;Historia de un segundo&#8221; (SM), &#8220;36 preguntas para conocerte, 4 minutos para amarte&#8221; (Edeb\u00e9), aunque en otras tambi\u00e9n aparezca el amor como fondo, y que tiene en marcha muchas m\u00e1s?<\/p>\n<p class=\"style2\">2 &#8211; <strong>\u00bfSab\u00edas que<\/strong> la heptalog\u00eda americana de Jordi la integran las novelas &#8220;Kaopi&#8221; (Alfaguara) sobre la desaparici\u00f3n de las tribus salvajes amaz\u00f3nicas, &#8220;Donde el viento da la vuelta&#8221; (Edeb\u00e9) sobre las matanzas de campesinos en Guatemala y los ni\u00f1os guerrilleros, &#8220;La memoria de los seres perdidos&#8221; (SM) sobre el golpe de Estado en Argentina en 1976 y la desaparici\u00f3n de ni\u00f1os reci\u00e9n nacidos, &#8220;V\u00edctor Jara. Reventando los silencios&#8221; (SM) sobre el golpe de Estado en Chile a trav\u00e9s de la vida del gran cantante masacrado por los golpistas, &#8220;Un hombre con un tenedor en una tierra de sopas&#8221; (Bru\u00f1o) sobre Chiapas y las revueltas campesinas en defensa de sus derechos, &#8220;Cartas a Diana&#8221; (El Tercer Nombre, reeditada como Cartas a Tatiana por Panamericana en Colombia) sobre la realidad de la Colombia actual y &#8220;La nueva tierra&#8221; (Alfaguara) sobre los 200 a\u00f1os de la independencia de las colonias espa\u00f1olas de Am\u00e9rica?<\/p>\n<p class=\"style2\">3 &#8211; <strong>\u00bfSab\u00edas que<\/strong> Jordi ha hecho un libro con cada uno de sus animales favoritos como protagonista?: &#8220;El cazador&#8221; (SM) con un tigre, &#8220;El largo camino&#8221; (Everest) con un elefante, &#8220;Aydin&#8221; (Edeb\u00e9) con una ballena, &#8220;La reina del cielo&#8221; (Everest) con un \u00e1guila, y por \u00faltimo &#8220;Las memorias de un perro&#8221; con un can. De los cinco, este \u00faltimo sigue in\u00e9dito, pues es la novela de 500 p\u00e1ginas que escribi\u00f3 a los 12 a\u00f1os de edad.<\/p>\n<p class=\"style2\">4 &#8211; <strong>\u00bfSab\u00edas que<\/strong> hasta el d\u00eda de hoy, Jordi ha escrito tres\u00a0 trilog\u00edas? La primera fue &#8220;El ciclo de las Tierras&#8221; (SM) integrada por &#8220;&#8230;en un lugar llamado Tierra&#8221;, &#8220;Regreso a un lugar llamado Tierra&#8221; y &#8220;El testamento de un lugar llamado tierra&#8221;, reeditadas en un s\u00f3lo volumen por Siruela en 2008 con el t\u00edtulo &#8220;Trilog\u00eda de las Tierras&#8221;. La segunda &#8220;El tiempo del exilio&#8221; (Planeta), formada por &#8220;Los a\u00f1os oscuros&#8221;, &#8220;Los a\u00f1os de la espera&#8221; y &#8220;Los a\u00f1os rojos&#8221;. Y la tercera &#8220;Las hijas de las tormentas&#8221; en Edeb\u00e9, formada por &#8220;El enigma maya&#8221;, &#8220;La cruz del Nilo&#8221; y &#8220;El quinto cristal&#8221;.<\/p>\n<p class=\"style2\">5 &#8211; <strong>\u00bfSab\u00edas que<\/strong> Jordi es un experto en crear personajes de serie? Hasta hoy ha dado vida a &#8220;V\u00edctor&#8221; (SM, 15 libros), &#8220;Zack Galaxy&#8221; (Alfaguara, 3 libros), &#8220;Sam Numit (Timun Mas, 6 libros), &#8220;Zuk-1&#8221; (Celeste, 2 libros), &#8220;Patrulla Gal\u00e1ctica 752&#8221; (Bru\u00f1o, 6 libros), &#8220;Amadeo Bola&#8221; (Edeb\u00e9, 9 libros), &#8220;Pablo&#8221; (Edeb\u00e9 y Fundaci\u00f3n S\u00edndrome de Down, 3 libros), &#8220;Daniel Ros&#8221; (Martinez Roca\/Bronce, 7 libros m\u00e1s una pel\u00edcula para TV), Miquel Mascarell (Plaza y Jan\u00e9s\/Rosa dels Vents, 12 novelas hasta 2021, serie que sigue), Hilario Soles (Harper Collins, 4 novelas) y El Se\u00f1or troglodita (Edeb\u00e9, 4 libros en 2015).<\/p>\n<p class=\"style2\">6 &#8211; <strong>\u00bfSab\u00edas que<\/strong> en los \u00faltimos a\u00f1os, desde que dej\u00f3 el mundo de la m\u00fasica y aparte de Estados Unidos y los pa\u00edses europeos, Jordi ha recorrido Egipto, M\u00e9xico, India (norte, oeste y sur), Per\u00fa, Indonesia (islas de Java, Sumatra, Bali y las C\u00e9lebes, tambi\u00e9n llamadas Sulawesi), Nepal, T\u00edbet, Hong Kong (antes de formar parte de China), Brasil, Cuba, Rep\u00fablica Dominicana, Sri Lanka, Maldivas, Chile (incluida isla de Pascua), Kenia, Jordania, Colombia, Zimbabwe, Venezuela, Rep\u00fablica Sudafricana, Costa Rica, Tanzania (incluida Zanzibar), Guatemala, Singapur, Malasia (incluida Borneo), Vietnam, Myanmar (antes Birmania), Samoa independiente, Samoa americana, Patagonia (sur de Argentina y Chile), Honduras, Ecuador, Panam\u00e1, Turqu\u00eda, las Antillas Holandesas (Aruba, Cura\u00e7ao y Bonaire), Polonia, Austra, Hungria, Malta, etc.?<\/p>\n<p class=\"style2\">7 &#8211; <strong>\u00bfSab\u00edas que<\/strong> las palabras que m\u00e1s se repiten en los t\u00edtulos de las novelas de Jordi son &#8220;noche&#8221;, &#8220;espejo&#8221; y &#8220;siete&#8221;? Con &#8220;noche&#8221; tenemos: &#8220;La noche&#8221;, &#8220;Noche de viernes&#8221;, &#8220;Noche de paz&#8230;o casi&#8221;, &#8220;Noche de Luna en el Estrecho&#8221;, &#8220;Cuba, la noche de la jinetera&#8221;, &#8220;Los espejos de la noche&#8221; y &#8220;Siete noches de una vida&#8221;. Con &#8220;espejo&#8221; tenemos &#8220;Los espejos de la noche&#8221;, &#8220;El espejo del futuro&#8221;, &#8220;Dormido sobre los espejos&#8221; y &#8220;Al otro lado del espejo&#8221;. Con &#8220;siete&#8221; tenemos &#8220;Sietecolores&#8221;, &#8220;Siete noches de una vida&#8221;, &#8220;Siete\u00a0 minutos para la revoluci\u00f3n&#8221;, &#8220;27, edad maldita&#8221;, &#8220;97 formas de decir te quiero&#8221; y &#8220;El camino de las Siete Lunas&#8221; (una obra teatral editada en Colombia). El n\u00famero 7 tambi\u00e9n aparece en la Patrulla Gal\u00e1ctica 752, y esto es debido a que es el n\u00famero de la suerte de Jordi, aunque por nacimiento su n\u00famero sea el 9 (que es su segundo n\u00famero).<\/p>\n<p class=\"style2\">8 &#8211; <strong>\u00bfSab\u00edas que<\/strong> cuando Jordi no en cuentra un buen t\u00edtulo para una novela, suele &#8220;rob\u00e1rselo&#8221; a la historia de la m\u00fasica? Su truco es buscar una canci\u00f3n cuya letra tenga algo que ver con el libro que ha escrito y ponerle ese mismo t\u00edtulo. Lo ha hecho con estos libros: &#8220;Campos de fresas&#8221; (de los Beatles), &#8220;Malas tierras&#8221; (de Bruce Springsteen), &#8220;Los sonidos del silencio&#8221; (de Simon &amp; Garfunkel), &#8220;Otra canci\u00f3n en el Para\u00edso&#8221; (de Phil Collins), &#8220;El loco de la colina&#8221; (de los Beatles), &#8220;Alma de blues&#8221; (de Presuntos Implicados), &#8220;Los perros de la lluvia&#8221; (de Tom Waits) y &#8220;Llamando a las puertas del cielo&#8221; (de Bob Dylan).<\/p>\n<p class=\"style2\">9 &#8211; <strong>\u00bfSab\u00edas que<\/strong> Jordi tiene en su casa de Barcelona 30.000 discos?<\/p>\n<p class=\"style2\">10 &#8211; <strong>\u00bfSab\u00edas que<\/strong> Jordi, pese a su fama de r\u00e1pido, es muy lento pensando algunas de sus ideas, y a veces tarda mucho, much\u00edsimo en escribirlas? &#8220;La nave fant\u00e1stica&#8221; se le ocurri\u00f3 a los 15 a\u00f1os \u00a1y la escribi\u00f3 a los 40! &#8220;V\u00edctor Jara. Reventando los silencios&#8221; tard\u00f3 tambi\u00e9n 25 a\u00f1os, de 1973 a 1998. &#8220;La memoria de los seres perdidos&#8221; nada menos que 15, &#8220;Las chicas de alambre&#8221; 10 y &#8220;Malas tierras&#8221; 6.<\/p>\n<p class=\"style2\">11 &#8211; <strong>\u00bfSab\u00edas que<\/strong> adem\u00e1s de music\u00f3logo, Jordi es un cin\u00e9filo empedernido y va al cine cada noche, y si no tiene pel\u00edculas que ver en la pantalla grande se pone una o dos en v\u00eddeo o a trav\u00e9s de las plataformas?<\/p>\n<p class=\"style2\">12 &#8211; <strong>\u00bfSab\u00edas que<\/strong> Jordi ha sido el primero en hacer algunas de las cosas m\u00e1s curiosas, como por ejemplo: el primero en escribir un libro sobre el fen\u00f3meno musical en Espa\u00f1a (&#8220;Historia de la M\u00fasica Pop&#8221; en 1972), en tener una colecci\u00f3n propia de libros con biograf\u00edas de grandes m\u00fasicos en Espa\u00f1a (M\u00fasica de Nuestro Tiempo, desde 1976 a comienzos de los a\u00f1os 80), en fundar una revista para fans capaz de superar un mill\u00f3n de ejemplares de venta (Super Pop, en 1977), en escribir una enciclopedia en solitario en fasc\u00edculos (&#8220;Historia del Rock&#8221;, de 1981 a 1983, a la que seguir\u00eda tambi\u00e9n en solitario &#8220;La Gran Enciclopedia del Rock de la A a la Z&#8221;, entre 1994 y 1996), en ganar tres veces un mismo premio literario (el Gran Agular en 1980, 1982 y 1991), en crear un juego trivial de rock (&#8220;Trivial Rock&#8221;, Salvat, en 1990), en tener una colecci\u00f3n propia de novelas (&#8220;La biblioteca de Jordi Sierra i Fabra&#8221;, Bru\u00f1o, desde 2002), en colgar un libro gratis en Internet (&#8220;El misterio del Goya robado&#8221; en 2000), en mantener una viodeconferencia con colegios de una comunidad (2000), en escribir un &#8220;Diccionario de los Beatles&#8221; (1995), en tener dos colecciones propias de libros en Espa\u00f1a (adem\u00e1s de &#8220;La biblioteca de Jordi Sierra i Fabra&#8221; en Bru\u00f1o, &#8220;Los Libros de Jordi&#8221; en SM).<\/p>\n<p class=\"style2\">13 &#8211; <strong>\u00bfSab\u00edas que<\/strong> Jordi tiene fijaci\u00f3n por las puertas y los cristales porque atraves\u00f3 una puerta de cristal a los 8 a\u00f1os de edad, el 22 de septiembre de 1955, accidente que casi le cuesta la vida, y por eso en sus novelas hay tantos espejos o tantos relatos vinculados a puertas (&#8220;La puerta del M\u00e1s All\u00e1&#8221; en Espasa, el cuento &#8220;La mansi\u00f3n de las mil puertas&#8221; en &#8220;Tres historias de terror&#8221;, tambi\u00e9n de Espasa, o la man\u00eda de Pecas, en la Patrulla Gal\u00e1ctica 752, por abrir todas las puertas que encuentra).<\/p>\n<p class=\"style2\">14 &#8211; <strong>\u00bfSab\u00edas que<\/strong> Jordi no sale casi nunca en sus libros, pero que el personaje del periodista de &#8220;La balada de Siglo XXI&#8221; (SM) s\u00ed es \u00e9l, o que en &#8220;Rabia&#8221; (SM) aparece como Jordi Vil\u00e1 i Muntan\u00e9, que son los dos segundos apellidos de su padre y su madre respectivamente? En cambio s\u00ed es el protagonista de &#8220;El asesino del Sgt. Pepper\u00b4s&#8221; (Edeb\u00e9) o &#8220;Mis salvajes rockeros&#8221; (La M\u00e1scara), en los que practica uno de sus deportes favoritos: re\u00edrse de s\u00ed mismo. De manera tangencial, tambi\u00e9n se le puede reconocer como al escritor de &#8220;Yo&#8221;, de &#8220;El fabuloso mundo de las letras&#8221; y de &#8220;El Club de los Raros&#8221;.<\/p>\n<p class=\"style2\">15 &#8211; <strong>\u00bfSab\u00edas que<\/strong> el personaje de V\u00edctor est\u00e1 inspirado en su h\u00e9roe de la infancia, Guillermo Brown, de Richmal Crompton? Otros de sus h\u00e9roes proceden del mundo del comic: Flash Gordon (de ah\u00ed su pasi\u00f3n por la ciencia ficci\u00f3n), Rip Kirby (de ah\u00ed su pasi\u00f3n por lo policiaco) y El Capit\u00e1n Trueno. Tambi\u00e9n le marcaron los libros de Tarz\u00e1n, de Edgar Ruce Burroughs.<\/p>\n<p class=\"style2\">16 &#8211; <strong>\u00bfSab\u00edas que<\/strong> Jordi fue descubierto como autor &#8220;juvenil&#8221; con una novela, &#8220;El cazador&#8221;, escrita para un p\u00fablico adulto y que tuvo en caj\u00f3n tres a\u00f1os antes de ganar por primera vez el premio Gran Angular?<\/p>\n<p class=\"style2\">17 &#8211; <strong>\u00bfSab\u00edas que<\/strong> Jordi ha escrito una docena de obras, novelas, estudios o biograf\u00edas, en las que su &#8220;hermano mayor&#8221;, John Lennon, es el protagonista directo o indirecto?<\/p>\n<p class=\"style2\">18 &#8211; <strong>\u00bfSab\u00edas que<\/strong> los m\u00fasicos reales que m\u00e1s aparecen en las novelas de Jordi, son los Beatles y Bruce Springsteen, seguidos por Led Zeppelin y U2?<\/p>\n<p class=\"style2\">19 &#8211; <strong>\u00bfSab\u00edas que<\/strong> Jordi escribi\u00f3 &#8220;Casting&#8221; medio a\u00f1o antes de que naciera y comenzara a triunfar en TV la primera &#8220;Operaci\u00f3n Triunfo&#8221;?<\/p>\n<p class=\"style2\">20 &#8211; <strong>\u00bfSab\u00edas que<\/strong> Jordi en 2020 ha superado los 13 millones de libros vendidos y ha sido traducido a m\u00e1s de 30 idiomas?<\/p>\n<p class=\"style2\">21 &#8211; <strong>\u00bfSab\u00edas que<\/strong> Jordi fue a Hollywood en primavera de 1985 para negociar una versi\u00f3n cinematogr\u00e1fica de su novela &#8220;El Plan Stalin&#8221; con Universal, Paramount, ABC, PSO y otras compa\u00f1\u00edas de cine, y fue tachado de antiamericano en plena \u00e9poca represora del presidente Reagan?<\/p>\n<p class=\"style2\">22 &#8211; <strong>\u00bfSab\u00edas qu<\/strong>e Jordi tiene dos hijos, Georgina (nacida en 1972) y Daniel (nacido en 1974), y dos nietas, Luc\u00eda (2005) y Rebeca (2008)?<\/p>\n<p class=\"style2\">23 &#8211; <strong>\u00bfSab\u00edas que<\/strong> muchas de las novelas de Jordi han sido premonitorias, y lo que ha contado en ellas ha sucedido realmente despu\u00e9s? Ah\u00ed est\u00e1n como ejemplo &#8220;Un hombre con un tenedor en una tierra de sopas&#8221;, &#8220;En Canarias se ha puesto el sol&#8221;, &#8220;Casting&#8221;, &#8220;El ni\u00f1o que viv\u00eda en las estrellas&#8221;, &#8220;Noche de viernes&#8221;, &#8220;El rostro de la multitud&#8221;, &#8220;Un genio en la tele&#8221;, etc.<\/p>\n<p class=\"style2\">24 &#8211; <strong>\u00bfSab\u00edas que<\/strong> Jordi no fuma ni bebe, jam\u00e1s ha utilizado drogas, que nunca lo ha hecho, y que su aut\u00e9ntica pasi\u00f3n es el chocolate negro, amargo y fuerte?<\/p>\n<p class=\"style2\">25 &#8211; <strong>\u00bfSab\u00edas que<\/strong> Jordi es tartamudo y que, pese a ello, super\u00e1ndolo por s\u00ed mismo, tuvo su propio programa de radio entre 1974 y 1978?<\/p>\n<p class=\"style2\">26 &#8211; <strong>\u00bfSab\u00edas que<\/strong> Jordi guarda en su casa y en su Fundaci\u00f3n de Barcelona todo lo que ha escrito desde que era un ni\u00f1o?<\/p>\n<p class=\"style2\">27 &#8211; <strong>\u00bfSab\u00edas que<\/strong> los pa\u00edses donde m\u00e1s obras traducidas hay de Jordi son Corea y China?<\/p>\n<p class=\"style2\">28 &#8211; \u00bf<b>Sab\u00edas que<\/b> Jordi fue el primer autor de literatura infantil y juvenil invitado a formar parte del Patronato del Instituto Cervantes?<\/p>\n<p class=\"style2\">29 &#8211; \u00bf<b>Sab\u00edas que<\/b> Jordi fue fichado por el TOP (el temible Tribunal de Orden P\u00fablico de la \u00e9poca franquista) por escribir en una revista clandestina llamada &#8220;Bes\u00f3s&#8221; en 1968?<\/p>\n<p class=\"style2\">30 &#8211; \u00bf<b>Sab\u00edas que<\/b> Jordi suele comenzar a escribir sus novelas en lunes, para as\u00ed tener ya una buena parte hecha al llegar el fin de semana, aunque tambi\u00e9n escriba s\u00e1bado y domingo?<\/p>\n<p class=\"style2\">31 &#8211; \u00bf<b>Sab\u00edas que <\/b>en la Fundaci\u00f3n Taller de Letras Jordi Sierra i Fabra de Medell\u00edn, Colombia, trabajan m\u00e1s de cien personas en 2014, a los diez a\u00f1os de su nacimiento?<\/p>\n<p class=\"style2\">32 &#8211; \u00bf<b>Sab\u00edas que<\/b> Jordi ha escrito la letra de muchas canciones y que su m\u00e1s reciente contribuci\u00f3n musical es el libreto de la \u00f3pera &#8220;Retrato de Soledad &#8211; Mon\u00f3logo para soprano y orquesta&#8221;?<\/p>\n<p class=\"style2\">33 &#8211; \u00bf<b>Sab\u00edas que<\/b> Jordi s\u00f3lo ha tenido tres coches en su vida, un Mini-1000 de 1971 a 1988, un Porsche 911 Carrera de 1988 a 2018 y de nuevo un Mini desde 2018 hasta hoy?<\/p>\n<p class=\"style2\">34 &#8211; \u00bf<b>Sab\u00edas que<\/b> Jordi nunca viaja en verano y se encierra en su casa de Vallirana, en medio de un bosque, para pasar cuatro meses escribiendo sin parar?<\/p>\n<p class=\"style2\">35 &#8211; \u00bf<b>Sab\u00edas qu<\/b>e las tres pel\u00edculas que m\u00e1s han gustado a Jordi a lo largo de su vida, han sido &#8220;Lo que el viento se llev\u00f3&#8221;, &#8220;West Side Story&#8221; y &#8220;Blade Runner&#8221;?. En el caso de &#8220;West Side Story&#8221;, cuando fue estrenada, la vio 17 domingos seguidos en sesi\u00f3n matinal.<\/p>\n<p class=\"style2\">36 &#8211; \u00bf<b>Sab\u00edas que<\/b> en 1974 Jordi fue llamado por TVE para que hiciera un programa musical en la primera cadena, los jueves por la noche, en <i>prime time<\/i>, y que rechaz\u00f3 el ofrecimiento porque no quer\u00eda abandonar Barcelona?<\/p>\n<p class=\"style2\">37 &#8211; \u00bf<b>Sab\u00edas que<\/b> las tres obras cl\u00e1sicas favoritas de Jordi, y que no puede escuchar sin emocionarse, son &#8220;La consagraci\u00f3n de la primavera&#8221; de Igor Stravinsky, &#8220;Sherezade&#8221; de Rimsky-Korsakof y el &#8220;Concierto para viol\u00edn&#8221; de Tchaikowsky?<\/p>\n<p class=\"style2\">38 &#8211; \u00bf<b>Sab\u00edas que<\/b> Jordi es un enamorado de la cultura china, y que ha escrito tres libros ambientados en el pa\u00eds: &#8220;El gran drag\u00f3n&#8221; (Anaya), &#8220;Una dulce historia de mariposas y lib\u00e9lulas&#8221; (Siruela) y \u00b7El coraz\u00f3n de jade&#8221; (SM)?<\/p>\n<p class=\"style2\">39 &#8211; \u00bf<b>Sab\u00edas que <\/b>Jordi duerme con una libreta y un bol\u00edgrafo al lado de la cama, porque a veces a media noche se despierta y anota lo que ha so\u00f1ado antes de que se desvanezca de su mente? Uno de sus libros m\u00e1s famosos de ciencia ficci\u00f3n, &#8220;Unitat de plaer&#8221; (Columna), surgi\u00f3 de un sue\u00f1o.<\/p>\n<p class=\"style2\">40 &#8211; \u00bf<b>Sab\u00edas que <\/b>Jordi &#8220;invent\u00f3&#8221; el programa de TV &#8220;Gran Hermano&#8221; en su novela &#8220;Un genio en la tele&#8221;, mucho antes de que naciera este en televisi\u00f3n?<\/p>\n<p>41 &#8211; <strong>\u00bfSab\u00edas que<\/strong> &#8220;Campos de fresas&#8221; ha estado 22 a\u00f1os entre los 100 libros m\u00e1s vendidos de Espa\u00f1a mes a mes?<\/p>\n<p>42 &#8211; <strong>\u00bfSab\u00edas que<\/strong> la comida favorita de Jordi es la pasta italiana y el chocolate negro?<\/p>\n<p>43 &#8211; <strong>\u00bfSab\u00edas que<\/strong> el libro que le cambi\u00f3 la vida a Jordi a los 17 o 18 a\u00f1os, fue &#8220;El manantial&#8221;, de Ayn Rand?<\/p>\n<p>44 &#8211; <strong>\u00bfSab\u00edas que<\/strong> Jordi es el escritor espa\u00f1ol m\u00e1s veces candidato al Premio Astrid Lindgren y al Premio Hans Christian Andersen?<\/p>\n<p>45 &#8211; <strong>\u00bfSab\u00edas que<\/strong> Jordi ha estado a punto de morir en varias ocasiones (un terremoto, un atentado terrorista, en manos de unos paramilitares y tres veces en avi\u00f3n)?<\/p>\n<p>46 &#8211; <strong>\u00bfSab\u00edas que<\/strong> Jordi guarda todos los bol\u00edgrafos con los que ha escrito en su vida, todas las llaves electr\u00f3nicas de los hoteles en los que ha estado, todos sus relojes y todas sus gafas, entre otras cosas?<\/p>\n<p>47 &#8211; <strong>\u00bfSab\u00edas que<\/strong> las islas favoritas de Jordi para &#8220;aislarse&#8221; y preparar sus libros, son M\u00facura y Providencia, ambas colombianas pero una a dos horas de Cartagena de Indias y la otra frente a las costas de Nicaragua?<\/p>\n<p>48 &#8211;\u00a0<strong>\u00bfSab\u00edas que<\/strong>\u00a0en el museo de la Fundaci\u00f3 Jordi Sierra i Fabra de Barcelona, est\u00e1n expuestas las entradas de los conciertos de rock a los que asisti\u00f3 Jordi en su vida profesional como comentarista?<\/p>\n<p>49 &#8211;\u00a0<strong>\u00bfSab\u00edas que<\/strong>\u00a0a Jordi le apasiona volar pese a haber tenido tres percances a\u00e9reos?<\/p>\n<p>50 &#8211;\u00a0<strong>\u00bfSab\u00edas que<\/strong> las cinco palabras que definen el c\u00f3digo \u00e9tico de Jordi son: paz, amor, respeto, honradez y esperanza?<\/p>\n","protected":false},"excerpt":{"rendered":"<p>(Esta secci\u00f3n se ir\u00e1 completando en el transcurso de los pr\u00f3ximos meses) 1 &#8211; \u00bfSab\u00edas que Jordi ha escrito muchas novelas de amor: &#8220;La estrella de la ma\u00f1ana&#8221; (SM), &#8220;Donde est\u00e9 mi coraz\u00f3n&#8221; (Edeb\u00e9), &#8220;97 formas de decir te quiero&#8221; (Bru\u00f1o), &#8220;Una (simple) historia de&hellip; <a class=\"read-more\" href=\"https:\/\/sierraifabra.com\/?page_id=514&#038;lang=es\">Read more<\/a><\/p>\n","protected":false},"author":101012,"featured_media":0,"parent":508,"menu_order":0,"comment_status":"closed","ping_status":"closed","template":"","meta":{"footnotes":""},"class_list":["post-514","page","type-page","status-publish","hentry"],"aioseo_notices":[],"_links":{"self":[{"href":"https:\/\/sierraifabra.com\/index.php?rest_route=\/wp\/v2\/pages\/514","targetHints":{"allow":["GET"]}}],"collection":[{"href":"https:\/\/sierraifabra.com\/index.php?rest_route=\/wp\/v2\/pages"}],"about":[{"href":"https:\/\/sierraifabra.com\/index.php?rest_route=\/wp\/v2\/types\/page"}],"author":[{"embeddable":true,"href":"https:\/\/sierraifabra.com\/index.php?rest_route=\/wp\/v2\/users\/101012"}],"replies":[{"embeddable":true,"href":"https:\/\/sierraifabra.com\/index.php?rest_route=%2Fwp%2Fv2%2Fcomments&post=514"}],"version-history":[{"count":0,"href":"https:\/\/sierraifabra.com\/index.php?rest_route=\/wp\/v2\/pages\/514\/revisions"}],"up":[{"embeddable":true,"href":"https:\/\/sierraifabra.com\/index.php?rest_route=\/wp\/v2\/pages\/508"}],"wp:attachment":[{"href":"https:\/\/sierraifabra.com\/index.php?rest_route=%2Fwp%2Fv2%2Fmedia&parent=514"}],"curies":[{"name":"wp","href":"https:\/\/api.w.org\/{rel}","templated":true}]}}