{"id":5199,"date":"2020-02-10T17:45:58","date_gmt":"2020-02-10T16:45:58","guid":{"rendered":"http:\/\/sierraifabra.com\/?page_id=5199"},"modified":"2023-02-13T12:10:50","modified_gmt":"2023-02-13T11:10:50","slug":"acta-de-la-concesion-del-xv-premio-jordi-sierra-i-fabra-para-jovenes-2020","status":"publish","type":"page","link":"https:\/\/sierraifabra.com\/?page_id=5199&lang=es","title":{"rendered":"ENTREGA Y ACTA DEL PREMIO JORDI SIERRA I FABRA 2020"},"content":{"rendered":"<p style=\"text-align: center;\"><strong>ENTREGA DEL XV PREMIO JORDI SIERRA I FABRA<\/strong><br \/>\n<strong>PARA J\u00d3VENES 2020<\/strong><\/p>\n<p style=\"text-align: left;\">El d\u00eda 24 de septiembre, con cuatro meses de retraso debido a la pandemia del Covid-19, y de manera no presencial, virtual y on line, se procedi\u00f3 por fin a la entrega del galard\u00f3n a Sof\u00eda Nayeli Baz\u00e1n y se present\u00f3 la novela ganadora del premio, &#8220;La bestia&#8221;. El acto fue muy visto mediante streaming y cont\u00f3 con numeros medios de prensa acreditados, que dieron amplia cobertura al acontecimiento. Ofici\u00f3 de maestro de ceremonias Gabriel Brandariz, representando a la editorial SM, y junto con Jordi y Sof\u00eda destac\u00f3 la intervenci\u00f3n de Fernando L\u00f3pez, director de un corto sobre el mismo tema que aborda el libro de Sof\u00eda.<\/p>\n<p style=\"text-align: center;\">\n<a href=\"http:\/\/sierraifabra.com\/wp-content\/uploads\/2020\/09\/Virtual1.jpg\"><img loading=\"lazy\" decoding=\"async\" class=\"alignnone wp-image-5446\" src=\"http:\/\/sierraifabra.com\/wp-content\/uploads\/2020\/09\/Virtual1-300x222.jpg\" alt=\"\" width=\"166\" height=\"123\" srcset=\"https:\/\/sierraifabra.com\/wp-content\/uploads\/2020\/09\/Virtual1-300x222.jpg 300w, https:\/\/sierraifabra.com\/wp-content\/uploads\/2020\/09\/Virtual1-768x569.jpg 768w, https:\/\/sierraifabra.com\/wp-content\/uploads\/2020\/09\/Virtual1-1024x759.jpg 1024w\" sizes=\"auto, (max-width: 166px) 100vw, 166px\" \/><\/a> \u00a0 <a href=\"http:\/\/sierraifabra.com\/wp-content\/uploads\/2020\/09\/Virtual2.jpg\"><img loading=\"lazy\" decoding=\"async\" class=\"alignnone wp-image-5447\" src=\"http:\/\/sierraifabra.com\/wp-content\/uploads\/2020\/09\/Virtual2-197x300.jpg\" alt=\"\" width=\"126\" height=\"192\" srcset=\"https:\/\/sierraifabra.com\/wp-content\/uploads\/2020\/09\/Virtual2-197x300.jpg 197w, https:\/\/sierraifabra.com\/wp-content\/uploads\/2020\/09\/Virtual2-768x1167.jpg 768w, https:\/\/sierraifabra.com\/wp-content\/uploads\/2020\/09\/Virtual2-674x1024.jpg 674w\" sizes=\"auto, (max-width: 126px) 100vw, 126px\" \/><\/a> \u00a0 <a href=\"http:\/\/sierraifabra.com\/wp-content\/uploads\/2020\/09\/Virtual4.png\"><img loading=\"lazy\" decoding=\"async\" class=\"alignnone wp-image-5448\" src=\"http:\/\/sierraifabra.com\/wp-content\/uploads\/2020\/09\/Virtual4-300x193.png\" alt=\"\" width=\"204\" height=\"131\" srcset=\"https:\/\/sierraifabra.com\/wp-content\/uploads\/2020\/09\/Virtual4-300x193.png 300w, https:\/\/sierraifabra.com\/wp-content\/uploads\/2020\/09\/Virtual4.png 538w\" sizes=\"auto, (max-width: 204px) 100vw, 204px\" \/><\/a><br \/>\n<a href=\"http:\/\/sierraifabra.com\/wp-content\/uploads\/2020\/09\/Sofia.jpeg\"><img loading=\"lazy\" decoding=\"async\" class=\"alignnone wp-image-5449\" src=\"http:\/\/sierraifabra.com\/wp-content\/uploads\/2020\/09\/Sofia-225x300.jpeg\" alt=\"\" width=\"158\" height=\"211\" srcset=\"https:\/\/sierraifabra.com\/wp-content\/uploads\/2020\/09\/Sofia-225x300.jpeg 225w, https:\/\/sierraifabra.com\/wp-content\/uploads\/2020\/09\/Sofia-768x1024.jpeg 768w, https:\/\/sierraifabra.com\/wp-content\/uploads\/2020\/09\/Sofia-360x480.jpeg 360w, https:\/\/sierraifabra.com\/wp-content\/uploads\/2020\/09\/Sofia.jpeg 1200w\" sizes=\"auto, (max-width: 158px) 100vw, 158px\" \/><\/a> \u00a0 <a href=\"http:\/\/sierraifabra.com\/wp-content\/uploads\/2020\/09\/Detalle.png\"><img loading=\"lazy\" decoding=\"async\" class=\"alignnone wp-image-5450\" src=\"http:\/\/sierraifabra.com\/wp-content\/uploads\/2020\/09\/Detalle-300x294.png\" alt=\"\" width=\"183\" height=\"179\" srcset=\"https:\/\/sierraifabra.com\/wp-content\/uploads\/2020\/09\/Detalle-300x294.png 300w, https:\/\/sierraifabra.com\/wp-content\/uploads\/2020\/09\/Detalle-768x752.png 768w, https:\/\/sierraifabra.com\/wp-content\/uploads\/2020\/09\/Detalle.png 813w\" sizes=\"auto, (max-width: 183px) 100vw, 183px\" \/><\/a> \u00a0 <a href=\"http:\/\/sierraifabra.com\/wp-content\/uploads\/2020\/09\/Virtual3.jpg\"><img loading=\"lazy\" decoding=\"async\" class=\"alignnone wp-image-5451\" src=\"http:\/\/sierraifabra.com\/wp-content\/uploads\/2020\/09\/Virtual3-195x300.jpg\" alt=\"\" width=\"135\" height=\"207\" srcset=\"https:\/\/sierraifabra.com\/wp-content\/uploads\/2020\/09\/Virtual3-195x300.jpg 195w, https:\/\/sierraifabra.com\/wp-content\/uploads\/2020\/09\/Virtual3.jpg 608w\" sizes=\"auto, (max-width: 135px) 100vw, 135px\" \/><\/a><\/p>\n<p style=\"text-align: center;\"><strong>ACTA DE LA CONCESI\u00d3N DEL XV PREMIO JORDI SIERRA I FABRA<br \/>\n<\/strong><strong>PARA J\u00d3VENES 2020<\/strong><\/p>\n<p><strong>\u00a0<\/strong>\u00a0\u00a0\u00a0\u00a0\u00a0\u00a0\u00a0\u00a0 Reunido en la ciudad de Barcelona a 12 de febrero de 2020, el jurado del D\u00e9cimo quinto Premio Jordi Sierra i Fabra para J\u00f3venes, integrado por D\u00aa Berta M\u00e1rquez (editora del Grupo Editorial SM), D\u00aa Elena O&#8217;Callaghan (escritora), D\u00aa Antonia Cortijos (en representaci\u00f3n de la Fundaci\u00f3 JSiF) D. Pep Dur\u00e1n (librero) y D. Arturo Padilla (escritor y primer ganador del Premio Jordi Sierra i Fabra), se han acordado los siguientes fallos:<\/p>\n<p style=\"text-align: center;\"><strong><u>GANADOR DEL PREMIO JORDI SIERRA I FABRA\u00a0<\/u><\/strong><strong><u>PARA J\u00d3VENES 2020:<\/u><\/strong><\/p>\n<p style=\"text-align: center;\"><strong>Sof\u00eda Nayeli Baz\u00e1n Jim\u00e9nez<br \/>\n<\/strong><strong>de Puente Tocinos, Murcia<br \/>\n<\/strong><strong>por &#8220;La bestia&#8221;<\/strong><\/p>\n<p style=\"text-align: center;\"><strong><u>FINALISTAS<\/u><\/strong><\/p>\n<p style=\"text-align: center;\">Primer finalista:<\/p>\n<p style=\"text-align: center;\"><strong>Pablo Pineda Vizca\u00edno<br \/>\n<\/strong><strong>de Huelva<br \/>\n<\/strong><strong>por &#8220;Besos para Salom\u00e9&#8221;<\/strong><\/p>\n<p style=\"text-align: center;\">Segundo finalista:<\/p>\n<p style=\"text-align: center;\"><strong>Laura Fargueta Pelufo<br \/>\n<\/strong><strong>de Alzira, Valencia<br \/>\n<\/strong><strong>por &#8220;La biblioteca de recuerdos olvidados&#8221;<\/strong><\/p>\n<p style=\"text-align: center;\">Tercer finalista:<\/p>\n<p style=\"text-align: center;\"><strong>Roxania Acosta Cisneros<br \/>\n<\/strong><strong>de La Habana, Cuba<br \/>\n<\/strong><strong>por &#8220;Misterios en el mundo de las palabras&#8221;<\/strong><\/p>\n<p style=\"text-align: center;\"><strong><u>LISTA DE HONOR ORO (POR ORDEN ALFABETICO)<\/u><\/strong><\/p>\n<p style=\"text-align: center;\"><strong>Alba Mar\u00eda \u00c1lvarez Gonz\u00e1lez<br \/>\n<\/strong>de Gij\u00f3n, Asturias<br \/>\npor &#8220;Once y treinta y cuatro&#8221;<\/p>\n<p style=\"text-align: center;\"><strong>Alba Serrano Garc\u00eda<br \/>\n<\/strong>de Coslada, Madrid<br \/>\npor &#8220;Las alas de la mariposa&#8221;<\/p>\n<p style=\"text-align: center;\"><strong>Carol Arlet V\u00e1zquez Cifuentes<br \/>\n<\/strong>de Huixtla, Chiapas, M\u00e9xico<br \/>\npor &#8220;Las damas del carnaval de listones&#8221;<\/p>\n<p style=\"text-align: center;\"><strong>Inmaculada Toscano Zayas<br \/>\n<\/strong>de La Puebla del R\u00edo, Sevilla<br \/>\npor &#8220;Siete p\u00e9talos azules&#8221;<\/p>\n<p style=\"text-align: center;\"><strong>Laura Montero Gonz\u00e1lez<br \/>\n<\/strong>de Salamanca<br \/>\npor &#8220;Drako Garz\u00f3n&#8221;<\/p>\n<p style=\"text-align: center;\"><strong>Marta Llad\u00f3s Cruz<br \/>\n<\/strong>de El Masnou, Barcelona<br \/>\npor &#8220;Pajarillos sin alas&#8221;<\/p>\n<p style=\"text-align: center;\"><strong>Marta Pardo Delgado<br \/>\n<\/strong>de Santa Cruz de Bezana, Cantabria<br \/>\npor &#8220;El valle de las sombras&#8221;<\/p>\n<p style=\"text-align: center;\"><strong>Nuria Fern\u00e1ndez Enr\u00edquez<br \/>\n<\/strong>de Le\u00f3n<br \/>\npor &#8220;21 d\u00edas&#8221;<\/p>\n<p style=\"text-align: center;\"><strong><u>LISTA DE HONOR PLATA (POR ORDEN ALFABETICO)<\/u><\/strong><\/p>\n<p style=\"text-align: center;\"><strong>Elsa Alca\u00f1iz Casas<br \/>\n<\/strong>de Coslada, Madrid<br \/>\npor &#8220;Relatos navide\u00f1os para ni\u00f1os buenos&#8221;<\/p>\n<p style=\"text-align: center;\"><strong>Estela Bescos Garc\u00eda<br \/>\n<\/strong>de Zaragoza<br \/>\npor &#8220;Pieza suelta&#8221;<\/p>\n<p style=\"text-align: center;\"><strong>Lara Su\u00e1rez-Mira Reija<br \/>\n<\/strong>de A Coru\u00f1a<br \/>\npor &#8220;Confidencias en un parque&#8221;<\/p>\n<p style=\"text-align: center;\"><strong>Mar Vendrell Roca<br \/>\n<\/strong>de Barcelona<br \/>\npor &#8220;Pluma de \u00e1ngel&#8221;<\/p>\n<p style=\"text-align: left;\">\u00a0 \u00a0 \u00a0 \u00a0 \u00a0 \u00a0 \u00a0 \u00a0 \u00a0 \u00a0 \u00a0 \u00a0Pese al notable descenso en el n\u00famero de obras presentadas en las \u00faltimas convocatorias, el nivel de las novelas se ha mantenido en los mismos par\u00e1metros de calidad de a\u00f1os anteriores, aunque el jurado haya seleccionado menos textos tanto en la categor\u00eda de Finalistas como en la de la Lista de Honor Plata. Destaca de nuevo la llegada de originales del otro lado del Atl\u00e1ntico, en especial este a\u00f1o de M\u00e9xico, y con la novedad de una novela procedente de Cuba. Enhorabuena a los que han repetido por su constancia, base del \u00e9xito en la carrera de todo futuro escritor o escritora.<\/p>\n<p>La ganadora, Sof\u00eda Nayeli Baz\u00e1n Jim\u00e9nez naci\u00f3 en Alicante el 27 de julio de 2002, pero a los dos meses se fue a vivir a Ciudad de M\u00e9xico, donde permaneci\u00f3 hasta 2019. En M\u00e9xico, su abuela le contaba historias de los emigrantes que hu\u00edan hacia Estados Unidos. Ella misma, de vacaciones en Chiapas, fue testigo del paso de emigrantes centroamericanos, principalmente, en busca de una vida mejor, con el sue\u00f1o de cruzar la frontera norteamericana. De esta forma naci\u00f3 su historia, &#8220;La bestia&#8221;, una novela cargada de humanidad, honesta, cruda pero no morbosa, que plasma la realidad de la emigraci\u00f3n, triste pero tambi\u00e9n llena de esperanza. Una de las principales fuerzas de la narraci\u00f3n es la naturalidad con la que est\u00e1 escrita, sin tintes dram\u00e1ticos forzados ni la menor grandilocuencia, con un lenguaje medido, justo y preciso. &#8220;La bestia&#8221; es el tren en el que viajan los emigrantes, y acaba siendo un personaje m\u00e1s de la historia. En ella, una chica adolescente huye hacia Estados Unidos en un largo viaje de m\u00e1s de 1500 kil\u00f3metros. En ese viaje se cruzar\u00e1 con un chico que pasar\u00e1 a formar parte de su propia vida, convirtiendo as\u00ed la experiencia tambi\u00e9n en un viaje inici\u00e1tico y de maduraci\u00f3n. Sof\u00eda escribi\u00f3 &#8220;La bestia&#8221; en tan s\u00f3lo siete d\u00edas, despu\u00e9s de que su hermana menor, de 14 a\u00f1os, le dijera que la enviara en lugar de otra que ten\u00eda previamente pensada. Estudiante de primero de Bachillerato, Sof\u00eda practica el patinaje art\u00edstico y quiere ser m\u00e9dico&#8230; pero sin olvidar su pasi\u00f3n por la escritura.<\/p>\n<p>Pablo Pineda Vizca\u00edno, segundo clasificado con &#8220;Besos para Salom\u00e9&#8221;, ha escrito una interesante novela en la que cinco j\u00f3venes van a pasar la noche de fin de a\u00f1o a un camping. Los secretos que ocultan se revelar\u00e1n a lo largo de esas horas, apareciendo cosas que ignoraban unos de otros en una intensa espiral que concluye con extraordinarias revelaciones.<\/p>\n<p>Laura Fargueta hace con &#8220;La biblioteca de recuerdos olvidados&#8221; un s\u00f3lido ejercicio narrativo con dos historias temporales, una que sucede en el presente y otra en la posguerra. Los hechos tienen lugar en Lyon, Francia. Dos chicas son las protagonistas y en su desarrollo pasado y presente se mezclan a trav\u00e9s de personajes invisibles que ponen un fascinante punto de misterio al relato.<\/p>\n<p>La \u00faltima finalista es la cubana Roxania Acosta, que desde La Habana escriba un precioso cuento protagonizado por el rey Alfabeto en un mundo en el que sus s\u00fabditos son palabras. Toda la historia est\u00e1 montada en torno a fant\u00e1sticos juegos con ellas.<\/p>\n<p>Como siempre, y me repito a\u00f1o a a\u00f1o, es importante destacar la utilidad de las recomendaciones que se os hacen a trav\u00e9s de la revista literaria de las Fundaciones Jordi Sierra i Fabra, <a href=\"http:\/\/www.lapaginaescrita.com\/\">www.lapaginaescrita.com<\/a>, as\u00ed como de los anexos a las bases que anualmente se cuelgan en las p\u00e1ginas <a href=\"http:\/\/www.sierraifabra.com\/\">www.sierraifabra.com<\/a>y <a href=\"http:\/\/www.fundaciosierraifabra.org\/\">www.fundaciosierraifabra.org<\/a>. S\u00f3lo escribiendo (y leyendo, por supuesto) se aprende a escribir. El hecho de saber hacerlo mejor o peor ha de ir acompa\u00f1ado de la necesaria est\u00e9tica para presentar una novela. No es lo mismo escribir una novela que hacer un correo electr\u00f3nico o un mensaje por m\u00f3vil. Enhorabuena a todos y todas las participantes que han emprendido el camino de aceptar este maravilloso reto: escribir. Y que nadie piense que ha ganado una obra y las dem\u00e1s han perdido porque no es as\u00ed. Una gana, pero las dem\u00e1s compiten. El m\u00e9rito de escribir una novela es vuestro, pero el placer de verla terminada no tiene precio. Ese orgullo no os lo quita nadie.<\/p>\n<p style=\"text-align: left;\">\u00a0 \u00a0 \u00a0 \u00a0 \u00a0 \u00a0 \u00a0 \u00a0 \u00a0 \u00a0 \u00a0La entrega del XV Premio Literario Jordi Sierra i Fabra se realizar\u00e1 en el transcurso de un acto abierto al p\u00fablico en lugar y hora que se anunciar\u00e1 oportunamente, con la presentaci\u00f3n de la novela ganadora ya editada.<\/p>\n<p style=\"text-align: left;\">\u00a0 \u00a0 \u00a0 \u00a0 \u00a0 \u00a0 \u00a0 \u00a0 \u00a0 \u00a0 \u00a0 \u00a0 \u00a0 \u00a0 \u00a0 \u00a0 \u00a0 \u00a0 \u00a0 \u00a0 \u00a0 \u00a0 \u00a0 \u00a0 \u00a0 \u00a0 \u00a0 \u00a0 \u00a0\u00a0<strong>Jordi Sierra i Fabra, 12 de febrero de 2020<\/strong><\/p>\n<p>&nbsp;<\/p>\n<p>&nbsp;<\/p>\n<p><strong>\u00a0<\/strong><\/p>\n<p><strong>\u00a0<\/strong><\/p>\n<p><strong>\u00a0<\/strong><\/p>\n<p><strong>\u00a0<\/strong><\/p>\n<p><strong>\u00a0<\/strong><\/p>\n<p><strong>\u00a0<\/strong><\/p>\n<p><strong>\u00a0<\/strong><\/p>\n<p><strong>\u00a0<\/strong><\/p>\n","protected":false},"excerpt":{"rendered":"<p>ENTREGA DEL XV PREMIO JORDI SIERRA I FABRA PARA J\u00d3VENES 2020 El d\u00eda 24 de septiembre, con cuatro meses de retraso debido a la pandemia del Covid-19, y de manera no presencial, virtual y on line, se procedi\u00f3 por fin a la entrega del galard\u00f3n&hellip; <a class=\"read-more\" href=\"https:\/\/sierraifabra.com\/?page_id=5199&#038;lang=es\">Read more<\/a><\/p>\n","protected":false},"author":101012,"featured_media":0,"parent":592,"menu_order":0,"comment_status":"closed","ping_status":"closed","template":"","meta":{"footnotes":""},"class_list":["post-5199","page","type-page","status-publish","hentry"],"aioseo_notices":[],"_links":{"self":[{"href":"https:\/\/sierraifabra.com\/index.php?rest_route=\/wp\/v2\/pages\/5199","targetHints":{"allow":["GET"]}}],"collection":[{"href":"https:\/\/sierraifabra.com\/index.php?rest_route=\/wp\/v2\/pages"}],"about":[{"href":"https:\/\/sierraifabra.com\/index.php?rest_route=\/wp\/v2\/types\/page"}],"author":[{"embeddable":true,"href":"https:\/\/sierraifabra.com\/index.php?rest_route=\/wp\/v2\/users\/101012"}],"replies":[{"embeddable":true,"href":"https:\/\/sierraifabra.com\/index.php?rest_route=%2Fwp%2Fv2%2Fcomments&post=5199"}],"version-history":[{"count":0,"href":"https:\/\/sierraifabra.com\/index.php?rest_route=\/wp\/v2\/pages\/5199\/revisions"}],"up":[{"embeddable":true,"href":"https:\/\/sierraifabra.com\/index.php?rest_route=\/wp\/v2\/pages\/592"}],"wp:attachment":[{"href":"https:\/\/sierraifabra.com\/index.php?rest_route=%2Fwp%2Fv2%2Fmedia&parent=5199"}],"curies":[{"name":"wp","href":"https:\/\/api.w.org\/{rel}","templated":true}]}}