{"id":5377,"date":"2020-09-25T09:55:42","date_gmt":"2020-09-25T07:55:42","guid":{"rendered":"http:\/\/sierraifabra.com\/?page_id=5377"},"modified":"2023-02-13T12:03:28","modified_gmt":"2023-02-13T11:03:28","slug":"noticias-premio-jordi-sierra-i-fabra-2021","status":"publish","type":"page","link":"https:\/\/sierraifabra.com\/?page_id=5377&lang=es","title":{"rendered":"ENTREGA Y ACTA DEL PREMIO JORDI SIERRA I FABRA 2021"},"content":{"rendered":"<h1 class=\"entry-title\" style=\"text-align: center;\">Entrega del Premio Jordi Sierra i Fabra 2021<br \/>\n<a href=\"http:\/\/sierraifabra.com\/wp-content\/uploads\/2021\/06\/Entrega-del-trofeo.jpg\"><img loading=\"lazy\" decoding=\"async\" class=\"alignnone wp-image-5810\" src=\"http:\/\/sierraifabra.com\/wp-content\/uploads\/2021\/06\/Entrega-del-trofeo-300x256.jpg\" alt=\"\" width=\"188\" height=\"160\" srcset=\"https:\/\/sierraifabra.com\/wp-content\/uploads\/2021\/06\/Entrega-del-trofeo-300x256.jpg 300w, https:\/\/sierraifabra.com\/wp-content\/uploads\/2021\/06\/Entrega-del-trofeo-768x655.jpg 768w, https:\/\/sierraifabra.com\/wp-content\/uploads\/2021\/06\/Entrega-del-trofeo.jpg 941w\" sizes=\"auto, (max-width: 188px) 100vw, 188px\" \/><\/a> \u00a0 <a href=\"http:\/\/sierraifabra.com\/wp-content\/uploads\/2021\/06\/Jordi-Sof\u00eda-y-C\u00e9sar.jpg\"><img loading=\"lazy\" decoding=\"async\" class=\"alignnone wp-image-5811\" src=\"http:\/\/sierraifabra.com\/wp-content\/uploads\/2021\/06\/Jordi-Sof\u00eda-y-C\u00e9sar-300x287.jpg\" alt=\"\" width=\"176\" height=\"168\" srcset=\"https:\/\/sierraifabra.com\/wp-content\/uploads\/2021\/06\/Jordi-Sof\u00eda-y-C\u00e9sar-300x287.jpg 300w, https:\/\/sierraifabra.com\/wp-content\/uploads\/2021\/06\/Jordi-Sof\u00eda-y-C\u00e9sar-768x733.jpg 768w, https:\/\/sierraifabra.com\/wp-content\/uploads\/2021\/06\/Jordi-Sof\u00eda-y-C\u00e9sar-1024x978.jpg 1024w\" sizes=\"auto, (max-width: 176px) 100vw, 176px\" \/><\/a> \u00a0 <a href=\"http:\/\/sierraifabra.com\/wp-content\/uploads\/2021\/06\/C\u00e9sar-y-Jordi.jpg\"><img loading=\"lazy\" decoding=\"async\" class=\"alignnone wp-image-5817\" src=\"http:\/\/sierraifabra.com\/wp-content\/uploads\/2021\/06\/C\u00e9sar-y-Jordi-273x300.jpg\" alt=\"\" width=\"150\" height=\"165\" srcset=\"https:\/\/sierraifabra.com\/wp-content\/uploads\/2021\/06\/C\u00e9sar-y-Jordi-273x300.jpg 273w, https:\/\/sierraifabra.com\/wp-content\/uploads\/2021\/06\/C\u00e9sar-y-Jordi-768x845.jpg 768w, https:\/\/sierraifabra.com\/wp-content\/uploads\/2021\/06\/C\u00e9sar-y-Jordi-931x1024.jpg 931w, https:\/\/sierraifabra.com\/wp-content\/uploads\/2021\/06\/C\u00e9sar-y-Jordi.jpg 947w\" sizes=\"auto, (max-width: 150px) 100vw, 150px\" \/><\/a><\/h1>\n<p>En Totana, en el IES Juan de la Cierva y Codorniu, donde ha cursado sus estudios, C\u00e9sar Carrasco Garc\u00eda recibi\u00f3 de manos de Jordi Sierra i Fabra en el transcurso de una emotiva fiesta, el premio que lleva su nombre y el correspondiente cheque de 2000 euros.\u00a0En esta edici\u00f3n n\u00famero 16, C\u00e9sar se ha convertido en el segundo chico que gana el prestigioso galard\u00f3n, despu\u00e9s de Arturo Padilla, que lo gan\u00f3 justamente en la primera, en 2006. Este a\u00f1o, la novela de C\u00e9sar, &#8220;Los impostores&#8221;, presentada tambi\u00e9n en el acto, se impuso a las obras de 11 pa\u00edses, prueba de la internacionalidad del premio. Hay que destacar la asistencia de la ganadora de 2020, Sof\u00eda Nayeli Baz\u00e1n, que por causa de la pandemia no tuvo su fiesta de gala hace un a\u00f1o y s\u00ed una retransmisi\u00f3n virtual. Como Sof\u00eda es tambi\u00e9n murciana, se pudo reunir a los dos vencedores y tributarles el mejor de los aplausos.\u00a0Para el Premio de 2022, recordar que las bases ya est\u00e1n colgadas en la web de Jordi Sierra i Fabra y en la de la Fundaci\u00f3 Jordi Sierra i Fabra.<\/p>\n<p style=\"text-align: center;\"><strong>LA FUNDACIO JORDI SIERRA I FABRA ANUNCIA:<\/strong><\/p>\n<p style=\"text-align: center;\"><strong>ACTA DE LA CONCESI\u00d3N DEL XVI PREMIO JORDI SIERRA I FABRA PARA J\u00d3VENES 2021<\/strong><\/p>\n<p><strong>\u00a0<\/strong>\u00a0\u00a0\u00a0\u00a0\u00a0\u00a0\u00a0\u00a0 Reunido en la ciudad de Barcelona telem\u00e1ticamente a 15 de febrero de 2021, el jurado del D\u00e9cimo sexto Premio Jordi Sierra i Fabra para J\u00f3venes, integrado por D\u00aa Berta M\u00e1rquez (editora del Grupo Editorial SM), D\u00aa Elena O&#8217;Callaghan (escritora), D\u00aa \u00c1frica V\u00e1zquez (escritora y ganadora del Premio Jordi Sierra i Fabra 2008), D. Pep Dur\u00e1n (librero y representando a la Fundaci\u00f3 JSiF) y D. Arturo Padilla (escritor y primer ganador del Premio Jordi Sierra i Fabra en 2006), se han acordado los siguientes fallos:<\/p>\n<p style=\"text-align: center;\"><strong><u>GANADOR DEL PREMIO JORDI SIERRA I FABRA\u00a0<\/u><\/strong><strong><u>PARA J\u00d3VENES 2021:<\/u><\/strong><\/p>\n<p style=\"text-align: center;\"><strong>C\u00e9sar Carrasco Garc\u00eda<br \/>\n<\/strong><strong>de Totana, Murcia<br \/>\n<\/strong><strong>por &#8220;Los impostores&#8221;<\/strong><\/p>\n<p style=\"text-align: center;\"><strong>\u00a0<\/strong><strong><u>FINALISTAS<\/u><\/strong><\/p>\n<p style=\"text-align: center;\"><strong>\u00a0<\/strong>Primer finalista:<\/p>\n<p style=\"text-align: center;\"><strong>Marta Llad\u00f3s Cruz<br \/>\n<\/strong><strong>de El Masnou, Barcelona<br \/>\n<\/strong><strong>por &#8220;Balas perdidas&#8221;<\/strong><\/p>\n<p style=\"text-align: center;\"><strong>\u00a0<\/strong>Segundo finalista:<\/p>\n<p style=\"text-align: center;\"><strong>Luc\u00eda Feduchy Morales<br \/>\n<\/strong><strong>de Alcobendas, Madrid<br \/>\n<\/strong><strong>por &#8220;Nieve en primavera&#8221;<\/strong><strong>\u00a0<\/strong><\/p>\n<p style=\"text-align: center;\">Tercer finalista:<\/p>\n<p style=\"text-align: center;\"><strong>\u00a0<\/strong><strong>Rosa Mar\u00eda Berrocal Rodriguez<br \/>\n<\/strong><strong>de Fuenlabrada, Madrid<br \/>\n<\/strong><strong>por &#8220;Los tres dones&#8221;<\/strong><strong>\u00a0<\/strong><\/p>\n<p style=\"text-align: center;\">Cuarto finalista:<strong>\u00a0<\/strong><\/p>\n<p style=\"text-align: center;\"><strong>Inmaculada Toscano Zayas<br \/>\n<\/strong><strong>de La Puebla del R\u00edo, Sevilla<br \/>\n<\/strong><strong>por &#8220;Ant\u00edtesis&#8221;<\/strong><strong>\u00a0<\/strong><\/p>\n<p style=\"text-align: center;\">Quinto finalista:<strong>\u00a0<\/strong><\/p>\n<p style=\"text-align: center;\"><strong>Mar\u00eda Snoussi Aroca<br \/>\n<\/strong><strong>de Cuernavaca, M\u00e9xico<br \/>\n<\/strong><strong>por &#8220;Los sue\u00f1os rotos de una chica gris&#8221;<\/strong><\/p>\n<p style=\"text-align: center;\"><strong>\u00a0<\/strong>Sexto finalista (ex aequo, por orden alfab\u00e9tico)<\/p>\n<p style=\"text-align: center;\"><strong>Alba Aitong Serrano Garc\u00eda<br \/>\n<\/strong><strong>de Coslada, Madrid<br \/>\n<\/strong><strong>por &#8220;Dibujar\u00e9 tu sonrisa en el Arco Iris&#8221;<\/strong><\/p>\n<p style=\"text-align: center;\"><strong>Jimena Romero Castro<br \/>\n<\/strong><strong>de Guadalajara<br \/>\n<\/strong><strong>por &#8220;El cuaderno de la verdad&#8221;<\/strong><\/p>\n<p style=\"text-align: center;\"><strong>Luciana Rosal\u00eda Rosso<br \/>\n<\/strong><strong>de Resistencia, Chaco, Rep. Argentina<br \/>\n<\/strong><strong>por &#8220;La nereida del riachuelo&#8221;<\/strong><\/p>\n<p style=\"text-align: center;\"><strong><u>LISTA DE HONOR ORO (POR ORDEN ALFABETICO)<\/u><\/strong><\/p>\n<p style=\"text-align: center;\"><strong>\u00c1lvaro Poncela Garc\u00eda<br \/>\n<\/strong>de Gij\u00f3n<br \/>\npor &#8220;Incongruencias&#8221;<\/p>\n<p style=\"text-align: center;\"><strong>Andrea von Esch Sanju\u00e1n<br \/>\n<\/strong>de Riudecols, Tarragona<br \/>\npor &#8220;El destino de una luz&#8221;<\/p>\n<p style=\"text-align: center;\"><strong>\u00c1ngela Gaviria Piedrahita<br \/>\n<\/strong>de Pereira, Colombia<br \/>\npor &#8220;Cuando este rostro no sea m\u00edo<br \/>\n<strong><br \/>\nCandela Tolosa Colmenero<br \/>\n<\/strong>de Teruel<br \/>\npor &#8220;El bohemio de Par\u00eds&#8221;<\/p>\n<p style=\"text-align: center;\"><strong>Elena Dominguez Pinaderos<\/strong><br \/>\nde Madrid<br \/>\npor &#8220;Cien \u00e1nimas bajo la boya&#8221;<\/p>\n<p style=\"text-align: center;\"><strong>Elsa Santoyo Ramal<br \/>\n<\/strong>de Madrid<br \/>\npor &#8220;Los limites de la magia&#8221;<\/p>\n<p style=\"text-align: center;\"><strong>Joel Moreno Molina<br \/>\n<\/strong>de Andorra la Vella<br \/>\npor &#8220;La muerte de la luna&#8221;<\/p>\n<p style=\"text-align: center;\"><strong>Karen Valeria Mart\u00ednez Escobedo<br \/>\n<\/strong>de Ciudad de M\u00e9xico<br \/>\npor &#8220;Lo que esconde el pasado&#8221;<\/p>\n<p style=\"text-align: center;\"><strong>Laura Fargueta Pelufo<br \/>\n<\/strong>de Alzira, Valencia<br \/>\npor &#8220;La era del colapso&#8221;<\/p>\n<p style=\"text-align: center;\"><strong>Mar\u00eda Garc\u00eda Ramos<br \/>\n<\/strong>de Torrijos, Toledo<br \/>\npor &#8220;Nadie conoce la verdad&#8221;<\/p>\n<p style=\"text-align: center;\"><strong>Miguel Carrillo Garc\u00eda<br \/>\n<\/strong>de Cabra, C\u00f3rdoba<br \/>\npor &#8220;Solo por comerme una manzana&#8221;<\/p>\n<p style=\"text-align: center;\"><strong>Zaira N\u00fa\u00f1ez Zamora<br \/>\n<\/strong>de Minglanilla, Cuenca<br \/>\npor &#8220;El juego del apag\u00f3n&#8221;<\/p>\n<p style=\"text-align: center;\"><strong><u>LISTA DE HONOR PLATA (POR ORDEN ALFABETICO)<\/u><\/strong><\/p>\n<p style=\"text-align: center;\"><strong>Beatriz D\u00edaz L\u00f3pez<br \/>\n<\/strong>de Covas-Viveiro, Lugo<br \/>\npor &#8220;Los siete portales&#8221;<\/p>\n<p style=\"text-align: center;\"><strong>Beatriz S\u00e1nchez del R\u00edo<br \/>\n<\/strong>de Segovia<br \/>\npor &#8220;Nuestras historias&#8221;<\/p>\n<p style=\"text-align: center;\"><strong>Camila Ignacia Mu\u00f1oz Gigoux<br \/>\n<\/strong>de Las Condes, Santiago de Chile, Chile<br \/>\npor &#8220;Guardianes del equilibrio&#8221;<\/p>\n<p style=\"text-align: center;\"><strong>Cristina Mula Moreno<br \/>\n<\/strong>de Vilanova i la Geltr\u00fa, Barcelona<br \/>\npor &#8220;Est\u00e1s triste&#8221;<\/p>\n<p style=\"text-align: center;\"><strong>Ekaterina Carlos Gersten<br \/>\n<\/strong>de Estados Unidos<br \/>\npor &#8220;Adi\u00f3s, c\u00e1ncer&#8221;<\/p>\n<p style=\"text-align: center;\"><strong>Eva S\u00e1nchez Pascual<br \/>\n<\/strong>de Madrid<br \/>\npor &#8220;Los tres ojos&#8221;<\/p>\n<p style=\"text-align: center;\"><strong>Helena del Campo Reina<br \/>\n<\/strong>de Pizarra, M\u00e1laga<br \/>\npor &#8220;Despertar&#8221;<\/p>\n<p style=\"text-align: center;\"><strong>Luc\u00eda D\u00edaz Redondo<br \/>\n<\/strong>de Puertollano, Ciudad Real<br \/>\npor &#8220;El juego de las sombras&#8221;<\/p>\n<p style=\"text-align: center;\"><strong>Marcos Mu\u00f1oz Sancho<br \/>\n<\/strong>de Zaragoza<br \/>\npor &#8220;Malas ideas&#8221;<\/p>\n<p style=\"text-align: left;\">\u00a0 \u00a0 \u00a0 \u00a0 \u00a0 Este a\u00f1o, el incremento de originales que han optado al premio, superior a los dos \u00faltimos a\u00f1os aunque lejos del record de 111 de 2013, denota que el relevo generacional est\u00e1 servido y que una nueva hornada de aspirantes a escritores\/as est\u00e1 en marcha. De ello nos alegramos todos. De los 62 textos recibidos, 45 llegaron de Espa\u00f1a, 4 de M\u00e9xico, 3 de Per\u00fa, 3 de Argentina, y uno de Portugal, Estados Unidos, Rep\u00fablica Dominicana, Venezuela, Chile, Colombia y Andorra. El porcentaje ha sido de 47 chicas y 15 chicos, similar al de todas las convocatorias anteriores en cuanto a proporci\u00f3n. Por g\u00e9neros, 34 novelas eran de tem\u00e1tica realista, 18 de fantas\u00eda, 5 de ciencia ficci\u00f3n y 5 compilaciones de cuentos. Algunas apreciaciones a destacar sobre los originales son estas: el nivel medio ha subido y la ortograf\u00eda ha estado m\u00e1s cuidada (para algo est\u00e1n los correctores de los programas de texto en los ordenadores); los temas han sido m\u00e1s originales incluso en el g\u00e9nero de fantas\u00eda; las novelas de ciencia ficci\u00f3n muestran un gran af\u00e1n por salvar al mundo que estamos destruyendo, lo cual indica buena conciencia social; en el g\u00e9nero policiaco destacan las tramas muy bien hilvanadas; han aumentado los temas relativos al colectivo LGTB, siempre asociados a incomprensi\u00f3n y acoso; en los temas de fantas\u00eda, aunque siguen ganando por mayor\u00eda las brujas y los magos, hay un gran inter\u00e9s por las hadas; se ha notado mucho la influencia de algunas series de televisi\u00f3n; varios libros incluyen la problem\u00e1tica de las enfermedades o la superaci\u00f3n por la muerte de un amigo; un detalle curioso es la presencia de las madres en muchas historias, estando m\u00e1s y mejor consideradas que en otras novelas de anteriores convocatorias del premio, y las que sufren problemas (depresi\u00f3n, alcohol, drogas o mala vida) han sido salvadas al final por sus hijos. Entre lo negativo, la obsesi\u00f3n de personalizar mucho la historia, cuando a\u00fan no se ha vivido lo suficiente, y la de emitir opiniones muy personales sin justificar. Tambi\u00e9n el hecho de que en los relatos hist\u00f3ricos la documentaci\u00f3n no est\u00e9 a la altura, ni contrastada, y haya errores muy llamativos. Wikipedia no es la mejor herramienta, est\u00e1 plagada de fallos.<\/p>\n<p>\u00a0 \u00a0 \u00a0 \u00a0 \u00a0 El ganador, C\u00e9sar Carrasco Garc\u00eda, naci\u00f3 el 10 de diciembre de 2003 en Totana, Murcia, donde sigue viviendo. Tiene un hermano m\u00e1s peque\u00f1o y estudia segundo de bachillerato en Humanidades. Quiere ser profesor de lengua y seguir escribiendo, aunque confiesa que uno de sus sue\u00f1os, despu\u00e9s de publicar su primer libro ahora, es hacer un buen gui\u00f3n de cine. Escribi\u00f3 la novela en la parte m\u00e1s dura del confinamiento de 2020, antes de verano, y estaba escribiendo la pr\u00f3xima para presentarla al premio de 2021 lleno de moral por si no ganaba este a\u00f1o. Por supuesto le he dicho que la escriba igual, como a todos. Solo escribiendo se aprende a escribir. &#8220;Los impostores&#8221; se le ocurri\u00f3 viendo una serie en la que una madre envenena a su hija y con influencias de Stephen King tomando como referencia &#8220;El resplandor&#8221;.<\/p>\n<p>&#8220;Los impostores&#8221; cuenta la historia de dos hermanos que se pierden en un bosque de alg\u00fan lugar remoto de Estados Unidos y son recogidos por un hombre que los lleva a su casa. All\u00ed se encuentran con el hijo del matrimonio, un chico muy extra\u00f1o, que cree que sus padres son unos impostores. La novela se convierte as\u00ed en una impactante historia de terror que el jurado ha calificado de &#8220;arriesgada, capaz de atrapar desde el comienzo, con un final inesperado y con una narrativa sugerente que interpela de manera constante al lector llen\u00e1ndolo de dudas y preguntas hasta la \u00faltima p\u00e1gina&#8221;.<\/p>\n<p>&#8220;Balas perdidas&#8221;, finalista y por tanto segunda clasificada, ha sido escrita por Marta Llad\u00f3s Cruz, de El Masnou, Barcelona, que el a\u00f1o pasado qued\u00f3 clasificada en la Lista de Honor Oro. Cuenta la historia de una enfermera francesa en una ciudad ocupada por los alemanes durante la Segunda Guerra Mundial. Se ve obligada a ayudar a un cirujano alem\u00e1n para tratar de saber si su hermano vive. Se trata de una historia de amor, muy bien ambientada, realista, y con un narrador muy potente que crea una tensi\u00f3n narrativa que atrapa al lector y le sumerge en la historia.<\/p>\n<p>La tercera clasificada y por tanto figurante del podio en esta edici\u00f3n, ha sido &#8220;Nieve en primavera&#8221;, escrita por Luc\u00eda Feduchy Morales, de Alcobendas, Madrid. Cuenta la relaci\u00f3n de un grupo de chicos y chicas, adolescentes, inmersos en sus problemas de autoestima, malas relaciones con los padres, falta de comunicaci\u00f3n, aislamiento, y de qu\u00e9 manera la aparici\u00f3n de un personaje ajeno a todo les cambia la vida. Una novela que mantiene el misterio hasta el final.<\/p>\n<p>Inmaculada Toscano Zayas, tambi\u00e9n qued\u00f3 clasificada en la Lista de Honor Oro en la convocatoria de 2020.<\/p>\n<p>Como siempre, y me repito a\u00f1o a a\u00f1o es importante destacar la utilidad de las recomendaciones que se os hacen a trav\u00e9s de la revista literaria de las Fundaciones Jordi Sierra i Fabra, <a href=\"http:\/\/www.lapaginaescrita.com\">www.lapaginaescrita.com<\/a>, as\u00ed como de los anexos a las bases que anualmente se cuelgan en las p\u00e1ginas <a href=\"http:\/\/www.sierraifabra.com\">www.sierraifabra.com<\/a> y <a href=\"http:\/\/www.fundaciosierraifabra.org\">www.fundaciosierraifabra.org<\/a>. S\u00f3lo escribiendo (y leyendo, por supuesto) se aprende a escribir. El hecho de saber hacerlo mejor o peor ha de ir acompa\u00f1ado de la necesaria est\u00e9tica para presentar una novela. No es lo mismo escribir una novela que hacer un correo electr\u00f3nico o un mensaje por m\u00f3vil. Enhorabuena a todos y todas las participantes que han emprendido el camino de aceptar este maravilloso reto: escribir. Y que nadie piense que ha ganado una obra y las dem\u00e1s han perdido porque no es as\u00ed. Una gana, pero las dem\u00e1s compiten. El m\u00e9rito de escribir una novela es vuestro, pero el placer de verla terminada no tiene precio. Ese orgullo no os lo quita nadie.<\/p>\n<p>La entrega del XVI Premio Literario Jordi Sierra i Fabra, dependiendo de la maldita pandemia como ya sucedi\u00f3 el a\u00f1o pasado, se realizar\u00e1 en el transcurso de un acto abierto al p\u00fablico en lugar y hora que se anunciar\u00e1 oportunamente, con la presentaci\u00f3n de la novela ganadora ya editada.<\/p>\n<p><strong>Jordi Sierra i Fabra, 15 de febrero de 2021<\/strong><\/p>\n","protected":false},"excerpt":{"rendered":"<p>Entrega del Premio Jordi Sierra i Fabra 2021 \u00a0 \u00a0 En Totana, en el IES Juan de la Cierva y Codorniu, donde ha cursado sus estudios, C\u00e9sar Carrasco Garc\u00eda recibi\u00f3 de manos de Jordi Sierra i Fabra en el transcurso de una emotiva fiesta, el&hellip; <a class=\"read-more\" href=\"https:\/\/sierraifabra.com\/?page_id=5377&#038;lang=es\">Read more<\/a><\/p>\n","protected":false},"author":101012,"featured_media":0,"parent":592,"menu_order":0,"comment_status":"closed","ping_status":"closed","template":"","meta":{"footnotes":""},"class_list":["post-5377","page","type-page","status-publish","hentry"],"aioseo_notices":[],"_links":{"self":[{"href":"https:\/\/sierraifabra.com\/index.php?rest_route=\/wp\/v2\/pages\/5377","targetHints":{"allow":["GET"]}}],"collection":[{"href":"https:\/\/sierraifabra.com\/index.php?rest_route=\/wp\/v2\/pages"}],"about":[{"href":"https:\/\/sierraifabra.com\/index.php?rest_route=\/wp\/v2\/types\/page"}],"author":[{"embeddable":true,"href":"https:\/\/sierraifabra.com\/index.php?rest_route=\/wp\/v2\/users\/101012"}],"replies":[{"embeddable":true,"href":"https:\/\/sierraifabra.com\/index.php?rest_route=%2Fwp%2Fv2%2Fcomments&post=5377"}],"version-history":[{"count":0,"href":"https:\/\/sierraifabra.com\/index.php?rest_route=\/wp\/v2\/pages\/5377\/revisions"}],"up":[{"embeddable":true,"href":"https:\/\/sierraifabra.com\/index.php?rest_route=\/wp\/v2\/pages\/592"}],"wp:attachment":[{"href":"https:\/\/sierraifabra.com\/index.php?rest_route=%2Fwp%2Fv2%2Fmedia&parent=5377"}],"curies":[{"name":"wp","href":"https:\/\/api.w.org\/{rel}","templated":true}]}}