{"id":592,"date":"2015-08-05T16:53:32","date_gmt":"2015-08-05T16:53:32","guid":{"rendered":"http:\/\/thewalrushub.com\/jordi\/?page_id=592"},"modified":"2026-03-25T16:36:51","modified_gmt":"2026-03-25T15:36:51","slug":"fundacio-jordi-sierra-i-fabra","status":"publish","type":"page","link":"https:\/\/sierraifabra.com\/?page_id=592&lang=es","title":{"rendered":"Premio Jordi Sierra i Fabra"},"content":{"rendered":"<p><img loading=\"lazy\" decoding=\"async\" class=\"aligncenter wp-image-3960 size-medium\" src=\"http:\/\/sierraifabra.com\/wp-content\/uploads\/2015\/08\/logo-premio-jsif_web-300x264.jpg\" width=\"300\" height=\"264\" srcset=\"https:\/\/sierraifabra.com\/wp-content\/uploads\/2015\/08\/logo-premio-jsif_web-300x264.jpg 300w, https:\/\/sierraifabra.com\/wp-content\/uploads\/2015\/08\/logo-premio-jsif_web.jpg 335w\" sizes=\"auto, (max-width: 300px) 100vw, 300px\" \/><\/p>\n<h1><strong>Premio Literario Jordi Sierra i Fabra Para J\u00f3venes<\/strong><\/h1>\n<p class=\"entry-title\"><strong> La <a href=\"http:\/\/fundaciosierraifabra.org\/\" target=\"_blank\" rel=\"noopener\">Fundaci\u00f3 Jordi Sierra i Fabra<\/a>, en colaboraci\u00f3n con el <a href=\"http:\/\/www.grupo-sm.com\/\" target=\"_blank\" rel=\"noopener\">Grupo SM<\/a><\/strong>, ambos con implantaci\u00f3n en Espa\u00f1a y Latinoam\u00e9rica, convocan anualmente el <strong>Premio Literario Jordi Sierra i Fabra Para J\u00f3venes<\/strong> con el objeto de estimular en los estudiantes espa\u00f1oles y latinoamericanos el placer por la creaci\u00f3n literaria y el amor por la palabra escrita, a trav\u00e9s de obras que reflejen valores universales de paz, amor, concordia y respeto, con los que contribuir a crear un mundo mejor, lleno de esperanza, en el que los libros tengan un papel esencial y crezcan de forma constante nuevas generaciones de autores.<\/p>\n<hr \/>\n<p>&nbsp;<\/p>\n<h4><strong><a title=\"ACTA DE CONCESI\u00d3N DEL PREMIO JORDI SIERRA I FABRA 2024\" href=\"\/?page_id=7314&amp;lang=es\">ACTA DEL PREMIO JORDI SIERRA I FABRA 2026<\/a><br \/>\n<\/strong><strong style=\"color: #161616;\">Acta de concesi\u00f3n del XXI Premio Jordi Sierra i Fabra 2026<\/strong><\/h4>\n<h5><\/h5>\n<blockquote><p><a title=\"\" href=\"\/?page_id=596&amp;lang=es\"><strong>BASES DEL XXII PREMIO JORDI SIERRA I FABRA DE LITERATURA PARA J\u00d3VENES<br \/>\n(Convocatoria para 2027)<\/strong><\/a><br \/>\nLa Fundaci\u00f3 Jordi Sierra i Fabra, en colaboraci\u00f3n con el Grupo SM, ambos con implantaci\u00f3n en Espa\u00f1a y Latinoam\u00e9rica, convoca el Premio Literario Jordi Sierra i Fabra 2027&#8230;<\/p><\/blockquote>\n<p>&nbsp;<\/p>\n<p><strong><a title=\"ACTA DE CONCESI\u00d3N DEL PREMIO JORDI SIERRA I FABRA 2024\" href=\"\/?page_id=6890&amp;lang=es\">ENTREGA Y ACTA DEL PREMIO JORDI SIERRA I FABRA 2025<\/a><br \/>\n<\/strong>Acta de concesi\u00f3n del XX Premio Jordi Sierra i Fabra 2025 y fotos de la entrega.<\/p>\n<p><strong><a title=\"ACTA DE CONCESI\u00d3N DEL PREMIO JORDI SIERRA I FABRA 2023\" href=\"\/?page_id=6568&amp;lang=es\">ENTREGA Y ACTA DEL PREMIO JORDI SIERRA I FABRA 2024<\/a><br \/>\n<\/strong>Acta de concesi\u00f3n del XIX Premio Jordi Sierra i Fabra 2024 y fotos de la entrega.<\/p>\n<p><strong><a title=\"ACTA DE CONCESI\u00d3N DEL PREMIO JORDI SIERRA I FABRA 2023\" href=\"\/?page_id=6237&amp;lang=es\">ENTREGA Y ACTA DEL PREMIO JORDI SIERRA I FABRA 2023<\/a><br \/>\n<\/strong>Acta de concesi\u00f3n del XVIII Premio Jordi Sierra i Fabra 2023 y fotos de la entrega.<\/p>\n<p><strong><a title=\"ACTA DE CONCESI\u00d3N DEL PREMIO JORDI SIERRA I FABRA 2022\" href=\"?page_id=5947&amp;lang=es\">ENTREGA Y ACTA DEL PREMIO JORDI SIERRA I FABRA 2022<\/a><br \/>\n<\/strong>Acta de concesi\u00f3n del XVII Premio Jordi Sierra i Fabra 2022 y fotos de la entrega.<\/p>\n<p><strong><a title=\"ACTA DE CONCESI\u00d3N DEL PREMIO JORDI SIERRA I FABRA 2021\" href=\"\/?page_id=5377&amp;lang=es\">ENTREGA Y ACTA DEL PREMIO JORDI SIERRA I FABRA 2021<\/a><br \/>\n<\/strong>Acta de concesi\u00f3n del XVI Premio Jordi Sierra i Fabra 2021 y fotos de la entrega.<\/p>\n<p><strong><a title=\"ACTA DE CONCESI\u00d3N DEL PREMIO JORDI SIERRA I FABRA 2020\" href=\"\/?page_id=5199&amp;lang=es\">ENTREGA Y ACTA DEL PREMIO JORDI SIERRA I FABRA 2020<\/a><\/strong><a href=\"http:\/\/sierraifabra.com\/?page_id=4237\"><br \/>\n<\/a>Acta de concesi\u00f3n del XV Premio Jordi Sierra i Fabra 2020 y fotos de la entrega.<\/p>\n<p><a title=\"ACTA DE CONCESI\u00d3N DEL PREMIO JORDI SIERRA I FABRA 2019\" href=\"\/?page_id=4780&amp;lang=es\"><strong>ENTREGA Y ACTA DEL PREMIO JORDI SIERRA I FABRA 2019<\/strong><\/a><br \/>\nActa de concesi\u00f3n del XIV Premio Jordi Sierra i Fabra 2019 y fotos de la entrega.<\/p>\n<p><a title=\"ACTA DE CONCESI\u00d3N DEL PREMIO JORDI SIERRA I FABRA 2018\" href=\"\/?page_id=4377&amp;lang=es\"><strong>ENTREGA Y ACTA DEL PREMIO JORDI SIERRA I FABRA 2018<\/strong><\/a><br \/>\nActa de concesi\u00f3n del XIII Premio Jordi Sierra i Fabra 2018 y fotos de la entrega.<\/p>\n<p><a title=\"ACTA DE CONCESI\u00d3N DEL PREMIO JORDI SIERRA I FABRA 2017\" href=\"\/?page_id=2407&amp;lang=es\"><strong>ENTREGA Y ACTA DEL PREMIO JORDI SIERRA I FABRA 2017<\/strong><\/a><br \/>\nActa de concesi\u00f3n del XII Premio Jordi Sierra i Fabra 2017 y fotos de la entrega.<\/p>\n<p><strong><a title=\"ACTA DE CONCESI\u00d3N DEL PREMIO JORDI SIERRA I FABRA 2016\" href=\"\/?page_id=602\">ENTREGA Y ACTA DEL PREMIO JORDI SIERRA I FABRA 2016<\/a><\/strong><br \/>\nActa de concesi\u00f3n del XI Premio Jordi Sierra i Fabra 2016 y fotos de la entrega.<\/p>\n<p><strong><a title=\"ACTA DE CONCESI\u00d3N DEL PREMIO JORDI SIERRA I FABRA 2015\" href=\"\/?page_id=600\">ENTREGA Y ACTA DEL PREMIO JORDI SIERRA I FABRA 2015<\/a><\/strong><br \/>\nActa de concesi\u00f3n del X Premio Jordi Sierra i Fabra 2015 y fotos de la entrega.<\/p>\n<p><a title=\"ACTA DE CONCESI\u00d3N DEL PREMIO JORDI SIERRA I FABRA 2014\" href=\"\/?page_id=606\"><strong>ENTREGA Y ACTA DEL PREMIO JORDI SIERRA I FABRA 2014<\/strong><\/a><br \/>\nActa de concesi\u00f3n del IX Premio Jordi Sierra i Fabra 2014 y fotos de la entrega.<\/p>\n<p><strong><a title=\"ACTA DE CONCESI\u00d3N DEL PREMIO JORDI SIERRA I FABRA 2013\" href=\"\/?page_id=610\">ENTREGA Y ACTA DEL PREMIO JORDI SIERRA I FABRA 2013<\/a><\/strong><br \/>\nActa de concesi\u00f3n del VIII Premio Jordi Sierra i Fabra 2013 y fotos de la entrega.<\/p>\n<p><a title=\"ACTA DE CONCESI\u00d3N DEL PREMIO JORDI SIERRA I FABRA 2012\" href=\"\/?page_id=616\"><strong>ENTREGA Y ACTA DEL PREMIO JORDI SIERRA I FABRA 2012<\/strong><\/a><br \/>\nActa de concesi\u00f3n del VII Premio Jordi Sierra i Fabra 2012 y fotos de la entrega.<\/p>\n<p><strong><a title=\"ACTA DE CONCESI\u00d3N DEL PREMIO JORDI SIERRA I FABRA 2006-2011\" href=\"\/?page_id=614\">ENTREGAS Y ACTAS PREMIOS JORDI SIERRA I FABRA 2006-2011<br \/>\n<\/a><\/strong>Relaci\u00f3n de Actas y entregas de a\u00f1os anteriores.<\/p>\n<p><a title=\"LIBROS PREMIADOS EDITADOS\" href=\"\/?page_id=618\"><strong>LIBROS PREMIADOS EDITADOS<\/strong><\/a><br \/>\nRelaci\u00f3n de novelas ganadoras publicadas.<\/p>\n","protected":false},"excerpt":{"rendered":"<p>Premio Literario Jordi Sierra i Fabra Para J\u00f3venes La Fundaci\u00f3 Jordi Sierra i Fabra, en colaboraci\u00f3n con el Grupo SM, ambos con implantaci\u00f3n en Espa\u00f1a y Latinoam\u00e9rica, convocan anualmente el Premio Literario Jordi Sierra i Fabra Para J\u00f3venes con el objeto de estimular en los&hellip; <a class=\"read-more\" href=\"https:\/\/sierraifabra.com\/?page_id=592&#038;lang=es\">Read more<\/a><\/p>\n","protected":false},"author":101012,"featured_media":0,"parent":0,"menu_order":0,"comment_status":"closed","ping_status":"closed","template":"","meta":{"footnotes":""},"class_list":["post-592","page","type-page","status-publish","hentry"],"aioseo_notices":[],"_links":{"self":[{"href":"https:\/\/sierraifabra.com\/index.php?rest_route=\/wp\/v2\/pages\/592","targetHints":{"allow":["GET"]}}],"collection":[{"href":"https:\/\/sierraifabra.com\/index.php?rest_route=\/wp\/v2\/pages"}],"about":[{"href":"https:\/\/sierraifabra.com\/index.php?rest_route=\/wp\/v2\/types\/page"}],"author":[{"embeddable":true,"href":"https:\/\/sierraifabra.com\/index.php?rest_route=\/wp\/v2\/users\/101012"}],"replies":[{"embeddable":true,"href":"https:\/\/sierraifabra.com\/index.php?rest_route=%2Fwp%2Fv2%2Fcomments&post=592"}],"version-history":[{"count":1,"href":"https:\/\/sierraifabra.com\/index.php?rest_route=\/wp\/v2\/pages\/592\/revisions"}],"predecessor-version":[{"id":7400,"href":"https:\/\/sierraifabra.com\/index.php?rest_route=\/wp\/v2\/pages\/592\/revisions\/7400"}],"wp:attachment":[{"href":"https:\/\/sierraifabra.com\/index.php?rest_route=%2Fwp%2Fv2%2Fmedia&parent=592"}],"curies":[{"name":"wp","href":"https:\/\/api.w.org\/{rel}","templated":true}]}}