{"id":610,"date":"2015-08-05T17:03:03","date_gmt":"2015-08-05T17:03:03","guid":{"rendered":"http:\/\/thewalrushub.com\/jordi\/?page_id=610"},"modified":"2017-02-02T17:07:31","modified_gmt":"2017-02-02T16:07:31","slug":"entrega-y-acta-del-premio-jordi-sierra-i-fabra-2013","status":"publish","type":"page","link":"https:\/\/sierraifabra.com\/?page_id=610&lang=es","title":{"rendered":"ENTREGA Y ACTA DEL PREMIO JORDI SIERRA I FABRA 2013"},"content":{"rendered":"<p><strong>ENTREGA DEL PREMIO JORDI SIERRA I FABRA 2013<\/strong><\/p>\n<p>El d\u00eda 9 de abril, en la Real Casa de Correos de Madrid,\u00a0 se entreg\u00f3 el VIII Premio de Literatura Jordi Sierra i Fabra para J\u00f3venes a la ganadora del concurso, Andrea Abello Collados, de 16 a\u00f1os y nacida en Mieres, Asturias. Una vez m\u00e1s, la ceremonia la ofici\u00f3 la princesa de Asturias, do\u00f1a Letizia, que posteriormente departi\u00f3 con ella y con Jordi en la fiesta que sigui\u00f3 al evento. En su alocuci\u00f3n a los presentes Andrea gradeci\u00f3, lo mismo que hab\u00edan hecho los vencedores de las siete primeras ediciones, a la Fundaci\u00f3 Jordi Sierra i Fabra la ayuda que presta con su concurso para que los j\u00f3venes se atrevan a escribir, y despu\u00e9s conoci\u00f3 a un buen n\u00famero de autores asistentes a la fiesta. Por la tarde, Andrea y Jordi se tomaron las fotos de rigor y hablaron m\u00e1s de dos horas sobre sus inquietudes. En el transcurso de su conversaci\u00f3n, la vencedora del premio reconoci\u00f3 que era la primera novela que terminaba, y que no lo habr\u00eda hecho sin el acicate del premio. Otro momento emotivo fue la reuni\u00f3n, en la Puerta del Sol, antes de la entrada en el recinto, de un buen n\u00famero de fans y amigos hechos a trav\u00e9s de Internet y los foros en los que participan tanto Jordi como ellos.<\/p>\n<p>Instante en el que se anunci\u00f3 el veredicto del jurado, con el logotipo de la Fundaci\u00f3 en la pantalla de la sala de actos.<\/p>\n<p>Andrea en un momento de su discurso ante la princesa Letizia y las autoridades presentes en el estrado.<\/p>\n<p>Jara, Andrea, Jordi, Arlet y Alba, en un momento de la gala.<\/p>\n<p>&nbsp;<\/p>\n<p><strong>ACTA DE LA CONCESI\u00d3N DEL VIII PREMIO INTERNACIONAL JORDI SIERRA I FABRA PARA J\u00d3VENES 2013<\/strong><\/p>\n<p><strong>\u00a0<\/strong>Reunido en la ciudad de Barcelona a 18 de febrero de 2013, el jurado del Octavo Premio Jordi Sierra i Fabra para J\u00f3venes, integrado por D\u00aa Victoria Fern\u00e1ndez, D\u00aa Elsa Aguiar, D\u00aa Elena O&#8217;Callaghan, D\u00aa Hortensia Gal\u00ed y D. Pep Dur\u00e1n, actuando como secretario sin voz ni voto D. Jordi Sierra i Fabra, se han acordado los siguientes fallos:<\/p>\n<p style=\"text-align: center;\"><strong>GANADOR DEL PREMIO JORDI SIERRA I FABRA PARA J\u00d3VENES 2013:<\/strong><\/p>\n<p style=\"text-align: center;\"><strong>\u00a0Andr\u00e9a Abello Collados, de Mieres, Asturias, por \u201cFundido a blanco\u201d<\/strong><\/p>\n<p style=\"text-align: center;\"><strong>\u00a0FINALISTAS<\/strong><\/p>\n<p style=\"text-align: center;\"><strong>\u00a0<\/strong>Primer finalista:<\/p>\n<p style=\"text-align: center;\"><strong>Julio M\u00e1rmol Andr\u00e9s, de Sevilla, por \u201cD\u00e9jalo estar\u201d<\/strong><\/p>\n<p style=\"text-align: center;\"><strong>\u00a0<\/strong>Segundo finalista:<\/p>\n<p style=\"text-align: center;\"><strong>Andrea Alfaro Garc\u00eda, de Albacete, por \u201c2168\u201d<\/strong><\/p>\n<p style=\"text-align: center;\"><strong>\u00a0<\/strong>Tercer finalista:<\/p>\n<p style=\"text-align: center;\"><strong>Daniel Mor\u00f3n Gonzalo, de Caba\u00f1as de Ebro, Zaragoza, por \u201cLa larga sombra de la svastica\u201d<\/strong><\/p>\n<p style=\"text-align: center;\"><strong>\u00a0<\/strong>Cuarto finalista:<\/p>\n<p style=\"text-align: center;\"><strong>Mar\u00eda Ortega Camacho, de Talavera de la Reina, Toledo, por \u201cCerezo en flor\u201d<\/strong><\/p>\n<p style=\"text-align: center;\"><strong>\u00a0<\/strong>Quinto finalista:<\/p>\n<p style=\"text-align: center;\"><strong>\u00a0Francisco Garc\u00eda Jim\u00e9nez, de Torreag\u00fcera, Murcia, por \u201cLas sombras de Bah\u00eda Plata\u201d<\/strong><\/p>\n<p style=\"text-align: center;\"><strong>\u00a0<\/strong>Sexto finalista:<\/p>\n<p style=\"text-align: center;\"><strong>\u00a0Macarena Moreno Gonz\u00e1lez-P\u00e1ramo, de Madrid, por \u201cEntrop\u00eda\u201d<\/strong><\/p>\n<p style=\"text-align: center;\"><strong>\u00a0<\/strong>S\u00e9ptimo finalista (ex-aequo, por orden alfab\u00e9tico):<\/p>\n<p style=\"text-align: center;\"><strong>Alexander Mart\u00edn Tabasco, de El Hoyo de Pinares, \u00c1vila, por &#8220;Aquellos d\u00edas de invierno\u201d<\/strong><\/p>\n<p style=\"text-align: center;\"><strong>\u00a0\u00c1lvaro Alc\u00e1zar Sarrias, de Zaneta, Murcia, por &#8220;La llamada de la medianoche\u201d<\/strong><\/p>\n<p style=\"text-align: center;\"><strong>\u00a0Andrea Tom\u00e9 Y\u00e1\u00f1ez, de El Ferrol, A Coru\u00f1a, por \u201cSuave como la muerte\u201d<\/strong><\/p>\n<p style=\"text-align: center;\"><strong>\u00a0Cristina Zapatero Florez, de Palencia, por &#8220;Nueve de noviembre\u201d<\/strong><\/p>\n<p style=\"text-align: center;\"><strong>\u00a0Raquel Buis\u00e1n Fern\u00e1ndez, de Sevilla, por &#8220;Una canci\u00f3n sin fin\u201d<\/strong><\/p>\n<p>&nbsp;<\/p>\n<p style=\"text-align: center;\"><strong>LISTA DE HONOR ORO (POR ORDEN ALFABETICO)<\/strong><\/p>\n<p style=\"text-align: center;\"><strong>Alicia Pinto P\u00e9rez<\/strong>, de Sevilla, por \u201cAntes de que sea ayer\u201d<\/p>\n<p style=\"text-align: center;\"><strong>Clara Cort\u00e9s Mart\u00edn<\/strong>, de Colmenar Viejo, Madrid, por \u201cTemblaba\u201d<\/p>\n<p style=\"text-align: center;\"><strong>Daniel Montes Bautista<\/strong>, de Santa Coloma de Gramanet, Barcelona, por \u201cEl viejo solitario\u201d<\/p>\n<p style=\"text-align: center;\"><strong>Elena Dur\u00e1n Ferrero<\/strong>, de Girona, por \u201cCartas de paz\u201d<\/p>\n<p style=\"text-align: center;\"><strong>Irene Prieto Moreno<\/strong>, de Badajoz, por Los hijos de la oscuridad\u201d<\/p>\n<p style=\"text-align: center;\"><strong>Laura Alonso Ameyugo<\/strong>, de Santurzi, Bizcaia, por \u201cEl precio de un sue\u00f1o\u201d<\/p>\n<p style=\"text-align: center;\"><strong>Mar Collado Ram\u00edrez<\/strong>, de Valencia, por \u201cTiempo de lucha\u201d<\/p>\n<p style=\"text-align: center;\"><strong>Mar\u00eda Alonso Col\u00f3n<\/strong>, de Madrid, por \u201cEl sue\u00f1o de Prometeo\u201d<\/p>\n<p style=\"text-align: center;\"><strong>Mar\u00eda Andreo Castells<\/strong>, de Torrent, Valencia, por \u201cLanvelius. El despertar del mar\u201d<\/p>\n<p style=\"text-align: center;\"><strong>Maria M\u00f3ra Torres<\/strong>, de Sant Lloren\u00e7, Eivissa, Baleares, por \u201cHigh for this\u201d<\/p>\n<p style=\"text-align: center;\"><strong>Rosario Quevedo de Cea<\/strong>, de Madrid, por \u201cValor y anclas\u201d<\/p>\n<p style=\"text-align: center;\"><strong>Ver\u00f3nica Barahona Esteban<\/strong>, de Madrid, por \u201cFuturo incierto\u201d<\/p>\n<p>&nbsp;<\/p>\n<p style=\"text-align: center;\"><strong>LISTA DE HONOR PLATA (POR ORDEN ALFABETICO)<\/strong><\/p>\n<p style=\"text-align: center;\"><strong>Adri\u00e1n Trujillo Marrero<\/strong>, de Fasnia, Tenerife, por \u201cImaginar\u201d<\/p>\n<p style=\"text-align: center;\"><strong>Alberto Ferrera Lagoa<\/strong>, de Olivenza, Badajoz, por \u201cOcurri\u00f3 en Salem\u201d<\/p>\n<p style=\"text-align: center;\"><strong>Ana A\u00f1\u00f3 Ayza<\/strong>, de Benicarl\u00f3, Castell\u00f3n, por \u201cSilencio en Venecia\u201d<\/p>\n<p style=\"text-align: center;\"><strong>Ana Nevina Esono S\u00e1ez<\/strong>, de Alcorc\u00f3n, Madrid, por \u201cL\u00e1grimas del pasado\u201d<\/p>\n<p style=\"text-align: center;\"><strong>Ana Zamora C\u00e1novas<\/strong>, de Aljucer, Murcia, por \u201cLos poderes sagrados\u201d<\/p>\n<p style=\"text-align: center;\"><strong>Cristina L\u00f3pez-Perea Villaca\u00f1as<\/strong>, de Madrid, por \u201cTeatro de sombras\u201d<\/p>\n<p style=\"text-align: center;\"><strong>Domingo Antonio P\u00e9rez Jim\u00e9nez<\/strong>, de Almer\u00eda, por \u201cEl mecanismo de Anticitera\u201d<\/p>\n<p style=\"text-align: center;\"><strong>Elia Vela Lavi\u00f1a<\/strong>, de El Molar, Madrid, por \u201cQuerida Elaia\u201d<\/p>\n<p style=\"text-align: center;\"><strong>Irene Barahona Fern\u00e1ndez<\/strong>, de Zamora, por \u201cMientras tanto en Temple Bar\u201d<\/p>\n<p style=\"text-align: center;\"><strong>Irene Beatriz Olalla Ram\u00edrez<\/strong>, de Torrox, M\u00e1laga, por \u201cSiete contratos en tinta carmes\u00ed\u201d<\/p>\n<p style=\"text-align: center;\"><strong>Isabel de la Cruz Ligu\u00e9s<\/strong>, de Madrid, por \u201cEn la sombra\u201d<\/p>\n<p style=\"text-align: center;\"><strong>Nadia Morera Irichina<\/strong>, de Majadahonda, Madrid, por \u201cEl mundo de los esp\u00edritus azules\u201d<\/p>\n<p style=\"text-align: center;\"><strong>Pablo Aguilar Mart\u00edn<\/strong>, de Vigo, Pontevedra, por \u201cLa manzana de la discordia\u201d<\/p>\n<p style=\"text-align: center;\"><strong>Sonia Yag\u00fce Bentolila<\/strong>, de Majadahonda, Madrid, por \u201cMemorias de una pompa\u201d<\/p>\n<p>&nbsp;<\/p>\n<p>Al Premio Literario Jordi Sierra i Fabra para J\u00f3venes 2013 se han presentado 111 obras (nuevo r\u00e9cord absoluto, superando en 19 libros la convocatoria de 2012, hecho que retras\u00f3 todo el proceso natural del premio por la cantidad de libros a leer y valorar). Despu\u00e9s de la primera criba, pasaron 38 libros a la segunda fase, y de ella quedaron seleccionados los\u00a0 finalistas y los integrantes de la Lista de Honor en sus dos categor\u00edas, Oro y Plata. El comit\u00e9 de lectura y selecci\u00f3n, volvi\u00f3 a destacar el aumento no s\u00f3lo de originales recibidos, sino el alto, alt\u00edsimo nivel medio de esta octava convocatoria, la m\u00e1s disputada hasta la fecha. Las diferencias entre los mencionados en la Lista de Honor Oro y Plata es a veces de un simple punto de valoraci\u00f3n. Los siete primeros finalistas han hecho dudar y pelearse al jurado, cada cual con sus criterios y preferencias. Los 73 libros que no han entrado en ninguna categor\u00eda tienen los mismos, llamemosles, defectos (que en el fondo no son sino fallos de principiante): precipitaci\u00f3n, alguna falta de ortograf\u00eda incomprensible habiendo un corrector en el ordenador, descripciones farragosas, di\u00e1logos forzados, tramas demasiado complejas que no sab\u00e9is resolver debidamente, etc. Nada que no pueda superarse y corregirse con tiempo, paciencia, y leyendo mucho. A veces os exig\u00eds demasiado. Cre\u00e9is que un libro largo es mejor que uno corto, utiliz\u00e1is palabras que no se corresponden sin antes estar seguros de que significan lo que imagin\u00e1is, pens\u00e1is que describir hasta el bot\u00f3n de una blusa es esencial, cuando lo esencial es la imaginaci\u00f3n del lector y la historia que est\u00e1is contando limitada a lo esencial. A los 15 a\u00f1os se ha de escribir como se siente, aunque est\u00e1 bien buscar el estilo propio copiando o imitando a los maestros.<\/p>\n<p>Como el a\u00f1o pasado, los argumentos muestran un gran salto cualitativo en general, aunque con historias que a veces son excesivas para vuestra edad. El riesgo es bueno, mucho, y me alegra vuestra valent\u00eda, pero cada cual ha de ser consecuente con la edad que tiene. Insisto en que esto es muy largo, mucho: ten\u00e9is toda una vida para escribir, no es jubilable. Y el \u00e9xito temprano no siempre es bueno si no se asimila. Por otra parte, un chico o chica de 12 compitiendo con uno o una de 17 lleva desventaja, es natural. Lo mismo si ahora os present\u00e1is a otros premios y compet\u00eds con chicos y chicas de 20, 23 o 25 a\u00f1os, creyendo que as\u00ed os prob\u00e1is. No, la verdadera prueba consiste en escribir el libro. Hay muy pocos milagros en la vida y todos nos creemos especiales o geniales. Especiales lo somos, porque el arte nos hace especiales, pero geniales es mucho m\u00e1s dif\u00edcil.<\/p>\n<p>Una persona ha ganado el premio, pero los 110 restantes no han perdido nada, s\u00f3lo ha competido, participado, y se han demostrado a s\u00ed mismos que querer es poder.<\/p>\n<p>De los 111 candidatos al Premio 2013,\u00a0 2 se presentaban por cuarta vez, 5 por tercera vez, 22 por segunda vez, y 81 por primera vez. Es precisamente en ese nutrido grupo de primerizos donde reside el futuro, pero hay que destacar la paciencia y entrega de los repetidores, incansables, pertinaces. Son los que mejor entend\u00e9is el sacrificio que representa escribir, y hacer un libro al a\u00f1o, con paciencia, porque s\u00f3lo escribiendo se aprende a escribir.<\/p>\n<p>La vencedora, Andrea Abello Collados, naci\u00f3 el 3 de febrero de 1997 en Mieres, Asturias. Escribi\u00f3 su novela con 15 a\u00f1os, pues acaba de cumplir 16 hace unos d\u00edas. Estudia actualmente en Holanda, donde recibi\u00f3 la noticia con la natural emoci\u00f3n. \u201cFundido a blanco\u201d, seg\u00fan el veredicto del jurado, es una obra de ciencia ficci\u00f3n con un leve acento dist\u00f3pico que parte de una idea muy original, con una trama excelente, que se lee con buen ritmo y est\u00e1 muy bien escrita, llena de intriga, con escenas muy intensas, una historia de amor que no cae en cursiler\u00edas ni sensibler\u00edas vac\u00edas y una acci\u00f3n intensa.<\/p>\n<p>El jurado ha hecho hincapi\u00e9 en varios aspectos que, no por repetidos a\u00f1o tras a\u00f1o, merecen ser recordados una vez m\u00e1s: en todas las obras hay un exceso de descripciones farragosas que no ayudan en nada a la comprensi\u00f3n lectora. Las tramas son a veces tan complicadas que su resoluci\u00f3n es casi imposible como no sea por azar o finales fulminantes que estropean el buen trabajo anterior. El lenguaje es demasiado pretencioso, con palabras que no encajan y desmerecen la calidad de las historias. En algunas, las faltas ortogr\u00e1ficas les restan muchos puntos. Otro aspecto a tener en cuenta es la falta de comas y puntos, con frases kilom\u00e9tricas de tres o cuatro l\u00edneas, que no dejan respirar al lector. As\u00ed mismo, los arranques lentos no favorecen que un lector se enganche a la historia. Hemos insistido mucho en que lo mejor es contar historias que os rsulten c\u00f3modas, que pod\u00e1is manejar. Aunque muchas tienen una muy buena documentaci\u00f3n, hablar de lo que no se conoce es muy dif\u00edcil cuando falta la base de la experiencia. Por \u00faltimo, hay demasiadas descripciones y narraci\u00f3n, cuando con un di\u00e1logo de tres l\u00ednes se dice m\u00e1s que en diez de texto. Los di\u00e1logos son b\u00e1sicos. Acordaos de una de mis normas: lo que puedan contar dos personajes dialogando que no lo haga el narrador narrando.<\/p>\n<p>Hechas estas salvedades a petici\u00f3n de jurado, que deb\u00e9is entender como comentarios para que mejor\u00e9is, no como cr\u00edticas dada vuestra juventud, os cito que la pugna entre las tres primeras obras ha sido dura y dif\u00edcil. \u201cD\u00e9jalo estar\u201d es una novela con buena descripciones de personajes, que dejan huella. En ella hay carisma, emoci\u00f3n, un muy buen conocimiento de la vida de John Lennon y un excelente pulso en la trama pese a sus muchas complicaciones. \u201c2168\u201d tiene tambi\u00e9n un notable marco esc\u00e9nico, con buenas descripciones de personajes y notoria documentaci\u00f3n, un desarrollo muy bueno y un canto a la esperanza como final. La vencedora y las dos finalistas son obras de debutantes, as\u00ed que su m\u00e9rito es evidente. Pero me gustar\u00eda descatar a Mar\u00eda Ortega Camacho, que optaba al premio por cuarta vez, sin rendirse,\u00a0 y a Daniel Mor\u00f3n, que lo hac\u00eda por segunda vez. Se aprende a escribir escribiendo.<\/p>\n<p>La entrega del VIII Premio Literario Jordi Sierra i Fabra se realizar\u00e1 el 9 de abril, en Madrid, la noche de Ediciones SM, en la que tambi\u00e9n se otorgan el Barco de Vapor y el Gran Angular.<\/p>\n<p><strong>Jordi Sierra i Fabra, 18 de febrero de 2013<\/strong><\/p>\n<p><strong><a href=\"http:\/\/sierraifabra.com\/?page_id=592\">&lt;&lt; volver<\/a><\/strong><\/p>\n","protected":false},"excerpt":{"rendered":"<p>ENTREGA DEL PREMIO JORDI SIERRA I FABRA 2013 El d\u00eda 9 de abril, en la Real Casa de Correos de Madrid,\u00a0 se entreg\u00f3 el VIII Premio de Literatura Jordi Sierra i Fabra para J\u00f3venes a la ganadora del concurso, Andrea Abello Collados, de 16 a\u00f1os&hellip; <a class=\"read-more\" href=\"https:\/\/sierraifabra.com\/?page_id=610&#038;lang=es\">Read more<\/a><\/p>\n","protected":false},"author":101012,"featured_media":0,"parent":592,"menu_order":0,"comment_status":"closed","ping_status":"closed","template":"","meta":{"footnotes":""},"class_list":["post-610","page","type-page","status-publish","hentry"],"aioseo_notices":[],"_links":{"self":[{"href":"https:\/\/sierraifabra.com\/index.php?rest_route=\/wp\/v2\/pages\/610","targetHints":{"allow":["GET"]}}],"collection":[{"href":"https:\/\/sierraifabra.com\/index.php?rest_route=\/wp\/v2\/pages"}],"about":[{"href":"https:\/\/sierraifabra.com\/index.php?rest_route=\/wp\/v2\/types\/page"}],"author":[{"embeddable":true,"href":"https:\/\/sierraifabra.com\/index.php?rest_route=\/wp\/v2\/users\/101012"}],"replies":[{"embeddable":true,"href":"https:\/\/sierraifabra.com\/index.php?rest_route=%2Fwp%2Fv2%2Fcomments&post=610"}],"version-history":[{"count":0,"href":"https:\/\/sierraifabra.com\/index.php?rest_route=\/wp\/v2\/pages\/610\/revisions"}],"up":[{"embeddable":true,"href":"https:\/\/sierraifabra.com\/index.php?rest_route=\/wp\/v2\/pages\/592"}],"wp:attachment":[{"href":"https:\/\/sierraifabra.com\/index.php?rest_route=%2Fwp%2Fv2%2Fmedia&parent=610"}],"curies":[{"name":"wp","href":"https:\/\/api.w.org\/{rel}","templated":true}]}}