{"id":6370,"date":"2023-06-15T12:09:13","date_gmt":"2023-06-15T10:09:13","guid":{"rendered":"http:\/\/sierraifabra.com\/?page_id=6370"},"modified":"2023-06-15T12:23:25","modified_gmt":"2023-06-15T10:23:25","slug":"noticias-2021","status":"publish","type":"page","link":"https:\/\/sierraifabra.com\/?page_id=6370&lang=es","title":{"rendered":"Noticias 2021"},"content":{"rendered":"<p>&nbsp;<\/p>\n<p style=\"text-align: center;\"><strong>\u201cKAFKA Y LA MU\u00d1ECA VIAJERA\u201d SER\u00c1 UN CORTO DE CINE<\/strong><\/p>\n<p>\u00a0 \u00a0 \u00a0 \u00a0 \u00a0 La compa\u00f1\u00eda cinematogr\u00e1fica brit\u00e1nica Screen Story Limited, con sede en Londres, ha comprado los derechos para convertir el best seller de Jordi, \u201cKafka y la mu\u00f1eca viajera\u201d\u00a0 (Kafka and the travelling doll\u201d), en un corto. Varias otras empresas de Italia o Brasil, adem\u00e1s de la propia Inglaterra, siguen estudiando la posibilidad de hacer un largometraje.<\/p>\n<p style=\"text-align: center;\"><strong>OBRA TEATRAL DE JORDI SIERRA I FABRA<br \/>\n<\/strong><a href=\"http:\/\/sierraifabra.com\/wp-content\/uploads\/2021\/11\/Roma-7-11-21.png\">\u00a0<\/a><a href=\"http:\/\/sierraifabra.com\/wp-content\/uploads\/2021\/12\/Nin\u0303o_portada.jpg\"><img loading=\"lazy\" decoding=\"async\" class=\"alignnone size-medium wp-image-5906\" src=\"http:\/\/sierraifabra.com\/wp-content\/uploads\/2021\/12\/Nin\u0303o_portada-205x300.jpg\" sizes=\"auto, (max-width: 205px) 100vw, 205px\" srcset=\"http:\/\/sierraifabra.com\/wp-content\/uploads\/2021\/12\/Nin\u0303o_portada-205x300.jpg 205w, http:\/\/sierraifabra.com\/wp-content\/uploads\/2021\/12\/Nin\u0303o_portada-768x1123.jpg 768w, http:\/\/sierraifabra.com\/wp-content\/uploads\/2021\/12\/Nin\u0303o_portada-700x1024.jpg 700w, http:\/\/sierraifabra.com\/wp-content\/uploads\/2021\/12\/Nin\u0303o_portada.jpg 1582w\" alt=\"\" width=\"205\" height=\"300\" \/><\/a><\/p>\n<p style=\"text-align: left;\">\u00a0 \u00a0 \u00a0 \u00a0 \u00a0 Ante la demanda de muchas escuelas de Espa\u00f1a y America Latina, de obras originales en espa\u00f1ol, Jordi Sierra i Fabra ha adaptado para teatro su novela \u201cEl ni\u00f1o que se cay\u00f3 en un agujero\u201d, una \u00e1cida cr\u00edtica al mundo adulto desde la mirada de un ni\u00f1o al que nadie cree y se ha ca\u00eddo en un agujero, aunque la gran pregunta que plantea la obra sea: \u00bfQu\u00e9 es el agujero? El libro con el texto teatral ha sido editado por ASSITEJ Espa\u00f1a.<\/p>\n<p style=\"text-align: center;\"><strong>TERCERA TEMPORADA DE \u201cKAFKA E LA BAMBOLA VIAGGIATRICE\u201d EN ITALIA<br \/>\n<\/strong><a href=\"http:\/\/sierraifabra.com\/wp-content\/uploads\/2021\/11\/Roma-7-11-21.png\"><img loading=\"lazy\" decoding=\"async\" class=\"alignnone size-medium wp-image-5901\" src=\"http:\/\/sierraifabra.com\/wp-content\/uploads\/2021\/11\/Roma-7-11-21-300x167.png\" sizes=\"auto, (max-width: 300px) 100vw, 300px\" srcset=\"http:\/\/sierraifabra.com\/wp-content\/uploads\/2021\/11\/Roma-7-11-21-300x167.png 300w, http:\/\/sierraifabra.com\/wp-content\/uploads\/2021\/11\/Roma-7-11-21-768x427.png 768w, http:\/\/sierraifabra.com\/wp-content\/uploads\/2021\/11\/Roma-7-11-21-1024x569.png 1024w, http:\/\/sierraifabra.com\/wp-content\/uploads\/2021\/11\/Roma-7-11-21-1070x600.png 1070w, http:\/\/sierraifabra.com\/wp-content\/uploads\/2021\/11\/Roma-7-11-21.png 1329w\" alt=\"\" width=\"300\" height=\"167\" \/><\/a><\/p>\n<p style=\"text-align: left;\">\u00a0 \u00a0 \u00a0 \u00a0 \u00a0 \u201cKafka e la bambola viaggiatrice\u201d (Kafka y la mu\u00f1eca viajera), basada en el best seller de Jordi Sierra i Fabra,\u00a0 ha vuelto a estrenarse en Italia, esta vez en Roma, por tercer a\u00f1o consecutivo, iniciando as\u00ed tambi\u00e9n una nueva gira por el pa\u00eds. El p\u00fablico, puesto en pie, ovacion\u00f3 una vez m\u00e1s la personal adaptaci\u00f3n del libro. Por otra parte, las adaptaciones previstas en Estonia y Suecia siguen por buen camino.<\/p>\n<p style=\"text-align: center;\"><strong>NUEVA VERSI\u00d3N TEATRAL DE \u201cCAMPS DE MADUIXES\u201d<br \/>\n<a href=\"http:\/\/sierraifabra.com\/wp-content\/uploads\/2021\/11\/CARTELL-CAMPS-DE-MADUIXES.jpg\"><img loading=\"lazy\" decoding=\"async\" class=\"alignnone size-medium wp-image-5882\" src=\"http:\/\/sierraifabra.com\/wp-content\/uploads\/2021\/11\/CARTELL-CAMPS-DE-MADUIXES-214x300.jpg\" sizes=\"auto, (max-width: 214px) 100vw, 214px\" srcset=\"http:\/\/sierraifabra.com\/wp-content\/uploads\/2021\/11\/CARTELL-CAMPS-DE-MADUIXES-214x300.jpg 214w, http:\/\/sierraifabra.com\/wp-content\/uploads\/2021\/11\/CARTELL-CAMPS-DE-MADUIXES-768x1077.jpg 768w, http:\/\/sierraifabra.com\/wp-content\/uploads\/2021\/11\/CARTELL-CAMPS-DE-MADUIXES-730x1024.jpg 730w\" alt=\"\" width=\"214\" height=\"300\" \/><\/a><\/strong><\/p>\n<p style=\"text-align: left;\">\u00a0 \u00a0 \u00a0 \u00a0 \u00a0 Una nueva adaptaci\u00f3n de la famosa novela de Jordi Sierra i Fabra \u201cCamps de maduixes\u201d (Campos de fresas), se ha estrenado en Seva (Barcelona).<\/p>\n<p style=\"text-align: center;\"><strong>\u201cLA CONJURA DE HERAT\u201d, LA ESPERADA SEGUNDA NOVELA DE LA SERIE MAGDA VENTURA\u201d<a href=\"http:\/\/sierraifabra.com\/wp-content\/uploads\/2021\/10\/Portada2.png\"><br \/>\n<\/a><\/strong><a href=\"http:\/\/sierraifabra.com\/wp-content\/uploads\/2021\/10\/Portada2.png\"><img loading=\"lazy\" decoding=\"async\" class=\"alignnone size-medium wp-image-5871\" src=\"http:\/\/sierraifabra.com\/wp-content\/uploads\/2021\/10\/Portada2-198x300.png\" sizes=\"auto, (max-width: 198px) 100vw, 198px\" srcset=\"http:\/\/sierraifabra.com\/wp-content\/uploads\/2021\/10\/Portada2-198x300.png 198w, http:\/\/sierraifabra.com\/wp-content\/uploads\/2021\/10\/Portada2.png 476w\" alt=\"\" width=\"198\" height=\"300\" \/><\/a><\/p>\n<p style=\"text-align: left;\">\u00a0 \u00a0 \u00a0 \u00a0 \u00a0 Hace un a\u00f1o (septiembre de 2020), Jordi Sierra i Fabra nos sorprend\u00eda con la primera novela de un nuevo personaje policiaco, la periodista de investigaci\u00f3n Magda Ventura. Dado que la exitosa serie del exinspector Miquel Mascarell se desarrolla en los a\u00f1os 40-50 del pasado siglo, los fans le ped\u00edan tambi\u00e9n una serie actual. La primera novela fue <strong>\u201cLa conspiraci\u00f3n del colt\u00e1n\u201d<\/strong>, Ahora llega la segunda, <strong>\u201cLa conjura de Herat\u201d<\/strong>, y para 2022, Jordi ya tiene escrita <strong>\u201cLa conexi\u00f3n maltesa\u201d<\/strong>, con la cual cerrar\u00e1 el primer ciclo inicial del personaje. En esta segunda entrega, Magda ha de retroceder en el tiempo para descubrir qu\u00e9 suedi\u00f3 en Afganist\u00e1n, a\u00f1os atr\u00e1s, en el atentado talib\u00e1n que casi le cost\u00f3 la vida. Un detalle: Jordi escribi\u00f3 este libro en primavera de 2020, en plena pandemia, mucho antes de los actuales sucesos de Afganist\u00e1n.<\/p>\n<p style=\"text-align: center;\"><strong>\u201cCAMPOS DE FRESAS\u201d PREMIADA COMO MUSICAL<\/strong><\/p>\n<p style=\"text-align: left;\">\u00a0 \u00a0 \u00a0 \u00a0 \u00a0 Una adaptaci\u00f3n musical de la famosa novela de Jordi Sierra i Fabra \u201cCampos de fresas\u201d, llevada a cabo por el grupo Clandestino del Taller de Teatro de El Ejido, ha sido galardonada con el XVIII Premio Bueno Vallejo. Es la segunda vez que el libro se convierte en una obra musical. El propio Jordi ha asegurado siempre que ve su novela como una gran historia para ser cantada e inrterpretada con m\u00fasica actual.<\/p>\n<p style=\"text-align: center;\"><strong>ENTREGA DEL PREMIO JORDI SIERRA I FABRA 2021<br \/>\n<a href=\"http:\/\/sierraifabra.com\/wp-content\/uploads\/2021\/06\/Entrega-del-trofeo.jpg\"><img loading=\"lazy\" decoding=\"async\" class=\"alignnone wp-image-5810\" src=\"http:\/\/sierraifabra.com\/wp-content\/uploads\/2021\/06\/Entrega-del-trofeo-300x256.jpg\" sizes=\"auto, (max-width: 196px) 100vw, 196px\" srcset=\"http:\/\/sierraifabra.com\/wp-content\/uploads\/2021\/06\/Entrega-del-trofeo-300x256.jpg 300w, http:\/\/sierraifabra.com\/wp-content\/uploads\/2021\/06\/Entrega-del-trofeo-768x655.jpg 768w, http:\/\/sierraifabra.com\/wp-content\/uploads\/2021\/06\/Entrega-del-trofeo.jpg 941w\" alt=\"\" width=\"196\" height=\"167\" \/><\/a>\u00a0 \u00a0<a href=\"http:\/\/sierraifabra.com\/wp-content\/uploads\/2021\/06\/Jordi-Sof\u00eda-y-C\u00e9sar.jpg\"><img loading=\"lazy\" decoding=\"async\" class=\"alignnone wp-image-5811\" src=\"http:\/\/sierraifabra.com\/wp-content\/uploads\/2021\/06\/Jordi-Sof\u00eda-y-C\u00e9sar-300x287.jpg\" sizes=\"auto, (max-width: 177px) 100vw, 177px\" srcset=\"http:\/\/sierraifabra.com\/wp-content\/uploads\/2021\/06\/Jordi-Sof\u00eda-y-C\u00e9sar-300x287.jpg 300w, http:\/\/sierraifabra.com\/wp-content\/uploads\/2021\/06\/Jordi-Sof\u00eda-y-C\u00e9sar-768x733.jpg 768w, http:\/\/sierraifabra.com\/wp-content\/uploads\/2021\/06\/Jordi-Sof\u00eda-y-C\u00e9sar-1024x978.jpg 1024w\" alt=\"\" width=\"177\" height=\"169\" \/><\/a><br \/>\n<\/strong><\/p>\n<p style=\"text-align: left;\">\u00a0 \u00a0 \u00a0 \u00a0 \u00a0 En Totana, en el IES Juan de la Cierva y Codorniu, donde ha cursado sus estudios, C\u00e9sar Carrasco Garc\u00eda recibi\u00f3 de manos de Jordi Sierra i Fabra en el transcurso de una emotiva fiesta, el premio que lleva su nombre y el correspondiente cheque de 2000 euros.\u00a0\u00a0En esta edici\u00f3n n\u00famero 16, C\u00e9sar se ha convertido en el segundo chico que gana el prestigioso galard\u00f3n, despu\u00e9s de Arturo Padilla, que lo gan\u00f3 justamente en la primera, en 2006. Este a\u00f1o, la novela de C\u00e9sar, \u201cLos impostores\u201d, presentada tambi\u00e9n en el acto, se impuso a las obras de 11 pa\u00edses, prueba de la internacionalidad del premio. Hay que destacar la asistencia de la ganadora de 2020, Sof\u00eda Nayeli Baz\u00e1n, que por causa de la pandemia no tuvo su fiesta de gala hace un a\u00f1o y s\u00ed una retransmisi\u00f3n virtual. Como Sof\u00eda es tambi\u00e9n murciana, se pudo reunir a los dos vencedores y tributarles el mejor de los aplausos. Para el Premio de 2022, recordar que las bases ya est\u00e1n colgadas en la web de Jordi Sierra i Fabra y en la de la Fundaci\u00f3 Jordi Sierra i Fabra.<\/p>\n<p style=\"text-align: center;\"><strong>PREMIO CRITIC\u00d3N PARA JORDI<br \/>\n<a href=\"http:\/\/sierraifabra.com\/wp-content\/uploads\/2021\/06\/PremioCriticon.jpg\"><img loading=\"lazy\" decoding=\"async\" class=\"alignnone wp-image-5809\" src=\"http:\/\/sierraifabra.com\/wp-content\/uploads\/2021\/06\/PremioCriticon-300x275.jpg\" sizes=\"auto, (max-width: 256px) 100vw, 256px\" srcset=\"http:\/\/sierraifabra.com\/wp-content\/uploads\/2021\/06\/PremioCriticon-300x275.jpg 300w, http:\/\/sierraifabra.com\/wp-content\/uploads\/2021\/06\/PremioCriticon.jpg 719w\" alt=\"\" width=\"256\" height=\"235\" \/><\/a><br \/>\n<\/strong><\/p>\n<p style=\"text-align: left;\">\u00a0 \u00a0 \u00a0 \u00a0 \u00a0 Jordi recogi\u00f3 en el Auditorio de Zaragoza, el Premio Critic\u00f3n, que convoca y concede el Ayuntamiento de la ciudad, por la novela \u201cLas palabras heridas\u201d, publicada en 2017 en las cuatro lenguas del Estado. Casi 500 alumnos de once escuelas han sido los jurados y los votantes del premio, que consiste en una escultura de la artista Gema Rup\u00e9rez y 2000 euros que, como es habitual, Jordi donar\u00e1 a su Fundaci\u00f3n para el fomento de la lectura y la escritura.<\/p>\n<p style=\"text-align: center;\"><strong>JORDI RECIBE EL PREMIO MENJALLIBRES 2021<br \/>\n<a href=\"http:\/\/sierraifabra.com\/wp-content\/uploads\/2021\/05\/Menjallibres.jpeg\"><img loading=\"lazy\" decoding=\"async\" class=\"alignnone size-medium wp-image-5790 aligncenter\" src=\"http:\/\/sierraifabra.com\/wp-content\/uploads\/2021\/05\/Menjallibres-300x135.jpeg\" sizes=\"auto, (max-width: 300px) 100vw, 300px\" srcset=\"http:\/\/sierraifabra.com\/wp-content\/uploads\/2021\/05\/Menjallibres-300x135.jpeg 300w, http:\/\/sierraifabra.com\/wp-content\/uploads\/2021\/05\/Menjallibres-768x346.jpeg 768w, http:\/\/sierraifabra.com\/wp-content\/uploads\/2021\/05\/Menjallibres-1024x461.jpeg 1024w, http:\/\/sierraifabra.com\/wp-content\/uploads\/2021\/05\/Menjallibres.jpeg 1600w\" alt=\"\" width=\"300\" height=\"135\" \/><\/a><\/strong>\u00a0 \u00a0 \u00a0 \u00a0 \u00a0 Por votaci\u00f3n entre las escuelas de Vilanova i la Geltr\u00fa (Barcelona), Jordi ha ganado el Premio Menjallibres (Comelibros) 2021 por su novela \u201cHores salvatges\u201d.<\/p>\n<p style=\"text-align: center;\"><strong>JORDI, TRES CUARTOS DE MILL\u00d3N DE EJEMPLARES EN CHINA<\/strong><\/p>\n<p style=\"text-align: left;\">\u00a0 \u00a0 \u00a0 \u00a0 \u00a0 Suele comentarse la cifra de ventas de Jordi Sierra i Fabra en Espa\u00f1a y Latinoam\u00e9rica, pero lo cierto es que, al margen de ella (cerca ya de los 14 millones), Jordi es un fen\u00f3meno en otras latitudes. Con las liquidaciones por ventas de libros en 2020, se ha confirmado que ha llegado ya a los 750.000 libros en China.<\/p>\n<p style=\"text-align: center;\"><strong>\u201cALGUNOS D\u00cdAS DE ENERO\u201d, MASCARELL 12<br \/>\n<\/strong><a href=\"http:\/\/sierraifabra.com\/wp-content\/uploads\/2021\/03\/Mascarell12-1.png\"><img loading=\"lazy\" decoding=\"async\" class=\"alignnone size-medium wp-image-5735\" src=\"http:\/\/sierraifabra.com\/wp-content\/uploads\/2021\/03\/Mascarell12-1-207x300.png\" sizes=\"auto, (max-width: 207px) 100vw, 207px\" srcset=\"http:\/\/sierraifabra.com\/wp-content\/uploads\/2021\/03\/Mascarell12-1-207x300.png 207w, http:\/\/sierraifabra.com\/wp-content\/uploads\/2021\/03\/Mascarell12-1.png 394w\" alt=\"\" width=\"207\" height=\"300\" \/><\/a><\/p>\n<p style=\"text-align: left;\"><strong>\u00a0 \u00a0 \u00a0 \u00a0 \u00a0 \u201cAlgunos d\u00edas de enero\u201d<\/strong>, la entrega n\u00famero 12 de la serie protagonizada por el exinspector Miquel Mascarell, se lanza este a\u00f1o puntual en abril. En este caso Mascarell se enfrenta a la Red Odessa, que tras la segunda Guerra Mundial se ocup\u00f3 de sacar a los nazis de Europa para no ser juzgados por cr\u00edmenes de guerra. Dos asesinatos, el Mosad (el servicio secreto israel\u00ed) y el inquietante nazi Otto Skorzeny (personaje real, considerado \u201cel hombre m\u00e1s peligroso de Europa\u201d en su tiempo), conforman esta trepidante historia en la que, al final, Miquel tendr\u00e1 que dilucidar entre dos tipos de justicia, la moral y la real.<\/p>\n<p style=\"text-align: center;\"><strong>\u201cCOMO L\u00c1GRIMAS EN LA LLUVIA\u201d, GRAN LANZAMIENTO NACIONAL<br \/>\n<a href=\"http:\/\/sierraifabra.com\/wp-content\/uploads\/2021\/03\/Portada.png\"><img loading=\"lazy\" decoding=\"async\" class=\"alignnone wp-image-5711\" src=\"http:\/\/sierraifabra.com\/wp-content\/uploads\/2021\/03\/Portada-198x300.png\" sizes=\"auto, (max-width: 122px) 100vw, 122px\" srcset=\"http:\/\/sierraifabra.com\/wp-content\/uploads\/2021\/03\/Portada-198x300.png 198w, http:\/\/sierraifabra.com\/wp-content\/uploads\/2021\/03\/Portada.png 467w\" alt=\"\" width=\"122\" height=\"185\" \/>\u00a0\u00a0\u00a0<\/a><a href=\"http:\/\/sierraifabra.com\/wp-content\/uploads\/2021\/03\/Coberta.jpg\"><img loading=\"lazy\" decoding=\"async\" class=\"alignnone wp-image-5712\" src=\"http:\/\/sierraifabra.com\/wp-content\/uploads\/2021\/03\/Coberta-191x300.jpg\" sizes=\"auto, (max-width: 116px) 100vw, 116px\" srcset=\"http:\/\/sierraifabra.com\/wp-content\/uploads\/2021\/03\/Coberta-191x300.jpg 191w, http:\/\/sierraifabra.com\/wp-content\/uploads\/2021\/03\/Coberta-768x1205.jpg 768w, http:\/\/sierraifabra.com\/wp-content\/uploads\/2021\/03\/Coberta-653x1024.jpg 653w, http:\/\/sierraifabra.com\/wp-content\/uploads\/2021\/03\/Coberta.jpg 1717w\" alt=\"\" width=\"116\" height=\"182\" \/><\/a><a href=\"http:\/\/sierraifabra.com\/wp-content\/uploads\/2021\/03\/Portada.png\">\u00a0\u00a0\u00a0<\/a><a href=\"http:\/\/sierraifabra.com\/wp-content\/uploads\/2021\/03\/Chuvia.png\"><img loading=\"lazy\" decoding=\"async\" class=\"alignnone wp-image-5713\" src=\"http:\/\/sierraifabra.com\/wp-content\/uploads\/2021\/03\/Chuvia-195x300.png\" sizes=\"auto, (max-width: 118px) 100vw, 118px\" srcset=\"http:\/\/sierraifabra.com\/wp-content\/uploads\/2021\/03\/Chuvia-195x300.png 195w, http:\/\/sierraifabra.com\/wp-content\/uploads\/2021\/03\/Chuvia.png 412w\" alt=\"\" width=\"118\" height=\"181\" \/><\/a><a href=\"http:\/\/sierraifabra.com\/wp-content\/uploads\/2021\/03\/Portada.png\">\u00a0\u00a0\u00a0<\/a><a href=\"http:\/\/sierraifabra.com\/wp-content\/uploads\/2021\/03\/Azala.png\"><img loading=\"lazy\" decoding=\"async\" class=\"alignnone wp-image-5714\" src=\"http:\/\/sierraifabra.com\/wp-content\/uploads\/2021\/03\/Azala-191x300.png\" sizes=\"auto, (max-width: 114px) 100vw, 114px\" srcset=\"http:\/\/sierraifabra.com\/wp-content\/uploads\/2021\/03\/Azala-191x300.png 191w, http:\/\/sierraifabra.com\/wp-content\/uploads\/2021\/03\/Azala.png 439w\" alt=\"\" width=\"114\" height=\"179\" \/><\/a><\/strong><\/p>\n<p style=\"text-align: left;\"><strong>\u00a0 \u00a0 \u00a0 \u00a0 \u00a0 \u201cComo l\u00e1grimas en la lluvia\u201d<\/strong>, la novela con la que Jordi Sierra i Fabra gan\u00f3 el premio Lazarillo 2019 (fallado en marzo de 2020) se edita por fin, un a\u00f1o despu\u00e9s, con un lanzamiento nacional espectacular, puesto que son cuatro las editoriales que, conjuntamente, lo publican en las cuatro lenguas oficiales del Estado: Siruela, Cru\u00eflla, Galaxia y Elkar. La novela aborda uno de los temas favoritos de Jordi: la m\u00fasica y sus entresijos. Una historia que no dejar\u00e1 indiferente por su tremendo calado humano.<\/p>\n<p style=\"text-align: center;\"><strong>\u00a1\u201dCAMPOS DE FRESAS\u201d LLEGA A LAS 100 EDICIONES EN ESPA\u00d1A!<br \/>\n<a href=\"http:\/\/sierraifabra.com\/wp-content\/uploads\/2021\/02\/Campos-cine.jpg\"><img loading=\"lazy\" decoding=\"async\" class=\"alignnone wp-image-5702\" src=\"http:\/\/sierraifabra.com\/wp-content\/uploads\/2021\/02\/Campos-cine-200x300.jpg\" sizes=\"auto, (max-width: 155px) 100vw, 155px\" srcset=\"http:\/\/sierraifabra.com\/wp-content\/uploads\/2021\/02\/Campos-cine-200x300.jpg 200w, http:\/\/sierraifabra.com\/wp-content\/uploads\/2021\/02\/Campos-cine-768x1152.jpg 768w, http:\/\/sierraifabra.com\/wp-content\/uploads\/2021\/02\/Campos-cine-683x1024.jpg 683w, http:\/\/sierraifabra.com\/wp-content\/uploads\/2021\/02\/Campos-cine.jpg 2000w\" alt=\"\" width=\"155\" height=\"233\" \/><\/a><\/strong><\/p>\n<p style=\"text-align: left;\"><strong>\u00a0 \u00a0 \u00a0 \u00a0 \u00a0 \u201cCampos de fresas\u201d<\/strong>, la exitosa novela de Jordi Sierra i Fabra publicada en 1997, ha llegado a las 100 ediciones, solo en Espa\u00f1a, con la aparici\u00f3n \u00a0exclusiva del gui\u00f3n de cine que el mismo Jordi escribi\u00f3 hace a\u00f1os y que no lleg\u00f3 a rodarse porque la productora de la pelicula para TV cambi\u00f3 el director a \u00faltima hora y este impuso su propo gui\u00f3n (para desesperaci\u00f3n de fans, que no vieron la menos similitud entre el libro y la TV Movie). Jordi ha querido conmemorar este acontecimiento publicando este gui\u00f3n, que sigue fielmente la novela. Las cien ediciones se reparten as\u00ed:\u00a0<span lang=\"ES-TRAD\">59 en castellano, 36 en catal\u00e1n, 2 ediciones especiales en C\u00edrculo deLectores, 1 en a<\/span><span lang=\"ES-TRAD\">udiolibro, 1 en ingl\u00e9s (pero publicada en Espa\u00f1a) y ahora la \u00faltima en forma de gui\u00f3n de cine. No se cuentan pues las muchas traducciones a otras lenguas ni las constantes reediciones tambi\u00e9n en Latinoam\u00e9rica.<\/span><span lang=\"ES-TRAD\"><br \/>\n<\/span><\/p>\n<p style=\"text-align: center;\"><strong>SE FALLA EN BARCELONA EL PREMIO JORDI SIERRA I FABRA 2021<br \/>\n<a href=\"http:\/\/sierraifabra.com\/wp-content\/uploads\/2021\/02\/Premio-2021.png\"><img loading=\"lazy\" decoding=\"async\" class=\"alignnone size-medium wp-image-5677\" src=\"http:\/\/sierraifabra.com\/wp-content\/uploads\/2021\/02\/Premio-2021-300x169.png\" sizes=\"auto, (max-width: 300px) 100vw, 300px\" srcset=\"http:\/\/sierraifabra.com\/wp-content\/uploads\/2021\/02\/Premio-2021-300x169.png 300w, http:\/\/sierraifabra.com\/wp-content\/uploads\/2021\/02\/Premio-2021-768x432.png 768w, http:\/\/sierraifabra.com\/wp-content\/uploads\/2021\/02\/Premio-2021-1024x576.png 1024w, http:\/\/sierraifabra.com\/wp-content\/uploads\/2021\/02\/Premio-2021-1070x600.png 1070w, http:\/\/sierraifabra.com\/wp-content\/uploads\/2021\/02\/Premio-2021.png 1366w\" alt=\"\" width=\"300\" height=\"169\" \/><\/a><\/strong><\/p>\n<p style=\"text-align: left;\">\u00a0 \u00a0 \u00a0 \u00a0 \u00a0 El Jurado del XVI Premio Jordi Sierra i Fabra se ha reunido el 15 de febrero en sesi\u00f3n telem\u00e1tica. En la imagen, el jurado, arriba Arturo Padilla, \u00c1frica V\u00e1zquez y Elena O\u2019Callaghan; abajo Antonia Cortijos, Jordi Sierra i Fabra (sin voz ni voto, para garantizar su imparcialidad) y Pep Duran. Abajo en peque\u00f1ito, Berta M\u00e1rquez. Consulta <a href=\"http:\/\/sierraifabra.com\/?page_id=5377\"><strong>AQU\u00cd<\/strong> <\/a>la lista de finalistas y Listas de Honor Oro y Plata.<\/p>\n<p style=\"text-align: center;\"><strong>SUECIA Y ESTONIA TAMBI\u00c9N LLEVAN AL TEATRO<br \/>\n\u201cKAFKA Y LA MU\u00d1ECA VIAJERA\u201d<\/strong><\/p>\n<p style=\"text-align: left;\">\u00a0 \u00a0 \u00a0 \u00a0 \u00a0 Otros dos pa\u00edses han anunciado la puesta en marcha de sendas versiones teatrales de la novela de Jordi \u201cKafka y la mu\u00f1eca viajera\u201d: Suecia y Estonia. Es incre\u00edble como en todo los pa\u00edses en los que se ha le\u00eddo el libro, surge el deseo de inmortalizarlo en escena, En Suecia lo representar\u00e1 el Gotenborgs Dramatiska Teatre y en Estonia en Rakvre Theatre, con adaptaci\u00f3n de Priit P\u00f6ldma. En este \u00faltimo pa\u00eds se prev\u00e9 una permanencia p\u00fablica de tres a\u00f1os.<\/p>\n<p style=\"text-align: center;\"><strong>\u201cNINI NICOL\u00c1S\u201d, PRIMER LIBRO DE JORDI EDITADO SOLO EN AUDIO<br \/>\n<a href=\"http:\/\/sierraifabra.com\/wp-content\/uploads\/2021\/01\/Nini.png\"><img loading=\"lazy\" decoding=\"async\" class=\"alignnone wp-image-5634\" src=\"http:\/\/sierraifabra.com\/wp-content\/uploads\/2021\/01\/Nini.png\" alt=\"\" width=\"193\" height=\"191\" \/><\/a><\/strong><\/p>\n<p style=\"text-align: left;\">\u00a0 \u00a0 \u00a0 \u00a0 \u00a0 La empresa Audible, especializada en audiolibros, ha editado la primera novela de Jordi Sierra i Fabra que no aparece directamente en papel. Se trata de <strong>\u201cNini Nicol\u00e1s\u201d<\/strong>, 24 horas de la vida de un chico que ni trabaja ni estudia, y al que seguimos en busca de su supervivencia a trav\u00e9s de las calles de su barrio, con sus amigos, sus frustraciones, su cerrado horizonte personal. Una novela dura pero cargada de emociones y la fuerza que caracteriza a las mejores historias realistas de su autor.<\/p>\n<p style=\"text-align: center;\"><strong>JORDI SIERRA I FABRA FIRMA CON SAGA<\/strong><\/p>\n<p style=\"text-align: left;\">\u00a0 \u00a0 \u00a0 \u00a0 La poderosa multinacional danesa del mercado de audiolibros, SAGA Egmont, ha llegado a un acuerdo con Jordi Sierra i Fabra para grabar y editar en este formarto m\u00e1s de un centenar de sus obras adem\u00e1s de las que ya ofrece como distribuidora de Audiomol, que en Espa\u00f1a tiene los derechos de otras 30 novelas de Jordi. La intenci\u00f3n de SAGA es lanzar al mercado este amplio cat\u00e1logo entre 2021 y 2022, a raz\u00f3n de varios t\u00edtulos por mes. En concreto, Jordi ha cedido 12 novelas para adultos, 27 juveniles, 38 infantiles m\u00e1s 6 antolog\u00edas de relatos, 48 cuentos y 7 traducciones al ingl\u00e9s de algunos de sus grandes \u00e9xitos. Una fant\u00e1stica noticia para este emergente mercado mundial.<\/p>\n","protected":false},"excerpt":{"rendered":"<p>&nbsp; \u201cKAFKA Y LA MU\u00d1ECA VIAJERA\u201d SER\u00c1 UN CORTO DE CINE \u00a0 \u00a0 \u00a0 \u00a0 \u00a0 La compa\u00f1\u00eda cinematogr\u00e1fica brit\u00e1nica Screen Story Limited, con sede en Londres, ha comprado los derechos para convertir el best seller de Jordi, \u201cKafka y la mu\u00f1eca viajera\u201d\u00a0 (Kafka and&hellip; <a class=\"read-more\" href=\"https:\/\/sierraifabra.com\/?page_id=6370&#038;lang=es\">Read more<\/a><\/p>\n","protected":false},"author":101012,"featured_media":0,"parent":311,"menu_order":0,"comment_status":"closed","ping_status":"closed","template":"","meta":{"footnotes":""},"class_list":["post-6370","page","type-page","status-publish","hentry"],"aioseo_notices":[],"_links":{"self":[{"href":"https:\/\/sierraifabra.com\/index.php?rest_route=\/wp\/v2\/pages\/6370","targetHints":{"allow":["GET"]}}],"collection":[{"href":"https:\/\/sierraifabra.com\/index.php?rest_route=\/wp\/v2\/pages"}],"about":[{"href":"https:\/\/sierraifabra.com\/index.php?rest_route=\/wp\/v2\/types\/page"}],"author":[{"embeddable":true,"href":"https:\/\/sierraifabra.com\/index.php?rest_route=\/wp\/v2\/users\/101012"}],"replies":[{"embeddable":true,"href":"https:\/\/sierraifabra.com\/index.php?rest_route=%2Fwp%2Fv2%2Fcomments&post=6370"}],"version-history":[{"count":0,"href":"https:\/\/sierraifabra.com\/index.php?rest_route=\/wp\/v2\/pages\/6370\/revisions"}],"up":[{"embeddable":true,"href":"https:\/\/sierraifabra.com\/index.php?rest_route=\/wp\/v2\/pages\/311"}],"wp:attachment":[{"href":"https:\/\/sierraifabra.com\/index.php?rest_route=%2Fwp%2Fv2%2Fmedia&parent=6370"}],"curies":[{"name":"wp","href":"https:\/\/api.w.org\/{rel}","templated":true}]}}