{"id":6401,"date":"2023-08-30T15:43:47","date_gmt":"2023-08-30T13:43:47","guid":{"rendered":"http:\/\/sierraifabra.com\/?page_id=6401"},"modified":"2025-10-06T10:52:27","modified_gmt":"2025-10-06T08:52:27","slug":"premio-antonia-cortijos-de-ilustracion","status":"publish","type":"page","link":"https:\/\/sierraifabra.com\/?page_id=6401&lang=es","title":{"rendered":"Premio Ant\u00f2nia Cortijos de ilustraci\u00f3n \/ Premi Ant\u00f2nia Cortijos d&#8217;il\u00b7lustraci\u00f3"},"content":{"rendered":"<h3>Tercera edici\u00f3n del Premio Ant\u00f2nia Cortijos de ilustraci\u00f3n para J\u00f3venes<\/h3>\n<h3>Tercera edici\u00f3 del Premi Ant\u00f2nia Cortijos d&#8217;il\u00b7lustraci\u00f3 per a Joves<\/h3>\n<p><img loading=\"lazy\" decoding=\"async\" class=\"alignnone size-medium wp-image-6433 aligncenter\" src=\"http:\/\/sierraifabra.com\/wp-content\/uploads\/2023\/09\/Def.cast_-300x300.jpg\" alt=\"\" width=\"300\" height=\"300\" srcset=\"https:\/\/sierraifabra.com\/wp-content\/uploads\/2023\/09\/Def.cast_-300x300.jpg 300w, https:\/\/sierraifabra.com\/wp-content\/uploads\/2023\/09\/Def.cast_-150x150.jpg 150w, https:\/\/sierraifabra.com\/wp-content\/uploads\/2023\/09\/Def.cast_.jpg 464w\" sizes=\"auto, (max-width: 300px) 100vw, 300px\" \/><\/p>\n<p>La <strong>Fundaci\u00f3 Jordi Sierra i Fabra<\/strong>, en colaboraci\u00f3n con <strong>Editorial Cru\u00eflla<\/strong>, convoca la tercera edici\u00f3n del <strong>Premio Ant\u00f2nia Cortijos de Ilustraci\u00f3n<\/strong>, con el objeto de estimular en los j\u00f3venes dibujantes el placer por la creaci\u00f3n a trav\u00e9s de obras que reflejen valores universales de paz, amor, concordia y respeto, con los que contribuir a crear un mundo mejor, lleno de esperanza, en el que los libros tengan un papel esencial y crezcan de forma constante nuevas generaciones de ilustradores.<\/p>\n<p style=\"text-align: center;\">Este premio se conceder\u00e1 de acuerdo con las BASES detalladas en el siguiente enlace:<\/p>\n<h5 style=\"text-align: center;\"><strong><em><a href=\"\/?page_id=6545&amp;lang=es\">BASES I Premio Ant\u00f2nia Cortijos de ilustraci\u00f3n (Convocatoria de 2025)<\/a><\/em><br \/>\n<\/strong><\/h5>\n<p>&nbsp;<\/p>\n<h4 style=\"text-align: center;\"><a href=\"\/?page_id=6550&amp;lang=es\"><strong><span style=\"color: #993300;\">ACTA DEL I PREMIO ANT\u00d2NIA CORTIJOS DE ILUSTRACI\u00d3N<\/span><\/strong><\/a><\/h4>\n<p>&nbsp;<\/p>\n<hr \/>\n<p><a href=\"http:\/\/sierraifabra.com\/wp-content\/uploads\/2023\/09\/Def.cat_.jpg\"><img loading=\"lazy\" decoding=\"async\" class=\"alignnone size-medium wp-image-6434 aligncenter\" src=\"http:\/\/sierraifabra.com\/wp-content\/uploads\/2023\/09\/Def.cat_-300x300.jpg\" alt=\"\" width=\"300\" height=\"300\" srcset=\"https:\/\/sierraifabra.com\/wp-content\/uploads\/2023\/09\/Def.cat_-300x300.jpg 300w, https:\/\/sierraifabra.com\/wp-content\/uploads\/2023\/09\/Def.cat_-150x150.jpg 150w, https:\/\/sierraifabra.com\/wp-content\/uploads\/2023\/09\/Def.cat_.jpg 464w\" sizes=\"auto, (max-width: 300px) 100vw, 300px\" \/><\/a><\/p>\n<p>La\u00a0<strong>Fundaci\u00f3\u00a0Jordi Sierra i Fabra<\/strong>, en col\u00b7laboraci\u00f3 amb <strong>Editorial\u00a0Cru\u00eflla<\/strong>, convoca la segona edici\u00f3 del <strong>Premi Ant\u00f2nia\u00a0Cortijos\u00a0d&#8217;Il\u00b7lustraci\u00f3<\/strong>, a fi d&#8217;estimular en els joves dibuixants el plaer per la creaci\u00f3 a trav\u00e9s d&#8217;obres que reflecteixin valors universals de pau, amor, conc\u00f2rdia i respecte, amb els quals contribuir a crear un m\u00f3n millor, ple d&#8217;esperan\u00e7a, en que els llibres tinguin un paper essencial i creixin de manera constant noves generacions d&#8217;il\u00b7lustradors.<\/p>\n<p style=\"text-align: center;\">Aquest premi es concedir\u00e0 d&#8217;acord amb les BASES detallades al seg\u00fcent enlla\u00e7:<\/p>\n<h5 style=\"text-align: center;\"><strong><a href=\"\/?page_id=6545&amp;lang=es\"><em>BASES del I Premi Ant\u00f2nia Cortijos d&#8217;il\u00b7lustraci\u00f3 (Convocatoria de 2025)<\/em><\/a><\/strong><\/h5>\n<p>&nbsp;<\/p>\n<h4 style=\"text-align: center;\"><a href=\"\/?page_id=6562&amp;lang=es\"><strong><span style=\"color: #993366;\"><span style=\"color: #993300;\">ACTA DEL I PREMI ANT\u00d2NIA CORTIJOS D&#8217;IL\u00b7LUSTRACI\u00d3<\/span><\/span><\/strong><\/a><\/h4>\n<p>&nbsp;<\/p>\n<p><a href=\"http:\/\/sierraifabra.com\/wp-content\/uploads\/2023\/09\/Logos-premi.png\"><img loading=\"lazy\" decoding=\"async\" class=\"alignnone size-medium wp-image-6436 aligncenter\" src=\"http:\/\/sierraifabra.com\/wp-content\/uploads\/2023\/09\/Logos-premi-300x138.png\" alt=\"\" width=\"300\" height=\"138\" srcset=\"https:\/\/sierraifabra.com\/wp-content\/uploads\/2023\/09\/Logos-premi-300x138.png 300w, https:\/\/sierraifabra.com\/wp-content\/uploads\/2023\/09\/Logos-premi.png 647w\" sizes=\"auto, (max-width: 300px) 100vw, 300px\" \/><\/a><\/p>\n","protected":false},"excerpt":{"rendered":"<p>Tercera edici\u00f3n del Premio Ant\u00f2nia Cortijos de ilustraci\u00f3n para J\u00f3venes Tercera edici\u00f3 del Premi Ant\u00f2nia Cortijos d&#8217;il\u00b7lustraci\u00f3 per a Joves La Fundaci\u00f3 Jordi Sierra i Fabra, en colaboraci\u00f3n con Editorial Cru\u00eflla, convoca la tercera edici\u00f3n del Premio Ant\u00f2nia Cortijos de Ilustraci\u00f3n, con el objeto de&hellip; <a class=\"read-more\" href=\"https:\/\/sierraifabra.com\/?page_id=6401&#038;lang=es\">Read more<\/a><\/p>\n","protected":false},"author":101012,"featured_media":0,"parent":0,"menu_order":0,"comment_status":"closed","ping_status":"closed","template":"","meta":{"footnotes":""},"class_list":["post-6401","page","type-page","status-publish","hentry"],"aioseo_notices":[],"_links":{"self":[{"href":"https:\/\/sierraifabra.com\/index.php?rest_route=\/wp\/v2\/pages\/6401","targetHints":{"allow":["GET"]}}],"collection":[{"href":"https:\/\/sierraifabra.com\/index.php?rest_route=\/wp\/v2\/pages"}],"about":[{"href":"https:\/\/sierraifabra.com\/index.php?rest_route=\/wp\/v2\/types\/page"}],"author":[{"embeddable":true,"href":"https:\/\/sierraifabra.com\/index.php?rest_route=\/wp\/v2\/users\/101012"}],"replies":[{"embeddable":true,"href":"https:\/\/sierraifabra.com\/index.php?rest_route=%2Fwp%2Fv2%2Fcomments&post=6401"}],"version-history":[{"count":0,"href":"https:\/\/sierraifabra.com\/index.php?rest_route=\/wp\/v2\/pages\/6401\/revisions"}],"wp:attachment":[{"href":"https:\/\/sierraifabra.com\/index.php?rest_route=%2Fwp%2Fv2%2Fmedia&parent=6401"}],"curies":[{"name":"wp","href":"https:\/\/api.w.org\/{rel}","templated":true}]}}