{"id":6550,"date":"2024-01-30T14:49:52","date_gmt":"2024-01-30T13:49:52","guid":{"rendered":"https:\/\/sierraifabra.com\/?page_id=6550"},"modified":"2024-02-01T16:51:58","modified_gmt":"2024-02-01T15:51:58","slug":"acta-del-i-premio-antonia-cortijos-de-ilustracion","status":"publish","type":"page","link":"https:\/\/sierraifabra.com\/?page_id=6550&lang=es","title":{"rendered":"ACTA DEL I PREMIO ANT\u00d2NIA CORTIJOS DE ILUSTRACI\u00d3N"},"content":{"rendered":"<p><img loading=\"lazy\" decoding=\"async\" class=\"alignnone size-medium wp-image-6433 aligncenter\" src=\"http:\/\/sierraifabra.com\/wp-content\/uploads\/2023\/09\/Def.cast_-300x300.jpg\" alt=\"\" width=\"300\" height=\"300\" srcset=\"https:\/\/sierraifabra.com\/wp-content\/uploads\/2023\/09\/Def.cast_-300x300.jpg 300w, https:\/\/sierraifabra.com\/wp-content\/uploads\/2023\/09\/Def.cast_-150x150.jpg 150w, https:\/\/sierraifabra.com\/wp-content\/uploads\/2023\/09\/Def.cast_.jpg 464w\" sizes=\"auto, (max-width: 300px) 100vw, 300px\" \/><\/p>\n<p style=\"text-align: center;\"><strong><u>ACTA DEL I PREMIO DE ILUSTRACI\u00d3N<br \/>\n<\/u><\/strong><strong><u>ANT\u00d2NIA CORTIJOS 2024<\/u><\/strong><\/p>\n<p style=\"text-align: center;\">Reunido en Barcelona, a 30 de enero de 2024, el jurado del I Premio Ant\u00f2nia Cortijos de Ilustraci\u00f3n, formado por personal de la entidad convocante, la Fundaci\u00f3 Jordi Sierra i Fabra, en colaboraci\u00f3n con Editorial Cru\u00eflla, se ha llegado al siguiente fallo:<\/p>\n<p style=\"text-align: center;\"><strong><u>GANADORA DEL I PREMIO ANT\u00d2NIA CORTIJOS<br \/>\n<\/u><\/strong><strong><u>DE ILUSTRACI\u00d3N 2024:<\/u><\/strong><\/p>\n<p style=\"text-align: center;\"><a href=\"https:\/\/sierraifabra.com\/wp-content\/uploads\/2024\/01\/ariadna.jpg\"><img loading=\"lazy\" decoding=\"async\" class=\"aligncenter size-full wp-image-6560\" src=\"https:\/\/sierraifabra.com\/wp-content\/uploads\/2024\/01\/ariadna.jpg\" alt=\"\" width=\"192\" height=\"256\" \/><\/a><strong>Ariadna Altimira de los Reyes,<br \/>\n<\/strong><strong>de Barcelona,<br \/>\n<\/strong><strong>por &#8220;La llegenda de Sigfrid&#8221;<\/strong><\/p>\n<p style=\"text-align: center;\"><strong>\u00a0<\/strong><strong><u>FINALISTAS<\/u><\/strong><\/p>\n<p style=\"text-align: center;\"><strong>\u00a0<\/strong>Primera finalista:<\/p>\n<p style=\"text-align: center;\"><strong>Irene Tur Fleta,<br \/>\n<\/strong><strong>de Barcelona,<br \/>\n<\/strong><strong>por &#8220;El somni de la Holly&#8221;<\/strong><\/p>\n<p style=\"text-align: center;\"><strong>\u00a0<\/strong>Segundo finalista:<\/p>\n<p style=\"text-align: center;\"><strong>\u00c0lex \u00c1lvarez Aranda,<br \/>\n<\/strong><strong>de Sant Vicens dels Horts, Barcelona,<br \/>\n<\/strong><strong>per &#8220;Junk&#8221;<\/strong><\/p>\n<p>\u00a0\u00a0\u00a0\u00a0\u00a0\u00a0 La ganadora del <strong>I Premio Ant\u00f2nia Cortijos de Ilustraci\u00f3n<\/strong> es natural de Barcelona, donde naci\u00f3 el 15 de octubre de 2001. Estudi\u00f3 en la academia Ferrer i Abella de l&#8217;Hospitalet de Llobregat e hizo el bachillerato art\u00edstico, con grado superior en animaci\u00f3n e ilustraci\u00f3n. Autodidacta, dibuja desde que era muy peque\u00f1a. El cuento con el que ha ganado la primera edici\u00f3n del premio Ant\u00f2nia Cortijos fue un trabajo de fin de curso y en \u00e9l destaca la calidad de la propuesta est\u00e9tica tanto como los atractivos colores que conforman la leyenda de Sigfrido, ahora convertida en \u00e1lbum ilustrado.<\/p>\n<p>En segundo lugar, Irene Tur Fleta, de tan solo 17 a\u00f1os, ha sorprendido con un excelente trabajo de inspiraci\u00f3n manga y fantas\u00eda. Alex \u00c1lvarez Aranda, con &#8220;Junk&#8221;, un relato ecol\u00f3gico, ha completado el podio de esta primera edici\u00f3n del concurso auspiciado por la <strong>Fundaci\u00f3 Jordi Sierra i Fabra<\/strong> con la colaboraci\u00f3n de la <strong>Editorial Cru\u00eflla<\/strong>.\u00a0Recordemos que este premio lleva el nombra de la esposa de Jordi, vicepresidenta de la Fundaci\u00f3, desaparecida tr\u00e1gicamente el 22 de noviembre de 2022.<\/p>\n<p><strong>La entrega del premio y la presentaci\u00f3n de la obra ganadora, se llevar\u00e1 a cabo en fecha a determinar en octubre de 2024.<\/strong><\/p>\n<p>&nbsp;<\/p>\n<p><a href=\"http:\/\/sierraifabra.com\/wp-content\/uploads\/2023\/09\/Logos-premi.png\"><img loading=\"lazy\" decoding=\"async\" class=\"alignnone size-medium wp-image-6436 aligncenter\" src=\"http:\/\/sierraifabra.com\/wp-content\/uploads\/2023\/09\/Logos-premi-300x138.png\" alt=\"\" width=\"300\" height=\"138\" srcset=\"https:\/\/sierraifabra.com\/wp-content\/uploads\/2023\/09\/Logos-premi-300x138.png 300w, https:\/\/sierraifabra.com\/wp-content\/uploads\/2023\/09\/Logos-premi.png 647w\" sizes=\"auto, (max-width: 300px) 100vw, 300px\" \/><\/a><\/p>\n","protected":false},"excerpt":{"rendered":"<p>ACTA DEL I PREMIO DE ILUSTRACI\u00d3N ANT\u00d2NIA CORTIJOS 2024 Reunido en Barcelona, a 30 de enero de 2024, el jurado del I Premio Ant\u00f2nia Cortijos de Ilustraci\u00f3n, formado por personal de la entidad convocante, la Fundaci\u00f3 Jordi Sierra i Fabra, en colaboraci\u00f3n con Editorial Cru\u00eflla,&hellip; <a class=\"read-more\" href=\"https:\/\/sierraifabra.com\/?page_id=6550&#038;lang=es\">Read more<\/a><\/p>\n","protected":false},"author":101012,"featured_media":0,"parent":6401,"menu_order":0,"comment_status":"closed","ping_status":"closed","template":"","meta":{"footnotes":""},"class_list":["post-6550","page","type-page","status-publish","hentry"],"aioseo_notices":[],"_links":{"self":[{"href":"https:\/\/sierraifabra.com\/index.php?rest_route=\/wp\/v2\/pages\/6550","targetHints":{"allow":["GET"]}}],"collection":[{"href":"https:\/\/sierraifabra.com\/index.php?rest_route=\/wp\/v2\/pages"}],"about":[{"href":"https:\/\/sierraifabra.com\/index.php?rest_route=\/wp\/v2\/types\/page"}],"author":[{"embeddable":true,"href":"https:\/\/sierraifabra.com\/index.php?rest_route=\/wp\/v2\/users\/101012"}],"replies":[{"embeddable":true,"href":"https:\/\/sierraifabra.com\/index.php?rest_route=%2Fwp%2Fv2%2Fcomments&post=6550"}],"version-history":[{"count":0,"href":"https:\/\/sierraifabra.com\/index.php?rest_route=\/wp\/v2\/pages\/6550\/revisions"}],"up":[{"embeddable":true,"href":"https:\/\/sierraifabra.com\/index.php?rest_route=\/wp\/v2\/pages\/6401"}],"wp:attachment":[{"href":"https:\/\/sierraifabra.com\/index.php?rest_route=%2Fwp%2Fv2%2Fmedia&parent=6550"}],"curies":[{"name":"wp","href":"https:\/\/api.w.org\/{rel}","templated":true}]}}