{"id":6562,"date":"2024-02-01T16:47:38","date_gmt":"2024-02-01T15:47:38","guid":{"rendered":"https:\/\/sierraifabra.com\/?page_id=6562"},"modified":"2025-09-25T11:38:25","modified_gmt":"2025-09-25T09:38:25","slug":"acta-del-i-premi-antonia-cortijos-dil%c2%b7lustracio","status":"publish","type":"page","link":"https:\/\/sierraifabra.com\/?page_id=6562&lang=es","title":{"rendered":"ACTA DEL I PREMI ANT\u00d2NIA CORTIJOS D&#8217;IL\u00b7LUSTRACI\u00d3"},"content":{"rendered":"<p><a href=\"https:\/\/sierraifabra.com\/wp-content\/uploads\/2023\/09\/Def.cat_.jpg\"><img loading=\"lazy\" decoding=\"async\" class=\"aligncenter wp-image-6434 size-medium\" src=\"https:\/\/sierraifabra.com\/wp-content\/uploads\/2023\/09\/Def.cat_-300x300.jpg\" alt=\"\" width=\"300\" height=\"300\" srcset=\"https:\/\/sierraifabra.com\/wp-content\/uploads\/2023\/09\/Def.cat_-300x300.jpg 300w, https:\/\/sierraifabra.com\/wp-content\/uploads\/2023\/09\/Def.cat_-150x150.jpg 150w, https:\/\/sierraifabra.com\/wp-content\/uploads\/2023\/09\/Def.cat_.jpg 464w\" sizes=\"auto, (max-width: 300px) 100vw, 300px\" \/><\/a><\/p>\n<p style=\"text-align: center;\"><strong><u>ACTA DEL I PREMI D&#8217;IL\u00b7LUSTRACI\u00d3<br \/>\n<\/u><\/strong><strong><u>ANT\u00d2NIA CORTIJOS 2024<\/u><\/strong><\/p>\n<p style=\"text-align: center;\">Reunit a Barcelona, a 30 de gener de 2024, el jurat del I Premi Ant\u00f2nia\u00a0Cortijos\u00a0d&#8217;Il\u00b7lustraci\u00f3, format per personal de\u00a0l&#8217;entitat\u00a0convocant, la Fundaci\u00f3 Jordi\u00a0Sierra\u00a0i Fabra, en\u00a0col\u00b7laboraci\u00f3\u00a0amb Editorial Cru\u00eflla, s&#8217;ha arribat al\u00a0seg\u00fcent\u00a0veredicte:<\/p>\n<p style=\"text-align: center;\"><strong><u>GUANYADORA DEL I PREMI ANT\u00d2NIA CORTIJOS<br \/>\n<\/u><\/strong><strong><u>D&#8217;IL\u00b7LUSTRACI\u00d3 2024:<\/u><\/strong><\/p>\n<p style=\"text-align: center;\"><a href=\"https:\/\/sierraifabra.com\/wp-content\/uploads\/2024\/01\/ariadna.jpg\"><img loading=\"lazy\" decoding=\"async\" class=\"aligncenter size-full wp-image-6560\" src=\"https:\/\/sierraifabra.com\/wp-content\/uploads\/2024\/01\/ariadna.jpg\" alt=\"\" width=\"192\" height=\"256\" \/><\/a><strong><u>\u00a0<\/u><\/strong><strong>Ariadna Altimira de los Reyes,<br \/>\n<\/strong><strong>de Barcelona,<br \/>\n<\/strong><strong>per &#8220;La llegenda de Sigfrid&#8221;<\/strong><\/p>\n<p style=\"text-align: center;\"><strong>\u00a0<\/strong><strong><u>FINALISTES<\/u><\/strong><\/p>\n<p style=\"text-align: center;\"><strong>\u00a0<\/strong>Primera finalista:<\/p>\n<p style=\"text-align: center;\"><strong>Irene Tur Fleta,<br \/>\n<\/strong><strong>de Barcelona,<br \/>\n<\/strong><strong>per &#8220;El somni de la Holly&#8221;<\/strong><\/p>\n<p style=\"text-align: center;\"><strong>\u00a0<\/strong>Segon finalista:<\/p>\n<p style=\"text-align: center;\"><strong>\u00c0lex \u00c1lvarez Aranda,<br \/>\n<\/strong><strong>de Sant Vicens dels Horts, Barcelona,<br \/>\n<\/strong><strong>per &#8220;Junk&#8221;<\/strong><\/p>\n<p style=\"text-align: left;\">\u00a0\u00a0\u00a0\u00a0\u00a0\u00a0\u00a0\u00a0 La guanyadora del <strong>I Premi Ant\u00f2nia Cortijos d&#8217;Il\u00b7lustraci\u00f3<\/strong> \u00e9s natural de Barcelona, \u200b\u200bon va n\u00e9ixer el 15 d&#8217;octubre del 2001. Va estudiar a l&#8217;acad\u00e8mia Ferrer i Abella de l&#8217;Hospitalet de Llobregat i va fer el batxillerat art\u00edstic, amb un grau superior en animaci\u00f3 i il\u00b7lustraci\u00f3. Autodidacte, dibuixa des que era molt petita. El conte amb qu\u00e8 ha guanyat la primera edici\u00f3 del premi Ant\u00f2nia Cortijos va ser un treball de fi de curs i hi destaca la qualitat de la proposta est\u00e8tica tant com els atractius colors que conformen la llegenda de Sigfrid, ara convertida en \u00e0lbum il\u00b7lustrat.<\/p>\n<p style=\"text-align: left;\">\u00a0\u00a0\u00a0\u00a0\u00a0\u00a0\u00a0\u00a0 En segon lloc, Irene Tur Fleta, de tan sols 17 anys, ha sorpr\u00e8s amb un excel\u00b7lent treball d&#8217;inspiraci\u00f3 manga i fantasia. \u00c0lex \u00c1lvarez Aranda, amb &#8220;Junk&#8221;, un relat ecol\u00f2gic, ha completat el podi d&#8217;aquesta primera edici\u00f3 del concurs creat per la <strong>Fundaci\u00f3 Jordi Sierra i Fabra<\/strong> amb la col\u00b7laboraci\u00f3 de l&#8217;<strong>Editorial Cru\u00eflla<\/strong>. Recordem que aquest premi porta el nom de la dona de Jordi, vicepresidenta de la Fundaci\u00f3, desapareguda tr\u00e0gicament el 22 de novembre del 2022.<\/p>\n<p style=\"text-align: left;\"><strong>\u00a0\u00a0\u00a0\u00a0\u00a0\u00a0\u00a0\u00a0 El lliurament del premi i la presentaci\u00f3 de l&#8217;obra guanyadora es dur\u00e0 a terme en una data a determinar a l&#8217;octubre del 2024.<\/strong><\/p>\n<p>&nbsp;<\/p>\n<p><a href=\"http:\/\/sierraifabra.com\/wp-content\/uploads\/2023\/09\/Logos-premi.png\"><img loading=\"lazy\" decoding=\"async\" class=\"alignnone size-medium wp-image-6436 aligncenter\" src=\"http:\/\/sierraifabra.com\/wp-content\/uploads\/2023\/09\/Logos-premi-300x138.png\" alt=\"\" width=\"300\" height=\"138\" srcset=\"https:\/\/sierraifabra.com\/wp-content\/uploads\/2023\/09\/Logos-premi-300x138.png 300w, https:\/\/sierraifabra.com\/wp-content\/uploads\/2023\/09\/Logos-premi.png 647w\" sizes=\"auto, (max-width: 300px) 100vw, 300px\" \/><\/a><\/p>\n","protected":false},"excerpt":{"rendered":"<p>ACTA DEL I PREMI D&#8217;IL\u00b7LUSTRACI\u00d3 ANT\u00d2NIA CORTIJOS 2024 Reunit a Barcelona, a 30 de gener de 2024, el jurat del I Premi Ant\u00f2nia\u00a0Cortijos\u00a0d&#8217;Il\u00b7lustraci\u00f3, format per personal de\u00a0l&#8217;entitat\u00a0convocant, la Fundaci\u00f3 Jordi\u00a0Sierra\u00a0i Fabra, en\u00a0col\u00b7laboraci\u00f3\u00a0amb Editorial Cru\u00eflla, s&#8217;ha arribat al\u00a0seg\u00fcent\u00a0veredicte: GUANYADORA DEL I PREMI ANT\u00d2NIA CORTIJOS D&#8217;IL\u00b7LUSTRACI\u00d3 2024:&hellip; <a class=\"read-more\" href=\"https:\/\/sierraifabra.com\/?page_id=6562&#038;lang=es\">Read more<\/a><\/p>\n","protected":false},"author":101012,"featured_media":0,"parent":6401,"menu_order":0,"comment_status":"closed","ping_status":"closed","template":"","meta":{"footnotes":""},"class_list":["post-6562","page","type-page","status-publish","hentry"],"aioseo_notices":[],"_links":{"self":[{"href":"https:\/\/sierraifabra.com\/index.php?rest_route=\/wp\/v2\/pages\/6562","targetHints":{"allow":["GET"]}}],"collection":[{"href":"https:\/\/sierraifabra.com\/index.php?rest_route=\/wp\/v2\/pages"}],"about":[{"href":"https:\/\/sierraifabra.com\/index.php?rest_route=\/wp\/v2\/types\/page"}],"author":[{"embeddable":true,"href":"https:\/\/sierraifabra.com\/index.php?rest_route=\/wp\/v2\/users\/101012"}],"replies":[{"embeddable":true,"href":"https:\/\/sierraifabra.com\/index.php?rest_route=%2Fwp%2Fv2%2Fcomments&post=6562"}],"version-history":[{"count":0,"href":"https:\/\/sierraifabra.com\/index.php?rest_route=\/wp\/v2\/pages\/6562\/revisions"}],"up":[{"embeddable":true,"href":"https:\/\/sierraifabra.com\/index.php?rest_route=\/wp\/v2\/pages\/6401"}],"wp:attachment":[{"href":"https:\/\/sierraifabra.com\/index.php?rest_route=%2Fwp%2Fv2%2Fmedia&parent=6562"}],"curies":[{"name":"wp","href":"https:\/\/api.w.org\/{rel}","templated":true}]}}