{"id":6568,"date":"2024-02-13T10:31:27","date_gmt":"2024-02-13T09:31:27","guid":{"rendered":"https:\/\/sierraifabra.com\/?page_id=6568"},"modified":"2024-06-08T18:28:11","modified_gmt":"2024-06-08T16:28:11","slug":"entrega-y-acta-del-premio-jordi-sierra-i-fabra-2024","status":"publish","type":"page","link":"https:\/\/sierraifabra.com\/?page_id=6568&lang=es","title":{"rendered":"ENTREGA Y ACTA DEL PREMIO JORDI SIERRA I FABRA 2024"},"content":{"rendered":"<h4 style=\"text-align: center;\"><strong>ENTREGA DEL XIX PREMIO LITERARIO JORDI SIERRA I FABRA PARA J\u00d3VENES<br \/>\n<a href=\"https:\/\/sierraifabra.com\/wp-content\/uploads\/2024\/06\/Premio2024-1.jpg\"><img loading=\"lazy\" decoding=\"async\" class=\"alignnone wp-image-6701\" src=\"https:\/\/sierraifabra.com\/wp-content\/uploads\/2024\/06\/Premio2024-1-254x300.jpg\" alt=\"\" width=\"199\" height=\"235\" srcset=\"https:\/\/sierraifabra.com\/wp-content\/uploads\/2024\/06\/Premio2024-1-254x300.jpg 254w, https:\/\/sierraifabra.com\/wp-content\/uploads\/2024\/06\/Premio2024-1-867x1024.jpg 867w, https:\/\/sierraifabra.com\/wp-content\/uploads\/2024\/06\/Premio2024-1-768x907.jpg 768w, https:\/\/sierraifabra.com\/wp-content\/uploads\/2024\/06\/Premio2024-1-1301x1536.jpg 1301w, https:\/\/sierraifabra.com\/wp-content\/uploads\/2024\/06\/Premio2024-1.jpg 1734w\" sizes=\"auto, (max-width: 199px) 100vw, 199px\" \/><\/a>.\u00a0 <a href=\"https:\/\/sierraifabra.com\/wp-content\/uploads\/2024\/06\/Premio-2024-2.jpg\"><img loading=\"lazy\" decoding=\"async\" class=\"alignnone wp-image-6700\" src=\"https:\/\/sierraifabra.com\/wp-content\/uploads\/2024\/06\/Premio-2024-2-221x300.jpg\" alt=\"\" width=\"175\" height=\"238\" srcset=\"https:\/\/sierraifabra.com\/wp-content\/uploads\/2024\/06\/Premio-2024-2-221x300.jpg 221w, https:\/\/sierraifabra.com\/wp-content\/uploads\/2024\/06\/Premio-2024-2-755x1024.jpg 755w, https:\/\/sierraifabra.com\/wp-content\/uploads\/2024\/06\/Premio-2024-2-768x1042.jpg 768w, https:\/\/sierraifabra.com\/wp-content\/uploads\/2024\/06\/Premio-2024-2.jpg 1104w\" sizes=\"auto, (max-width: 175px) 100vw, 175px\" \/>.\u00a0 <\/a><a href=\"https:\/\/sierraifabra.com\/wp-content\/uploads\/2024\/06\/4.jpg\"><img loading=\"lazy\" decoding=\"async\" class=\"alignnone wp-image-6706\" src=\"https:\/\/sierraifabra.com\/wp-content\/uploads\/2024\/06\/4-225x300.jpg\" alt=\"\" width=\"179\" height=\"239\" srcset=\"https:\/\/sierraifabra.com\/wp-content\/uploads\/2024\/06\/4-225x300.jpg 225w, https:\/\/sierraifabra.com\/wp-content\/uploads\/2024\/06\/4-768x1024.jpg 768w, https:\/\/sierraifabra.com\/wp-content\/uploads\/2024\/06\/4-1152x1536.jpg 1152w, https:\/\/sierraifabra.com\/wp-content\/uploads\/2024\/06\/4-360x480.jpg 360w, https:\/\/sierraifabra.com\/wp-content\/uploads\/2024\/06\/4.jpg 1200w\" sizes=\"auto, (max-width: 179px) 100vw, 179px\" \/><\/a><\/strong><\/h4>\n<p style=\"text-align: center;\"><a href=\"https:\/\/sierraifabra.com\/wp-content\/uploads\/2024\/06\/3-1.jpg\"><img loading=\"lazy\" decoding=\"async\" class=\"alignnone size-medium wp-image-6709\" src=\"https:\/\/sierraifabra.com\/wp-content\/uploads\/2024\/06\/3-1-145x300.jpg\" alt=\"\" width=\"145\" height=\"300\" srcset=\"https:\/\/sierraifabra.com\/wp-content\/uploads\/2024\/06\/3-1-145x300.jpg 145w, https:\/\/sierraifabra.com\/wp-content\/uploads\/2024\/06\/3-1-493x1024.jpg 493w, https:\/\/sierraifabra.com\/wp-content\/uploads\/2024\/06\/3-1-768x1594.jpg 768w, https:\/\/sierraifabra.com\/wp-content\/uploads\/2024\/06\/3-1-740x1536.jpg 740w, https:\/\/sierraifabra.com\/wp-content\/uploads\/2024\/06\/3-1.jpg 882w\" sizes=\"auto, (max-width: 145px) 100vw, 145px\" \/>\u00a0\u00a0 <\/a><a href=\"https:\/\/sierraifabra.com\/wp-content\/uploads\/2024\/06\/5.jpg\"><img loading=\"lazy\" decoding=\"async\" class=\"alignnone size-medium wp-image-6707\" src=\"https:\/\/sierraifabra.com\/wp-content\/uploads\/2024\/06\/5-286x300.jpg\" alt=\"\" width=\"286\" height=\"300\" srcset=\"https:\/\/sierraifabra.com\/wp-content\/uploads\/2024\/06\/5-286x300.jpg 286w, https:\/\/sierraifabra.com\/wp-content\/uploads\/2024\/06\/5-975x1024.jpg 975w, https:\/\/sierraifabra.com\/wp-content\/uploads\/2024\/06\/5-768x807.jpg 768w, https:\/\/sierraifabra.com\/wp-content\/uploads\/2024\/06\/5-1462x1536.jpg 1462w, https:\/\/sierraifabra.com\/wp-content\/uploads\/2024\/06\/5.jpg 1523w\" sizes=\"auto, (max-width: 286px) 100vw, 286px\" \/><\/a><\/p>\n<p>El d\u00eda 6 de junio se entreg\u00f3 en Le\u00f3n el XIX Premio Literario Jordi Sierra i Fabra a la ganadora de esta edici\u00f3n, Mar\u00eda Lorenzo Valero, reci\u00e9n cumplidos los 17 a\u00f1os. El acto, con el sal\u00f3n repleto, consagr\u00f3 a la joven escritora, que tambi\u00e9n firm\u00f3 sus primeros libros como autora.<\/p>\n<h4 style=\"text-align: center;\"><strong>ACTA DEL XIX PREMIO JORDI SIERRA I FABRA PARA J\u00d3VENES 2024<\/strong><\/h4>\n<p>Reunido en la ciudad de Barcelona el 13 de febrero de 2024, el jurado del D\u00e9cimo noveno Premio Jordi Sierra i Fabra para J\u00f3venes, integrado por D\u00aa Berta M\u00e1rquez (editora del Grupo Editorial SM), D\u00aa Elena O&#8217;Callaghan (escritora), D\u00aa \u00c1frica V\u00e1zquez (escritora y ganadora del Premio Jordi Sierra i Fabra 2008), D. Pep Dur\u00e1n (librero y representando a la Fundaci\u00f3 JSiF) y D. Arturo Padilla (escritor y primer ganador del Premio Jordi Sierra i Fabra en 2006), se han acordado los siguientes fallos:<\/p>\n<p style=\"text-align: center;\"><strong><u>GANADOR DEL PREMIO JORDI SIERRA I FABRA <\/u><\/strong><strong><u>PARA J\u00d3VENES 2024:<\/u><\/strong><\/p>\n<h2 style=\"text-align: center;\"><strong>Mar\u00eda Lorenzo Valero<\/strong><br \/>\n<strong>de Villarodrigo de las Regueras, Le\u00f3n<\/strong><br \/>\n<strong>por &#8220;El mu\u00f1eco del maestro&#8221;<\/strong><\/h2>\n<p style=\"text-align: center;\"><strong>\u00a0<\/strong><strong><u>FINALISTAS<\/u><\/strong><\/p>\n<p style=\"text-align: center;\"><strong>\u00a0<\/strong>Primer finalista:<\/p>\n<p style=\"text-align: center;\"><strong>Claudia Gallego Egido<br \/>\n<\/strong><strong>de Segovia<br \/>\n<\/strong><strong>por &#8220;Reino de Amazonas&#8221;<\/strong><\/p>\n<p style=\"text-align: center;\"><strong>\u00a0<\/strong>Segundo finalista:<\/p>\n<p style=\"text-align: center;\"><strong>Rosa Mar\u00eda Berrocal Rodr\u00edguez<br \/>\n<\/strong><strong>de Fuenlabrada, Madrid<br \/>\n<\/strong><strong>por &#8220;La sombra del progreso&#8221;<\/strong><\/p>\n<p style=\"text-align: center;\"><strong>\u00a0<\/strong>Tercer finalista:<\/p>\n<p style=\"text-align: center;\"><strong>\u00a0<\/strong><strong>Sara Moro M\u00e9ndez<br \/>\n<\/strong><strong>de Gij\u00f3n<br \/>\n<\/strong><strong>por &#8220;El silencio de las orqu\u00eddeas&#8221;<\/strong><\/p>\n<p style=\"text-align: center;\"><strong>\u00a0<\/strong>Cuarto finalista (ex-aequo):<\/p>\n<p style=\"text-align: center;\"><strong>B\u00e1rbara Calero Paramonova<br \/>\n<\/strong><strong>de Caudete, Albacete<br \/>\n<\/strong><strong>por &#8220;Oasis eterno&#8221;<\/strong><\/p>\n<p style=\"text-align: center;\"><strong>Alba Simarro R\u00edos<br \/>\n<\/strong><strong>de Humanes de Madrid, Madrid<br \/>\n<\/strong><strong>por &#8220;Inmortal Coluym&#8221;<\/strong><\/p>\n<p style=\"text-align: center;\">Quinto finalista :<\/p>\n<p style=\"text-align: center;\"><strong>Eva Rom\u00e1n Teijeiro<br \/>\n<\/strong><strong>de Vigo<br \/>\n<\/strong><strong>por &#8220;Cuando nuestra m\u00fasica no era el silencio&#8221;<\/strong><\/p>\n<p style=\"text-align: center;\">Sexto finalista:<\/p>\n<p style=\"text-align: center;\"><strong>\u00a0<\/strong><strong>Manal Lachaal Lachkar<br \/>\n<\/strong><strong>de Figueres, Girona<br \/>\n<\/strong><strong>por &#8220;Malas Hierbas&#8221;<\/strong><\/p>\n<p style=\"text-align: center;\"><strong><u>LISTA DE HONOR ORO (POR ORDEN ALFABETICO)<\/u><\/strong><\/p>\n<p style=\"text-align: center;\"><strong>Irene Alc\u00e1zar Holgado<br \/>\n<\/strong>de Villafranca de Ebro, Zaragoza<br \/>\npor &#8220;La estrella de la ma\u00f1ana&#8221;<\/p>\n<p style=\"text-align: center;\"><strong>Marcos Carrizo P\u00e9rez<br \/>\n<\/strong>de Zaragoza<br \/>\npor &#8220;Dexhia&#8221;<\/p>\n<p style=\"text-align: center;\"><strong>Mar\u00eda Jim\u00e9nez Tarradellas<br \/>\n<\/strong>de Vic, Barcelona<br \/>\npor &#8220;Uno a uno&#8221;<\/p>\n<p style=\"text-align: center;\"><strong>\u00a0<\/strong><strong><u>LISTA DE HONOR PLATA (POR ORDEN ALFABETICO)<\/u><\/strong><\/p>\n<p style=\"text-align: center;\"><strong>Alba Claver Tejero<br \/>\n<\/strong>de Vitoria Gasteiz<br \/>\npor &#8220;Hasta que la luna est\u00e9 llena&#8221;<\/p>\n<p style=\"text-align: center;\"><strong>Andrea von Esch Sanju\u00e1n<br \/>\n<\/strong>de Riudecols, Tarragora<br \/>\npor &#8220;Textor Temporis&#8221;<\/p>\n<p style=\"text-align: center;\"><strong>Estela Pastor de Miguel<br \/>\n<\/strong>de Denia, Alicante<br \/>\npor &#8220;La maldici\u00f3n de la marca&#8221;<\/p>\n<p style=\"text-align: center;\"><strong>Juan Vicente Naranjo Lemus<br \/>\n<\/strong>de Bogot\u00e1, Colombia<br \/>\npor &#8220;Penumbras de las entra\u00f1as&#8221;<\/p>\n<p style=\"text-align: center;\"><strong>J\u00falia C\u00f3rcoles Ca\u00f1as<br \/>\n<\/strong>de Murcia<br \/>\npor &#8220;Lo invisible&#8221;<\/p>\n<p style=\"text-align: center;\"><strong>June Aguirre Andueza<br \/>\n<\/strong>de Aldatz, Navarra<br \/>\npor &#8220;0,01%<\/p>\n<p style=\"text-align: center;\"><strong>Laia Farr\u00e0s i Coll<br \/>\n<\/strong>de Sentmenat, Barcelona<br \/>\npor &#8220;Todo lo que no me atrev\u00ed a contarte&#8221;<\/p>\n<p style=\"text-align: center;\"><strong>Lola Collazo Couto<br \/>\n<\/strong>de Carballo, A Coru\u00f1a<br \/>\npor &#8220;Morat\u00f3n&#8221;<\/p>\n<p style=\"text-align: center;\"><strong>Lydia Gallego S\u00e1nchez<br \/>\n<\/strong>de Monreal del Campo, Teruel<br \/>\npor &#8220;Ikigat&#8221;<\/p>\n<p style=\"text-align: left;\">\u00a0\u00a0\u00a0\u00a0\u00a0\u00a0\u00a0\u00a0 La cosecha del Premio de Novela Jordi Sierra i Fabra para J\u00f3venes 2024 nos ha deparado un n\u00famero de 32 originales presentados, todav\u00eda lejos del record de 2013 (111 obras), pero manteniendo la recuperaci\u00f3n tras la pandemia de 2020 y 2021. Han optado al premio 29 chicas y 3 chicos, similar al de todas las convocatorias precedentes. Por g\u00e9neros, tenemos 16 novelas realistas, 11 de fantas\u00eda, 1 de relatos, 2 de ciencia ficci\u00f3n y 2 de mitolog\u00eda. Se mantienen los textos de fantas\u00eda, mezclada con la realidad en ocasiones, y este a\u00f1o han estado mucho m\u00e1s elaborados y han sido m\u00e1s originales, con menos influencias de obras ya conocidas. Los relatos realistas s\u00ed muestran influencias en algunos casos de novelas famosas en la LIJ, y tambi\u00e9n de historias contadas por sus mayores que han dado pie a estas novelas presentadas. Hay dos historias de vidas en pa\u00edses africanos con finales felices tras llegar a Europa. Siguen las preocupaciones ecol\u00f3gicas, salvar el mundo, etc. y tambi\u00e9n los asesinatos, prostituciones o enfermedades graves. Los temas hist\u00f3ricos han estado de nuevo muy trabajados, bien documentados, y las dos novelas con trasfondo mitol\u00f3gico han resultado excelentes. Bajan las historias de institutos. Lo que no falla es la moda de situar muchas situaciones en lugares extranjeros, preferentemente anglosajones.<br \/>\nEl ingenio y el trabajo de las historias se hace evidente a\u00f1o a a\u00f1o, prueba de la seriedad con la que os tom\u00e1is este reto que ha cambiado la vida de tantos y tantas en las convocatorias anteriores (la mayor\u00eda de los primeros ganadores son hoy escritores ya consagrados). Por supuesto ha habido participantes que se presentaban por segunda y tercera vez, incluso cuarta, incansables al desaliento, como tiene que ser. El esfuerzo, sacrificio, confianza y perseverancia m\u00e1s all\u00e1 de los resultados es la clave para llegar a ser escritor o escritora. Algunas veces un finalista de un a\u00f1o no aparece ni en las Listas de Honor al siguiente. Esto no significa un retroceso, es solo una vicisitud m\u00e1s propia de los concursos literarios. Cada a\u00f1o os digo lo mismo: escribir es una marat\u00f3n sin fin, cada libro es siempre el primero, y el peaje del aprendizaje es duro, aunque suele confortar. Escribir es una necesidad para muchos y muchas, como lo es respirar. A lo largo de los ya 19 a\u00f1os del premio, no pocos son los que nunca han llegado a la final y en cambio han publicado posteriormente libros al crecer y evolucionar. Y cuidado: digo publicar, no autopublicarse, algo que solo es un autoenga\u00f1o y no sirve de nada. Escribir significa honrar lo que se hace y respetarse a s\u00ed mismo en ese proceso. La autopublicaci\u00f3n acaba siendo un juego producto de una falta de madurez, por otro lado, algo propio de la adolescencia. Por \u00faltimo, siguiendo directrices del jurado, recomendar siempre pasar el libro por el auto corrector del ordenador, cuidar la est\u00e9tica, entrar las primeras l\u00edneas, no utilizar palabras rimbombantes si no sab\u00e9is que significan y no fiarse nunca de una sola fuente de informaci\u00f3n. Hay que contrastar. Wikipedia est\u00e1 plagada de errores.<br \/>\nMar\u00eda Lorenzo Valero naci\u00f3 el 18 de marzo de 2007. Tiene, pues, 16 a\u00f1os. Sus padres, Oscar y F\u00e1tima, son maestros. Tiene una hermana de 11 a\u00f1os llamada Blanca. Estudia 1\u00ba de Bachillerato en la escuela Nuestra Se\u00f1ora del Carmen de Le\u00f3n. Su deseo, adem\u00e1s de escribir, es estudiar Filolog\u00eda Hisp\u00e1nica. <strong>&#8220;El mu\u00f1eco del maestro&#8221;<\/strong> es su primera novela, y surgi\u00f3 cuando hizo un voluntariado para cuidar a personas mayores en una residencia. Una mujer de m\u00e1s de 80 a\u00f1os le cont\u00f3 su historia, y esta ha sido la base de su relato, realista, intenso y bellamente escrito, con una profunda sensibilidad. <strong>&#8220;El mu\u00f1eco del maestro&#8221;<\/strong> se desarrolla poco antes de la guerra civil espa\u00f1ola y narra la relaci\u00f3n entre un maestro rural y una ni\u00f1a de unos 7 u 8 a\u00f1os. Solo el maestro y la ni\u00f1a saben que el mu\u00f1eco del maestro es real, tiene vida propia. As\u00ed pues, hablamos de una novela del m\u00e1s puro realismo m\u00e1gico y en ella vemos como la fantas\u00eda sirve de evasi\u00f3n ante la dureza de lo cotidiano. Rica en vocabulario, propio de un ambiente rural de la \u00e9poca, es una historia tan intensa como preciosistamente literaria.<br \/>\n<strong>&#8220;Reino de Amazonas&#8221;<\/strong>, de Claudia Gallego Egido (30-9-2005) es un trepidante relato sobre la mitolog\u00eda cl\u00e1sica pero desde un novedoso y original punto de vista, con personajes como S\u00f3crates o Plat\u00f3n, dioses, h\u00e9roes y un numeroso cat\u00e1logo de figuras conocidas, aqu\u00ed tratadas de una forma muy sorprendente. La acci\u00f3n es constante, las aventuras y las luchas incesantes y, en suma, es un impresionante trabajo de documentaci\u00f3n e inventiva. Tambi\u00e9n contiene una historia de amor porque en el trasfondo aparece la b\u00fasqueda de la igualdad entre hombres y mujeres.<br \/>\nEn tercer lugar, ha quedado Rosa Mar\u00eda Berrocal (28-11-2006), ya finalista en una convocatoria anterior, en su cuarta participaci\u00f3n, toda una prueba de esfuerzo y constancia, pues la regularidad tambi\u00e9n cuenta y es f\u00e1cil imaginar que estamos ante una escritora en ciernes, vocacional y persistente. Su novela <strong>&#8220;La sombra del progreso&#8221;<\/strong> es una distopia que nos habla del progreso y sus consecuencias, en un mundo en el que solo una minor\u00eda puede estudiar. Hay buenos debates entre la ciencia y los l\u00edmites de la \u00e9tica en sus p\u00e1ginas.<br \/>\nComo siempre, y me repito a\u00f1o a a\u00f1o, es importante destacar la utilidad de las recomendaciones que se os hacen a trav\u00e9s de la revista literaria de las Fundaciones Jordi Sierra i Fabra, <a href=\"http:\/\/www.lapaginaescrita.com\">www.lapaginaescrita.com<\/a>, as\u00ed como de los anexos al final de las bases que anualmente se cuelgan en <a href=\"http:\/\/www.sierraifabra.com\">www.sierraifabra.com<\/a>. S\u00f3lo escribiendo (y leyendo, por supuesto) se aprende a escribir. El hecho de saber hacerlo mejor o peor ha de ir acompa\u00f1ado de la necesaria est\u00e9tica para presentar una novela. No es lo mismo escribir una novela que hacer un correo electr\u00f3nico o un mensaje por m\u00f3vil. Enhorabuena a todos y todas las participantes que han emprendido el camino de aceptar este maravilloso reto: escribir. Y que nadie piense que ha ganado una obra y las dem\u00e1s han perdido porque no es as\u00ed. Una gana, pero las dem\u00e1s compiten. El m\u00e9rito de escribir una novela es vuestro, pero el placer de verla terminada no tiene precio. Ese orgullo no os lo quita nadie.<br \/>\nLa entrega del XIX Premio Literario Jordi Sierra i Fabra se realizar\u00e1 en el transcurso de un acto abierto al p\u00fablico en lugar y hora que se anunciar\u00e1 oportunamente, con la presentaci\u00f3n de la novela ganadora ya editada.<br \/>\nY el pr\u00f3ximo a\u00f1o&#8230; \u00a1nuestro 20 aniversario!<\/p>\n<p style=\"text-align: left;\">\u00a0\u00a0\u00a0\u00a0\u00a0\u00a0 <strong>Jordi Sierra i Fabra, 13 de febrero de 2024<\/strong><\/p>\n<p style=\"text-align: center;\">\n","protected":false},"excerpt":{"rendered":"<p>ENTREGA DEL XIX PREMIO LITERARIO JORDI SIERRA I FABRA PARA J\u00d3VENES .\u00a0 .\u00a0 \u00a0\u00a0 El d\u00eda 6 de junio se entreg\u00f3 en Le\u00f3n el XIX Premio Literario Jordi Sierra i Fabra a la ganadora de esta edici\u00f3n, Mar\u00eda Lorenzo Valero, reci\u00e9n cumplidos los 17 a\u00f1os.&hellip; <a class=\"read-more\" href=\"https:\/\/sierraifabra.com\/?page_id=6568&#038;lang=es\">Read more<\/a><\/p>\n","protected":false},"author":101012,"featured_media":0,"parent":592,"menu_order":0,"comment_status":"closed","ping_status":"closed","template":"","meta":{"footnotes":""},"class_list":["post-6568","page","type-page","status-publish","hentry"],"aioseo_notices":[],"_links":{"self":[{"href":"https:\/\/sierraifabra.com\/index.php?rest_route=\/wp\/v2\/pages\/6568","targetHints":{"allow":["GET"]}}],"collection":[{"href":"https:\/\/sierraifabra.com\/index.php?rest_route=\/wp\/v2\/pages"}],"about":[{"href":"https:\/\/sierraifabra.com\/index.php?rest_route=\/wp\/v2\/types\/page"}],"author":[{"embeddable":true,"href":"https:\/\/sierraifabra.com\/index.php?rest_route=\/wp\/v2\/users\/101012"}],"replies":[{"embeddable":true,"href":"https:\/\/sierraifabra.com\/index.php?rest_route=%2Fwp%2Fv2%2Fcomments&post=6568"}],"version-history":[{"count":0,"href":"https:\/\/sierraifabra.com\/index.php?rest_route=\/wp\/v2\/pages\/6568\/revisions"}],"up":[{"embeddable":true,"href":"https:\/\/sierraifabra.com\/index.php?rest_route=\/wp\/v2\/pages\/592"}],"wp:attachment":[{"href":"https:\/\/sierraifabra.com\/index.php?rest_route=%2Fwp%2Fv2%2Fmedia&parent=6568"}],"curies":[{"name":"wp","href":"https:\/\/api.w.org\/{rel}","templated":true}]}}