{"id":6890,"date":"2025-02-05T12:11:51","date_gmt":"2025-02-05T11:11:51","guid":{"rendered":"https:\/\/sierraifabra.com\/?page_id=6890"},"modified":"2026-02-16T10:53:44","modified_gmt":"2026-02-16T09:53:44","slug":"acta-del-premio-jordi-sierra-i-fabra-2025","status":"publish","type":"page","link":"https:\/\/sierraifabra.com\/?page_id=6890&lang=es","title":{"rendered":"ENTREGA Y ACTA DEL PREMIO JORDI SIERRA I FABRA 2025"},"content":{"rendered":"<h4 style=\"text-align: center;\">ENTREGA DEL PREMIO JORDI SIERRA I FABRA 2025<br \/>\n<a href=\"https:\/\/sierraifabra.com\/wp-content\/uploads\/2025\/06\/Premi1.jpg\"><img loading=\"lazy\" decoding=\"async\" class=\"alignnone size-medium wp-image-6984\" src=\"https:\/\/sierraifabra.com\/wp-content\/uploads\/2025\/06\/Premi1-300x233.jpg\" alt=\"\" width=\"300\" height=\"233\" srcset=\"https:\/\/sierraifabra.com\/wp-content\/uploads\/2025\/06\/Premi1-300x233.jpg 300w, https:\/\/sierraifabra.com\/wp-content\/uploads\/2025\/06\/Premi1-768x597.jpg 768w, https:\/\/sierraifabra.com\/wp-content\/uploads\/2025\/06\/Premi1.jpg 940w\" sizes=\"auto, (max-width: 300px) 100vw, 300px\" \/><\/a><br \/>\nHelena Moreno Padilla recibi\u00f3 de manos de Jordi el XX Premio Literario Jordi Sierra i Fabra para J\u00f3venes. El acto se celebr\u00f3 en la librer\u00eda Picasso de Almer\u00eda con la presentaci\u00f3n de la obra ganadora.<\/h4>\n<p>&nbsp;<\/p>\n<h4 style=\"text-align: center;\"><strong>ACTA DE LA CONCESI\u00d3N DEL XX PREMIO<br \/>\n<\/strong><strong>JORDI SIERRA I FABRA PARA J\u00d3VENES 2025<\/strong><\/h4>\n<p><strong>\u00a0<\/strong>\u00a0\u00a0\u00a0\u00a0\u00a0\u00a0\u00a0\u00a0 Reunido en la ciudad de Barcelona el 10 de febrero de 2025, el jurado del Vig\u00e9simo Premio Jordi Sierra i Fabra para J\u00f3venes, integrado por D\u00aa Berta M\u00e1rquez (editora del Grupo Editorial SM), D\u00aa Elena O&#8217;Callaghan (escritora), D\u00aa \u00c1frica V\u00e1zquez (escritora y ganadora del Premio Jordi Sierra i Fabra 2008), D. Pep Dur\u00e1n (librero y representando a la Fundaci\u00f3 JSiF) y D. Arturo Padilla (escritor y primer ganador del Premio Jordi Sierra i Fabra en 2006), se han acordado los siguientes fallos:<\/p>\n<p style=\"text-align: center;\"><strong><u>GANADORA DEL PREMIO JORDI SIERRA I FABRA <\/u><\/strong><strong><u>PARA J\u00d3VENES 2025:<\/u><\/strong><\/p>\n<h2 style=\"text-align: center;\"><strong>Helena Moreno Padilla<br \/>\n<\/strong><strong>de Almer\u00eda<\/strong><br \/>\n<strong>por &#8220;M\u00e1s all\u00e1 de la muralla&#8221;<\/strong><\/h2>\n<p style=\"text-align: center;\"><strong>\u00a0<\/strong><strong><u>FINALISTAS<\/u><\/strong><\/p>\n<p style=\"text-align: center;\"><strong>\u00a0<\/strong>Primer finalista:<\/p>\n<p style=\"text-align: center;\"><strong>J\u00falia C\u00f3rcoles Ca\u00f1as<br \/>\n<\/strong><strong>de Murcia<br \/>\n<\/strong><strong>por &#8220;Lo que nos dijimos en silencio&#8221;<\/strong><strong>\u00a0<\/strong><\/p>\n<p style=\"text-align: center;\">Segundo finalista:<\/p>\n<p style=\"text-align: center;\"><strong>Marcos Carrizo P\u00e9rez<br \/>\n<\/strong><strong>de Zaragoza<br \/>\n<\/strong><strong>por &#8220;Memorias de un imperio de promesas&#8221;<\/strong><strong>\u00a0<\/strong><\/p>\n<p style=\"text-align: center;\">Tercer finalista:<\/p>\n<p style=\"text-align: center;\"><strong>\u00a0<\/strong><strong>Paula \u00c1lvarez Farreras<br \/>\n<\/strong><strong>de Trobajo del Camino, Le\u00f3n<br \/>\n<\/strong><strong>por &#8220;\u00bfA qu\u00e9 huelen las flores muertas?&#8221;<\/strong><\/p>\n<p style=\"text-align: center;\"><strong>\u00a0<\/strong>Cuarto finalista<\/p>\n<p style=\"text-align: center;\"><strong>Rosa Mar\u00eda Berrocal Rodr\u00edguez<br \/>\n<\/strong><strong>de Fuenlabrada, Madrid<br \/>\n<\/strong><strong>por &#8220;El \u00faltimo viaje&#8221;<\/strong><\/p>\n<p style=\"text-align: center;\">Quinto finalista:<\/p>\n<p style=\"text-align: center;\"><strong>Abril Adalia Godina<br \/>\n<\/strong><strong>de Boadilla del Monte, Madrid<br \/>\n<\/strong><strong>por &#8220;M\u00e1s all\u00e1 de las palabras&#8221;<\/strong><\/p>\n<p style=\"text-align: center;\"><strong><u>LISTA DE HONOR ORO (POR ORDEN ALFABETICO)<\/u><\/strong><\/p>\n<p style=\"text-align: center;\"><strong>Claudia Romero Dorna<br \/>\n<\/strong>de San Xoan de Vilanova, A Coru\u00f1a<br \/>\npor &#8220;Relatos (y dem\u00e1s estudios insomnes)&#8221;<\/p>\n<p style=\"text-align: center;\"><strong>Daniel Alonso Gordo<br \/>\n<\/strong>de La Habana, Cuba<br \/>\npor &#8220;Mr. Reus&#8221;<\/p>\n<p style=\"text-align: center;\"><strong>Diana Esteban Pato<br \/>\n<\/strong>de Madrid<br \/>\npor &#8220;El pintoresco mundo escalera&#8221;<\/p>\n<p style=\"text-align: center;\"><strong>Eliel Birzavit Ortigas Rodr\u00edguez<br \/>\n<\/strong>de Son Servera, Mallorca<br \/>\npor &#8220;El secreto de los noxianos&#8221;<\/p>\n<p style=\"text-align: center;\"><strong>\u00a0<\/strong><strong>Laura Mart\u00ed Ortiz<br \/>\n<\/strong>de Granollers, Barcelona<br \/>\npor &#8220;Tiempo en latidos&#8221;<\/p>\n<p style=\"text-align: center;\"><strong>Natalia Ramos P\u00e9rez<br \/>\n<\/strong>de Valencia<br \/>\npor &#8220;Ambulantes&#8221;<\/p>\n<p style=\"text-align: center;\"><strong>Nikole Ganivet Canio<br \/>\n<\/strong>de Villarrobledo, Albacete<br \/>\npor &#8220;Una delgada l\u00ednea entre&#8230;&#8221;<\/p>\n<p style=\"text-align: center;\"><strong><u>LISTA DE HONOR PLATA (POR ORDEN ALFABETICO)<\/u><\/strong><\/p>\n<p style=\"text-align: center;\"><strong>\u00c1lvaro Rodr\u00edguez Mu\u00f1oz<br \/>\n<\/strong>de Las Rozas, Madrid<br \/>\npor &#8220;Nal\u00f3n&#8221;<\/p>\n<p style=\"text-align: center;\"><strong>\u00c1lvaro S\u00e1nchez Nogueira<br \/>\n<\/strong>de Alcorc\u00f3n, Madrid<br \/>\npor &#8220;Los archivos D&#8221;<\/p>\n<p style=\"text-align: center;\"><strong>Carmen Mart\u00ednez Narros<br \/>\n<\/strong>de Meco, Madrid<br \/>\npor &#8220;La Era de las Bestias&#8221;<\/p>\n<p style=\"text-align: center;\"><strong>In\u00e9s Soledad Ajban de los R\u00edos<br \/>\n<\/strong>de Madrid<br \/>\npor &#8220;Todos mis errores y reflexiones&#8221;<\/p>\n<p style=\"text-align: center;\"><strong>Itxaso Illarramendi Gonzalez<br \/>\n<\/strong>de Vigo, Pontevedra<br \/>\npor &#8220;Diez corazones&#8221;<\/p>\n<p style=\"text-align: center;\"><strong>Lydia Gallego S\u00e1nchez-Toril<br \/>\n<\/strong>de Monreal del Campo, Teruel<br \/>\npor &#8220;Fabricante de sue\u00f1os&#8221;<\/p>\n<p style=\"text-align: center;\"><strong>Mateo Maldonado S\u00e1nchez<br \/>\n<\/strong>de Bucaramanga, Colombia<br \/>\npor &#8220;Cuentos de otro mundo&#8221;<\/p>\n<p style=\"text-align: center;\"><strong>Mayram Beatriz M\u00e1rquez D\u00edaz<br \/>\n<\/strong>de Caracas, Venezuela<br \/>\npor &#8220;El mago de amatista&#8221;<\/p>\n<p style=\"text-align: center;\"><strong>Paola Candelario Hern\u00e1ndez<br \/>\n<\/strong>de Los Santos de Malmona, Badajoz<br \/>\npor &#8220;El \u00faltimo p\u00e9talo&#8221;<\/p>\n<p style=\"text-align: center;\"><strong>Silvia Dom\u00ednguez Pinaderos<br \/>\n<\/strong>de Madrid<br \/>\npor &#8220;Desde 1981&#8221;<\/p>\n<p style=\"text-align: center;\"><strong>Sof\u00eda Rond\u00f3n Rusca<br \/>\n<\/strong>de Yanahuara, Arequipa, Per\u00fa<br \/>\npor &#8220;La escuela C.P.M.&#8221;<\/p>\n<p style=\"text-align: left;\">\u00a0\u00a0\u00a0\u00a0\u00a0\u00a0\u00a0\u00a0 La cosecha del Premio de Novela Jordi Sierra i Fabra para J\u00f3venes 2025 nos ha deparado un n\u00famero de 46 originales presentados, m\u00e1s que en 2024, pero todav\u00eda lejos del record de 2013 (111 obras). Sin embargo, se nota la recuperaci\u00f3n tras la pandemia de 2020 y 2021. El efecto de saturaci\u00f3n de m\u00f3viles y redes sociales tambi\u00e9n contribuye a que se vuelva a prestar atenci\u00f3n a lo que realmente importa, como es la lectura y no digamos ya la escritura, que para ello se convoca este premio.<br \/>\nHan optado al JSiF &#8217;25 un total de 36 chicas y 10 chicos, proporci\u00f3n similar a la de todas las convocatorias precedentes. Por g\u00e9neros, tenemos 14 novelas realistas, 3 de realismo fant\u00e1stico, 4 biogr\u00e1ficas o autobiogr\u00e1ficas, 2 de aventuras, 12 de fantas\u00eda, 1 de fantas\u00eda rom\u00e1ntica, 5 recopilaciones de cuentos (dos de ellas de terror), 4 de ciencia ficci\u00f3n y 1 de historia. Destacar una vez m\u00e1s que han llegado obras de M\u00e9xico, Per\u00fa, Ecuador, Colombia, Venezuela y Cuba, prueba de la internacionalidad del premio.<br \/>\nEntre los puntos que se destacan de la lectura de los originales, hay que citar estos: sigue subiendo el nivel, mucho, ya que hemos tenido seis finalistas, siete integrantes de la Lista de Honor Oro y once de la Lista de Honor Plata, es decir, m\u00e1s de la mitad de los libros presentados han estado por encima de la media; los relatos de fantas\u00eda son m\u00e1s originales y est\u00e1n m\u00e1s elaborados; los relatos realistas muestran una clara influencia de distintos \u00e9xitos de la LIJ o son de herencia oral quiz\u00e1 por parte de abuelos o tutores; destaca una novela de fantas\u00eda rom\u00e1ntica por lo sorprendente y la de la Historia de Roma por la documentaci\u00f3n. Las cosas negativas son: demasiados t\u00e9rminos anglosajones, nombres, palabras, lugares; sigue la tendencia a creer que cuantas m\u00e1s p\u00e1ginas tiene un libro es mejor, y no, al contrario, a veces se mezclan demasiados temas y muchos no aportan nada o se quedan sin resolver por falta de dominio narrativo, normal siendo j\u00f3venes; y, de nuevo, en alg\u00fan libro, el exceso de palabras muy eruditas pero descontextualizadas (que una palabra sea sonora no significa que encaje en el relato). Un tema que si ha preocupado y mucho, es que se han detectado libros con indicios de haber sido escritos o pasados por la IA. Estos libros sospechosos quedan autom\u00e1ticamente fuera de los puestos de honor. En el caso de los finalistas, que son los que lee el jurado al final, desde este a\u00f1o ser\u00e1n pasados por un detector para comprobar que no haya huellas de IA en su redacci\u00f3n. Si quer\u00e9is escribir no pod\u00e9is enga\u00f1ados a vosotros mismos. No tiene sentido. Este es un premio que os ayuda a dar forma a vuestros sue\u00f1os, no una meta en s\u00ed. El artista que se miente a s\u00ed mismo no es ni ser\u00e1 nunca artista. Si solo quer\u00e9is ganar es que est\u00e1is jugando y no pens\u00e1is en el futuro y en lo maravilloso que es escribir. El tema de la IA se incluir\u00e1 en las pr\u00f3ximas bases del premio.<br \/>\nEl ingenio y el trabajo de las historias se hace evidente a\u00f1o a a\u00f1o, prueba de la seriedad con la que os tom\u00e1is este reto que ha cambiado la vida de tantos y tantas en las convocatorias anteriores (la mayor\u00eda de los primeros ganadores son hoy escritores ya consagrados, y muchos m\u00e1s, que no lo hicieron, han publicado sus novelas con el paso de los a\u00f1os). Por supuesto ha habido participantes que se presentaban por segunda y tercera vez, incluso cuarta o quinta, incansables al desaliento, como tiene que ser. El esfuerzo, sacrificio, confianza y perseverancia m\u00e1s all\u00e1 de los resultados es la clave para llegar a ser escritor o escritora. Algunas veces un finalista de un a\u00f1o no aparece ni en las Listas de Honor al siguiente. Esto no significa un retroceso, es solo una vicisitud m\u00e1s propia de los concursos literarios. Cada a\u00f1o os digo lo mismo: escribir es una marat\u00f3n sin fin, cada libro es siempre el primero, y el peaje del aprendizaje es duro, aunque suele confortar. Escribir es una necesidad para muchos y muchas, como lo es respirar. Insisto: a lo largo de los ya 20 a\u00f1os del premio, no pocos son los que nunca han llegado a la final y en cambio han publicado posteriormente libros al crecer y evolucionar. Y cuidado: digo publicar, no autopublicarse, algo que solo es un autoenga\u00f1o y no sirve de nada. Escribir significa honrar lo que se hace y respetarse a s\u00ed mismo en ese proceso. La autopublicaci\u00f3n acaba siendo un juego producto de un af\u00e1n de notoriedad o necesidad de autoestima, por otro lado, algo propio de la adolescencia. Por \u00faltimo, siguiendo directrices del jurado, recomendar siempre pasar el libro por el auto corrector del ordenador, cuidar la est\u00e9tica, entrar las primeras l\u00edneas, no separar p\u00e1rrafos, no utilizar palabras rimbombantes si no sab\u00e9is que significan y no fiarse nunca de una sola fuente de informaci\u00f3n. Hay que contrastar. Wikipedia est\u00e1 plagada de errores.<br \/>\nHelena Moreno Padilla naci\u00f3 el 3 de mayo de 2008 en Almer\u00eda. Hab\u00eda escrito anteriormente dos novelas y varios relatos. Comenz\u00f3 a escribir el libro con el que ha ganado el premio a fines de verano de 2023, lo termin\u00f3 en noviembre del mismo a\u00f1o y tras revisarlo decidi\u00f3 presentarlo a esta convocatoria. Helena estudia bachillerato de Arte en la Escuela de Arte de Almer\u00eda y es una notable dibujante. Por ello en su futuro se ve como ilustradora, escritora y cineasta. La novela &#8220;M\u00e1s all\u00e1 de la muralla&#8221; es de fantas\u00eda. Sunny es un elfo que vive en una ciudad amurallada. Un d\u00eda esta muralla sufre un atentado y roban la espada de la guardiana de la ciudad. Sunny y un amigo herrero tratan de recuperarla viviendo no pocas aventuras en un universo poblado por seres mitol\u00f3gicos.<br \/>\nEn segundo lugar ha quedado &#8220;Lo que nos dijimos en silencio&#8221;, una excepcional historia realista escrita magistralmente por J\u00falia C\u00f3rcoles Ca\u00f1as, que era la tercera vez que optaba al premio. Nos habla de un rebelde chico sordo que vive en un orfanato, en 1955, sin que nadie le haga caso. Un d\u00eda se contrata a un nuevo educador que le ayudar\u00e1 a integrarse. En tercer lugar Marcos Ca\u00f1as tambi\u00e9n se presentaba al premio por segunda vez. La suya es una novela hist\u00f3rica ambientada en los tiempos de la antigua Roma, con un chico c\u00e1ntabro que se alista en los pretorianos para vengar la muerte de su padre.<br \/>\nA destacar el caso de Rosa Mar\u00eda Berrocal, que marca un hito en la historia del premio. Cinco participaciones, y las cinco veces finalista. La m\u00e1s joven de los finalistas ha sido Paula \u00c1lvarez, nacida en abril de 2010.<br \/>\nComo siempre, y son ya 20 a\u00f1os de este premio, convertido en el m\u00e1s importante en lengua castellana en el mundo para j\u00f3venes, es esencial destacar la utilidad de las recomendaciones que se os hacen en los anexos al final de las bases que anualmente se cuelgan en <a href=\"http:\/\/www.sierraifabra.com\">www.sierraifabra.com<\/a>. S\u00f3lo escribiendo (y leyendo, por supuesto) se aprende a escribir. El hecho de saber hacerlo mejor o peor ha de ir acompa\u00f1ado de la necesaria est\u00e9tica para presentar una novela. No es lo mismo escribir una novela que hacer un correo electr\u00f3nico o un mensaje por m\u00f3vil. Enhorabuena a todos y todas las participantes que han emprendido el camino de aceptar este maravilloso reto: escribir. Y que nadie piense que ha ganado una obra y las dem\u00e1s han perdido porque no es as\u00ed. Una gana, pero las dem\u00e1s compiten. El m\u00e9rito de escribir una novela es vuestro, pero el placer de verla terminada no tiene precio. Ese orgullo no os lo quita nadie.<br \/>\nLa entrega del XX Premio Literario Jordi Sierra i Fabra se realizar\u00e1 en el transcurso de un acto abierto al p\u00fablico en Almer\u00eda, en lugar y hora que se anunciar\u00e1 oportunamente, con la presentaci\u00f3n de la novela ganadora ya editada.<\/p>\n<p style=\"text-align: right;\"><strong>Jordi Sierra i Fabra, 10 de febrero de 2025<\/strong><\/p>\n<p>&nbsp;<\/p>\n","protected":false},"excerpt":{"rendered":"<p>ENTREGA DEL PREMIO JORDI SIERRA I FABRA 2025 Helena Moreno Padilla recibi\u00f3 de manos de Jordi el XX Premio Literario Jordi Sierra i Fabra para J\u00f3venes. El acto se celebr\u00f3 en la librer\u00eda Picasso de Almer\u00eda con la presentaci\u00f3n de la obra ganadora. &nbsp; ACTA&hellip; <a class=\"read-more\" href=\"https:\/\/sierraifabra.com\/?page_id=6890&#038;lang=es\">Read more<\/a><\/p>\n","protected":false},"author":101012,"featured_media":0,"parent":592,"menu_order":0,"comment_status":"closed","ping_status":"closed","template":"","meta":{"footnotes":""},"class_list":["post-6890","page","type-page","status-publish","hentry"],"aioseo_notices":[],"_links":{"self":[{"href":"https:\/\/sierraifabra.com\/index.php?rest_route=\/wp\/v2\/pages\/6890","targetHints":{"allow":["GET"]}}],"collection":[{"href":"https:\/\/sierraifabra.com\/index.php?rest_route=\/wp\/v2\/pages"}],"about":[{"href":"https:\/\/sierraifabra.com\/index.php?rest_route=\/wp\/v2\/types\/page"}],"author":[{"embeddable":true,"href":"https:\/\/sierraifabra.com\/index.php?rest_route=\/wp\/v2\/users\/101012"}],"replies":[{"embeddable":true,"href":"https:\/\/sierraifabra.com\/index.php?rest_route=%2Fwp%2Fv2%2Fcomments&post=6890"}],"version-history":[{"count":0,"href":"https:\/\/sierraifabra.com\/index.php?rest_route=\/wp\/v2\/pages\/6890\/revisions"}],"up":[{"embeddable":true,"href":"https:\/\/sierraifabra.com\/index.php?rest_route=\/wp\/v2\/pages\/592"}],"wp:attachment":[{"href":"https:\/\/sierraifabra.com\/index.php?rest_route=%2Fwp%2Fv2%2Fmedia&parent=6890"}],"curies":[{"name":"wp","href":"https:\/\/api.w.org\/{rel}","templated":true}]}}