{"id":7127,"date":"2025-09-29T14:17:16","date_gmt":"2025-09-29T12:17:16","guid":{"rendered":"https:\/\/sierraifabra.com\/?page_id=7127"},"modified":"2025-10-17T18:02:18","modified_gmt":"2025-10-17T16:02:18","slug":"series-policiacas","status":"publish","type":"page","link":"https:\/\/sierraifabra.com\/?page_id=7127&lang=es","title":{"rendered":"SERIES POLIC\u00cdACAS"},"content":{"rendered":"<p><strong>Descubre qui\u00e9nes son sus protagonistas y todos los libros de estas Series Polic\u00edacas:<br \/>\n<\/strong><\/p>\n<h4><a href=\"\/?page_id=5007&amp;lang=es\"><strong>Serie Inspector Mascarell\u00a0<\/strong><\/a><\/h4>\n<h4><a href=\"\/?page_id=7131&amp;lang=es\"><strong>Serie Magda Ventura\u00a0<\/strong><\/a><\/h4>\n<h4><a href=\"\/?page_id=7159&amp;lang=es\"><strong>Serie Berta Mir\u00a0 <\/strong><\/a><\/h4>\n<h4><a href=\"\/?page_id=7211&amp;lang=es\"><strong>Serie Hilari Soler<\/strong><\/a><\/h4>\n<h4><a href=\"\/?page_id=7216&amp;lang=es\"><strong>Serie Daniel Ros<\/strong><\/a><\/h4>\n<h4><a href=\"\/?page_id=7222&amp;lang=es\"><strong>Serie Sam Numit<\/strong><\/a><\/h4>\n<h4><a href=\"\/?page_id=7227&amp;lang=es\"><strong>Serie Amadeo Bola<\/strong><\/a><\/h4>\n<p>&nbsp;<\/p>\n","protected":false},"excerpt":{"rendered":"<p>Descubre qui\u00e9nes son sus protagonistas y todos los libros de estas Series Polic\u00edacas: Serie Inspector Mascarell\u00a0 Serie Magda Ventura\u00a0 Serie Berta Mir\u00a0 Serie Hilari Soler Serie Daniel Ros Serie Sam Numit Serie Amadeo Bola &nbsp;<\/p>\n","protected":false},"author":101012,"featured_media":0,"parent":0,"menu_order":0,"comment_status":"closed","ping_status":"closed","template":"","meta":{"footnotes":""},"class_list":["post-7127","page","type-page","status-publish","hentry"],"aioseo_notices":[],"_links":{"self":[{"href":"https:\/\/sierraifabra.com\/index.php?rest_route=\/wp\/v2\/pages\/7127","targetHints":{"allow":["GET"]}}],"collection":[{"href":"https:\/\/sierraifabra.com\/index.php?rest_route=\/wp\/v2\/pages"}],"about":[{"href":"https:\/\/sierraifabra.com\/index.php?rest_route=\/wp\/v2\/types\/page"}],"author":[{"embeddable":true,"href":"https:\/\/sierraifabra.com\/index.php?rest_route=\/wp\/v2\/users\/101012"}],"replies":[{"embeddable":true,"href":"https:\/\/sierraifabra.com\/index.php?rest_route=%2Fwp%2Fv2%2Fcomments&post=7127"}],"version-history":[{"count":0,"href":"https:\/\/sierraifabra.com\/index.php?rest_route=\/wp\/v2\/pages\/7127\/revisions"}],"wp:attachment":[{"href":"https:\/\/sierraifabra.com\/index.php?rest_route=%2Fwp%2Fv2%2Fmedia&parent=7127"}],"curies":[{"name":"wp","href":"https:\/\/api.w.org\/{rel}","templated":true}]}}