{"id":7131,"date":"2025-09-29T14:25:12","date_gmt":"2025-09-29T12:25:12","guid":{"rendered":"https:\/\/sierraifabra.com\/?page_id=7131"},"modified":"2025-09-29T14:25:12","modified_gmt":"2025-09-29T12:25:12","slug":"serie-magda-ventura","status":"publish","type":"page","link":"https:\/\/sierraifabra.com\/?page_id=7131&lang=es","title":{"rendered":"Serie Magda Ventura"},"content":{"rendered":"<h3><strong>\u00bfQUI\u00c9N ES MAGDA VENTURA?<br \/>\n<\/strong><\/h3>\n<p>A finales de octubre de 2019 me llam\u00f3 mi agente para narrativa adulta, Isabel Mart\u00ed. La editorial Univers (del grupo Enciclopedia Catalana, editores tambi\u00e9n de La Galera) quer\u00eda que les hiciese un personaje polic\u00edaco. Yo ya ten\u00eda a mi emblem\u00e1tico Miquel Mascarell, as\u00ed que si hac\u00eda otro, ten\u00eda que ser su reverso. Y no me pill\u00f3 por sorpresa porque, de hecho, ya estaba pensando en hacer algo del g\u00e9nero en tiempo actual. Mascarell era de los 40-50, Hilario Soler de los 60. Me puse a ello y en muy poco tuve pergre\u00f1ada a Magda Ventura. Mascarell era hombre, el nuevo personaje ten\u00eda que ser mujer. Mascarell era inspector y ahora ejerc\u00eda de detective de tapadillo, Magda ten\u00eda que ser periodista.<\/p>\n<p>Magda Ventura era mujer, periodista de investigaci\u00f3n, 42 a\u00f1os, dura, empoderada y con un pasado: 13 a\u00f1os antes le hab\u00edan asesinado a su prometido. En su bajada a los infiernos hab\u00eda hecho locuras, y siendo corresponsal de guerra en Afganist\u00e1n, un atentado talib\u00e1n le hab\u00eda volado medio est\u00f3mago. Al regresar su vida se hab\u00eda asentado, aunque a\u00fan iba al siquiatra. Los amigos de Magda son el polic\u00eda que no logr\u00f3 descubrir qui\u00e9n asesin\u00f3 a su novio, y que desde entonces la protege y la cuida, y N\u00e9stor, un abogado, playboy, rico, con el que se acuesta cuando le apetece si necesita sexo. Un amigo con derecho a roce.<\/p>\n<p>Dise\u00f1\u00e9 inicialmente una trilog\u00eda. En el primer libro, la presentaci\u00f3n del personaje con un caso de intriga internacional. En el segundo, la resoluci\u00f3n de lo que pas\u00f3 realmente en Afganist\u00e1n. Y el tercero, el descubrimiento final de qui\u00e9n mat\u00f3 a su novio. Si la serie no se vend\u00eda, con estos tres cerrar\u00eda el c\u00edrculo. Si iba bien, ya seguir\u00eda.<\/p>\n<p>El 13 de noviembre tuve una reuni\u00f3n en la agencia con Isabel Mart\u00ed y los responsables de Univers, Ester Pujol y Iago Fern\u00e1ndez. A Ester la conoc\u00eda de los tiempos de Columna, as\u00ed que no era de extra\u00f1ar que me hubiera pedido una serie. All\u00ed les expuse como iba a ser todo, e incluso les dije que, como los libros de Mascarell aparec\u00edan en abril, los de Magda tendr\u00edan que salir en septiembre-octubre. Estuvieron de acuerdo en todo. En todo. No hubo ning\u00fan pero, queja o sugerencia. Sal\u00ed de la reuni\u00f3n y al d\u00eda siguiente ya estaba trabajando en el primero de los libros, &#8220;La conspiraci\u00f3n del colt\u00e1n&#8221;. Si las novelas de Mascarell requer\u00edan mucha documentaci\u00f3n de la \u00e9poca, con los de Magda tuve que ponerme las pilas sobre la actualidad. Para cada novela de Magda desde ese momento, pas\u00e9 muchas horas navegando por Internet, leyendo cables de wikileaks en un sinf\u00edn de idiomas, etc.<\/p>\n<p>&nbsp;<\/p>\n<h3><strong>LIBROS DE LA SERIE MAGDA VENTURA<br \/>\n<\/strong><\/h3>\n<h4><strong>La conspiraci\u00f3n del colt\u00e1n \/ La conspiraci\u00f3 del coltan<\/strong><\/h4>\n<ul>\n<li>Guion previo: noviembre-diciembre de 2019<\/li>\n<li>Escrito: 3-5 y 7-18 de enero de 2020<\/li>\n<li>Publicado: septiembre de 2020 por Univers\/Universo en catal\u00e1n y octubre en castellano<\/li>\n<\/ul>\n<p>&#8220;La conspiraci\u00f3n del colt\u00e1n&#8221; arranca con el asesinato de una prostituta de lujo mediante la t\u00e9cnica oriental del shibari, que consiste en atar a mujeres con cuerdas de manera que formen una escultura, aunque tiene tanto de er\u00f3tico y art\u00edstico como de seudosado. Magda Ventura tira del hilo y acaba metida en una conspiraci\u00f3n para derrocar al Gobierno de Burkina Faso. El libro sirve de presentaci\u00f3n del universo Magda Ventura. El guion lo desarroll\u00e9 viajando por A Coru\u00f1a, Ginebra, C\u00f3rdoba y Roma adem\u00e1s de Barcelona. A Roma fui por el estreno de mi obra &#8220;Kafka y la mu\u00f1eca viajera&#8221;. Cuando escrib\u00ed el libro pens\u00e9 en titularlo &#8220;Oscuro&#8221;, y seguir con los otros as\u00ed, con t\u00edtulos de una sola palabra. Pero Iago Fern\u00e1ndez me convenci\u00f3 de que le diera m\u00e1s contexto, y cuando encontr\u00e9 lo de &#8220;La conspiraci\u00f3n&#8221; no solo me decid\u00ed, sino que decid\u00ed titular los siguientes con la misma s\u00edlaba inicial: &#8220;Con&#8221;. De ah\u00ed que los siguientes se titularan &#8220;La conjura de Herat&#8221;, &#8220;La conexi\u00f3n maltesa&#8221;&#8230;<\/p>\n<p>&nbsp;<\/p>\n<h4><strong>La conjura de Herat \/ La conjura d&#8217;Herat<\/strong><\/h4>\n<ul>\n<li>Guion previo: marzo de 2020<\/li>\n<li>Escrito: 24 de marzo al 14 de abril de 2020<\/li>\n<li>Publicado: septiembre de 2021 por Univers\/Universo<\/li>\n<\/ul>\n<p>Los d\u00edas de encierro pand\u00e9mico, desde finales de marzo hasta pr\u00e1cticamente comienzos de mayo, los pas\u00e9 trabajando en la segunda novela de mi nuevo personaje, Magda Ventura. Hab\u00eda planeado tres libros, y quer\u00eda escribirlos casi de corrido. Como cont\u00e9 en el primero, el segundo gira en torno a una de las claves de la historia de Magda: el atentado talib\u00e1n de Afganist\u00e1n de a\u00f1os atr\u00e1s, cuando las tropas espa\u00f1olas ocupaban la base de Herat. La soldado que sobrevivi\u00f3 junto a Magda en aquel atentado, en el que perdi\u00f3 una pierna, mata a un oficial ahora en el presente. Magda intuye que hay algo escondido en ese asesinato, algo que tiene que ver con el pasado, viaja a la prisi\u00f3n de mujeres de M\u00e1laga, donde ella est\u00e1, y as\u00ed descubre que el atentado no fue causa directa de los talibanes, sino de un oficial del Ej\u00e9rcito espa\u00f1ol que hab\u00eda montado una red de tr\u00e1fico de drogas. Red que en la actualidad sigue funcionando a pleno rendimiento. Magda rehace los hilos de entonces para cerrar ese cap\u00edtulo de su vida. En paralelo, en la misma novela, investiga la muerte de un cobaya humano en unos experimentos de un laboratorio farmac\u00e9utico.<\/p>\n<p>Cuando se public\u00f3 &#8220;La conjura de Herat&#8221;, en septiembre de 2021, la editorial no esper\u00f3 a la salida del tercero (ya en su poder porque lo escrib\u00ed en marzo de 2021) y me dijeron que pod\u00eda ir preparando los siguientes. Fue la certeza de que el personaje funcionaba.<\/p>\n<p>&nbsp;<\/p>\n<h4><strong>La conexi\u00f3n maltesa \/ La connexi\u00f3 maltesa<\/strong><\/h4>\n<ul>\n<li>Guion previo: 12 a 16 de diciembre de 2020<\/li>\n<li>Escrito: 1 al 18 de marzo de 2021<\/li>\n<li>Publicado: septiembre de 2022 por Univers\/Universo<\/li>\n<\/ul>\n<p>Antes de terminar 2020, prepar\u00e9 el guion de la tercera novela de Magda Ventura, el m\u00e1s complejo y complicado de los tres. Era el libro destinado, a priori, a concluir la trilog\u00eda inicial a la espera de saber si el personaje gustaba y pod\u00eda seguir con \u00e9l. Pero, como ya he dicho al hablar del segundo, la editorial no esper\u00f3 a la salida de este tercer libro y me dio carta blanca para los siguientes nada m\u00e1s editar &#8220;La conjura de Herat&#8221;. Ten\u00eda todo fresco en la cabeza y dej\u00e9 el guion listo para ser escrito en diciembre de 2020, despu\u00e9s del arduo trabajo de investigaci\u00f3n. Mi idea era hacerlo en verano, pero la falta de viajes me impuls\u00f3 a adelantarlo.<\/p>\n<p>En esta tercera entrega, Magda Ventura se enfrenta a la verdad sobre el asesinato de su prometido, trece a\u00f1os antes. Un atentado cometido en Malta revela que se utiliz\u00f3 la misma arma que en el crimen de su novio. Magda no espera las pesquisas policiales y viaja a la isla para investigar por su cuenta. Lo que descubre es un tr\u00e1fico de armas a gran escala, con salida desde puertos espa\u00f1oles como Barcelona o Valencia, y llega hasta un crimen cometido por la mafia del cual se deriv\u00f3 el asesinato de Rafa, su prometido, trece a\u00f1os antes. La novela parte de un sinf\u00edn de hechos reales, camuflados y novelados, como el crimen del mafioso Vaccarizi en La Modelo de Barcelona en 1984, el secuestro del barco Faina, cargado con tanques y armas, por parte de los piratas somal\u00edes en el Golfo de Ad\u00e9n en 2008, y la retenci\u00f3n de otro barco, el Mekong Spirit, de nuevo cargado de armas, en Creta en 2017, tras salir de Barcelona. Tambi\u00e9n le sum\u00e9 el desmantelamiento de los arsenales ucranianos tras la ca\u00edda de la Uni\u00f3n Sovi\u00e9tica, con generales borrachos que vend\u00edan armas a peso con destino a tantas y tantas guerras del tercer mundo. Tuve que leerme decenas de cables de wikileaks en un sinf\u00edn de idiomas (gracias, Google Translator) para esclarecer lo sucedido, sobre todo, con el Faina, al que los estadounidenses quer\u00edan hundir directamente, temerosos de que los tanques llegaran a tierra y a los rebeldes de Sud\u00e1n del Sur (que era su destino). La novela, no olvidemos que es eso, una ficci\u00f3n, concluye con Magda en paz consigo misma tras cerrar las heridas de su pasado.<\/p>\n<p>&nbsp;<\/p>\n<h4><strong>La constante picassiana \/ La constant picassiana<\/strong><\/h4>\n<ul>\n<li>Guion previo: 30 de diciembre de 2021 a 7 de enero de 2022<\/li>\n<li>Escrito: 29 de mayo al 14, 16 y 17 de junio de 2022<\/li>\n<li>Publicado en septiembre de 2023 por Univers\/Universo<\/li>\n<\/ul>\n<p>Cuarta novela de Magda Ventura. Si en las anteriores hab\u00eda abordado temas como el tr\u00e1fico de drogas o el tr\u00e1fico de armas, en esta abord\u00e9 el del tr\u00e1fico de obras de arte. Un famoso ladr\u00f3n detenido en Londres por robar varios cuadros es el detonante de un caso con muchas ramificaciones. Lo que parece un simple reportaje sobre el tr\u00e1fico de arte robado acaba convirti\u00e9ndose en un complot que involucra a una galer\u00eda de Barcelona. La suma de un asesinato hace que todo estalle y Magda se vea, una vez m\u00e1s, en el ojo del hurac\u00e1n. En medio de este reportaje envenenado, uno de los hombres m\u00e1s ricos de Espa\u00f1a le pide que investigue el presunto suicidio de su hijo adolescente a cambio de una entrevista en exclusiva. Perdida entre ambos frentes de acci\u00f3n, Magda descubrir\u00e1 que la verdad siempre tiene dos caras. Y que ninguna es buena.<\/p>\n<p>&nbsp;<\/p>\n<h4><strong>La conversi\u00f3n de Habib \/ La conversi\u00f3 de&#8217;n Habib<\/strong><\/h4>\n<ul>\n<li>Guion previo: desde fines de febrero al 8 de marzo de 2023<\/li>\n<li>Escrito: julio 17 a 6 de agosto de 2023<\/li>\n<li>Publicado: septiembre de 2025 por Univers<\/li>\n<\/ul>\n<p>La quinta novela de Magda Ventura es la suma de varias ideas distintas que al final un\u00ed en una sola historia. Quer\u00eda hablar del tr\u00e1fico de animales ex\u00f3ticos (uno de los m\u00e1s importantes del mundo junto al de armas, drogas y obras de arte, temas ya abordados por los cuatro primeros libros de la serie), especialmente en Colombia en una zona que conoc\u00eda bien por haber estado varias veces. Quer\u00eda hablar de emigraci\u00f3n, de pateras y de las relaciones de los marroqu\u00edes, especialmente, de las chicas adolescentes, en Barcelona y en Espa\u00f1a. Tambi\u00e9n me interesaba el tema del dinero falsificado (se encontr\u00f3 una maleta llena de dinero en un monte) y el del terrorismo, con la explosi\u00f3n del chal\u00e9 donde se preparaban las bombas de los atentados de Barcelona de 2017. Con todo ello confeccion\u00e9 el guion de la m\u00e1s compleja novela de Magda. Habib es un joven marroqu\u00ed que la ayuda a veces espiando o siguiente gente. Cuando ella regresa de Colombia, de su investigaci\u00f3n del tema del tr\u00e1fico de animales, Habib es asesinado delante de la casa de Magda. \u00bfQui\u00e9n y por qu\u00e9? La trama da saltos de una investigaci\u00f3n a otra hasta un desenlace inesperado que cierra todos los misterios.<\/p>\n<p>Escribiendo esta novela me sucedi\u00f3 algo que nunca me hab\u00eda pasado antes: se me borraron 4 cap\u00edtulos enteros sin saber c\u00f3mo ni por qu\u00e9. Tuve que volver a escribirlos.<\/p>\n<p>La novela ten\u00eda que haberse editado en 2024, pero la crisis de Enciclopedia, la editorial, que estuvo a punto de cerrar, la aplaz\u00f3 hasta 2025.<\/p>\n<p>&nbsp;<\/p>\n","protected":false},"excerpt":{"rendered":"<p>\u00bfQUI\u00c9N ES MAGDA VENTURA? A finales de octubre de 2019 me llam\u00f3 mi agente para narrativa adulta, Isabel Mart\u00ed. La editorial Univers (del grupo Enciclopedia Catalana, editores tambi\u00e9n de La Galera) quer\u00eda que les hiciese un personaje polic\u00edaco. Yo ya ten\u00eda a mi emblem\u00e1tico Miquel&hellip; <a class=\"read-more\" href=\"https:\/\/sierraifabra.com\/?page_id=7131&#038;lang=es\">Read more<\/a><\/p>\n","protected":false},"author":101012,"featured_media":0,"parent":7127,"menu_order":0,"comment_status":"closed","ping_status":"closed","template":"","meta":{"footnotes":""},"class_list":["post-7131","page","type-page","status-publish","hentry"],"aioseo_notices":[],"_links":{"self":[{"href":"https:\/\/sierraifabra.com\/index.php?rest_route=\/wp\/v2\/pages\/7131","targetHints":{"allow":["GET"]}}],"collection":[{"href":"https:\/\/sierraifabra.com\/index.php?rest_route=\/wp\/v2\/pages"}],"about":[{"href":"https:\/\/sierraifabra.com\/index.php?rest_route=\/wp\/v2\/types\/page"}],"author":[{"embeddable":true,"href":"https:\/\/sierraifabra.com\/index.php?rest_route=\/wp\/v2\/users\/101012"}],"replies":[{"embeddable":true,"href":"https:\/\/sierraifabra.com\/index.php?rest_route=%2Fwp%2Fv2%2Fcomments&post=7131"}],"version-history":[{"count":0,"href":"https:\/\/sierraifabra.com\/index.php?rest_route=\/wp\/v2\/pages\/7131\/revisions"}],"up":[{"embeddable":true,"href":"https:\/\/sierraifabra.com\/index.php?rest_route=\/wp\/v2\/pages\/7127"}],"wp:attachment":[{"href":"https:\/\/sierraifabra.com\/index.php?rest_route=%2Fwp%2Fv2%2Fmedia&parent=7131"}],"curies":[{"name":"wp","href":"https:\/\/api.w.org\/{rel}","templated":true}]}}