{"id":7159,"date":"2025-10-01T11:57:35","date_gmt":"2025-10-01T09:57:35","guid":{"rendered":"https:\/\/sierraifabra.com\/?page_id=7159"},"modified":"2025-10-01T11:57:35","modified_gmt":"2025-10-01T09:57:35","slug":"serie-berta-mir","status":"publish","type":"page","link":"https:\/\/sierraifabra.com\/?page_id=7159&lang=es","title":{"rendered":"Serie Berta Mir"},"content":{"rendered":"<h3><strong>\u00bfQUI\u00c9N ES BERTA MIR?<br \/>\n<\/strong><\/h3>\n<p>En marzo de 2009 estaba en Madrid presentando &#8220;Las guerras de Diego&#8221; con una serie de entrevistas en la editorial, cuando en una pausa Ofelia Grande me dijo: &#8220;\u00bfHacemos algo policiaco, una serie con un personaje?&#8221;.<\/p>\n<p>A m\u00ed no hace falta que me digan mucho m\u00e1s.<\/p>\n<p>Durante todo el verano, en mis horas de piscina, pens\u00e9 en el tema, casi a diario, porque siempre, siempre, cuando se piensa en una serie con un protagonista, lo m\u00e1s importante es definir a ese protagonista, con el que vas a convivir durante varios libros. Poco a poco llegu\u00e9 a varias conclusiones: quer\u00eda una chica, porque siempre hab\u00eda creado personajes masculinos (Daniel Ros, Miquel Mascarell, Sam Numit, V\u00edctor, Jon Boix, Amadeo Bola, Zack Galaxy&#8230;), y quer\u00eda que fuese joven pero no adolescente, es decir, busqu\u00e9 el <em>crossover<\/em> entre el lector joven y el lector adulto, con casos policiacos &#8220;de verdad&#8221;. As\u00ed naci\u00f3 Berta Mir, que en el primer libro tiene 18 a\u00f1os y en los siguientes iba a crecer poco a poco, muy poco a poco.<\/p>\n<p>Ten\u00eda m\u00e1s dudas que resolver. Con 18 a\u00f1os ella ya pod\u00eda meterse en l\u00edos, y si hac\u00eda falta actuar como una persona mayor, en todos los sentidos, no tendr\u00eda problemas. Pero \u00bfc\u00f3mo conseguir que Berta Mir se metiese en esos l\u00edos? \u00bfC\u00f3mo crear un personaje detectivesco tan joven, y que adem\u00e1s fuera cre\u00edble? \u00bfC\u00f3mo hablar de una chica y de su vida como chica junto a los casos duros en los que pensaba meterla? Esa fue sin duda la parte m\u00e1s complicada de resolver, y ten\u00eda que quedar definida con la primera novela. Una vez resuelta, todo fue mucho m\u00e1s f\u00e1cil: pensar en casos policiacos que pudiera resolver ella a su modo,<\/p>\n<p>Planifiqu\u00e9 la serie con cinco novelas que cubr\u00edan un a\u00f1o de la vida de Berta, desde los 18 a los 19, desde que ha de suplir a su padre como detective hasta que su grupo bababa el primer \u00e1lbum. La cerr\u00e9 como ten\u00eda pensado, sin escuchar los cantos de sirena de los que ped\u00edan m\u00e1s.<\/p>\n<p>A partir del momento de acabar la serie, los intentos por llevarla a la televisi\u00f3n fueron varios, y David Menkes estuvo a punto de conseguirlo varias veces, pero siempre estrell\u00e1ndose contra el muro de la falta de medios en la industria audiovisual hispana.<\/p>\n<p>&nbsp;<\/p>\n<h3><strong>LIBROS DE LA SERIE BERTA MIR<br \/>\n<\/strong><\/h3>\n<h4><strong>El caso del falso accidente \/ El cas del fals accident \/ O caso do falso accidente<\/strong><\/h4>\n<ul>\n<li>Guion previo: del 15 al 24 de septiembre de 2009<\/li>\n<li>Escrito: del 15 al 20, 22 al 26 y 28 de octubre de 2009<\/li>\n<li>Publicado: septiembre de 2010 por Siruela, marzo de 2011 por Grup 62 y septiembre de 2018 por Galaxia<\/li>\n<\/ul>\n<p>Crist\u00f3bal Mir, el padre de Berta, es detective. Lo suyo es simple, nada complicado, trabaja solo y tiene un despachito en la V\u00eda Augusta esquina Madrazo, en Barcelona. Un d\u00eda atentan contra \u00e9l, se salva de milagro pero se queda paralizado, con s\u00f3lo movilidad en un dedo mediante el cual se comunicar\u00e1 con el mundo en las siguientes novelas y un poco en esta. Qui\u00e9n lo haya hecho, puede volver a intentarlo, as\u00ed que Berta investiga los tres casos en los que trabajaba su padre. Uno de los tres, por l\u00f3gica, ha de ser el responsable. En un caso es un padre que hace seguir a su hijo para ver si toma drogas. En otro son unos padres que buscan a su hija, fugada con el novio. En el tercero, el m\u00e1s complicado, hay una historia de venganza y pasi\u00f3n entre un anticuario que ha vendido una pieza falsa a un hombre muy rico, y el hijo de este que enga\u00f1a a la esposa del anticuario. El inspector Alfredo Sanlleh\u00ed se convertir\u00e1 poco a poco en el \u00fanico amigo que tiene Berta para seguir adelante.<\/p>\n<p>Al final del libro, cuando ella va a cerrar la agencia, aparece una mujer que quiere encargarle un caso al detective. Entonces Berta se da cuenta de que no tiene nada, su padre paralizado, su abuela, no tienen medios para salir adelante, ella no trabaja, toca el bajo en un grupo que est\u00e1 empezando&#8230; Y de pronto le dice a la mujer que el detective Crist\u00f3bal Mir nunca da la cara, que as\u00ed mantiene el anonimato y trabaja mejor, que es su enlace y ayudante y que, si acepta, esas son las condiciones. La mujer dice que s\u00ed y de esta forma es como cierro el c\u00edrculo y como Berta Mir se convierte en detective en la sombra en sus pr\u00f3ximas historias.<\/p>\n<p>Despu\u00e9s de todo un verano pensando en ella, planificando el primer libro en la cabeza y hablando con m\u00e9dicos para centrar con precisi\u00f3n el estado de su padre, comenc\u00e9 a preparar el guion de este libro en el vuelo entre Barcelona, Bogot\u00e1 y Medell\u00edn del d\u00eda 15 de septiembre de 2009. Mientras trabajaba en la Fundaci\u00f3n lo complet\u00e9 y qued\u00f3 listo el d\u00eda 24, a punto para ser escrito a mi regreso. Ofelia Grande y Michi Strausfeld le dieron el visto bueno una vez hecho y ya comenc\u00e9 a pensar en el segundo caso de Berta Mir.<\/p>\n<p>&nbsp;<\/p>\n<h4><strong>El caso del loro que hablaba demasiado \/ El cas del lloro que parlava massa \/ O caso do papagaio que falaba de mas<\/strong><\/h4>\n<ul>\n<li>Guion previo: del 25 de marzo al 8 de abril de 2010<\/li>\n<li>Escrito: del 26 de julio al 7 de agosto de 2010<\/li>\n<li>Publicado: febrero de 2011 por Siruela, septiembre de 2011 por Grup 62 y octubre de 2019 por Galaxia<\/li>\n<\/ul>\n<p>La segunda aventura de Berta Mir arranca apenas un mes y medio despu\u00e9s de terminar la primera, con ella ya convertida en detective por necesidad y su padre en casa, inm\u00f3vil, comunic\u00e1ndose tan s\u00f3lo a trav\u00e9s de un dedo con el mundo. Una anciana octogenaria quiere que le encuentre a su loro Mauricio, que acaban de robarle. Nada extra\u00f1o si no fuera porque Mauricio es un raro ejemplar de guacamayo Spix valorado en noventa mil euros y que la mujer compr\u00f3 a un traficante de animales ex\u00f3ticos y en v\u00edas de extinci\u00f3n. La investigaci\u00f3n de Berta har\u00e1 algo m\u00e1s que perseguir al loro, se adentrar\u00e1 en la mafia del tr\u00e1fico de animales, con un asesinato de por medio, y se tropezar\u00e1 sin pretenderlo con los entresijos del pasado de la familia de la anciana, que se remonta a un crimen sucedido m\u00e1s de veinte a\u00f1os atr\u00e1s. De nuevo el inspector Sanlleh\u00ed ser\u00e1 parte importante de la novela, as\u00ed como la propia vida de Berta, con su grupo y sus primeras actuaciones en vivo, su constante enfrentamiento con la abuela y las dudas y vacilaciones de cualquier chica de 18 a\u00f1os llena de inseguridades.<\/p>\n<p>El guion de &#8220;El loro que hablaba demasiado&#8221; fue lento, porque lo hice mientras trabajaba en mi Fundaci\u00f3n de Medell\u00edn. Lo comenc\u00e9 el 25 de marzo pero la parte m\u00e1s importante la hice entre el 31 de marzo y el 5 de abril, en la diminuta isla de Providencia, a la que me escap\u00e9 por ser Semana Santa, antes de concluirlo el d\u00eda 8 de nuevo en Medell\u00edn. Previamente investigu\u00e9 a fondo el tema del tr\u00e1fico de animales en v\u00edas de extinci\u00f3n, que llevaba a\u00f1os, muchos a\u00f1os, queriendo tocar en una novela. Tambi\u00e9n dej\u00e9 planificado para septiembre del mismo 2010, en mi siguiente viaje a Medell\u00edn, el guion de la tercera novela de Berta Mir, \u201cEl caso del chantajista pelirrojo\u201d, que escribir\u00eda en verano de 2011 y se publicar\u00eda en enero de 2012.<\/p>\n<p>&nbsp;<\/p>\n<h4><strong>El caso del chantajista pelirrojo \/ El cas del xantatgista pel-roig \/ O caso do chantaxista roibo<\/strong><\/h4>\n<ul>\n<li>Guion previo: del 21 de septiembre al 3 de octubre y del 6 al 8 de octubre de 2010<\/li>\n<li>Escrito: 7 al 15 de junio de 2011<\/li>\n<li>Publicado: enero de 2012 por Siruela y Grup 62 y octubre de 2020 por Galaxia<\/li>\n<\/ul>\n<p>Despu\u00e9s de preparar los libros de verano de 2011 en la isla de Providencia (enero) y la Isla Grande (mayo), inici\u00e9 el est\u00edo con la tercera novela de Berta Mir, cuyo guion ya hab\u00eda hecho en Medell\u00edn y una gira por el norte de Colombia (Apartad\u00f3, Turbo y Capurgan\u00e1) en septiembre-octubre de 2011. Con ella recuper\u00e9 el esp\u00edritu de la primera, ya que Berta trabaja en dos casos a la vez. En uno, una modelo pide ayuda a la agencia Mir para pagar un chantaje. En otro, una madre le pide que busque a su hija, captada por una secta. Ambos casos servir\u00e1n a Berta para aprender y dar un salto hacia adelante en su vida y en su formaci\u00f3n humana. El caso del chantaje se conierte en un caso de asesinato y el de la chica captada por la secta en una historia en la que Berta acaba tomando partido, cosa que no debe hacer un detective. La cr\u00edtica empez\u00f3 ya a volcarse con mi personaje, destacando adem\u00e1s la fuerza de los secundarios, como el inspector Sanlleh\u00ed y la abuela. No deja de ser curioso que los tres libros de Berta los preparara en Medell\u00edn. Lo mismo pasar\u00eda con el cuarto, en noviembre de 2011, \u201cEl caso de martillo blanco\u201d, aunque no lo escribir\u00eda hasta verano de 2012.<\/p>\n<p>&nbsp;<\/p>\n<h4><strong>El caso del martillo blanco \/ O caso do martelo branco<\/strong><\/h4>\n<ul>\n<li>Guion previo: del 22 al 30 de noviembre de 2011<\/li>\n<li>Escrito: del 21 de junio al 5 de julio de 2012<\/li>\n<li>Publicado: mayo de 2013 por Siruela y noviembre de 2021 por Galaxia<\/li>\n<\/ul>\n<p>Para el cuarto t\u00edtulo de la serie Berta Mir puse el foco en dos temas: el acoso escolar y el negocio de las pastillas qu\u00edmicas como el \u00e9xtasis. Berta Mir resuelve el caso de un chico que sufre acoso por parte de otros, pero el m\u00e1s importante de los dos es el segundo, con el que ella acaba jug\u00e1ndose la vida. Todav\u00eda me quedaba otra novela para cerrar las cinco iniciales.<\/p>\n<p>El guion lo prepar\u00e9 en tres momentos, del 22 al 24 de noviembre de 2011 en Medell\u00edn, del 27 al 28 en Santa Fe de Antioqu\u00eda, y el 30 de nuevo en Medell\u00edn. El libro fue premiado como &#8220;mejor libro nacional de serie o saga&#8221; por la revista digital El Templo de las Mil Puertas.<\/p>\n<p>&nbsp;<\/p>\n<h4><strong>El caso del asesino invisible \/ O caso do asesino invisible<\/strong><\/h4>\n<ul>\n<li>Guion previo: 11 al 15 de marzo de 2013<\/li>\n<li>Escrito: 22 de julio al 2 de agosto de 2013<\/li>\n<li>Publicado: junio de 2014 en Siruela y octubre de 2022 en Galaxia<\/li>\n<\/ul>\n<p>La quinta y \u00faltima novela de Berta Mir cerraba la historia. En el primer libro ella ten\u00eda 18 a\u00f1os. Cinco libros despu\u00e9s, con 19, su grupo musical grababa su primer disco mientras resolv\u00eda el caso que desvelaba los entresijos de su amistad con el polic\u00eda que la proteg\u00eda.<\/p>\n<p>Inici\u00e9 el guion en un vuelo Barcelona-Bogot\u00e1 el 11 de marzo de 2013, y lo complet\u00e9 en Medell\u00edn el d\u00eda 15. Mientras lo escrib\u00eda, en Vallirana, el d\u00eda 28 de julio se produjo un espectacular incendio en mi bosque, con llamas de treinta y cuarenta metros. El fuego pas\u00f3 a escasos diez metros de mi casa, que se salv\u00f3 de milagro. Era el cuarto fuego en treinta y cuatro a\u00f1os hasta este momento y desde que ten\u00eda mi casa como lugar de retiro y aislamiento estival.<\/p>\n<p>&nbsp;<\/p>\n","protected":false},"excerpt":{"rendered":"<p>\u00bfQUI\u00c9N ES BERTA MIR? En marzo de 2009 estaba en Madrid presentando &#8220;Las guerras de Diego&#8221; con una serie de entrevistas en la editorial, cuando en una pausa Ofelia Grande me dijo: &#8220;\u00bfHacemos algo policiaco, una serie con un personaje?&#8221;. A m\u00ed no hace falta&hellip; <a class=\"read-more\" href=\"https:\/\/sierraifabra.com\/?page_id=7159&#038;lang=es\">Read more<\/a><\/p>\n","protected":false},"author":101012,"featured_media":0,"parent":7127,"menu_order":0,"comment_status":"closed","ping_status":"closed","template":"","meta":{"footnotes":""},"class_list":["post-7159","page","type-page","status-publish","hentry"],"aioseo_notices":[],"_links":{"self":[{"href":"https:\/\/sierraifabra.com\/index.php?rest_route=\/wp\/v2\/pages\/7159","targetHints":{"allow":["GET"]}}],"collection":[{"href":"https:\/\/sierraifabra.com\/index.php?rest_route=\/wp\/v2\/pages"}],"about":[{"href":"https:\/\/sierraifabra.com\/index.php?rest_route=\/wp\/v2\/types\/page"}],"author":[{"embeddable":true,"href":"https:\/\/sierraifabra.com\/index.php?rest_route=\/wp\/v2\/users\/101012"}],"replies":[{"embeddable":true,"href":"https:\/\/sierraifabra.com\/index.php?rest_route=%2Fwp%2Fv2%2Fcomments&post=7159"}],"version-history":[{"count":0,"href":"https:\/\/sierraifabra.com\/index.php?rest_route=\/wp\/v2\/pages\/7159\/revisions"}],"up":[{"embeddable":true,"href":"https:\/\/sierraifabra.com\/index.php?rest_route=\/wp\/v2\/pages\/7127"}],"wp:attachment":[{"href":"https:\/\/sierraifabra.com\/index.php?rest_route=%2Fwp%2Fv2%2Fmedia&parent=7159"}],"curies":[{"name":"wp","href":"https:\/\/api.w.org\/{rel}","templated":true}]}}