{"id":7216,"date":"2025-10-17T17:32:45","date_gmt":"2025-10-17T15:32:45","guid":{"rendered":"https:\/\/sierraifabra.com\/?page_id=7216"},"modified":"2025-10-17T17:32:45","modified_gmt":"2025-10-17T15:32:45","slug":"serie-daniel-ros","status":"publish","type":"page","link":"https:\/\/sierraifabra.com\/?page_id=7216&lang=es","title":{"rendered":"Serie Daniel Ros"},"content":{"rendered":"<h3><strong>\u00bfQUI\u00c9N ES DANIEL ROS?<br \/>\n<\/strong><\/h3>\n<p>Mis primeras novelas de infancia, entre los 8 y los 12 a\u00f1os, fueron policiacas. Mi h\u00e9roe era Rip Kirby, un personaje de comic a cargo de Alex Raymond, autor tambi\u00e9n de mi otro h\u00e9roe, el gal\u00e1ctico Flash Gordon. No tiene pues nada de extra\u00f1o que ya como escritor profesional, volviera al g\u00e9nero.<\/p>\n<p>La novela negra, o policiaca, estaba de moda y en los 80 se viv\u00eda un <em>boom<\/em> de cuidado. Proliferaron las colecciones y cada editorial tuvo la suya. Hablando con Manuel Mart\u00ednez Alsinet, de Mart\u00ednez Roca, le propuse crear un personaje en primavera o verano de 1985. As\u00ed naci\u00f3 el periodista Daniel Ros Mart\u00ed y la colecci\u00f3n Crim. Quedamos en que le har\u00eda dos libros para estar seguros de que el personaje funcionaba, y &#8220;Dible Imagen&#8221; el primero. Daniel Ros era un periodista que hac\u00eda novelas policiacas con el seud\u00f3nimo de Jordi Sierra i Fabra. Su secreto s\u00f3lo lo conoc\u00eda Mariano, su editor, y su mejor amigo, el inspector Paco Muntan\u00e9 (Paco por Paco Gratac\u00f3s y Muntan\u00e9 porque era el segundo apellido de mi madre). Daniel viv\u00eda en mi casa, ten\u00eda mi aspecto y conduc\u00eda mi mini-1000. Eso s\u00ed, estaba separado, para que pudiera ligar aunque nunca lo hac\u00eda ni iba de h\u00e9roe machote. Le puse Daniel por mi hijo, pero tambi\u00e9n porque para personajes de novelas me gustan los nombres que se escriban igual en muchas lenguas. Lo de Ros es porque era corto y lo de Mart\u00ed por mi amigo Mart\u00edn Quiroga. El lanzamiento de Crim fue espectacular, en la Cova del Drac de Barcelona, con mucho ambiente, y la colecci\u00f3n arranc\u00f3 bien, con mis dos libros y un par de Ross MacDonald. L\u00e1stima que el fen\u00f3meno de la novela negra no fuera acompa\u00f1ado de mejores ventas. Con su declinar, la mayor\u00eda de colecciones cerraron. Pero me dio tiempo a hacer cuatro novelas y una pel\u00edcula de mi h\u00e9roe en esta primera fase: &#8220;Doble imagen&#8221;, &#8220;Demasiado oscuro para un fin de semana&#8221;, &#8220;En la esquina del c\u00edrculo&#8221; y &#8220;El asesinato de Johann Sebastian Bach&#8221;, las cuatro entre 1985 y 1988, aunque la \u00faltima fue a parar a un caj\u00f3n. La pel\u00edcula fue &#8220;La sombra del delator&#8221;. En el panorama de la novela negra espa\u00f1ola, todo eran detectives a lo Carvalho o inspectores de polic\u00eda. Un periodista huele-conflictos era novedoso.<\/p>\n<p>La cuarta novela de la serie, escrita en 1988, ya no se public\u00f3 en Crim porque la colecci\u00f3n cerr\u00f3. En 1989 sin embargo TVE me encarg\u00f3 un guion para una pel\u00edcula con Daniel. Cuento la historia en TODOS LOS LIBROS DE LA SERIE. Ya en los a\u00f1os 90 retom\u00e9 a Daniel para dos historias que lo necesitaban, &#8220;La noche de la jinetera&#8221; (escrita en 1994) y &#8220;El peso del silencio&#8221; (escrita en 2000). Finalmente convert\u00ed el guion de la pel\u00edcula de TVE en otra novela (escrita en 2003 y publicada en 2012). Cuando en 2006 cree a mi nuevo personaje, Miquel Mascarell, Daniel Ros pas\u00f3 a la historia.<\/p>\n<p>&nbsp;<\/p>\n<h3><strong>LIBROS DE LA SERIE\u00a0<\/strong><strong>DANIEL ROS<\/strong><\/h3>\n<h4><strong>Doble imagen<\/strong><\/h4>\n<ul>\n<li>Guion previo: entre finales de agosto y del 1 al 6 de septiembre de 1985<\/li>\n<li>Escrito: del 19 al 27 de septiembre de 1985<\/li>\n<li>Publicado: mayo de 1986 por Ediciones Mart\u00ednez Roca<\/li>\n<\/ul>\n<p>Para el primer caso de Daniel escog\u00ed el tema pol\u00edtico, en auge a mediados de los a\u00f1os 80. La novela inclu\u00eda ya la nueva plaga del momento: el sida. Un pol\u00edtico nacionalista catal\u00e1n es asesinado y mutilado. Para evitar que el caso se convierta en una bomba de efectos inimaginables, el caso deber\u00eda resolverse en dos d\u00edas. Daniel se sumerge en \u00e9l, viajando de los barrios altos de Barcelona a los c\u00edrculos m\u00e1s corrompidos del hampa de la ciudad.<\/p>\n<p>&nbsp;<\/p>\n<h4><strong>Demasiado oscuro para un fin de semana<\/strong><\/h4>\n<ul>\n<li>Guion previo: 9, 10, 16 y 17 de noviembre de 1986<\/li>\n<li>Escrito: del 1 al 14 de diciembre de 1986<\/li>\n<li>Publicado: septiembre de 1986 por Ediciones Mart\u00ednez Roca<\/li>\n<\/ul>\n<p>Mucho mejor que el primero, &#8220;Demasiado oscuro para un fin de semana&#8221; entraba de lleno en los entresijos del servicio militar y sus lacras, y fue la consolidaci\u00f3n de Daniel Ros, con una muy buena trapa polic\u00edaca. Realmente le cog\u00ed cari\u00f1o al personaje. Qued\u00e9 muy satisfecho de esta novela (y de su t\u00edtulo) aunque luego, con los a\u00f1os, las tres que hice en este tiempo me parecen muy mal escritas, incluso fr\u00edvolas. Nada que ver con las de los a\u00f1os 90.<\/p>\n<p>En la trama, un soldado mata a su novia y despu\u00e9s se suicida. Una noticia peque\u00f1a en el peri\u00f3dico. Una noticia que, sin embargo, en manos de Daniel Ros se convierte en un apasionante caso lleno de intrigas, con el superior del soldado desaparecido lo mismo que un misterioso alijo de drogas. Estaba en mis or\u00edgenes como novelista negro y el final se me antoj\u00f3 muy logrado.<\/p>\n<p>&nbsp;<\/p>\n<h4><strong>En la esquina del c\u00edrculo<\/strong><\/h4>\n<ul>\n<li>Guion previo: junio de 1986<\/li>\n<li>Escrito: del 30 de junio al 15 de julio de 1986. Reeditado en 2019 por SiF Editorial.<\/li>\n<li>Publicado: noviembre de 1987 por Ediciones Mart\u00ednez Roca. Reeditado por Sif Editorial en septiembre de 2019.<\/li>\n<\/ul>\n<p>Tercera novela de Daniel Ros, esta ambientada en el mundo de la m\u00fasica y con pistas musicales. El asesinato del jefe de promoci\u00f3n de una discogr\u00e1fica dispara la acci\u00f3n. Como era mi mundillo habitual, estaba trufada de referencias y buen conocimiento del medio. Daniel se sumerge en el universo de las compa\u00f1\u00edas discogr\u00e1ficas, la fama y el \u00e9xito de las estrellas con su lado m\u00e1s oscuro, la radio y la televisi\u00f3n, la corrupci\u00f3n y un largo etc. En el momento de escribirla, comenzaba el auge de los CD&#8217;s y el fantasma de la pirater\u00eda musical a gran escala.<\/p>\n<p>&nbsp;<\/p>\n<h4><strong>El asesinato de Johann Sebastian Bach<\/strong><\/h4>\n<ul>\n<li>Guion previo: fines de junio de 1987<\/li>\n<li>Escrito: del 14 al 24 de noviembre de 1988 (primera versi\u00f3n), retoques el 27 y 28 de agosto de 1990 y reescrito del 14 al 26 de diciembre de 2001 (segunda versi\u00f3n)<\/li>\n<li>Publicado: octubre de 2010 por Mosaico (Belacqva, Norma), y reeditado en septiembre de 2017 por SiF Editorial.<\/li>\n<\/ul>\n<p>Un libro con una larga, muy larga historia y con muchos a\u00f1os. Cronol\u00f3gicamente fue la cuarta de Daniel Ros, pero apareci\u00f3 en sexto lugar.<\/p>\n<p>La colecci\u00f3n Crim de Mart\u00ednez Roca y mi personaje Daniel Ros no prosperaron. En junio de 1987 yo ya hab\u00eda hecho el guion de la cuarta novela de la serie, pero aunque lo escrib\u00ed un a\u00f1o despu\u00e9s, a fines del 88, ya no se public\u00f3 en Crim, que cerr\u00f3. Tampoco sirvi\u00f3 de nada el hecho de que en 1989 se rodara un largometraje para TVE con Ros, porque hubo problemas y no se estren\u00f3 hasta 1991. Sea como sea, con el guion hecho, yo hice la novela. En aquellos d\u00edas el piso frontal al m\u00edo estaba vac\u00edo. Una ma\u00f1ana vi la puerta abierta y se me ocurri\u00f3 la trama de &#8220;El asesinato de Johann Sebastian Bach&#8221;: una modelo es masacrada justo delante de donde vive Daniel y \u00e9l se mete de lleno en la investigaci\u00f3n del caso (prostituci\u00f3n de alto <em>standing<\/em>). Toda la historia tiene que ver con el mundo del cine, ya que las muertes copian a las de algunas de las m\u00e1s rutilantes estrellas del s\u00e9ptimo arte.<\/p>\n<p>Dos a\u00f1os despu\u00e9s, en 1990, hice unos retoques en dos d\u00edas. No recuerdo a qu\u00e9 editoriales lo llev\u00e9 sin \u00e9xito. Volv\u00ed a meterlo en un caj\u00f3n y en 2001 lo reescrib\u00ed entero, de arriba abajo, d\u00e1ndome cuenta del salto evolutivo de mi manera de redactar y adecuando el personaje a los nuevos tiempos. Para entonces hab\u00eda recuperado a Daniel Ros en sus dos mejores novelas, &#8220;Cuba. La noche de la jinetera&#8221; y &#8220;El peso del silencio&#8221;, las dos publicadas por Ediciones del Bronce&#8230; que cerr\u00f3 antes de editar &#8220;El asesinato de Johann Sebastian Bach&#8221;. Volv\u00ed a guardarla y en 2008 Pere Sureda de Belacqva acept\u00f3 publicarla como novedad&#8230; y recuperar las dos anteriores en bolsillo. As\u00ed que el crimen de mi calle por fin vio la luz.<\/p>\n<p>&nbsp;<\/p>\n<h4><strong>La sombra del delator<\/strong><\/h4>\n<p>Entre oto\u00f1o e invierno de 1989 el mundo de la TV llam\u00f3 a mis puertas. Fernando Mart\u00ednez Lainez, un gran autor de novelas policiacas, se encargaba de preparar una serie de largometrajes para TVE con guiones de los (por entonces) &#8220;m\u00e1s reputados&#8221; escritores del g\u00e9nero. Por supuesto que quer\u00eda una pel\u00edcula de mi personaje Daniel Ros pese a que ya no aparec\u00edan libros de \u00e9l. La propuse hablar de un tema por entonces muy de moda en Barcelona, el juego ilegal (hab\u00eda redadas policiales de partidas de poker con mucha pasta sobre la mesa). Le gust\u00f3 y lo un\u00ed con un tema de venganzas entre ancianos que hab\u00edan pasado por Mathausen. Hice el guion r\u00e1pidamente, se lo mand\u00e9, y la pel\u00edcula se rod\u00f3 en 1991, con Mario Gas en el papel de Daniel Ros y Manuel Alexandre como asesino. Fue una de las \u00fanicas tres que se rodaron porque pas\u00f3 lo de siempre: hubo un cambio de director en TVE y el nuevo se carg\u00f3 todo lo que hab\u00eda hecho el anterior. Las tres pel\u00edculas acabaron en una estanter\u00eda y, de pronto, en 1994, se emitieron, por La 2 y de manera casi clandestina. La m\u00eda se titul\u00f3 &#8220;La sombra del delator&#8221;. A\u00f1os despu\u00e9s convert\u00ed el guion en una novela corta.<\/p>\n<p>&nbsp;<\/p>\n<h4><strong>Cuba. La noche de la jinetera<\/strong><\/h4>\n<ul>\n<li>Guion previo: del 15 al 29 de octubre de 1994<\/li>\n<li>Escrito: 10 y 11, del 13 al 25 y 27 de julio de 1995<\/li>\n<li>Publicado: marzo de 1997 por Ediciones del Bronce. Reeditado en octubre de 2010 por Mosaico (Belacqva, Norma), como &#8220;La noche de la jinetera&#8221;. Reeditado por SiF Editorial en 2017.<\/li>\n<\/ul>\n<p>Cuando viaj\u00e9 a Cuba en primavera de 1994 lo hice siguiendo un impulso. Un d\u00eda, viendo la televisi\u00f3n, un locutor dijo que en Cuba el gobierno de Fidel Castro acababa de liberalizar el d\u00f3lar (antes prohibido), los profesionales pagar\u00edan impuestos, los precios se disparaban y m\u00e1s de cien trabajos quedar\u00edan igualmente libres para ser ejercidos. Dije en voz alta: &#8220;En Cuba va a suceder algo&#8221;. Un rato despu\u00e9s Antonia me pregunt\u00f3: &#8220;\u00bfCu\u00e1ndo te vas?&#8221;. Y fui.<\/p>\n<p>Por supuesto que era una isla, el lugar ideal, seg\u00fan mi sistema de trabajo, para encerrarme a pensar y preparar guiones de futuras novelas (cosa que hice), pero tambi\u00e9n quer\u00eda sumergirme en la realidad del pa\u00eds. En los d\u00edas de la Revoluci\u00f3n cubana yo era un ni\u00f1o, as\u00ed que el Ch\u00e9 Guevara era todo un h\u00e9roe de mi nostalgia. Lo que surgi\u00f3 de todo ello dio como resultado esta novela en la que recuper\u00e9 a mi periodista de los 80, Daniel Ros. En aquellos d\u00edas Cuba bull\u00eda con el turismo sexual, las jineteras poco despu\u00e9s perseguidas, un clima de libertad \u00fanico y alucinante. In\u00fatil no captarlo y a\u00fan menos no convertirlo en una novela policiaca. Tras el viaje y la crisis de los balseros de ese verano, trabaj\u00e9 mucho en la documentaci\u00f3n y acomet\u00ed el guion de la obra mientras recorr\u00eda Brasil en octubre del mismo a\u00f1o. El guion de &#8220;La noche de la jinetera&#8221; lo hice entre Curitiba, Igua\u00e7u, R\u00edo de Janeiro, Manaos, Brasilia y Recife.<\/p>\n<p>La trama: A Daniel le encargan ir a La Habana para acabar un reportaje que hac\u00eda su amigo Estanis, muerto de forma misteriosa en su habitaci\u00f3n del Hotel Comodoro y, al parecer, con drogas de por medio. La esposa le dice que en la maleta que le han devuelto, hab\u00eda unas bragas de mujer de color rojo. Y que de drogas nada, algo que Daniel ya sabe. En La Habana, completando su reportaje, Daniel Ros halla las pistas de una conspiraci\u00f3n para matar a Castro, y encuentra a una hermosa jinetera que le hace ir de un lado a otro como un juguete: Anyelin. En plena investigaci\u00f3n estalla la crisis de los balseros, cuando miles de cubanos se echaron al mar en verano de 1994 con la creencia (falsa) de que si llegaban a Florida se les recibir\u00eda con los brazos abiertos. Fue una historia que conmocion\u00f3 al mundo. Al final de la novela, Castro se libraba por muy poco y nadie llegaba a saber nunca nada del tema.<\/p>\n<p>El libro fue el primero que publiqu\u00e9 en Ediciones del Bronce, sello en castellano de Editorial Columna, con Miriam Tey de directora. Tuvo tres r\u00e1pidas ediciones. Un escritor cubano con v\u00ednculos en Alemania hizo que apareciera all\u00ed y lo mejor fue cuando le conoc\u00ed, porque me pregunt\u00f3 cu\u00e1nto tiempo hab\u00eda vivido en Cuba para escribir la novela. Todo un halago. Le dije que una semana, entre La Habana y Varadero, porque siempre hab\u00eda sido relativamente bueno a la hora de captar ambientes, tomar notas, fotografiar escenas con la mente y adoptar vocabularios de otras partes, sobre todo latinoamericanas. Apenas lo crey\u00f3. Pronunci\u00f3 una frase muy hermosa y que guardo en mi memoria: &#8220;Anyelin es Cuba. Has conseguido retratar a todo un pa\u00eds a trav\u00e9s de esa mujer&#8221;.<\/p>\n<p>Cuando regres\u00e9 a Varadero en 1998, nada era igual. Entonces me comentaron algo que me hizo cierta gracia pero tambi\u00e9n me hizo reflexionar. Para justificar la ausencia de las jineteras en esa zona tur\u00edstica, un hombre me dijo: <em>&#8220;El gobierno tuvo que intervenir. Primero porque una puso una bombita en una habitaci\u00f3n. Segundo porque le robaron a un turista. Y tercero porque vino un escritor espa\u00f1ol y daba 20 d\u00f3lares a cada chica para que le contara su vida. Muchas lo hicieron. Escribi\u00f3 un libro que ac\u00e1 est\u00e1 prohibido pero del que corren algunos ejemplares de mano en mano por todas partes. Y eso no les gust\u00f3 a los que mandan&#8221;.<\/em><\/p>\n<p>No le dije que el &#8220;escritor espa\u00f1ol&#8221; era yo, claro.<\/p>\n<p>Trece a\u00f1os despu\u00e9s de ser editada, Pere Sureda la recuper\u00f3 en edici\u00f3n de bolsillo para su sello Mosaico (Belacqva, Norma) lanz\u00e1ndola conjuntamente con la reedici\u00f3n de &#8220;El peso del silencio&#8221; y la novedad de &#8220;El asesinato de Johann Sebastian Bach&#8221;, todas con Daniel Ros de protagonista.<\/p>\n<p>&nbsp;<\/p>\n<h4><strong>El peso del silencio<\/strong><\/h4>\n<ul>\n<li>Guion previo: del 5 al 8 de diciembre de 2000<\/li>\n<li>Escrito: del 7 al 14 de abril de 2001<\/li>\n<li>Publicado: febrero de 2002 por Ediciones del Bronce. Reeditado en octubre de 2010 por Mosaico (Belacqva, Norma). Reeditado por SiF Editorial en 2017.<\/li>\n<\/ul>\n<p>Cuando estuve en Chile en junio de 2000, me empap\u00e9 de la realidad del pa\u00eds tras la negra etapa del dictador Pinochet. Advert\u00ed que, mientras la gente, sobre todo los j\u00f3venes, no quer\u00edan hablar de ello (dec\u00edan que eso era el pasado), la ley trataba de llevar ante la justicia al viejo general golpista, convertido en senador y con inmunidad perpetua. Pinochet hab\u00eda conseguido incluso salirse con bien, aunque con su prestigio deteriorado, de su reclusi\u00f3n en Londres tras la petici\u00f3n de extradici\u00f3n del juez Garz\u00f3n. En este ambiente estuve en el pa\u00eds en los d\u00edas en que el juez Juan Guzm\u00e1n Tapia trataba de quitarle la inmunidad al genocida (cosa que consigui\u00f3). Poco antes de ir a Cuba para trabajar en Varadero a comienzos de diciembre, la CIA desclasific\u00f3 un buen n\u00famero de documentos reveladores del golpe, y entones idee la trama de la novela, con la que recuper\u00e9, una vez m\u00e1s, a Daniel Ros Mart\u00ed, mi periodista investigador.<\/p>\n<p>El due\u00f1o del peri\u00f3dico en el que escribe Daniel agoniza en su lecho de muerte. En los d\u00edas del golpe, septiembre de 1973, su \u00fanico hijo estaba en Chile, desapareci\u00f3 y jam\u00e1s se supo de \u00e9l. En los papeles de la CIA aparece su nombre y el de los hombres que le secuestraron y torturaron. El moribundo le pide a Daniel que viaje a Chile e investigue. Han fracasado detectives, pero \u00e9l es distinto, tiene instinto. Aunque no le gusta, Daniel acepta y en Santiago se sumerge en los vericuetos y las vidas de los militares que tratan de escapar de la quema y el fin de sus d\u00edas. La investigaci\u00f3n, acompa\u00f1ado por la corresponsal del peri\u00f3dico, le lleva a Valparaiso y a la Isla de Pascua (me apetec\u00eda sacarla en una novela as\u00ed que viaj\u00f1e hasta all\u00ed para documentarme). En Pascua encuentra a uno de sus hombres, pero antes de que logre hablar con \u00e9l es torturado y asesinado. Entonces comprende que lo \u00fanico que hace es guiar a los asesinos del due\u00f1o del peri\u00f3dico en su venganza. Pese a todo encuentra un indicio revelador, y al final de la novela da con el hijo, que no muri\u00f3. Lo salvaron unas monjas. No tiene manos ni puede hablar, es un ser olvidado que s\u00f3lo es feliz donde est\u00e1. Daniel regresa a Espa\u00f1a y calla la verdad ante el moribundo, que ya se ha vengado y espera morir feliz y en paz.<\/p>\n<p>&#8220;El peso del silencio&#8221; siempre ha sido uno de mis libros favoritos, por d\u00f3nde, c\u00f3mo y cuando lo hice. El poema final, &#8220;A gritos&#8221;, lo escrib\u00ed en un ambiente extraordinario, en un bar donde fui reconocido como &#8220;el valiente escritor que ha hecho lo que ning\u00fan chileno se ha atrevido&#8221; (refiri\u00e9ndose a la novela sobre V\u00edctor Jara). El cantautor que cantaba all\u00ed me dedic\u00f3 una canci\u00f3n muy especial. Ya nadie le ten\u00eda miedo a la bestia del golpe. El relato recoge de forma minuciosa mi propio viaje por Santiago, Valpara\u00edso y Pascua y es un homenaje a Salvador Allende y a Pablo Neruda, en cuyas casas de Santiago y Valpara\u00edso estuve. Muchos de los sentimientos de Daniel Ros son los m\u00edos en esos d\u00edas, en especial mis l\u00e1grimas en La Moneda.<\/p>\n<p>Escrito en los 8 d\u00edas de una Semana Santa de manera muy intensa, &#8220;El peso del silencio&#8221; se public\u00f3 muy poco antes del cierre de Ediciones del Bronce. Apenas si tuvo vida comercial. No par\u00e9 hasta reeditarla en 2010, conjuntamente con &#8220;La noche de la jinetera&#8221;, acompa\u00f1ando como novedad a &#8220;El asesinato de Johann Sebastian Bach&#8221;.<\/p>\n<p>&nbsp;<\/p>\n<h4><strong>El rastro del odio \/ La sombra del delator<\/strong><\/h4>\n<ul>\n<li>Escrito: del 25 al 28 y 30 de junio de 2003<\/li>\n<li>Publicado: julio de 2012 por Editorial Sirpus. Reeditado y readaptado por SiF Editorial en 2019.<\/li>\n<\/ul>\n<p>En 2003 una revista me pidi\u00f3 un caso de Daniel Ros para publicar en cuatro o cinco partes durante varias semanas. Retom\u00e9 la idea de la pel\u00edcula hecha para TVE, &#8220;La sombra del delator&#8221;, y la reescrib\u00ed en formato de novela corta con el titulo &#8220;El rastro del odio&#8221;. Finalmente la revista no lo public\u00f3 y a\u00f1os despu\u00e9s una editorial (Sirpus) que buscaba narraciones breves se interes\u00f3 por ella para su colecci\u00f3n Letra Grande, aunque ya no apareci\u00f3 con Daniel Ros de protagonista.<\/p>\n<p>En 2019 decid\u00ed recuperar la versi\u00f3n y el t\u00edtulo original, con Daniel Ros, para mi peque\u00f1a editorial online (editorialsif.com). Fue la \u00faltima aparici\u00f3n de mi primer h\u00e9roe polic\u00edaco.<\/p>\n<p>&nbsp;<\/p>\n","protected":false},"excerpt":{"rendered":"<p>\u00bfQUI\u00c9N ES DANIEL ROS? Mis primeras novelas de infancia, entre los 8 y los 12 a\u00f1os, fueron policiacas. Mi h\u00e9roe era Rip Kirby, un personaje de comic a cargo de Alex Raymond, autor tambi\u00e9n de mi otro h\u00e9roe, el gal\u00e1ctico Flash Gordon. No tiene pues&hellip; <a class=\"read-more\" href=\"https:\/\/sierraifabra.com\/?page_id=7216&#038;lang=es\">Read more<\/a><\/p>\n","protected":false},"author":101012,"featured_media":0,"parent":7127,"menu_order":0,"comment_status":"closed","ping_status":"closed","template":"","meta":{"footnotes":""},"class_list":["post-7216","page","type-page","status-publish","hentry"],"aioseo_notices":[],"_links":{"self":[{"href":"https:\/\/sierraifabra.com\/index.php?rest_route=\/wp\/v2\/pages\/7216","targetHints":{"allow":["GET"]}}],"collection":[{"href":"https:\/\/sierraifabra.com\/index.php?rest_route=\/wp\/v2\/pages"}],"about":[{"href":"https:\/\/sierraifabra.com\/index.php?rest_route=\/wp\/v2\/types\/page"}],"author":[{"embeddable":true,"href":"https:\/\/sierraifabra.com\/index.php?rest_route=\/wp\/v2\/users\/101012"}],"replies":[{"embeddable":true,"href":"https:\/\/sierraifabra.com\/index.php?rest_route=%2Fwp%2Fv2%2Fcomments&post=7216"}],"version-history":[{"count":0,"href":"https:\/\/sierraifabra.com\/index.php?rest_route=\/wp\/v2\/pages\/7216\/revisions"}],"up":[{"embeddable":true,"href":"https:\/\/sierraifabra.com\/index.php?rest_route=\/wp\/v2\/pages\/7127"}],"wp:attachment":[{"href":"https:\/\/sierraifabra.com\/index.php?rest_route=%2Fwp%2Fv2%2Fmedia&parent=7216"}],"curies":[{"name":"wp","href":"https:\/\/api.w.org\/{rel}","templated":true}]}}