{"id":7222,"date":"2025-10-17T17:45:54","date_gmt":"2025-10-17T15:45:54","guid":{"rendered":"https:\/\/sierraifabra.com\/?page_id=7222"},"modified":"2025-10-17T17:45:54","modified_gmt":"2025-10-17T15:45:54","slug":"serie-sam-numit","status":"publish","type":"page","link":"https:\/\/sierraifabra.com\/?page_id=7222&lang=es","title":{"rendered":"Serie Sam Numit"},"content":{"rendered":"<h3><strong>\u00bfQUI\u00c9N ES SAM NUMIT?<br \/>\n<\/strong><\/h3>\n<p>Hab\u00eda conocido a Norma Fenoglio, editora de Timun Mas, y luego a Jaume Pintanel, el director. Hablamos de crear un personaje y hacer una colecci\u00f3n. En abril de 1989 les propuse &#8220;una idea que no podr\u00edan rechazar&#8221; (palabras textuales). La idea consist\u00eda en convertir a una suerte de Bruce Springsteen en detective del mundo del rock, o sea, hacer novelas polic\u00edacas ambientadas entre las estrellas del momento. Y para darle nombre cog\u00ed el de la editorial y le di la vuelta: Timun M\u00e1s&#8230; Sam Numit. Evidentemente no lo rechazaron. Lastima que las portadas de la serie no estuvieron a la altura.<\/p>\n<p>As\u00ed naci\u00f3 un personaje desarrollado solo en seis novelas, y que pudo haber dado mucho m\u00e1s juego. De hecho, en cada una, trat\u00e9 de abordar alg\u00fan tema rockero o ahondar en g\u00e9neros musicales como el folk o el blues. Hablaba del mundo que mejor conoc\u00eda y de las estrellas con las que hab\u00eda estado en persona.<\/p>\n<p>&nbsp;<\/p>\n<h3><strong>LIBROS DE LA SERIE\u00a0<\/strong><strong>SAM NUMIT<\/strong><\/h3>\n<h4><strong>La guitarra de John Lennon \/ La guitarra d&#8217;en John Lennon<\/strong><\/h4>\n<ul>\n<li>Guion previo: del 15 al 19 de mayo de 1989<\/li>\n<li>Escrito: del 8 al 10 y del 12 al 14 de junio de 1989<\/li>\n<li>Publicado: marzo de 1990 por Timun Mas, n\u00ba1 de la colecci\u00f3n Sam Numit. Reeditado en castellano por SiF Editorial en 2020.<\/li>\n<\/ul>\n<p>Para hacer el guion del primer libro, base para luego seguir con la serie, me fui a Ibiza en mayo. Sam Numit est\u00e1 acabando un disco y preparando una gira mundial cuando le dicen que uno de sus mejores amigos ha muerto. Comienza a investigar y descubre que la guitarra de John Lennon, la famosa Rickenbacker de sus comienzos, ha desaparecido. El libro en s\u00ed era una cr\u00edtica del mundo del coleccionismo en el rock, donde hay absolutos fan\u00e1ticos que matar\u00edan por un chicle que haya estado en la boca de Madonna o de Paul McCartney.<\/p>\n<p>&nbsp;<\/p>\n<h4><strong>En busca de Jim Morrison \/ A la recerca d&#8217;en Jim Morrison<\/strong><\/h4>\n<ul>\n<li>Guion previo: 7 y 8 de agosto de 1989<\/li>\n<li>Escrito: 14, 15, 17 a 21 y 29 a 31 de agosto y 1 de septiembre de 1989<\/li>\n<li>Publicado: marzo de 1990 por Timun Mas, n\u00ba2 de la colecci\u00f3n Sam Numit. Reeditado en castellano por SiF Editorial en 2020.<\/li>\n<\/ul>\n<p>Jim Morrison, l\u00edder de los Doors y leyenda del rock, hab\u00eda muerto en julio de 1971 dejando tras de s\u00ed una oleada de sospechas y muchos misterios. De entrada, estaba en Par\u00eds huyendo de la justicia estadounidense, que le hab\u00eda condenado a unos a\u00f1os de c\u00e1rcel por esc\u00e1ndalo p\u00fablico. Su muerte no fue notificada hasta unos d\u00edas despu\u00e9s, nadie vio el cad\u00e1ver salvo un oscuro m\u00e9dico que certific\u00f3 su defunci\u00f3n, a su entierro acudi\u00f3 \u201calguien\u201d vestido con un abrigo en pleno julio, la misma noche del tr\u00e1gico suceso un presentador de un club dijo que Jim hab\u00eda muerto, y su novia, Pamela, la \u00fanica que estaba a su lado, muri\u00f3 no mucho despu\u00e9s que \u00e9l. En los a\u00f1os siguientes la frase \u201cJim vive\u201d se hizo popular (como la referida a Elvis, todo hay que decirlo), y siguieron apareciendo \u201cpistas\u201d que alimentaban el mito: que si \u201calguien\u201d (siempre \u201calguien\u201d) hab\u00eda abierto la tumba y estaba vac\u00eda, que si \u201calguien\u201d parecido a \u00e9l hab\u00eda sido visto en tal sitio y en tal otro&#8230; Yo reun\u00ed todos estos datos, ni uno m\u00e1s, s\u00f3lo los publicados en esos a\u00f1os, y con ellos me fabriqu\u00e9 una historia en la que un periodista (mi alter ego) investigaba y hablaba con todos los allegados de Jim&#8230; hasta encontrarle vivo en una playa de Normand\u00eda, retirado del mundanal ruido. Su muerte hab\u00eda sido una a\u00f1agaza para no ir a la c\u00e1rcel y para dejar la m\u00fasica.<\/p>\n<p>Escrib\u00ed &#8220;\u00bfEst\u00e1s vivo, Jim?&#8221; entre el 1 y el 15 de febrero de 1978 y se public\u00f3 en mayo de 1978 en formato de novela antigua, tama\u00f1o grande y a dos columnas a cargo Publicaciones Heres y solo para quioscos.<\/p>\n<p>Como novela de ficci\u00f3n era buena, y como curiosidad, m\u00e1s. La portada que hizo Toni Dalmau es de las mejores que he visto en la vida, con una cabeza de Jim en la que flotaban todos los ingredientes del libro, incluido yo mismo en plena \u201cinvestigaci\u00f3n\u201d. La an\u00e9cdota quiz\u00e1s m\u00e1s loca de mi vida en relaci\u00f3n a una novela m\u00eda lleg\u00f3 entonces. Mi amigo Alberto Manzano (poeta y traductor), mit\u00f3mano donde los haya, me llam\u00f3 emocionado para decirme que \u201clo sab\u00eda\u201d, que siempre hab\u00eda estado seguro de ello: Jim no hab\u00eda muerto. Me pidi\u00f3 que le revelara el lugar donde le hab\u00eda encontrado jur\u00e1ndome \u201cno decir nada a nadie\u201d. Yo alucin\u00e9. Tuve que jurarle a mi vez que era una invenci\u00f3n, a lo cual me respondi\u00f3, tambi\u00e9n, con uno de los mejores halagos que jam\u00e1s me hayan hecho: \u201cJordi, ni t\u00fa eres tan bueno como para inventarte algo as\u00ed\u201d. En fin, que se llev\u00f3 una desilusi\u00f3n. No mucho despu\u00e9s recuper\u00e9 la historia para los que se la hab\u00edan perdido en el quiosco, reescribiendo el libro para mi colecci\u00f3n \u201cSam Numit\u201d y con el t\u00edtulo \u201cEn busca de Jim Morrison\u201d.<\/p>\n<p>La idea de recuperar ese texto, que como digo s\u00f3lo se hab\u00eda podido comprarse en quioscos durante unos d\u00edas, me seduc\u00eda, y con la colecci\u00f3n Sam Numit lleg\u00f3 la oportunidad. S\u00f3lo tuve que cambiar al protagonista, pasar de un periodista avezado a mi rockero detective. Lo dem\u00e1s, fue cosa de adaptar algunos detalles, aunque tuve que transcribir todo el libro de nuevo a m\u00e1quina, de ah\u00ed que tardara once d\u00edas, m\u00e1s que si hubiese sido una nueva novela. Los dos primeros vol\u00famenes de Sam Numit aparecieron juntos en marzo de 1990.<\/p>\n<p>&nbsp;<\/p>\n<h4><strong>El gran festival de rock \/ El gran festival de rock<\/strong><\/h4>\n<ul>\n<li>Guion previo: del 24 al 26 de diciembre de 1989<\/li>\n<li>Escrito: del 27 de diciembre de 1989 al 3 de enero de 1990<\/li>\n<li>Publicado: septiembre de 1990 por Timun M\u00e1s, n\u00ba3 de la colecci\u00f3n Sam Numit. Reeditado en castellano por SiF Editorial en 2021.<\/li>\n<\/ul>\n<p>Para mi tercer Sam Numit met\u00ed a un mont\u00f3n de famosos en un gran festival de rock en el que muere una de las nuevas estrellas del momento. El \u00faltimo en darle la bebida mortal es nada menos que Elton John. Sam Numit tiene apenas unas horas para &#8220;desfacer el entuerto&#8221;.<\/p>\n<p>&nbsp;<\/p>\n<h4><strong>Alma de blues \/ \u00c0nima de blues<\/strong><\/h4>\n<ul>\n<li>Escrito: del 25 al 30 de octubre de 1990<\/li>\n<li>Publicado: marzo de 1991 por Timun Mas, n\u00ba4 de la colecci\u00f3n Sam Numit. Reeditado en castellano por SiF Editorial en 2020.<\/li>\n<\/ul>\n<p>La misteriosa muerte de una leyenda del blues hace que Sam Numit investigue en torno a ella hasta dar con el asesino.<\/p>\n<p>&nbsp;<\/p>\n<h4><strong>Otra canci\u00f3n en el para\u00edso \/ Una altra can\u00e7\u00f3 al parad\u00eds<\/strong><\/h4>\n<ul>\n<li>Escrito: 5, del 7 al 9 y del 11 al 14 de febrero de 1991<\/li>\n<li>Publicado: noviembre de 1991 por Timun Mas, n\u00ba5 de la colecci\u00f3n Sam Numit. Reeditado en castellano por SiF Editorial en 2022.<\/li>\n<\/ul>\n<p>Para mi quinto Sam Numit escog\u00ed un tema que antes de las grabaciones digitales siempre asustaba a los m\u00fasicos: la perdida o el robo de la cinta <em>master<\/em> de un disco. En este caso desaparec\u00eda del mismo estudio de grabaci\u00f3n todo el LP as\u00ed como la copia de trabajo. Pensaba titular al libro &#8220;Playback&#8221; pero me inclin\u00e9 por el de la canci\u00f3n de Phil Colllins. Pronto me aficionar\u00eda a poner nombres de canciones a algunos de mis libros, sobre todo cuando, al terminarlos, no sab\u00eda c\u00f3mo bautizarles (para eso tengo 30.000 discos con letras llenas de sugerencias).<\/p>\n<p>&nbsp;<\/p>\n<h4><strong>Los sonidos del silencio \/ Els sons del silenci<\/strong><\/h4>\n<ul>\n<li>Escrito: del 10 al 16 y del 18 al 25 de julio de 1991<\/li>\n<li>Publicado: febrero de 1992 por Timun M\u00e1s, n\u00ba6 de la colecci\u00f3n Sam Numit. Reeditado en castellano por SiF Editorial en 2022.<\/li>\n<\/ul>\n<p>&#8220;Los sonidos del silencio&#8221;, t\u00edtulo tomado de la canci\u00f3n de Simon &amp; Garfunkel, fue el \u00faltimo libro de la serie Sam Numit. Hab\u00eda investigado casos en la \u00f3rbita del rock, el blues&#8230; Quise hablar de una hero\u00edna del folk, comprometida y luchadora. Una Bob Dylan metida en harina. La llam\u00e9 Grace Nicks por dos motivos: Grace Slick de Jefferson Airplane y Stevie Nicks de Fleetwood Mac, mis diosas. La novela es tambi\u00e9n un libro de denuncia en torno al tiempo en el que la m\u00fasica serv\u00eda para algo m\u00e1s que para hacer bailar o pasar un buen rato.<\/p>\n<p>&nbsp;<\/p>\n","protected":false},"excerpt":{"rendered":"<p>\u00bfQUI\u00c9N ES SAM NUMIT? Hab\u00eda conocido a Norma Fenoglio, editora de Timun Mas, y luego a Jaume Pintanel, el director. Hablamos de crear un personaje y hacer una colecci\u00f3n. En abril de 1989 les propuse &#8220;una idea que no podr\u00edan rechazar&#8221; (palabras textuales). La idea&hellip; <a class=\"read-more\" href=\"https:\/\/sierraifabra.com\/?page_id=7222&#038;lang=es\">Read more<\/a><\/p>\n","protected":false},"author":101012,"featured_media":0,"parent":7127,"menu_order":0,"comment_status":"closed","ping_status":"closed","template":"","meta":{"footnotes":""},"class_list":["post-7222","page","type-page","status-publish","hentry"],"aioseo_notices":[],"_links":{"self":[{"href":"https:\/\/sierraifabra.com\/index.php?rest_route=\/wp\/v2\/pages\/7222","targetHints":{"allow":["GET"]}}],"collection":[{"href":"https:\/\/sierraifabra.com\/index.php?rest_route=\/wp\/v2\/pages"}],"about":[{"href":"https:\/\/sierraifabra.com\/index.php?rest_route=\/wp\/v2\/types\/page"}],"author":[{"embeddable":true,"href":"https:\/\/sierraifabra.com\/index.php?rest_route=\/wp\/v2\/users\/101012"}],"replies":[{"embeddable":true,"href":"https:\/\/sierraifabra.com\/index.php?rest_route=%2Fwp%2Fv2%2Fcomments&post=7222"}],"version-history":[{"count":0,"href":"https:\/\/sierraifabra.com\/index.php?rest_route=\/wp\/v2\/pages\/7222\/revisions"}],"up":[{"embeddable":true,"href":"https:\/\/sierraifabra.com\/index.php?rest_route=\/wp\/v2\/pages\/7127"}],"wp:attachment":[{"href":"https:\/\/sierraifabra.com\/index.php?rest_route=%2Fwp%2Fv2%2Fmedia&parent=7222"}],"curies":[{"name":"wp","href":"https:\/\/api.w.org\/{rel}","templated":true}]}}