{"id":7227,"date":"2025-10-17T18:00:10","date_gmt":"2025-10-17T16:00:10","guid":{"rendered":"https:\/\/sierraifabra.com\/?page_id=7227"},"modified":"2025-10-17T18:00:10","modified_gmt":"2025-10-17T16:00:10","slug":"serie-amadeo-bola","status":"publish","type":"page","link":"https:\/\/sierraifabra.com\/?page_id=7227&lang=es","title":{"rendered":"Serie Amadeo Bola"},"content":{"rendered":"<h3><strong>\u00bfQUI\u00c9N ES AMADEO BOLA?<br \/>\n<\/strong><\/h3>\n<p>La locura empezaba a apoderarse de Internet en el a\u00f1o 2000 y el campo de posibilidades que se abr\u00eda con ello era infinito. Reina Duarte, directora de Edeb\u00e9, fue la primera en mostrarme su inquietud al respecto, hablando de crear algo nuevo, algo que llevara a los j\u00f3venes a la red sin dejar de lado la literatura, o lo que es lo mismo, algo que les hiciera leer sin perder de vista que los ordenadores se estaban convirtiendo en su horizonte. \u00bfPero c\u00f3mo leer en pantalla? Apenas unos d\u00edas despu\u00e9s le llev\u00e9 la propuesta que desemboc\u00f3 en el nacimiento del personaje de Amadeo Bola, un detective de seguros patoso que se cree un genio con mala suerte y que rompe m\u00e1s cosas de las que salva o encuentra. Ven\u00eda a ser un Zack Galaxy humano y actual, tambi\u00e9n con una madre insoportable y un jefe que siempre le grita. La idea era colgar de Internet una novela interactiva, con cinco finales (dos tontos, dos posibles y el bueno, el m\u00e1s largo), de forma que el lector pudiera ir de un lado a otro y con las ilustraciones &#8220;escondidas&#8221; en el texto (se <em>clicaba<\/em> un signo y al lado aparec\u00eda el dibujo, que adem\u00e1s, se mov\u00eda). De eso se encarg\u00f3 mi esposa Antonia. Para que los lectores intervinieran de forma directa, uno de los cinco finales, el m\u00e1s largo y coherente, iba a quedar abierto, o sea que no estar\u00eda escrito. As\u00ed naci\u00f3 Literactiva y organizamos el concurso: el mejor final ganar\u00eda un ordenador y aparecer\u00eda en la novela cuando se editase. M\u00e1s tarde decidimos incluir los diez finalistas.<\/p>\n<p>Jam\u00e1s imaginamos lo que iba a suceder. Fui el primero en colgar un libro en la red (Arturo P\u00e9rez Reverte lo hizo medio a\u00f1o despu\u00e9s) y la web tuvo en 2001 nada menos que 1.509.932 entradas, de todo el mundo, pa\u00edses extraordinarios y\/o ins\u00f3litos como Yemen, Arabia Saud\u00ed, Ucrania&#8230; El listado era enorme. Varios cientos de chicos y chicas participaron en el concurso enviando sus finales y la novela se edit\u00f3 en octubre de 2001. Para entonces ya estaba en marcha el segundo concurso con una nueva aventura de Amadeo Bola colgada y el mismo dise\u00f1o interactivo con sus cinco finales. Lo de hacer tantos finales era un derivado de lo que cualquier autor policiaco experimenta al escribir una novela. El asesino puede ser cualquiera, depende de las pistas o de los giros que d\u00e9 al trazarla en su mente. Muchas veces, imaginando los movimientos de mis personajes policiacos, comprendo que hay tantos caminos que cada uno nos llevar\u00eda a un final distinto. Hay que elegir. Pero \u00bfpor qu\u00e9 despreciar los otros? Con Amadeo Bola cumpl\u00ed el sue\u00f1o de no eliminar ning\u00fan final posible, aunque siempre haya uno mejor.<\/p>\n<p>El \u00e9xito de &#8220;El misterio del Goya robado&#8221; en Internet, hizo que repiti\u00e9ramos la experiencia. Pero nunca segundas partes fueron buenas (o eso dicen). Del m\u00e1s de mill\u00f3n y medio de visitas a la web del primero, pasamos a &#8220;unos pocos&#8221; cientos de miles del segundo. La f\u00f3rmula fue la misma, libro interactivo, ilustraciones de Antonia, concurso, pero aunque hubo un ganador y fuimos a Bilbao a entregar el premio, el libro ya no se public\u00f3 como el anterior. Hice mi final y seguimos con la serie como novelas normales y corrientes, fuera de Internet.<\/p>\n<p>Me re\u00eda mucho escribiendo de Amadeo, de su madre empe\u00f1ada en que comiera berenjenas mientras le buscaba novias, de su jefe que siempre le gritaba, de sus vecinas&#8230; Un personaje que consider\u00e9 entra\u00f1able hasta que se agot\u00f3 y cerr\u00f3 en 2009.<\/p>\n<p>&nbsp;<\/p>\n<h3><strong>LIBROS DE LA SERIE <\/strong><strong>AMADEO BOLA<\/strong><\/h3>\n<h4><strong>El misterio del Goya robado<\/strong><\/h4>\n<ul>\n<li>Escrito: del 8 al 10 de mayo de 2000, m\u00e1s 6 de diciembre de 2003 en su segunda versi\u00f3n<\/li>\n<li>Publicado: octubre de 2001 por Edeb\u00e9 (versi\u00f3n Internet) y abril de 2004 por Edeb\u00e9 (colecci\u00f3n Amadeo Bola n\u00ba1). Reeditado por SiF Editorial en 2020.<\/li>\n<\/ul>\n<p>Para la primera novela de Amadeo escog\u00ed el tema de los robos de arte. Cuando desaparece un famoso cuadro de un museo la compa\u00f1\u00eda de seguros env\u00eda a Amadeo, que por supuesto resuelve el l\u00edo a base de meter la pata una y otra vez.<\/p>\n<p>Como cuento en &#8220;\u00bfQui\u00e9n es Amadeo Bola?&#8221;, esta fue la primera novela del proyecto Literactiva, que consist\u00eda en colgar el libro en Internet y dejar el quinto final, el m\u00e1s largo de los cinco, a criterio de los lectores. El libro se edit\u00f3 inicialmente con el ganador y otros nueve finalistas.<\/p>\n<p>Despu\u00e9s de la experiencia en Internet, y ya sin continuarla, decidimos seguir con Amadeo Bola como serie literaria, as\u00ed que escrib\u00ed en diciembre de 2003 mi propio final de la historia y el nuevo libro apareci\u00f3 en 2004 abriendo el camino de la colecci\u00f3n.<\/p>\n<p>&nbsp;<\/p>\n<h4><strong>El misterio del sello millonario<\/strong><\/h4>\n<ul>\n<li>Guion previo: 11 de diciembre de 2000<\/li>\n<li>Escrito: del 26 al 29 de diciembre de 2000. Reeditado por SiF Editorial en 2020.<\/li>\n<li>Publicado: abril de 2004 por Edeb\u00e9 (colecci\u00f3n Amadeo Bola n\u00ba2)<\/li>\n<\/ul>\n<p>Despu\u00e9s de un cuadro en el primer libro de la serie, pas\u00e9 a un sello en el segundo. No hay nada m\u00e1s peque\u00f1o que valga millones. Amadeo investigaba en una familia donde todo eran pu\u00f1ales por la espalda. Hicimos el segundo concurso en Internet y cuando Edeb\u00e9 decidi\u00f3 lanzar la colecci\u00f3n Amadeo Bola, yo escrib\u00ed mi final y fue el n\u00ba2 de la misma. El guion lo hice en Varadero, Cuba, en diciembre de 2000.<\/p>\n<p>&nbsp;<\/p>\n<h4><strong>El misterio del loro rapero<\/strong><\/h4>\n<ul>\n<li>Guion previo: 29 de diciembre de 2001<\/li>\n<li>Escrito: del 30 de diciembre de 2001 al 3 de enero de 2002 y 6 de diciembre de 2003<\/li>\n<li>Publicado: abril de 2004 por Edeb\u00e9 (Colecci\u00f3n Amadeo Bola n\u00ba3). Reeditado por SiF Editorial en 2021.<\/li>\n<\/ul>\n<p>El tercer libro de la serie Amadeo Bola, mi detective de seguros, ya no se colg\u00f3 en Internet. El personaje comenz\u00f3 a funcionar por s\u00ed mismo, poco a poco. Si en el primero robaban un Goya y en segundo un sello que val\u00eda millones, aqu\u00ed el desaparecido y asegurado por una pasta era un loro que cantaba rap. Toda una estrella. Fue mi venganza de la m\u00fasica que menos me gustaba del panorama del momento.<\/p>\n<p>&nbsp;<\/p>\n<h4><strong>El misterio del diamante gal\u00e1ctico<\/strong><\/h4>\n<ul>\n<li>Guion previo: 14 al 21 de marzo de 2005<\/li>\n<li>Escrito: 24 al 26 de marzo de 2005<\/li>\n<li>Publicado: abril de 2006 por Edeb\u00e9 (Colecci\u00f3n Amadeo Bola n\u00ba4). Reeditado por SiF Editorial en 2022.<\/li>\n<\/ul>\n<p>Cuarto libro de la serie protagonizada por mi patoso detective de seguros, Amadeo Bola. Le toca encontrar un diamante fabuloso escamoteado delante de todo el mundo en una subasta. La idea y las primeras anotaciones las hice recorriendo Turqu\u00eda del 14 al 21 de marzo de 2005, sobre todo en la Capadocia.<\/p>\n<p>&nbsp;<\/p>\n<h4><strong>El misterio del elefante desaparecido<\/strong><\/h4>\n<ul>\n<li>Guion previo: 13 y 14 de junio de 2005<\/li>\n<li>Escrito: 11 al 16 de julio de 2005<\/li>\n<li>Publicado: septiembre de 2006 por Edeb\u00e9 (Colecci\u00f3n Amadeo Bola n\u00ba5). Reeditado por SiF Editorial en 2022.<\/li>\n<\/ul>\n<p>Amadeo Bola, mi detective de seguros, ha de encontrar nada menos que un elefante. Pero no de verdad, sino virtual, as\u00ed que se trata tan s\u00f3lo de una cajita. Naturalmente pondr\u00e1 el circo patas arriba. El guion lo prepare en Punta Cana, Santo Domingo.<\/p>\n<p>&nbsp;<\/p>\n<h4><strong>El misterio del futbolista secuestrado<\/strong><\/h4>\n<ul>\n<li>Guion previo: junio de 2006<\/li>\n<li>Escrito: 4 al 7 de septiembre de 2006<\/li>\n<li>Publicado: marzo de 2007 por Edeb\u00e9 (Colecci\u00f3n Amadeo Bola n\u00ba6). Reeditado por SiF Editorial en 2022.<\/li>\n<\/ul>\n<p>La idea de secuestrar al futbolista m\u00e1s famoso del mundo no era nueva. Ya hab\u00eda secuestrado a un equipo entero en &#8220;Terror y muerte en los mundiales&#8221; en 1978. Pero ahora era el patoso Amadeo Bola el que lo buscaba, porque estaba asegurado por mucha pasta. Eso me serv\u00eda para poner a caldo el mundo del f\u00fatbol y sus entresijos chanchulleros. El guion lo trabaj\u00e9 en Varadero en junio de 2006.<\/p>\n<p>&nbsp;<\/p>\n<h4><strong>El misterio del disco raro<\/strong><\/h4>\n<ul>\n<li>Guion previo: junio de 2006<\/li>\n<li>Escrito: 9 y del 11 al 14 de septiembre de 2006<\/li>\n<li>Publicado: octubre de 2007 por Edeb\u00e9 (Colecci\u00f3n Amadeo Bola n\u00ba7). Reeditado por SiF Editorial en 2022.<\/li>\n<\/ul>\n<p>No pod\u00edan faltar una aventura de Amadeo Bola vinculada con el coleccionismo, los discos raros y la trastienda del mundo de la m\u00fasica. El disco raro en cuesti\u00f3n era uno de los Beatles, nada menos que su icono &#8220;Sgt. Pepper\u00b4s&#8221;, que sonaba al rev\u00e9s y al hacerlo se escuchaba una polka-mambo-cha-cha-ch\u00e1. El guion lo trabaj\u00e9 en Varadero en junio de 2006.<\/p>\n<p>&nbsp;<\/p>\n<h4><strong>El misterio del robot loco<\/strong><\/h4>\n<ul>\n<li>Guion previo: del 25 al 27 de enero de 2009<\/li>\n<li>Escrito: del 10 al 13 de abril de 2009<\/li>\n<li>Publicado: mayo de 2010 por Edeb\u00e9 (Colecci\u00f3n Amadeo Bola n\u00ba8). Reeditado por SiF Editorial en 2022.<\/li>\n<\/ul>\n<p>Las nuevas tecnolog\u00edas llegaban al mundo de Amadeo Bola, mi detective de seguros, y ten\u00eda que encontrar un robot desaparecido&#8230; que al final resultaba que se hab\u00eda enamorado de un microondas de coraz\u00f3n muy caliente. Un prototipo anterior tambi\u00e9n se enamoraba, en este caso de un aspirador. Empezaba a tomarles el pelo a las m\u00e1quinas despu\u00e9s de haber escrito tantas novelas o relatos de ciencia ficci\u00f3n con ellas de protagonistas.<\/p>\n<p>El guion lo hice en la isla de Bar\u00fa, en el Caribe Colombiano.<\/p>\n<p>&nbsp;<\/p>\n<h4><strong>El misterio del videojuego asesino<\/strong><\/h4>\n<ul>\n<li>Guion previo: 27 y 28 de enero, 12, 13 y 17 de marzo de 2009<\/li>\n<li>Escrito: 14, 15, 17, 20, 25 y 26 de abril de 2009<\/li>\n<li>Publicado: mayo de 2010 por Edeb\u00e9 (Colecci\u00f3n Amadeo Bola n\u00ba9). Reeditado por SiF Editorial en 2022.<\/li>\n<\/ul>\n<p>Y si en el anterior las nuevas tecnolog\u00edas hablaban de robots, en este me met\u00eda directamente con el universo de los videojuegos, con una empresa llena de ni\u00f1os y j\u00f3venes millonarios y el m\u00e1s esperado videojuego del a\u00f1o que desaparec\u00eda antes de ponerse a la venta. Amadeo Bola, creo que menos patoso cada vez pero igualmente divertido, consegu\u00eda resolver el misterio. Y por quintuplicado, a trav\u00e9s de los cinco finales de cada novela, como siempre.<\/p>\n<p>El guion lo hice en la isla de Bar\u00fa, reci\u00e9n terminados el de &#8220;El misterio del robot loco&#8221;, pero no pude completarlo hasta un par de viajes con el AVE, ya en Espa\u00f1a, primero el 12 y 13 y despu\u00e9s el 17 de marzo. Incluso libros tan sencillos como estos requer\u00edan cada vez m\u00e1s de guiones s\u00faper elaborados.<\/p>\n<p>&nbsp;<\/p>\n","protected":false},"excerpt":{"rendered":"<p>\u00bfQUI\u00c9N ES AMADEO BOLA? La locura empezaba a apoderarse de Internet en el a\u00f1o 2000 y el campo de posibilidades que se abr\u00eda con ello era infinito. Reina Duarte, directora de Edeb\u00e9, fue la primera en mostrarme su inquietud al respecto, hablando de crear algo&hellip; <a class=\"read-more\" href=\"https:\/\/sierraifabra.com\/?page_id=7227&#038;lang=es\">Read more<\/a><\/p>\n","protected":false},"author":101012,"featured_media":0,"parent":7127,"menu_order":0,"comment_status":"closed","ping_status":"closed","template":"","meta":{"footnotes":""},"class_list":["post-7227","page","type-page","status-publish","hentry"],"aioseo_notices":[],"_links":{"self":[{"href":"https:\/\/sierraifabra.com\/index.php?rest_route=\/wp\/v2\/pages\/7227","targetHints":{"allow":["GET"]}}],"collection":[{"href":"https:\/\/sierraifabra.com\/index.php?rest_route=\/wp\/v2\/pages"}],"about":[{"href":"https:\/\/sierraifabra.com\/index.php?rest_route=\/wp\/v2\/types\/page"}],"author":[{"embeddable":true,"href":"https:\/\/sierraifabra.com\/index.php?rest_route=\/wp\/v2\/users\/101012"}],"replies":[{"embeddable":true,"href":"https:\/\/sierraifabra.com\/index.php?rest_route=%2Fwp%2Fv2%2Fcomments&post=7227"}],"version-history":[{"count":0,"href":"https:\/\/sierraifabra.com\/index.php?rest_route=\/wp\/v2\/pages\/7227\/revisions"}],"up":[{"embeddable":true,"href":"https:\/\/sierraifabra.com\/index.php?rest_route=\/wp\/v2\/pages\/7127"}],"wp:attachment":[{"href":"https:\/\/sierraifabra.com\/index.php?rest_route=%2Fwp%2Fv2%2Fmedia&parent=7227"}],"curies":[{"name":"wp","href":"https:\/\/api.w.org\/{rel}","templated":true}]}}