{"id":7314,"date":"2026-02-16T10:50:17","date_gmt":"2026-02-16T09:50:17","guid":{"rendered":"https:\/\/sierraifabra.com\/?page_id=7314"},"modified":"2026-02-16T18:28:03","modified_gmt":"2026-02-16T17:28:03","slug":"acta-del-premio-jordi-sierra-i-fabra-2026","status":"publish","type":"page","link":"https:\/\/sierraifabra.com\/?page_id=7314&lang=es","title":{"rendered":"ACTA DEL PREMIO JORDI SIERRA I FABRA 2026"},"content":{"rendered":"<p style=\"text-align: center;\"><strong>ACTA DE LA CONCESI\u00d3N DEL XXI<br \/>\nPREMIO JORDI SIERRA I FABRA <\/strong><strong>PARA J\u00d3VENES 2026<\/strong><\/p>\n<p><strong>\u00a0<\/strong>\u00a0\u00a0\u00a0\u00a0\u00a0\u00a0\u00a0\u00a0 Reunido en la ciudad de Barcelona el 16 de febrero de 2026, el jurado del Vig\u00e9simo Primer Premio Jordi Sierra i Fabra para J\u00f3venes, integrado por D\u00aa Berta M\u00e1rquez (editora del Grupo Editorial SM), D\u00aa Elena O&#8217;Callaghan (escritora), D\u00aa Maite Carranza (escritora), D\u00aa Alba Quintas (escritora y ganadora del Premio Jordi Sierra i Fabra 2012) y D. Arturo Padilla (escritor y primer ganador del Premio Jordi Sierra i Fabra en 2006), se han acordado los siguientes fallos:<\/p>\n<p style=\"text-align: center;\"><strong><u>GANADORA DEL PREMIO JORDI SIERRA I FABRA <\/u><\/strong><strong><u>PARA J\u00d3VENES 2026:<\/u><\/strong><\/p>\n<h3 style=\"text-align: center;\"><strong>Lourdes Vives Merino<\/strong><br \/>\n<strong>de Albacete<\/strong><br \/>\n<strong>por &#8220;El eco de los Djinn&#8221;<\/strong><\/h3>\n<p style=\"text-align: center;\"><strong>\u00a0<\/strong><strong><u>FINALISTAS<\/u><\/strong><\/p>\n<p style=\"text-align: center;\">Primer finalista:<\/p>\n<p style=\"text-align: center;\"><strong>Julia C\u00f3rcoles Ca\u00f1as<br \/>\n<\/strong><strong>de Murcia<br \/>\n<\/strong><strong>por &#8220;Damnation memoriae&#8221;<\/strong><\/p>\n<p style=\"text-align: center;\"><strong>\u00a0<\/strong>Segundo finalista:<\/p>\n<p style=\"text-align: center;\"><strong>Pau Ferrando Agost<br \/>\n<\/strong><strong>de Castell\u00f3n de la Plana<br \/>\n<\/strong><strong>por &#8220;El ma\u00f1ana nunca fue&#8221;<\/strong><\/p>\n<p style=\"text-align: center;\"><strong>\u00a0<\/strong>Tercer finalista:<\/p>\n<p style=\"text-align: center;\"><strong>\u00a0<\/strong><strong>Silvia Ruiz S\u00e1ez<br \/>\n<\/strong><strong>de Albacete<br \/>\n<\/strong><strong>por &#8220;La magia del Circo Diamond&#8221;<\/strong><strong>\u00a0<\/strong><\/p>\n<p style=\"text-align: center;\">Cuarto finalista<\/p>\n<p style=\"text-align: center;\"><strong>Didac Bautista Torguet<br \/>\n<\/strong><strong>de Barcelona<br \/>\n<\/strong><strong>por &#8220;Piezas de un rompecabezas&#8221;<\/strong><\/p>\n<p style=\"text-align: center;\">Quinto finalista (ex aequo):<\/p>\n<p style=\"text-align: center;\"><strong>Itxaso Illarramendi Gonz\u00e1lez<br \/>\n<\/strong><strong>de Vigo<br \/>\n<\/strong><strong>por &#8220;Elio&#8221;<\/strong><strong>\u00a0<\/strong><\/p>\n<p style=\"text-align: center;\"><strong>Marina Moreno Padilla<br \/>\n<\/strong><strong>de Almer\u00eda<br \/>\n<\/strong><strong>por &#8220;Una \u00faltima batalla&#8221;<\/strong><\/p>\n<p style=\"text-align: center;\"><strong><u>LISTA DE HONOR ORO (POR ORDEN ALFABETICO)<\/u><\/strong><\/p>\n<p style=\"text-align: center;\"><strong>Ana Ysabel Jim\u00e9nez Hern\u00e1ndez-Capalleja<br \/>\n<\/strong>de Murcia<br \/>\npor &#8220;On\u00edrico&#8221;<\/p>\n<p style=\"text-align: center;\"><strong>Pol Riera Llad\u00f3<br \/>\n<\/strong>de Sabadell, Barcelona<br \/>\npor &#8220;Fragmentos&#8221;<\/p>\n<p style=\"text-align: center;\"><strong>Yaria Zambrana Gallego<br \/>\n<\/strong>de San Jos\u00e9 de la Rinconada, Sevilla<br \/>\npor &#8220;Nekane\u00b7<\/p>\n<p style=\"text-align: center;\"><strong><u>LISTA DE HONOR PLATA (POR ORDEN ALFABETICO)<\/u><\/strong><\/p>\n<p style=\"text-align: center;\"><strong>Alma Ca\u00f1ellas Pel\u00e1ez<br \/>\n<\/strong>de Marratxi, Baleares<br \/>\npor &#8220;El regreso de los tres esp\u00edritus&#8221;<\/p>\n<p style=\"text-align: center;\"><strong>Ana Rodr\u00edguez Gonz\u00e1lez<br \/>\n<\/strong>de Zaragoza<br \/>\npor &#8220;La sota de narcos&#8221;<\/p>\n<p style=\"text-align: center;\"><strong>Leyre Ledesma Arag\u00fcez<br \/>\n<\/strong>de M\u00e1laga<br \/>\npor &#8220;Maeve&#8221;<\/p>\n<p style=\"text-align: center;\"><strong>Lydia Gallego S\u00e1nchez<br \/>\n<\/strong>de Monreal del Campo, Teruel<br \/>\npor &#8220;Donde habitan las musas&#8221;<\/p>\n<p style=\"text-align: center;\"><strong>Natalia Ramos P\u00e9rez<br \/>\n<\/strong>de Valencia<br \/>\npor &#8220;Uno y el \u00faltimo&#8221;<\/p>\n<p style=\"text-align: center;\"><strong>Nikole Ganivet Cano<br \/>\n<\/strong>de Moncofa, Castell\u00f3n<br \/>\npor &#8220;Una delgada l\u00ednea entre&#8230;&#8221;<\/p>\n<p style=\"text-align: center;\"><strong>Naia Rodr\u00edguez Lucas<br \/>\n<\/strong>de Madrid<br \/>\npor &#8220;En busca del hombre m\u00e1s feliz del mundo&#8221;<\/p>\n<p style=\"text-align: center;\"><strong>Ver\u00f3nica Margalef Lasyrkina<br \/>\n<\/strong>de Cambrils, Tarragona<br \/>\npor &#8220;Entre los pliegues de mi tiempo&#8221;<\/p>\n<p style=\"text-align: left;\">\u00a0\u00a0\u00a0\u00a0\u00a0\u00a0\u00a0\u00a0 La cosecha del Premio de Novela Jordi Sierra i Fabra para J\u00f3venes 2026 nos ha deparado un n\u00famero de 37 originales presentados, un leve descenso en relaci\u00f3n a 2025 y por supuesto lejos del record de 2013 (111 obras). Sin embargo, el nivel y la calidad son superiores, prueba de que quienes se presentan tienen claro lo que significa escribir y que no es un simple pasatiempo. El hecho de terminar una obra ya merece consideraci\u00f3n, aplausos y respeto. El efecto de saturaci\u00f3n de m\u00f3viles y redes sociales tambi\u00e9n contribuye a que se vuelva a prestar atenci\u00f3n a lo que realmente importa, como es la lectura y no digamos ya la escritura, que para ello se convoca este premio.<br \/>\nHan optado al JSiF &#8217;26 un total de 30 chicas y 7 chicos, proporci\u00f3n similar a la de todas las convocatorias precedentes. Por g\u00e9neros, tenemos 15 novelas realistas, 1 de misterio, 2 thrillers, 2 de aventuras, 9 de fantas\u00eda, 1 rom\u00e1ntica, 4 compilaciones de relatos, 1 de terror y 2 de ciencia ficci\u00f3n. Han llegado tambi\u00e9n obras de Francia, Chile, Per\u00fa, y Cuba, prueba de la internacionalidad del premio, aunque han sido menos que otros a\u00f1os y se han echado en falta las habituales de Colombia y M\u00e9xico.<br \/>\nEntre los puntos que se destacan de la lectura de los originales, hay que citar estos: sigue subiendo el nivel, mucho, ya que hemos tenido siete finalistas, han bajado los integrantes de la Lista de Honor Oro con tres y son ocho en la Lista de Honor Plata, es decir, un 40% de los libros presentados han estado por encima de la media. La lectora de los originales destaca que los relatos de fantas\u00eda est\u00e1n m\u00e1s elaborados y son m\u00e1s originales, aunque sigue la tendencia de unirlos con el g\u00e9nero rom\u00e1ntico; los relatos realistas tambi\u00e9n son m\u00e1s variados y se nota la influencia de los conflictos b\u00e9licos que envuelven al mundo en la actualidad; la moda de lugares y nomenclatura extranjera, sobre todo anglosajona, no ha variado. Las novelas se han centrado m\u00e1s este a\u00f1o en la trama central de la historia y no en el deseo de aumentar p\u00e1ginas con temas transversales que por lo general siempre lastran la agilidad del relato. Siendo escritores noveles, la sencillez y concreci\u00f3n con b\u00e1sicas. Muchos temas hacen que las historias se pierdan, o no se cierren bien, o se pierdan al final. Poner palabras eruditas fuera de contexto es malo, tanto como no pasar por el corrector ortogr\u00e1fico un libro antes de enviarlo, ya que los jurados son muy puntillosos con las faltas. Por segundo a\u00f1o ha preocupado y mucho la posible detecci\u00f3n de libros con indicios de haber sido escritos o pasados por la IA. Estos libros sospechosos quedan autom\u00e1ticamente fuera de los puestos de honor. En el caso de los finalistas, que son los que lee el jurado al final, se pasan ya por un detector para comprobar que no haya huellas de IA en su redacci\u00f3n. Si quer\u00e9is escribir no pod\u00e9is enga\u00f1ados a vosotros mismos. No tiene sentido. Este es un premio que os ayuda a dar forma a vuestros sue\u00f1os, no una meta en s\u00ed. El artista que se miente a s\u00ed mismo no es ni ser\u00e1 nunca artista. Si solo quer\u00e9is ganar es que est\u00e1is jugando y no pens\u00e1is en el futuro y en lo maravilloso que es escribir. La IA es lo peor que le puede pasar a la literatura y m\u00e1s cuando est\u00e1is empezando.<br \/>\nEl ingenio y el trabajo de las historias se hace evidente a\u00f1o a a\u00f1o, prueba de la seriedad con la que os tom\u00e1is este reto que ha cambiado la vida de tantos y tantas en las convocatorias anteriores (la mayor\u00eda de los primeros ganadores son hoy escritores ya consagrados, y muchos m\u00e1s, que no lo hicieron, han publicado sus novelas con el paso de los a\u00f1os). Por supuesto ha habido participantes que se presentaban por segunda y tercera vez, incluso cuarta o quinta, incansables al desaliento, como tiene que ser. El esfuerzo, sacrificio, confianza y perseverancia m\u00e1s all\u00e1 de los resultados es la clave para llegar a ser escritor o escritora. Algunas veces un finalista de un a\u00f1o no aparece ni en las Listas de Honor al siguiente. Esto no significa un retroceso, es solo una vicisitud m\u00e1s propia de los concursos literarios. Cada a\u00f1o os digo lo mismo: escribir es una marat\u00f3n sin fin, cada libro es siempre el primero, y el peaje del aprendizaje es duro, aunque suele confortar. Escribir es una necesidad para muchos y muchas, como lo es respirar. Insisto: a lo largo de los ya 21 a\u00f1os del premio, no pocos son los que nunca han llegado a la final y en cambio han publicado posteriormente libros al crecer y evolucionar. Y cuidado: digo publicar, no autopublicarse, algo que solo es un autoenga\u00f1o y no sirve de nada. Escribir significa honrar lo que se hace y respetarse a s\u00ed mismo en ese proceso. La autopublicaci\u00f3n acaba siendo un juego producto de un af\u00e1n de notoriedad o necesidad de autoestima, por otro lado algo propio de la adolescencia, pero no sirve para crecer y aprender. El \u00e9xito se basa en aprender de los fracasos. Por \u00faltimo, siguiendo directrices del jurado, recomendar siempre pasar el libro por el auto corrector del ordenador, cuidar la est\u00e9tica, entrar las primeras l\u00edneas, no separar p\u00e1rrafos, no utilizar palabras rimbombantes si no sab\u00e9is que significan y no fiarse nunca de una sola fuente de informaci\u00f3n. Hay que contrastar. Wikipedia est\u00e1 plagada de errores.<br \/>\nLa ganadora de este a\u00f1o, Lourdes Vives Merino, naci\u00f3 el 23 de julio de 2008 y es de Albacete. Tiene cinco hermanos mayores y una m\u00e1s peque\u00f1a que ella. Estudia bachillerato tecnol\u00f3gico en el IES Bachiller Sabuco de su ciudad y, sin dejar de escribir, quiere estudiar Humanidades. La idea de su novela la tuvo hace dos a\u00f1os, y en junio de 2025 decidi\u00f3 escribirla y presentarla al premio. Tras un arduo trabajo de investigaci\u00f3n acerca de las culturas de que trata la novela, la escribi\u00f3 entre julio y agosto, a tiempo de presentarla al JSiF &#8217;26. &#8220;El eco de los Djinn&#8221; es una historia de aventuras en el desierto enmarcada en un universo m\u00e1gico de hombres, dioses y djinns. La protagonista, como portadora del tiempo, busca su destino, acepta a un guardi\u00e1n elfo que la acompa\u00f1a y protege, y trata de llegar al templo para devolv\u00e9rselo al dios que lo abandon\u00f3. El problema es que hay un malvado y ambicioso forajido que trata de impedirlo. Con un entramado de personajes secundarios bien elaborados, la trama es detallista, tierna y est\u00e1 bien ambientada.<br \/>\nLa finalista de esta edici\u00f3n es Julia C\u00f3rcoles Ca\u00f1as, que se presentaba por cuarta vez (\u00a1bien por su empe\u00f1o!). Su novela es realista, con tem\u00e1tica hist\u00f3rica en torno a la guerra civil y en memoria de los maestros victimas de la contienda. Sucede a fines de los a\u00f1os 40 del siglo pasado desde la mirada de una ni\u00f1a y todo gira en torno a la muerte de su madre. En tercer lugar, &#8220;El ma\u00f1ana que nunca fue&#8221;, est\u00e1 escrita por Pau Ferrando Agost, de Castell\u00f3n de la Plana. Dos amigos de segundo de bachillerato comienzan su \u00faltimo curso, pero la llegada de una nueva alumna har\u00e1 que uno de ellos se enamore de ella. Los tres son fieles seguidores del profesor de f\u00edsica, obsesionado con el tiempo y que, quiz\u00e1, tenga la clave para viajar por \u00e9l. La novela presenta una muy buena documentaci\u00f3n y se hace excelentes preguntas existenciales. Comienzo y final de la historia bien tramados.<br \/>\nComo siempre, y son ya 21 a\u00f1os de este premio, convertido en el m\u00e1s importante en lengua castellana en el mundo para j\u00f3venes, es esencial destacar la utilidad de las recomendaciones que se os hacen en los anexos al final de las bases que anualmente se cuelgan en <a href=\"http:\/\/www.sierraifabra.com\">www.sierraifabra.com<\/a>. S\u00f3lo escribiendo (y leyendo, por supuesto) se aprende a escribir. El hecho de saber hacerlo mejor o peor ha de ir acompa\u00f1ado de la necesaria est\u00e9tica para presentar una novela. No es lo mismo escribir una novela que hacer un correo electr\u00f3nico o un mensaje por m\u00f3vil. Enhorabuena a todos y todas las participantes que han emprendido el camino de aceptar este maravilloso reto: escribir. Y que nadie piense que ha ganado una obra y las dem\u00e1s han perdido porque no es as\u00ed. Una gana, pero las dem\u00e1s compiten. El m\u00e9rito de escribir una novela es vuestro, pero el placer de verla terminada no tiene precio. Ese orgullo no os lo quita nadie.<br \/>\nLa entrega del XXI Premio Literario Jordi Sierra i Fabra se realizar\u00e1 en el transcurso de un acto abierto al p\u00fablico en Albacete, en lugar y hora que se anunciar\u00e1 oportunamente, con la presentaci\u00f3n de la novela ganadora ya editada.<\/p>\n<p style=\"text-align: left;\">\u00a0\u00a0\u00a0\u00a0\u00a0\u00a0 <strong>Jordi Sierra i Fabra, 16 de febrero de 2026<\/strong><\/p>\n<p>&nbsp;<\/p>\n","protected":false},"excerpt":{"rendered":"<p>ACTA DE LA CONCESI\u00d3N DEL XXI PREMIO JORDI SIERRA I FABRA PARA J\u00d3VENES 2026 \u00a0\u00a0\u00a0\u00a0\u00a0\u00a0\u00a0\u00a0\u00a0 Reunido en la ciudad de Barcelona el 16 de febrero de 2026, el jurado del Vig\u00e9simo Primer Premio Jordi Sierra i Fabra para J\u00f3venes, integrado por D\u00aa Berta M\u00e1rquez (editora&hellip; <a class=\"read-more\" href=\"https:\/\/sierraifabra.com\/?page_id=7314&#038;lang=es\">Read more<\/a><\/p>\n","protected":false},"author":101012,"featured_media":0,"parent":592,"menu_order":0,"comment_status":"closed","ping_status":"closed","template":"","meta":{"footnotes":""},"class_list":["post-7314","page","type-page","status-publish","hentry"],"aioseo_notices":[],"_links":{"self":[{"href":"https:\/\/sierraifabra.com\/index.php?rest_route=\/wp\/v2\/pages\/7314","targetHints":{"allow":["GET"]}}],"collection":[{"href":"https:\/\/sierraifabra.com\/index.php?rest_route=\/wp\/v2\/pages"}],"about":[{"href":"https:\/\/sierraifabra.com\/index.php?rest_route=\/wp\/v2\/types\/page"}],"author":[{"embeddable":true,"href":"https:\/\/sierraifabra.com\/index.php?rest_route=\/wp\/v2\/users\/101012"}],"replies":[{"embeddable":true,"href":"https:\/\/sierraifabra.com\/index.php?rest_route=%2Fwp%2Fv2%2Fcomments&post=7314"}],"version-history":[{"count":7,"href":"https:\/\/sierraifabra.com\/index.php?rest_route=\/wp\/v2\/pages\/7314\/revisions"}],"predecessor-version":[{"id":7339,"href":"https:\/\/sierraifabra.com\/index.php?rest_route=\/wp\/v2\/pages\/7314\/revisions\/7339"}],"up":[{"embeddable":true,"href":"https:\/\/sierraifabra.com\/index.php?rest_route=\/wp\/v2\/pages\/592"}],"wp:attachment":[{"href":"https:\/\/sierraifabra.com\/index.php?rest_route=%2Fwp%2Fv2%2Fmedia&parent=7314"}],"curies":[{"name":"wp","href":"https:\/\/api.w.org\/{rel}","templated":true}]}}