{"id":898,"date":"2015-08-22T10:32:12","date_gmt":"2015-08-22T08:32:12","guid":{"rendered":"http:\/\/thewalrushub.com\/jordi\/?page_id=898"},"modified":"2026-03-23T14:00:24","modified_gmt":"2026-03-23T13:00:24","slug":"top-best-sellers-2","status":"publish","type":"page","link":"https:\/\/sierraifabra.com\/?page_id=898&lang=es","title":{"rendered":"Top Best Sellers"},"content":{"rendered":"<p><strong>LIBROS MAS VENDIDOS EN ESPA\u00d1A A PARTIR DE 5 EDICIONES<\/strong><\/p>\n<p>Actualizado a 23 de marzo de 2026<\/p>\n<p><strong>114 ediciones<\/strong>\u2013 Campos de fresas \/ Camps de maduixes- SM\/Cruilla 1997 \/ SiF Ed. ingl\u00e9s \u00a0(68+41+2 C\u00edrculo+ 1 Audiolibro+1 ingl\u00e9s+libro gui\u00f3n cine)<br \/>\n<strong>72 ediciones<\/strong>\u2013 El asesinato del profesor de matem\u00e1ticas \/ L\u00b4assassinat del professor de matem\u00e1tiques \u2013 Anaya 2000\/ Barcanova 2002 (48+24)<br \/>\n<strong>68 ediciones<\/strong> \u2013 Kafka y la mu\u00f1eca viajera \/ Kafka eta panpina bidaiaria \/ Kafka i la nina que se\u00b4n va anar de viatge \/ Kafka e a boneca viaxeira \u2013 Siruela 2006 \/ Elkar 2008 \/ Empuries 2008 \/ SiF Ed. ingl\u00e9s (36 cast. +3 eusk. +14 cat. + 5 gall. + 2 L\u00e9ctura F\u00e1cil cat. + 1 Lectura F\u00e1cil cast. + 1 Lectura F\u00e1cil eusk. + 1 Lectura F\u00e1cil gall. + 1 Lectura F\u00e1cil ing. + 1 C\u00edrculo +2 Audiolibro + 1 ingl\u00e9s)<br \/>\n<strong>65 ediciones<\/strong> \u2013 La piel de la memoria \/ Oroimenaren azala \/ La pell de la mem\u00f2ria \u2013 Edelvives\/Baula 2002\/3 (40 cast. + 10 eusk. + 14 cat. + 1 C\u00edrculo)<br \/>\n<strong>62 ediciones<\/strong> \u2013 Llamando a las puertas del cielo \/ Trucant a les portes del cel (cat) \/ Trucant a les portes del cel (val) \u2013 Chamando \u00e1s portas do cel \/ Zeruko ateetan deika \u2013 Edeb\u00e9\/Marjal\/Rodeira\/Giltza 2006 (23 cast.+17 cat.+3 gall.+7 eusk.+9 Val.+2 audiolibro cast. y cat.))<br \/>\n<strong>61 ediciones<\/strong> \u2013 Donde est\u00e9 mi coraz\u00f3n \/ All\u00e1 on sigui el meu cor \/ All\u00e0 on siga el meu cor \u2013 Edeb\u00e9 1998\/2009 (31 cast. +19 cat. +11 val.)<br \/>\n<strong>57 ediciones<\/strong>\u2013 Noche de viernes \/ Nit de divendres \u2013 Alfaguara\/Voramar 1993 (41+14+1 C\u00edrculo+1 Suma de Letras)<br \/>\n<strong>55 ediciones<\/strong>\u2013 La f\u00e1brica de nubes \/ La f\u00e1brica de n\u00favols \u2013 SM\/Cruilla 1991 (47+5+Ed.Esp.Prensa+Audiolibro cat.)<br \/>\n<strong>52 ediciones<\/strong> \u2013 Las chicas de alambre \/ Les noies de Filferro \u2013 Alfaguara 1999\/Grup Promotor 2005 (43+9)<br \/>\n<strong>51 ediciones<\/strong>\u2013 En un lugar llamado guerra \/ En un lloc anomenat guerra \/ Gerra da leku jonen izena \/ Nun lugar chamado guerra \/ Nun lugar que llamen guerra \/ En un puesto clamato guerra \u2013 Editores Asociados 2002 \/ La Galera \/ Elkar \/ Galaxia \/ Peixe \/ Xordica (1 en bable y aragon\u00e9s; 17 ct., 8 gllg y 15 eusk. 9 cast.)<br \/>\n<strong>48 ediciones<\/strong> \u2013 La m\u00fasica del viento \/ La m\u00fasica del vent \u2013 Bronce 1998\/Columna 2004\/Planeta Lector 2011\/Educaula 2011\/La Mar de F\u00e1cil 2011 (27+16+1+1+2+1 C\u00edrculo)<br \/>\n<strong>48 ediciones<\/strong>\u00a0\u2013 El asesinato de la profesora de lengua \u2013 Anaya 2007<br \/>\n<strong>46 ediciones<\/strong> \u2013 El ni\u00f1o que viv\u00eda en las estrellas \/ El nen que vivia als estels \u2013 Alfaguara\/Grup Promotor 1996 (30+15)<br \/>\n<strong>46 ediciones<\/strong> \u2013 Aydin \u2013 Edeb\u00e9 1994 \/ SiF Editorial 2020 (29 cs.+12 ct.+4 gllg., mismo t\u00edtulo en todas las lenguas + 1 ingl\u00e9s SiF)<br \/>\n<strong>43 ediciones<\/strong> \u2013 El espejo del futuro \/ El mirall del futur \/ L\u00b4espill del futur \/ Etorkizunaren ispilua \u2013 Edeb\u00e9 1992 (23 cs.+12 ct.+7 vl.+1 eusk.)<br \/>\n<strong>42 ediciones<\/strong> \u2013 Sala de conflictos \/ Sala de conflictes \/ Gatazka gela \u2013 Edelvives 2009\/10 (23 cast. + 12 cat. +7 eusk.)<br \/>\n<strong>41 ediciones<\/strong>\u2013 La biblioteca dels llibres buits \/ La biblioteca de los libros vac\u00edos \u2013Cruilla 2002 \/ Algar 2006 (26+15)<br \/>\n<strong>40 ediciones<\/strong>\u2013 En Canarias se ha puesto el sol \u2013 Planeta 1979<br \/>\n<strong>39 ediciones<\/strong> \u2013 El Club de los Raros \/ El Club dels estranys \u2013 SM\/Cru\u00eflla 2015 \/ Lectura F\u00e1cil 2017 cast. \/ Lectura F\u00e0cil 2018 cat. \/ SiF Ed. ingl\u00e9s\u00a0 (21 cast. +6 cat. +9 LF+2LF+1)<br \/>\n<strong>36 ediciones<\/strong> \u2013 Cuatro d\u00edas de enero \/ Quatre dies de gener \u2013 Plaza y Jan\u00e9s (23 cast.+ 9 cat.+ 1 C\u00edrculo + 2 Prensa + 1 Audiolibro cat.)<br \/>\n<strong>35 ediciones<\/strong> \u2013 Dormido sobre los espejos \/ Adormit sobre els miralls \/ Ispiluen gainean lotan \/ Durmido sobre os espellos \u2013 Editories Asociados 2000\/1\/3 La Galera \/ Elkar \/ Galaxia (5 cs.+9 ct.+16 eusk.+5 gllg)<br \/>\n<strong>34 ediciones<\/strong> \u2013 El joven Lennon \/ El jove Lennon \u2013 SM1988\/2005 + Cruilla 1992 (28+5) + Columna 2005 (1)<br \/>\n<strong>34 ediciones <\/strong>\u2013 Querido hijo: est\u00e1s despedido \u2013 Alfaguara 2000<br \/>\n<strong>33 ediciones<\/strong>\u2013 El temps de l\u00b4oblit \/ El tiempo del olvido \u2013 Columna1993\/Alba 1997 (26+6+1 C\u00edrculo)<br \/>\n<strong>32 ediciones<\/strong>\u2013 97 formas de decir \u201cte quiero\u201d\/ 97 maneres de dir \u201ct\u00b4estimo\u201d \u2013 Bru\u00f1o 2001\/Columna 2005 (27+5)<br \/>\n<strong>31 ediciones<\/strong>\u2013 La estrella de la ma\u00f1ana \/ L\u00b4estel del mati \u2013 SM\/Cruilla 1996 (18+13)<br \/>\n<strong>31 ediciones<\/strong> \u2013 La memoria de los seres perdidos \/ La mem\u00f2ria dels \u00e9ssers perduts \u2013 SM\/Cruilla 1998 (25+4+1 C\u00edrculo+1 Easy Reader)<br \/>\n<strong>31 ediciones<\/strong>\u00a0\u2013 El fabuloso Mundo de las Letras \u2013 SM 2000<br \/>\n<strong>26 ediciones<\/strong>\u2013 Rabia \/ R\u00e0bia \u2013 SM\/Cruilla 2000 (19+6+1 C\u00edrculo)<strong><br \/>\n26 ediciones<\/strong>\u2013 Malas Tierras \/ Males terres \u2013 SM\/Cruilla 1994 (22+4)<br \/>\n<strong>26 ediciones<\/strong> \u2013 Cuentos y poemas para un mes cualquiera \/ Contes i poemes per a un mes qualsevol \/ Contos e poemas para un mes calquera (Con Antonio Garc\u00eda Teijeiro) \u2013\u00a0 Planeta-Oxford 2005\/6 \u2013 Oxford 2010 (16 cast.+ 6 cat. + 4 gllg)<br \/>\n<strong>24 ediciones<\/strong> \u2013 Las alas del sol \/ Les ales del sol \u2013 SM 1994 \/ Perif\u00e8ric 2008 (23+1)<br \/>\n<strong>23<\/strong>\u00a0<strong>ediciones<\/strong> \u2013 El asesinato del profesor de m\u00fasica \/ L\u2019assassinat del professor de m\u00fasica \u2013 Anaya\/Barcanova 2011 (15+8)<br \/>\n<strong>22 ediciones<\/strong>\u2013 \u2026en un lugar llamado Tierra \/ \u2026en un lloc anomenat Terra \u2013 SM 1983\/Cruilla 1990 + Siruela 2008 \u00a0(19+1+1+1 C\u00edrculo)<br \/>\n<strong>22 ediciones<\/strong> \u2013 Solituds del\u2019Anna \/ Soledades de Ana \/ Anaren bakardadea \/ Soidades de Ana \u2013 Bromera\/Algar 2005 \/ Erein 2006 \/ Galaxia 2007 (6 cat.+ 7 cast.+ 7 eusk.+ 1 gallg.+ 1 C\u00edrculo)<br \/>\n<strong>21 ediciones<\/strong>\u00a0\u2013 Retrato de un adolescente manchado \u2013 Bru\u00f1o 1997 (20+1 C\u00edrculo)<br \/>\n<strong>21 ediciones<\/strong>\u2013 Un hombre con un tenedor en una tierra de sopas \u2013 Bru\u00f1o 1998<br \/>\n<strong>21 ediciones<\/strong> \u2013 Siete d\u00edas de julio \/ Set dies de juliol \u2013 Plaza y Jan\u00e9s 2010 (14 cast. + 5 ct. + 2 Prensa)<br \/>\n<strong>21 ediciones<\/strong> \u2013 Radiograf\u00eda de chica con tatuaje \/ Radiografia de noia amb tatuatge \u2013 La Galera 2007 (101cat. + 6 cast. + 4 Lectura F\u00e1cil)<br \/>\n<strong>21 ediciones<\/strong> \u2013 Historia de un segundo \/ Hist\u00f2ria d\u2019un segon \u2013 SM\/Cru\u00eflla 2010 (18+3)<br \/>\n<strong>21 ediciones<\/strong> \u2013 Donde el viento da la vuelta \u2013 Edeb\u00e9 2001<br \/>\n<strong>20 ediciones<\/strong>\u2013 Seis historias en torno a Mario\/Sis hist\u00f2ries al voltant d\u00b4en M\u00e0rius \u2013 Espasa 1995\/Planeta Oxford 2005 (14+6)<br \/>\n<strong>19 ediciones<\/strong> \u2013 Els homes de les cadires \/ Los hombres de las sillas \u2013 Cruilla\/SM 2000 (16+1) \/ SiF Editorial 2018 (1) + 1 audiolibro.<br \/>\n<strong>19 ediciones<\/strong> \u2013 Cinco d\u00edas de octubre \/ Cinc dies d\u2019ctubre \u2013 Plaza y Jan\u00e9s 2011 (12-7)<br \/>\n<strong>18 ediciones<\/strong>\u2013 Nunca seremos estrellas del rock \/ Mai no serem estrelles del rock \u2013 Alfaguara 1995\/Columna 1995 (16+2)<br \/>\n<strong>18 ediciones<\/strong> \u2013 Sin tiempo para so\u00f1ar \u2013 Bru\u00f1o 2003<br \/>\n<strong>17 ediciones<\/strong>\u2013 La voz interior \u2013 SM 1997<br \/>\n<strong>17 ediciones<\/strong>\u2013 Temps de gebre \/ Tiempo de escarcha \u2013 Cruilla 1990\/SM 2006 (14 cat. + 3 cast.)<br \/>\n<strong>17 ediciones<\/strong>\u00a0\u2013 Sin vuelta atr\u00e1s \/ Sense tornada \u2013 SM 2005 \/ Cru\u00eflla 2006 (15 cast. + 1 cat. + 1 C\u00edrculo)<br \/>\n<strong>17 ediciones<\/strong> \u2013 El detectiu \/ El detective \u2013 Cru\u00eflla 2012 \/ SM 2013 (7 cat. +10 cast.)<br \/>\n<strong>16 ediciones<\/strong>\u2013 La nave fant\u00e1stica \/La nau fant\u00e1stica \/ A nave fant\u00e1stica \u2013 Anaya 1989 (12 cs+1 vl.+ 2 ct.+1 gllg.)<br \/>\n<strong>16 ediciones<\/strong>\u2013 El \u00faltimo verano Miwok \u2013 SM 1987 \/ Algar 2009 (15+1)<br \/>\n<strong>16 ediciones<\/strong>\u00a0\u2013 Querido Rey de Espa\u00f1a \u2013 Edelvives 2005<br \/>\n<strong>16 ediciones<\/strong>\u2013 El asesino del Sgt.Pepper\u00b4s \/ L\u00b4assassi del Sgt. Pepper\u00b4s \u2013 Edeb\u00e9 1994 (11+4) \/ SiF Editorial 2018 (1)<br \/>\n<strong>16 ediciones<\/strong> \u2013 La gran aventura (cast.) \/ La gran aventura (cat.) \u2013 Casals 2007 (14+2)<br \/>\n<strong>15 ediciones<\/strong>\u2013 \u00a1\u00a1\u00a1Lambertooo!!! \/ Lambeeeert!!! \u2013 Anaya 1988 (11 cs.+2 ct.+2 gllg.)<br \/>\n<strong>15 ediciones<\/strong>\u00a0\u2013 Concierto en Sol Mayor \/ Concert en Sol Major \u2013 La Galera\/Columna 1997 (6 cast. +8 cat. + 1 C\u00edrculo)<br \/>\n<strong>15 ediciones<\/strong> \u2013 El caso del cuadro desaparecido \/ El cas del quadre desaparegut \u2013 La Galera 1996 (7+8)<br \/>\n<strong>15 ediciones<\/strong> \u2013 El extraordinario ingenio parlante del profesor Palermo \/ L\u2019extraordinari enginy parlant del Professor Palmermo \u2013 La Galera 2013 (7 cast. +8 cat.)<br \/>\n<strong>15 ediciones<\/strong> \u2013 La tomba tenebrosa \/ La tumba tenebrosa ( Seud\u00f3nimo George F. Was) \u2013 Columna 1996 \/ Planeta Oxford 2005 \/ Oxford 2010 (1 cat. + 14 cast.)<br \/>\n<strong>15 ediciones<\/strong> \u2013 Nueve d\u00edas de abril \/ Nou dies d\u2019abril \u2013 Plaza y Jan\u00e9s \/ Rosa dels Vents 2015 (9+6)<br \/>\n<strong>14 ediciones<\/strong>\u2013 Tres (historias de terror) \/ La mansi\u00f3n de las mil puertas \u2013 Espasa 2000 \/ Planeta Oxford 2008 (9+5)<br \/>\n<strong>14 ediciones<\/strong> \u2013 Una (estupenda) historia de dragones y princesas (\u2026m\u00e1s o menos) \u2013 Alfaguara 2006<br \/>\n<strong>14 ediciones<\/strong>\u2013 El aprendiz de brujo y Los Invisibles \/ L\u2019aprenent de bruixot i Els Invisibles \/ O aprendiz de brujo e Os Invisibles \u2013 Edeb\u00e9 2016 (10+3+1)<br \/>\n<strong>13 ediciones<\/strong>\u2013 La balada de Siglo XXI \u2013 SM 1989<br \/>\n<strong>13 ediciones<\/strong>\u2013 Los tigres del valle \/ La vall dels tigres \u2013 Edeb\u00e9 1994 (6+6) \/ Tundra 2015 (1)<br \/>\n<strong>13 ediciones<\/strong> \u2013 El drag\u00f3n, la princesa, San Jorge y la rosa \/ El drac, la princesa, Sant Jordi i la rosa \u2013 Bru\u00f1o (11+2)<br \/>\n<strong>13 ediciones<\/strong>\u2014 La venganza del profesor de matem\u00e1ticas \/ La vengan\u00e7a del professor de matem\u00e0tiques \u2014 Anaya 2017\/Barcanova 2018 (11+2)<br \/>\n<strong>12 ediciones<\/strong>\u2013 V\u00edctor Jara (Reventando los silencios) \/ V\u00edctor Jara (Rebentant els silencis) \u2013 SM\/Cruilla 1999 \/ SiF Editorial 2019 (5+6+1)<br \/>\n<strong>12 ediciones<\/strong>\u00a0\u2013 Regreso a un lugar llamado Tierra \u2013 SM 1986\/Siruela 2008<br \/>\n<strong>12 ediciones<\/strong>\u00a0\u2013 El somriure del diable \/ La sonrisa del diablo \u2013 Bromera \/ Algar 2004 (6 cat. +6 cast.)<br \/>\n<strong>12 ediciones<\/strong> \u2013 Dos d\u00edas de mayo \/ Dos dies de maig \u2013 Plaza y Jan\u00e9s \/ Rosa dels Vents 2013 (8 cst. +4 cat.)<br \/>\n<strong>12 ediciones<\/strong>\u2013 El asesinato de la profesora de ciencias \u2013 Anaya 2014<br \/>\n<strong>12 ediciones<\/strong>\u2013 Querido hijo: estamos en huelga \/ Seme maitea: greban gaude \u2014 Alfaguara 2012 \/ Begiko 2018 (11+1)<br \/>\n<strong>12 ediciones<\/strong>\u2013 Parco \u00a0\u2013 Anaya 2013<br \/>\n<strong>11 ediciones<\/strong>\u2013 \u00a1Sorpresas! \u2013 SM 1982\/1989<br \/>\n<strong>11 ediciones<\/strong>\u2013 Historias asombrosas \/Hist\u00f2ries sorprenents \/ Istorio arrigarriak \u2013 Edelvives 1989 (7 cs-+3 ct.+1 eusk.)<br \/>\n<strong>11 ediciones<\/strong>\u2013 Zack Galaxy, una aventura intergal\u00e1ctica \/ Zack Galaxy, una aventura intergal\u00e0ctica \u2013 Alfaguara 1996\/Grup Promotor 2000 \/ Sif Editorial 2020 (8+2+1)<br \/>\n<strong>11 ediciones<\/strong>\u00a0\u2013 El testamento de un lugar llamado Tierra \u2013 SM 1987 \/ Siruela 2008<br \/>\n<strong>11 ediciones<\/strong>\u00a0\u2013 Seis d\u00edas de diciembre \/ Sis dies de desembre \u2013 Plaza y Jan\u00e9s \/ Rosa dels Vents 2014 (7+4)<br \/>\n<strong>11 ediciones<\/strong>\u2013 Frontera \u2013 SM\/Cru\u00eflla 2003 \/ SiF Editorial 2020 (7+3+1)<br \/>\n<strong>11 ediciones<\/strong>\u2013 En busca de las voces perdidas \/ A la recerca de les veus perdudes \u2013 Planeta Oxford 2007 \/ Oxford 2010 (10cast. + 1 cat.)<br \/>\n<strong>11 ediciones<\/strong>\u2013 Un llibre monstru\u00f3s \/ Un libro monstruoso \u2013 Cruilla 1990 \/ Lectura F\u00e1cil 2025 (9+2)<br \/>\n<strong>10 ediciones<\/strong>\u2013 Nuevas sorpresas \u2013 SM 1985<br \/>\n<strong>10 ediciones<\/strong>\u00a0\u2013 Tester (Probador) \/ Tester (Provador) \u2014 Edeb\u00e9 2010 (8+2)<br \/>\n<strong>10 ediciones<\/strong> \u2013 El oto\u00f1o del \u00e1rbol cascarrabias \/ La tardor del arbre rondinaire \u2013 Bru\u00f1o (8+2)<br \/>\n<strong>10 ediciones<\/strong> \u2013 T\/.Error \/ T\/.Error \u2013 Oxford 2012 (9 cast. + 1 cat.)<br \/>\n<strong>10 ediciones<\/strong>\u2013 El rastro del anillo Magno \u2013 Edelvives 2006 \/ Sif Editorialk 2021 (6 cast. + 4 eusk.)<br \/>\n<strong>10 ediciones<\/strong>\u2013 El cazador \/ Las voces de la selva \u2013 SM 1981 \/ Loqueleo 2021<br \/>\n<strong>9 ediciones<\/strong>\u00a0\u2013 Casting \/ C\u00e0sting \u2013 SM 2002 \/ Columna 2007 \/ Estrella Polar 2010 (5 cast. +4 cat.)<br \/>\n<strong>9 ediciones<\/strong> \u2013 Fuera de juego \/ Fora de joc \u2013 SM\/Cru\u00eflla 2005 (2+6+Ed.Especial)<br \/>\n<strong>9 ediciones<\/strong>\u2013 El misterio del Goya robado \u2013 Edeb\u00e9 2001\/4 \/ Sif Editorial 2020 (8+1)<br \/>\n<strong>9 ediciones<\/strong>\u2013 El misterio del loro rapero \u2013 Edeb\u00e9 2004 \/ Sif Editorial 2020 (8+1)<br \/>\n<strong>9 ediciones<\/strong>\u2013 Cabello blanco en cabeza peluda \/ Un cabell blanc en un cap pelut \/ El cabello blanco \u2013 Bru\u00f1o 1999 \/ Columna 1995 \/ DiQueS\u00ed 2021 (7+1+1)<br \/>\n<strong>9 ediciones<\/strong>\u2013 Els focs de la mem\u00f2ria \/ Los fuegos de la memoria \u2013 Bromera\/Algar 2007 (7 cat. +2 cast.)<br \/>\n<strong>9 ediciones<\/strong>\u2013 El d\u00eda que Edu se convirti\u00f3 en cucaracha \u2014 Alfaguara 2006<br \/>\n<strong>9 ediciones<\/strong>\u2013 Un genio en la tele \u2013 Anaya 1996<br \/>\n<strong>9 ediciones<\/strong>\u2013 La tumba misteriosa \/ La tomba misteriosa \u2013 Bamb\u00fa 2012 (7+2)<br \/>\n<strong>9 ediciones<\/strong>&#8211; El d\u00eda que Gluck lleg\u00f3 a la Tierra \/ El dia que Gluck va arribar a la Terra Algar\/Bromera 2013 (4+5)<br \/>\n<strong>9 ediciones<\/strong> &#8211; Una bolsa de patatas fritas en la Polinesia &#8211; SM 2018 \/ Sif 2019 (8+1)<br \/>\n<strong>9 ediciones<\/strong>\u2013 Ocho d\u00edas de marzo \/ Vuit dies de mar\u00e7 \u2013 Plaza y Jan\u00e9s 2017 \/ Rosa dels Vents 2017 (7+2)<br \/>\n<strong>9 ediciones<\/strong>\u2013 Tres d\u00edas de agosto \/ Tres dies d\u2019agost \u2013 Plaza y Jan\u00e9s 2016 \/ Rosa dels Vents 2016 (6+3)<br \/>\n<strong>8 ediciones<\/strong>\u2013 Les hist\u00f2ries perdudes \/ Las historias perdidas \u2013 Cruilla 1999\/SM 2000 (3+5)<br \/>\n<strong>8 ediciones<\/strong>\u2013 Y le llamaron Col\u00f3n \/ I li van dir Colom \/ E cham\u00e1ndole Col\u00f3n \u2013 Edeb\u00e9 2006 (6 cast. + 1 cat. + 1 gall)<br \/>\n<strong>8 ediciones<\/strong>\u00a0\u2013 El loco de la colina \u2013 Edelvives 2005<br \/>\n<strong>8<\/strong><strong>ediciones<\/strong> \u2013 EL CD diab\u00f3lico \/ El disco diab\u00f3lico \u2013 Cruilla 2005 \/ Algar 2012 (7+1)<br \/>\n<strong>8 ediciones<\/strong> &#8211; Buscant en Bob \/ Buscando a Bob (Barcanova 2003\/Anaya 2005) (1+7)<br \/>\n<strong>8 ediciones<\/strong> &#8211; Desnuda &#8211; SM 2014<br \/>\n<strong>7 ediciones<\/strong>\u2013 Kaopi \/ Kaopi \u2013 Alfaguara 1990\/Grup Promotor 1993 (1+4) \/ M\u00e1s all\u00e1 de los dos r\u00edos (Kaopi) \/ M\u00e1s enll\u00e0 dels dos rius (Kaopi) \u2013 Interm\u00f3n 2010 (1+1)<br \/>\n<strong>7 ediciones<\/strong>\u2013 La guerra de mi hermano \u2013 SM 2204<br \/>\n<strong>7 ediciones<\/strong>\u2013 El camino de las siete lunas \u2013 Alfaguara 2007<br \/>\n<strong>7 ediciones<\/strong>\u2013 Los moais de Pascua \u2013 Edeb\u00e9 2003<br \/>\n<strong>7 ediciones<\/strong>\u2013 Las hijas de las tormentas, Vol.1 El enigma maya \/ Les filles de les tempestes, Vol.1 L\u2019enigma maya \u2013 Edeb\u00e9 2008 (3 cast. + 2 cat.) \/ Sif Editorial 2018 (1) + 1 audiolibro<br \/>\n<strong>7 ediciones<\/strong>\u2013 El \u00faltimo set \u2013 SM 1991 \/ SiF 2019 (5+1+1 audiolibro)<br \/>\n<strong>7 ediciones<\/strong>\u2013 Las palabras heridas \/ Les paraules ferides \/ As palabras heridas \/ Hitz zaurituak \u2014 Siruela\/Ara Llibres\/Galaxia\/Elkar 2017 \/ SiF Ed. en ingl\u00e9s (1+2 cat.+1+1+1 ingl\u00e9s+1 Circulo cat.)<br \/>\n<strong>7 ediciones<\/strong>\u2013 Diez d\u00edas de junio \/ Deu dies de juny \u2013 Plaza y Jan\u00e9s 2018\u00a0 \/ Rosa dels Vents\u00a0 2018 (4+3)<br \/>\n<strong>7 ediciones<\/strong>\u2013 Diario de un pardillo \u2014 Destino 2010<br \/>\n<strong>7 ediciones<\/strong> &#8211; L&#8217;estrany \/ El extra\u00f1o &#8211; Barcanova 2011 \/ Anaya 2012 (6+1)<br \/>\n<strong>7 ediciones <\/strong>&#8211; La gota de lluvia que ten\u00eda miedo \/ la gota de pluja que tenia por &#8211; SM\/Cru\u00eflla 2018 (6+1)<br \/>\n<strong>6 ediciones<\/strong>\u2013 Estimat Ronaldinho \/ Querido Ronaldinho \u2013 Empuries 2004\/El Aleph 2005 (5+1)<br \/>\n<strong>6 ediciones<\/strong>\u2013 A l\u2019altra banda del mirall \/ Al otro lado del espejo \/ Do outro lado do espello \u2013 Empuries 2003\/Destino 2005\/Xerais 2007 (3 cat. + 1 cast. + 1 gallg. + 1 C\u00edrculo).<br \/>\n<strong>6 ediciones<\/strong>\u2013 Zonas interiores \/ Zones interiors \u2013 Destino 2002 \/ Planeta 2004 \/ Columna 2004 (5 cast. + 1 cat)<br \/>\n<strong>6 ediciones<\/strong>\u2013 Las mil y una noches (\u2026o casi) \/ Les mil i una nits (\u2026 o gaireb\u00e9) \u2013 Edeb\u00e9 2007 (4+2)<br \/>\n<strong>6 ediciones<\/strong>\u2013 En una esquina del coraz\u00f3n \u2013 Bru\u00f1o 2004<br \/>\n<strong>6 ediciones<\/strong>\u2013 La noche de la jinetera \u2013 Bronce 2002 \/ Belacqva 2010 \/ SiF Edirorial 2017 (3+1+1+1 Audiolibro)<br \/>\n<strong>6 ediciones<\/strong>\u2013 L\u2019or dels deus \/ El oro de los dioses \u2013 Columna 1999 \/ Bronce 2000 \/ Planeta 2010 (1 cat. + 5 cast.)<br \/>\n<strong>6 ediciones<\/strong>\u2013 Los mayores est\u00e1n locos, locos, locos \/ Els grans s\u00b4han tornat boixos \u2013 SM 1994\/ Columna 1997 (3+ 1+ 1 C\u00edrculo) \/ SiF Editorial 2018 (1)<br \/>\n<strong>6 ediciones<\/strong>\u2013 El misterio del futbolista secuestrado \u2013 Edeb\u00e9 2007 \/ Sif Editorial 2020 (5+1)<br \/>\n<strong>6 ediciones<\/strong>\u00a0\u2013 La princesa y el rey pez \u2013 SM 2012 (5+1 Audiolibro)<br \/>\n<strong>6 ediciones<\/strong>\u2013 El caso del falso accidente \/ El cas del fals accident \/ O caso do falso accidente \u2013 Siruela 2010 \/ Punto de Lectura 2010 \/ Grup 62 2011 \/ Galaxia 2018 + 1 audiolibro<br \/>\n<strong>6 ediciones<\/strong>\u2013 El caso del loro que hablaba demasiado \u2013 Siruela\/Grup 62\/Punto de Lectura 2012 \/ Galaxia 2019 (2 cast. + 1 cat. + 3 gallg.)<br \/>\n<strong>6 ediciones<\/strong>\u2013 L\u2019extraordinari F\u00e9lix Feli\u00e7 \u2013 Grup Promotor\/Loqueleo 2005<br \/>\n<strong>6 ediciones<\/strong> &#8211; Desnuda &#8211; SM 2020<br \/>\n<strong>6 ediciones<\/strong>\u2013 La palabra m\u00e1s hermosa \/ La paraula m\u00e9s bonica \u2013 Algar 2010 \/ Grup 62 2009 (5+1)<br \/>\n<strong>5 ediciones<\/strong>\u2013 El gran drag\u00f3n \u2013 Anaya 1990<br \/>\n<strong>5 ediciones<\/strong>\u2013 El hombre que perdi\u00f3 su imagen \/ L\u00b4home que va perdre la seva imatge \u2013 Anaya 1992\/Barcanova 2004 (4+1)<br \/>\n<strong>5 ediciones<\/strong>\u2013 Soy especial para mis amigos \/ S\u00f3c especial per als meus amics \/ Berezia naiz lagunentzat \/ Son especial para os meus amigos \u2014 Edeb\u00e9\/Fundaci\u00f3n Sindrome de Down 2003 (2 cast. +cat. +gllg. +eusk.)<br \/>\n<strong>5 ediciones<\/strong>\u2013 \u00bfQu\u00e9 ser\u00e9 cuando sea mayor? \/ Qu\u00e9 ser\u00e8 quan sigui gran? \/ Zer izango naiz handia naizenean \/ \u00bfQue serei de maior? \u2014 Edeb\u00e9\/Fundaci\u00f3n Sindrome de Down 2003 (2 cast. +cat. +gllg. +eusk.)<br \/>\n<strong>5 ediciones<\/strong>\u2013 Mis hermanos y yo \/ Els meus germans i jo \/ Nire anaiak eta ni \/ Os meus irm\u00e1ns e mais eu \u2014 Edeb\u00e9\/Fundaci\u00f3n Sindrome de Down 2003 (2 cast. +cat. +gllg + eusk.)<br \/>\n<strong>5 ediciones<\/strong>\u2013 Los ojos del alma \u2013 Pearson 2008<br \/>\n<strong>5 ediciones<\/strong>\u2013 Sombras en el tiempo \/ Ombres en el temps \u2013 Plaza y Jan\u00e9s \/ Rosa dels Vents 2011 (3+2).<br \/>\n<strong>5 ediciones<\/strong>\u2013 El pa\u00eds de los dragones \/ El pais dels dracs \u2013 Algar\/Bromera 2013 (4+1)<br \/>\n<strong>5 ediciones<\/strong>\u2014 Noticias frescas \u2013 SM 1994\/Columna 1996 \/ Sif Editorial 2018 (3+1+1)<br \/>\n<strong>5 ediciones <\/strong>&#8211; El misterio del sello millonario &#8211; Edeb\u00e9 2004 \/ Sif Editorial 2020 (4+1)<br \/>\n<strong>5 ediciones <\/strong>&#8211; Gauditronix &#8211; Edeb\u00e9 2006 \/ SiF Editorial 2018 (2 cast. +cat. +C\u00edrculo + audiolibro)<br \/>\n<strong>5 ediciones<\/strong>&#8211; Material sensible (Cuentos crueles) SM 2005 \/ Perif\u00e8ric 2009 \/ SiF Editorial 2020 (2 cast. + 1 cat. + audiolibro + 1 ingl\u00e9s)<br \/>\n<strong>5 ediciones<\/strong>&#8211; Jamalaj\u00ed, jamalaj\u00e1 &#8211; SM 1995 \/ SiF Editorial 2020 (3+1 C\u00edrculo+1)<br \/>\n<strong>5 ediciones<\/strong>&#8211; Como l\u00e1grimas en la lluvia \/ Com ll\u00e0grimes en la pluja \/ Como l\u00e0grimas na chuvia \/ Malkoak euritan &#8211; Siruela\/Cru\u00eflla\/Elkar\/ Galaxia (2) 2021<br \/>\n<strong>5 ediciones<\/strong> &#8211; Algunos d\u00edas de noviembre \/ Uns quants dies de novembre \u2014 Plaza y Jan\u00e9s \/ Rosa dels Vents 2020 (2+2+Audiolibro)<br \/>\n<strong>5 diciones<\/strong> &#8211; La ve\u00efna m\u00e9s dolenta de totes les ve\u00efnes \/ La vecina m\u00e1s mala de todas las vecinas &#8211; La Galera 2019 (4 + 1)<br \/>\n<strong>5 ediciones<\/strong> &#8211; Un d\u00eda de septiembre y algunos de octubre \/ Un dia de setembre i uns quants d&#8217;octubre &#8211; Plaza y Jan\u00e9s \/ Rosa dels Vents 2019 (2+3)<br \/>\n<strong>5 ediciones<\/strong> &#8211; El pa\u00eds de los dragones \/ El pais dels dracs &#8211; Bromera 2013 \/ Algar 2013 (4+1)<br \/>\n<strong>5 ediciones<\/strong> &#8211; Querido hijo: te vas con los abuelos &#8211; Loqueleo 2019<br \/>\n<strong>5 ediciones<\/strong> &#8211; Mendigo en la playa de 0ro \/ El \u00faltimo poema &#8211; Alhambra Pearson 2006 \/ Editorial SiF 2022<br \/>\n<strong>5 ediciones<\/strong> &#8211; Beltiberios y Zambranios \/ Una palabra llamada guerra &#8211; Planeta Oxford 2004 \/ Libresa Ecuador 2023 (4 cs.+1 cat.)<br \/>\n<strong>5 ediciones<\/strong> \u2014 Las Furias \/ Les Furies &#8211; Alfaguara\/Grup Promotor 2001 \/ Editorial SiF 2021 (3+2)<br \/>\n<strong>5 ediciones<\/strong> \u2014 La p\u00e1gina escrita \u2014 SM 2006\/2016 \/ Editorial SiF 2022<br \/>\n<strong>5 ediciones<\/strong> \u2014 Benez\u00e9n el pescador \/ El secreto de las perlas &#8211; SM 1989 \/ Panamericana 2005<br \/>\n<strong>5 ediciones<\/strong> \u2014 Al sur de ninguna Parte \u2014 Edeb\u00e9 2014<br \/>\n<strong>5 ediciones<\/strong> \u2014 Una pizza para A. F. Mac, detective privado &#8211; Grijalbo 1993 \/ Loqueleo 2021 (4 cs. + 1 ct)<br \/>\n<strong>5 ediciones<\/strong> \u2014 El Club de los Especiales &#8211; Anaya 2021<br \/>\n<strong>5 ediciones<\/strong> \u2014 Efectos especiales \/ Efektu bereziak \u2014 Edelvives 2014\/2017 (4+1)<br \/>\n<strong>5 ediciones<\/strong> &#8211; Pau Casals i el noi que tocava el viol\u00ed &#8211; La Galera 2020<br \/>\n<strong>5 ediciones<\/strong> &#8211; La modelo descalza \/ A modelo descalza &#8211; Siruela 2010 \/ Galaxia 2011 \/ Audiolibro 2011 (1+3+1)<br \/>\n<strong>5 ediciones<\/strong> &#8211; La desaparici\u00f3n de Julia &#8211; Edeb\u00e9 2020<\/p>\n<p><strong>2.788 ediciones \u2013 165 libros<\/strong><\/p>\n<p><a href=\"\/?page_id=89\">&lt;&lt; volver<\/a><\/p>\n","protected":false},"excerpt":{"rendered":"<p>LIBROS MAS VENDIDOS EN ESPA\u00d1A A PARTIR DE 5 EDICIONES Actualizado a 23 de marzo de 2026 114 ediciones\u2013 Campos de fresas \/ Camps de maduixes- SM\/Cruilla 1997 \/ SiF Ed. ingl\u00e9s \u00a0(68+41+2 C\u00edrculo+ 1 Audiolibro+1 ingl\u00e9s+libro gui\u00f3n cine) 72 ediciones\u2013 El asesinato del profesor&hellip; <a class=\"read-more\" href=\"https:\/\/sierraifabra.com\/?page_id=898&#038;lang=es\">Read more<\/a><\/p>\n","protected":false},"author":101012,"featured_media":0,"parent":89,"menu_order":0,"comment_status":"closed","ping_status":"closed","template":"","meta":{"footnotes":""},"class_list":["post-898","page","type-page","status-publish","hentry"],"aioseo_notices":[],"_links":{"self":[{"href":"https:\/\/sierraifabra.com\/index.php?rest_route=\/wp\/v2\/pages\/898","targetHints":{"allow":["GET"]}}],"collection":[{"href":"https:\/\/sierraifabra.com\/index.php?rest_route=\/wp\/v2\/pages"}],"about":[{"href":"https:\/\/sierraifabra.com\/index.php?rest_route=\/wp\/v2\/types\/page"}],"author":[{"embeddable":true,"href":"https:\/\/sierraifabra.com\/index.php?rest_route=\/wp\/v2\/users\/101012"}],"replies":[{"embeddable":true,"href":"https:\/\/sierraifabra.com\/index.php?rest_route=%2Fwp%2Fv2%2Fcomments&post=898"}],"version-history":[{"count":3,"href":"https:\/\/sierraifabra.com\/index.php?rest_route=\/wp\/v2\/pages\/898\/revisions"}],"predecessor-version":[{"id":7398,"href":"https:\/\/sierraifabra.com\/index.php?rest_route=\/wp\/v2\/pages\/898\/revisions\/7398"}],"up":[{"embeddable":true,"href":"https:\/\/sierraifabra.com\/index.php?rest_route=\/wp\/v2\/pages\/89"}],"wp:attachment":[{"href":"https:\/\/sierraifabra.com\/index.php?rest_route=%2Fwp%2Fv2%2Fmedia&parent=898"}],"curies":[{"name":"wp","href":"https:\/\/api.w.org\/{rel}","templated":true}]}}